{"id":4499,"date":"2025-07-23T06:52:23","date_gmt":"2025-07-23T06:52:23","guid":{"rendered":"https:\/\/www.yongyukitchenware.com\/?post_type=product&#038;p=4499"},"modified":"2025-07-23T06:52:41","modified_gmt":"2025-07-23T06:52:41","slug":"custom-white-handle-cutlery-set-in-brushed-304-stainless-steel","status":"publish","type":"product","link":"https:\/\/www.yongyukitchenware.com\/pt\/produto\/custom-white-handle-cutlery-set-in-brushed-304-stainless-steel\/","title":{"rendered":"Conjunto de talheres personalizados com cabo branco em a\u00e7o inoxid\u00e1vel 304 escovado"},"content":{"rendered":"<div class=\"wp-block-columns is-layout-flex wp-container-core-columns-is-layout-9d6595d7 wp-block-columns-is-layout-flex\">\n<div class=\"wp-block-column is-layout-flow wp-block-column-is-layout-flow\">\n<h2 class=\"wp-block-heading\">Conjunto de talheres com cabo branco personalizado Carater\u00edsticas:<\/h2>\n\n\n\n<p><strong>Material de a\u00e7o inoxid\u00e1vel 304 de qualidade alimentar: <\/strong>\u00c9 selecionado a\u00e7o inoxid\u00e1vel 304 de alta qualidade, que \u00e9 seguro e n\u00e3o t\u00f3xico. Tem uma excelente resist\u00eancia \u00e0 corros\u00e3o e a altas temperaturas. N\u00e3o \u00e9 suscet\u00edvel de enferrujar ou deformar ap\u00f3s uma utiliza\u00e7\u00e3o prolongada, o que o torna saud\u00e1vel, amigo do ambiente e mais tranquilizador.<br><\/p>\n\n\n\n<p><strong>Acabamento escovado: <\/strong>A superf\u00edcie dos utens\u00edlios de mesa \u00e9 tratada com um delicado acabamento escovado, apresentando um brilho met\u00e1lico mate discreto, que \u00e9 anti-impress\u00e3o digital e n\u00e3o se risca facilmente, melhorando a textura e o grau geral.<br><\/p>\n\n\n\n<p><strong>Gama completa de estilos: <\/strong>O conjunto inclui 12 estilos e tamanhos de pauzinhos, facas, garfos, colheres, etc., satisfazendo as necessidades de v\u00e1rios cen\u00e1rios, como o uso quotidiano da fam\u00edlia e as reuni\u00f5es e banquetes. O estilo de design \u00e9 moderno e vers\u00e1til.<br><\/p>\n\n\n\n<p><strong>Cor da pega personaliz\u00e1vel:<\/strong> A pega \u00e9 fornecida de s\u00e9rie com um elegante revestimento branco e suporta v\u00e1rios servi\u00e7os de personaliza\u00e7\u00e3o de cores para satisfazer as necessidades das marcas ou estilos pessoais, criando utens\u00edlios de mesa exclusivos e personalizados.<br><\/p>\n\n\n\n<p><strong>Pega confort\u00e1vel:<\/strong> A pega adopta um design ergon\u00f3mico com polimento suave e fino dos bordos, proporcionando uma ader\u00eancia confort\u00e1vel sem escorregar. Combina est\u00e9tica e praticidade, tornando-a uma escolha ideal para uso pessoal ou como presente.<\/p>\n<\/div>\n\n\n\n<div class=\"wp-block-column is-layout-flow wp-block-column-is-layout-flow\">\n<div class=\"wp-block-columns is-layout-flex wp-container-core-columns-is-layout-9d6595d7 wp-block-columns-is-layout-flex\">\n<div class=\"wp-block-column is-layout-flow wp-block-column-is-layout-flow\">\n<figure class=\"wp-block-gallery aligncenter has-nested-images columns-default is-cropped wp-block-gallery-1 is-layout-flex wp-block-gallery-is-layout-flex\">\n<figure class=\"wp-block-image size-full\"><img decoding=\"async\" width=\"800\" height=\"800\" data-id=\"4500\" src=\"https:\/\/www.yongyukitchenware.com\/wp-content\/uploads\/2025\/07\/Custom-White-Handle-Cutlery-Set-2.webp\" alt=\"Conjunto de talheres personalizados de cabo branco-2\" class=\"wp-image-4500\" srcset=\"https:\/\/www.yongyukitchenware.com\/wp-content\/uploads\/2025\/07\/Custom-White-Handle-Cutlery-Set-2.webp 800w, https:\/\/www.yongyukitchenware.com\/wp-content\/uploads\/2025\/07\/Custom-White-Handle-Cutlery-Set-2-300x300.webp 300w, https:\/\/www.yongyukitchenware.com\/wp-content\/uploads\/2025\/07\/Custom-White-Handle-Cutlery-Set-2-150x150.webp 150w, https:\/\/www.yongyukitchenware.com\/wp-content\/uploads\/2025\/07\/Custom-White-Handle-Cutlery-Set-2-768x768.webp 768w, https:\/\/www.yongyukitchenware.com\/wp-content\/uploads\/2025\/07\/Custom-White-Handle-Cutlery-Set-2-12x12.webp 12w, https:\/\/www.yongyukitchenware.com\/wp-content\/uploads\/2025\/07\/Custom-White-Handle-Cutlery-Set-2-600x600.webp 600w, https:\/\/www.yongyukitchenware.com\/wp-content\/uploads\/2025\/07\/Custom-White-Handle-Cutlery-Set-2-100x100.webp 100w\" sizes=\"(max-width: 800px) 100vw, 800px\" \/><\/figure>\n<\/figure>\n<\/div>\n<\/div>\n\n\n\n<figure class=\"wp-block-image size-full\"><img decoding=\"async\" width=\"800\" height=\"800\" src=\"https:\/\/www.yongyukitchenware.com\/wp-content\/uploads\/2025\/07\/Custom-White-Handle-Cutlery-Set-6.webp\" alt=\"Conjunto de talheres de cabo branco personalizado-6\" class=\"wp-image-4504\" srcset=\"https:\/\/www.yongyukitchenware.com\/wp-content\/uploads\/2025\/07\/Custom-White-Handle-Cutlery-Set-6.webp 800w, https:\/\/www.yongyukitchenware.com\/wp-content\/uploads\/2025\/07\/Custom-White-Handle-Cutlery-Set-6-300x300.webp 300w, https:\/\/www.yongyukitchenware.com\/wp-content\/uploads\/2025\/07\/Custom-White-Handle-Cutlery-Set-6-150x150.webp 150w, https:\/\/www.yongyukitchenware.com\/wp-content\/uploads\/2025\/07\/Custom-White-Handle-Cutlery-Set-6-768x768.webp 768w, https:\/\/www.yongyukitchenware.com\/wp-content\/uploads\/2025\/07\/Custom-White-Handle-Cutlery-Set-6-12x12.webp 12w, https:\/\/www.yongyukitchenware.com\/wp-content\/uploads\/2025\/07\/Custom-White-Handle-Cutlery-Set-6-600x600.webp 600w, https:\/\/www.yongyukitchenware.com\/wp-content\/uploads\/2025\/07\/Custom-White-Handle-Cutlery-Set-6-100x100.webp 100w\" sizes=\"(max-width: 800px) 100vw, 800px\" \/><\/figure>\n<\/div>\n<\/div>\n\n\n\n<div class=\"wp-block-columns is-layout-flex wp-container-core-columns-is-layout-9d6595d7 wp-block-columns-is-layout-flex\">\n<div class=\"wp-block-column is-layout-flow wp-block-column-is-layout-flow\">\n<h2 class=\"wp-block-heading\">Conjunto de talheres com cabo branco personalizado Tamanho:<\/h2>\n\n\n\n<figure class=\"wp-block-table\"><table class=\"has-fixed-layout\"><tbody><tr><td>Modelo<\/td><td>Especifica\u00e7\u00e3o<\/td><td>Comprimento * Largura (cm)<\/td><td>MOQ<\/td><\/tr><tr><td rowspan=\"12\">DY002-DCS<\/td><td>Pauzinhos<\/td><td>21\/23cm<\/td><td rowspan=\"12\">500 UNIDADES<\/td><\/tr><tr><td rowspan=\"4\">Colher<\/td><td>12,7*3cm<\/td><\/tr><tr><td>18,5*4,3cm<\/td><\/tr><tr><td>21,8*1,4cm<\/td><\/tr><tr><td>19*3cm<\/td><\/tr><tr><td rowspan=\"3\">Faca<\/td><td>21,8*1,4cm<\/td><\/tr><tr><td>20,4*1,4cm<\/td><\/tr><tr><td>17,3*1,6cm<\/td><\/tr><tr><td rowspan=\"4\">Garfo<\/td><td>21,5*2,7cm<\/td><\/tr><tr><td>18*2,3cm<\/td><\/tr><tr><td>13,3*1,7cm<\/td><\/tr><tr><td>19,5*1,7cm<\/td><\/tr><\/tbody><\/table><\/figure>\n<\/div>\n<\/div>\n\n\n\n<p><\/p>","protected":false},"excerpt":{"rendered":"<p>Conjunto de talheres personalizados com cabo branco em a\u00e7o inoxid\u00e1vel 304 escovado, combinando eleg\u00e2ncia moderna com funcionalidade duradoura para refei\u00e7\u00f5es di\u00e1rias ou ocasi\u00f5es especiais. Por favor, contacte-nos!<\/p>\n<h2 style=\"text-align: left;\">Conjunto de talheres com cabo branco personalizado Par\u00e2metro:<\/h2>\n<p style=\"text-align: left;\"><strong>Material:<\/strong> A\u00e7o inoxid\u00e1vel<br \/><strong>Cor:<\/strong> Cor prata<br \/><strong>Tipos:<\/strong> Colher, Garfo, Faca, Pauzinhos<br \/><strong>OEM\/ODM:<\/strong> Dispon\u00edvel<\/p>\n<h2 class=\"wp-block-heading\">De Camping Kitchen Essentials Fabricante :<\/h2>\n<p>Yongyu \u00e9 um fabricante profissional de utens\u00edlios de cozinha para campismo, os nossos produtos abrangem todos os tipos de utens\u00edlios de cozinha para campismo em a\u00e7o inoxid\u00e1vel, tais como equipamento de cozinha para campismo, utens\u00edlios de mesa para campismo, grelhadores para churrasco, etc., fornecendo servi\u00e7os de aquisi\u00e7\u00e3o de qualidade e pre\u00e7os acess\u00edveis para cada cliente.<\/p>","protected":false},"featured_media":4506,"comment_status":"closed","ping_status":"closed","template":"","meta":{"_acf_changed":false},"application":[31],"product_brand":[],"product_cat":[48],"product_tag":[],"class_list":{"0":"post-4499","1":"product","2":"type-product","3":"status-publish","4":"has-post-thumbnail","6":"application-champ-kitchen","7":"product_cat-cutlery-wholesale","9":"first","10":"instock","11":"shipping-taxable","12":"product-type-simple"},"acf":[],"_links":{"self":[{"href":"https:\/\/www.yongyukitchenware.com\/pt\/wp-json\/wp\/v2\/product\/4499","targetHints":{"allow":["GET"]}}],"collection":[{"href":"https:\/\/www.yongyukitchenware.com\/pt\/wp-json\/wp\/v2\/product"}],"about":[{"href":"https:\/\/www.yongyukitchenware.com\/pt\/wp-json\/wp\/v2\/types\/product"}],"replies":[{"embeddable":true,"href":"https:\/\/www.yongyukitchenware.com\/pt\/wp-json\/wp\/v2\/comments?post=4499"}],"wp:featuredmedia":[{"embeddable":true,"href":"https:\/\/www.yongyukitchenware.com\/pt\/wp-json\/wp\/v2\/media\/4506"}],"wp:attachment":[{"href":"https:\/\/www.yongyukitchenware.com\/pt\/wp-json\/wp\/v2\/media?parent=4499"}],"wp:term":[{"taxonomy":"application","embeddable":true,"href":"https:\/\/www.yongyukitchenware.com\/pt\/wp-json\/wp\/v2\/application?post=4499"},{"taxonomy":"product_brand","embeddable":true,"href":"https:\/\/www.yongyukitchenware.com\/pt\/wp-json\/wp\/v2\/product_brand?post=4499"},{"taxonomy":"product_cat","embeddable":true,"href":"https:\/\/www.yongyukitchenware.com\/pt\/wp-json\/wp\/v2\/product_cat?post=4499"},{"taxonomy":"product_tag","embeddable":true,"href":"https:\/\/www.yongyukitchenware.com\/pt\/wp-json\/wp\/v2\/product_tag?post=4499"}],"curies":[{"name":"wp","href":"https:\/\/api.w.org\/{rel}","templated":true}]}}