{"id":4518,"date":"2025-08-01T07:15:03","date_gmt":"2025-08-01T07:15:03","guid":{"rendered":"https:\/\/www.yongyukitchenware.com\/?post_type=product&#038;p=4518"},"modified":"2025-08-01T07:15:07","modified_gmt":"2025-08-01T07:15:07","slug":"wholesale-kids-spoon-fork-gift-set-304-stainless-steel","status":"publish","type":"product","link":"https:\/\/www.yongyukitchenware.com\/pt\/produto\/wholesale-kids-spoon-fork-gift-set-304-stainless-steel\/","title":{"rendered":"Conjunto de oferta de colher de garfo para crian\u00e7as por atacado em a\u00e7o inoxid\u00e1vel 304"},"content":{"rendered":"<div class=\"wp-block-columns is-layout-flex wp-container-core-columns-is-layout-9d6595d7 wp-block-columns-is-layout-flex\">\n<div class=\"wp-block-column is-layout-flow wp-block-column-is-layout-flow\">\n<h2 class=\"wp-block-heading\">Conjunto de oferta de colher e garfo para crian\u00e7as por atacado Carater\u00edsticas:<\/h2>\n\n\n\n<p><strong>Design giro e divertido: <\/strong>O desenho divertido do padr\u00e3o de gatos e peixinhos est\u00e1 repleto de divers\u00e3o infantil, estimulando o interesse das crian\u00e7as pela refei\u00e7\u00e3o e acrescentando um toque de calor e alegria \u00e0 mesa de jantar di\u00e1ria.<\/p>\n\n\n\n<p><strong>A\u00e7o inoxid\u00e1vel 304 de qualidade alimentar: <\/strong>Fabricado em a\u00e7o inoxid\u00e1vel 304 de alta qualidade, \u00e9 resistente \u00e0 corros\u00e3o e \u00e0 ferrugem, dur\u00e1vel e robusto, garantindo uma experi\u00eancia gastron\u00f3mica tranquilizadora em cada dentada.<\/p>\n\n\n\n<p><strong>Arestas arredondadas:<\/strong> Todos os cantos da colher e do garfo s\u00e3o arredondados, o que n\u00e3o magoa os l\u00e1bios nem as gengivas. As crian\u00e7as podem us\u00e1-los com tranquilidade, equilibrando est\u00e9tica e praticidade.<\/p>\n\n\n\n<p><strong>Embalagem em caixa de oferta: <\/strong>Equipado com uma embalagem de caixa de presente requintada, \u00e9 adequado como um pequeno presente quente para ocasi\u00f5es especiais como o Dia da Crian\u00e7a, anivers\u00e1rios e presentes de regresso \u00e0s aulas.<\/p>\n\n\n\n<p><strong>Tamanho moderado: <\/strong>Especialmente concebido de acordo com as formas das m\u00e3os das crian\u00e7as, oferece uma pega confort\u00e1vel e ajuda as crian\u00e7as a aprenderem facilmente a comer de forma aut\u00f3noma.<\/p>\n<\/div>\n\n\n\n<div class=\"wp-block-column is-layout-flow wp-block-column-is-layout-flow\"><div class=\"wp-block-image\">\n<figure class=\"aligncenter size-medium\"><img decoding=\"async\" width=\"300\" height=\"300\" src=\"https:\/\/www.yongyukitchenware.com\/wp-content\/uploads\/2025\/07\/Wholesale-Kids-Spoon-Fork-Gift-Set-3-300x300.webp\" alt=\"Conjunto de colheres de forquilha para prendas para crian\u00e7as - 3\" class=\"wp-image-4522\" srcset=\"https:\/\/www.yongyukitchenware.com\/wp-content\/uploads\/2025\/07\/Wholesale-Kids-Spoon-Fork-Gift-Set-3-300x300.webp 300w, https:\/\/www.yongyukitchenware.com\/wp-content\/uploads\/2025\/07\/Wholesale-Kids-Spoon-Fork-Gift-Set-3-150x150.webp 150w, https:\/\/www.yongyukitchenware.com\/wp-content\/uploads\/2025\/07\/Wholesale-Kids-Spoon-Fork-Gift-Set-3-768x768.webp 768w, https:\/\/www.yongyukitchenware.com\/wp-content\/uploads\/2025\/07\/Wholesale-Kids-Spoon-Fork-Gift-Set-3-12x12.webp 12w, https:\/\/www.yongyukitchenware.com\/wp-content\/uploads\/2025\/07\/Wholesale-Kids-Spoon-Fork-Gift-Set-3-600x600.webp 600w, https:\/\/www.yongyukitchenware.com\/wp-content\/uploads\/2025\/07\/Wholesale-Kids-Spoon-Fork-Gift-Set-3-100x100.webp 100w, https:\/\/www.yongyukitchenware.com\/wp-content\/uploads\/2025\/07\/Wholesale-Kids-Spoon-Fork-Gift-Set-3.webp 800w\" sizes=\"(max-width: 300px) 100vw, 300px\" \/><\/figure>\n<\/div>\n\n<div class=\"wp-block-image\">\n<figure class=\"aligncenter size-medium\"><img decoding=\"async\" width=\"300\" height=\"300\" src=\"https:\/\/www.yongyukitchenware.com\/wp-content\/uploads\/2025\/07\/Wholesale-Kids-Spoon-Fork-Gift-Set-6-300x300.webp\" alt=\"Conjunto de oferta 6 para crian\u00e7as com colher de forquilha\" class=\"wp-image-4525\" srcset=\"https:\/\/www.yongyukitchenware.com\/wp-content\/uploads\/2025\/07\/Wholesale-Kids-Spoon-Fork-Gift-Set-6-300x300.webp 300w, https:\/\/www.yongyukitchenware.com\/wp-content\/uploads\/2025\/07\/Wholesale-Kids-Spoon-Fork-Gift-Set-6-150x150.webp 150w, https:\/\/www.yongyukitchenware.com\/wp-content\/uploads\/2025\/07\/Wholesale-Kids-Spoon-Fork-Gift-Set-6-768x768.webp 768w, https:\/\/www.yongyukitchenware.com\/wp-content\/uploads\/2025\/07\/Wholesale-Kids-Spoon-Fork-Gift-Set-6-12x12.webp 12w, https:\/\/www.yongyukitchenware.com\/wp-content\/uploads\/2025\/07\/Wholesale-Kids-Spoon-Fork-Gift-Set-6-1200x1200.webp 1200w, https:\/\/www.yongyukitchenware.com\/wp-content\/uploads\/2025\/07\/Wholesale-Kids-Spoon-Fork-Gift-Set-6-600x600.webp 600w, https:\/\/www.yongyukitchenware.com\/wp-content\/uploads\/2025\/07\/Wholesale-Kids-Spoon-Fork-Gift-Set-6-100x100.webp 100w, https:\/\/www.yongyukitchenware.com\/wp-content\/uploads\/2025\/07\/Wholesale-Kids-Spoon-Fork-Gift-Set-6.webp 1500w\" sizes=\"(max-width: 300px) 100vw, 300px\" \/><\/figure>\n<\/div><\/div>\n<\/div>\n\n\n\n<div class=\"wp-block-columns is-layout-flex wp-container-core-columns-is-layout-9d6595d7 wp-block-columns-is-layout-flex\">\n<div class=\"wp-block-column is-layout-flow wp-block-column-is-layout-flow\">\n<h2 class=\"wp-block-heading\">Conjunto de oferta para crian\u00e7as com colher e garfo por atacado Tamanho:<\/h2>\n\n\n\n<figure class=\"wp-block-table\"><table class=\"has-fixed-layout\"><tbody><tr><td>Modelo<\/td><td>Especifica\u00e7\u00e3o<\/td><td>Comprimento * Largura (cm)<\/td><td>MOQ<\/td><\/tr><tr><td rowspan=\"2\">DY005-DCS<\/td><td>Colher<\/td><td>13*2,4cm<\/td><td rowspan=\"2\">500 UNIDADES<\/td><\/tr><tr><td>Garfo<\/td><td>13,4*1,5cm<\/td><\/tr><\/tbody><\/table><\/figure>\n<\/div>\n<\/div>\n\n\n\n<p><\/p>","protected":false},"excerpt":{"rendered":"<p>Conjunto de talheres de campismo a granel a pre\u00e7o de f\u00e1brica com pegas dobr\u00e1veis e saco conveniente, adequado para actividades ao ar livre ou talheres de almo\u00e7o de escrit\u00f3rio. Para mais solu\u00e7\u00f5es essenciais de acampamento por atacado, entre em contato conosco!<\/p>\n<h2 style=\"text-align: left;\">Conjunto de oferta de garfo e colher para crian\u00e7as por atacado Par\u00e2metro:<\/h2>\n<p style=\"text-align: left;\"><strong>Material:<\/strong> A\u00e7o inoxid\u00e1vel<br \/><strong>Cor:<\/strong> Cor prata<br \/><strong>Tipos:<\/strong> Colher, Garfo<br \/><strong>OEM\/ODM:<\/strong> Dispon\u00edvel<\/p>\n<h2 class=\"wp-block-heading\">De Camping Kitchen Essentials Fabricante :<\/h2>\n<p>Yongyu \u00e9 um fabricante profissional de utens\u00edlios de cozinha para campismo, os nossos produtos abrangem todos os tipos de utens\u00edlios de cozinha para campismo em a\u00e7o inoxid\u00e1vel, tais como equipamento de cozinha para campismo, utens\u00edlios de mesa para campismo, grelhadores para churrasco, etc., fornecendo servi\u00e7os de aquisi\u00e7\u00e3o de qualidade e pre\u00e7os acess\u00edveis para cada cliente.<\/p>","protected":false},"featured_media":4520,"comment_status":"closed","ping_status":"closed","template":"","meta":{"_acf_changed":true},"application":[31],"product_brand":[],"product_cat":[48],"product_tag":[],"class_list":{"0":"post-4518","1":"product","2":"type-product","3":"status-publish","4":"has-post-thumbnail","6":"application-champ-kitchen","7":"product_cat-cutlery-wholesale","9":"first","10":"instock","11":"shipping-taxable","12":"product-type-simple"},"acf":[],"_links":{"self":[{"href":"https:\/\/www.yongyukitchenware.com\/pt\/wp-json\/wp\/v2\/product\/4518","targetHints":{"allow":["GET"]}}],"collection":[{"href":"https:\/\/www.yongyukitchenware.com\/pt\/wp-json\/wp\/v2\/product"}],"about":[{"href":"https:\/\/www.yongyukitchenware.com\/pt\/wp-json\/wp\/v2\/types\/product"}],"replies":[{"embeddable":true,"href":"https:\/\/www.yongyukitchenware.com\/pt\/wp-json\/wp\/v2\/comments?post=4518"}],"wp:featuredmedia":[{"embeddable":true,"href":"https:\/\/www.yongyukitchenware.com\/pt\/wp-json\/wp\/v2\/media\/4520"}],"wp:attachment":[{"href":"https:\/\/www.yongyukitchenware.com\/pt\/wp-json\/wp\/v2\/media?parent=4518"}],"wp:term":[{"taxonomy":"application","embeddable":true,"href":"https:\/\/www.yongyukitchenware.com\/pt\/wp-json\/wp\/v2\/application?post=4518"},{"taxonomy":"product_brand","embeddable":true,"href":"https:\/\/www.yongyukitchenware.com\/pt\/wp-json\/wp\/v2\/product_brand?post=4518"},{"taxonomy":"product_cat","embeddable":true,"href":"https:\/\/www.yongyukitchenware.com\/pt\/wp-json\/wp\/v2\/product_cat?post=4518"},{"taxonomy":"product_tag","embeddable":true,"href":"https:\/\/www.yongyukitchenware.com\/pt\/wp-json\/wp\/v2\/product_tag?post=4518"}],"curies":[{"name":"wp","href":"https:\/\/api.w.org\/{rel}","templated":true}]}}