{"id":4536,"date":"2025-08-01T07:18:44","date_gmt":"2025-08-01T07:18:44","guid":{"rendered":"https:\/\/www.yongyukitchenware.com\/?post_type=product&#038;p=4536"},"modified":"2025-08-01T07:18:47","modified_gmt":"2025-08-01T07:18:47","slug":"bulk-dessert-forks-stainless-steel-with-flower-motif","status":"publish","type":"product","link":"https:\/\/www.yongyukitchenware.com\/pt\/produto\/bulk-dessert-forks-stainless-steel-with-flower-motif\/","title":{"rendered":"Garfos de sobremesa a granel em a\u00e7o inoxid\u00e1vel com motivos florais"},"content":{"rendered":"<div class=\"wp-block-columns is-layout-flex wp-container-core-columns-is-layout-9d6595d7 wp-block-columns-is-layout-flex\">\n<div class=\"wp-block-column is-layout-flow wp-block-column-is-layout-flow\">\n<h2 class=\"wp-block-heading\">Garfos de sobremesa a granel Carater\u00edsticas:<\/h2>\n\n\n\n<p><strong>Padr\u00f5es florais requintados:<\/strong> A parte superior do cabo de cada garfo de fruta \u00e9 esculpida com diferentes padr\u00f5es de flores, tais como flores de cerejeira, flores de sino, cosmos e rosas. Os pormenores s\u00e3o requintados e cheios de beleza natural, acrescentando romance e estilo ao momento da refei\u00e7\u00e3o.<\/p>\n\n\n\n<p><strong>A\u00e7o inoxid\u00e1vel de qualidade alimentar preferido: <\/strong>O corpo do garfo \u00e9 feito de a\u00e7o inoxid\u00e1vel de alta qualidade, formado integralmente, robusto e dur\u00e1vel, resistente \u00e0 corros\u00e3o e \u00e0 ferrugem, com arestas suaves que s\u00e3o f\u00e1ceis de limpar, n\u00e3o acumulam sujidade e n\u00e3o magoam as m\u00e3os.<\/p>\n\n\n\n<p><strong>Utiliza\u00e7\u00e3o multifuncional: <\/strong>Adequado para frutas, sobremesas, pastelaria, snacks, etc. Pode ser facilmente utilizada em reuni\u00f5es familiares, no ch\u00e1 da tarde ou nos lanches di\u00e1rios, sendo simultaneamente bonita e pr\u00e1tica.<\/p>\n\n\n\n<p><strong>Emparelhado com uma embalagem de caixa de presente de apar\u00eancia de alta qualidade:<\/strong> Vem com uma elegante embalagem de caixa de presente, n\u00e3o \u00e9 necess\u00e1ria qualquer decora\u00e7\u00e3o adicional e \u00e9 f\u00e1cil transmitir os seus sentimentos. Quer se trate de um anivers\u00e1rio, de uma festa, de uma festa de boas-vindas ou de um pequeno presente quotidiano, todos eles s\u00e3o decentes e atenciosos.<\/p>\n<\/div>\n\n\n\n<div class=\"wp-block-column is-layout-flow wp-block-column-is-layout-flow\"><div class=\"wp-block-image\">\n<figure class=\"aligncenter size-medium\"><img decoding=\"async\" width=\"300\" height=\"300\" src=\"https:\/\/www.yongyukitchenware.com\/wp-content\/uploads\/2025\/07\/Bulk-Dessert-Forks-7-300x300.webp\" alt=\"Garfos para sobremesas a granel-7\" class=\"wp-image-4543\" srcset=\"https:\/\/www.yongyukitchenware.com\/wp-content\/uploads\/2025\/07\/Bulk-Dessert-Forks-7-300x300.webp 300w, https:\/\/www.yongyukitchenware.com\/wp-content\/uploads\/2025\/07\/Bulk-Dessert-Forks-7-150x150.webp 150w, https:\/\/www.yongyukitchenware.com\/wp-content\/uploads\/2025\/07\/Bulk-Dessert-Forks-7-768x768.webp 768w, https:\/\/www.yongyukitchenware.com\/wp-content\/uploads\/2025\/07\/Bulk-Dessert-Forks-7-12x12.webp 12w, https:\/\/www.yongyukitchenware.com\/wp-content\/uploads\/2025\/07\/Bulk-Dessert-Forks-7-600x600.webp 600w, https:\/\/www.yongyukitchenware.com\/wp-content\/uploads\/2025\/07\/Bulk-Dessert-Forks-7-100x100.webp 100w, https:\/\/www.yongyukitchenware.com\/wp-content\/uploads\/2025\/07\/Bulk-Dessert-Forks-7.webp 800w\" sizes=\"(max-width: 300px) 100vw, 300px\" \/><\/figure>\n<\/div>\n\n<div class=\"wp-block-image\">\n<figure class=\"aligncenter size-medium\"><img decoding=\"async\" width=\"300\" height=\"240\" src=\"https:\/\/www.yongyukitchenware.com\/wp-content\/uploads\/2025\/07\/Bulk-Dessert-Forks-4-300x240.webp\" alt=\"Garfos de sobremesa a granel-4\" class=\"wp-image-4540\" srcset=\"https:\/\/www.yongyukitchenware.com\/wp-content\/uploads\/2025\/07\/Bulk-Dessert-Forks-4-300x240.webp 300w, https:\/\/www.yongyukitchenware.com\/wp-content\/uploads\/2025\/07\/Bulk-Dessert-Forks-4-768x614.webp 768w, https:\/\/www.yongyukitchenware.com\/wp-content\/uploads\/2025\/07\/Bulk-Dessert-Forks-4-15x12.webp 15w, https:\/\/www.yongyukitchenware.com\/wp-content\/uploads\/2025\/07\/Bulk-Dessert-Forks-4-600x480.webp 600w, https:\/\/www.yongyukitchenware.com\/wp-content\/uploads\/2025\/07\/Bulk-Dessert-Forks-4.webp 800w\" sizes=\"(max-width: 300px) 100vw, 300px\" \/><\/figure>\n<\/div><\/div>\n<\/div>\n\n\n\n<div class=\"wp-block-columns is-layout-flex wp-container-core-columns-is-layout-9d6595d7 wp-block-columns-is-layout-flex\">\n<div class=\"wp-block-column is-layout-flow wp-block-column-is-layout-flow\">\n<h2 class=\"wp-block-heading\">Garfos de sobremesa a granel Tamanho:<\/h2>\n\n\n\n<figure class=\"wp-block-table\"><table class=\"has-fixed-layout\"><tbody><tr><td>Modelo<\/td><td>Especifica\u00e7\u00e3o<\/td><td>Comprimento<\/td><td>MOQ<\/td><\/tr><tr><td>DY006-DCS<\/td><td>Garfo<\/td><td>13,5 cm<\/td><td>500 UNIDADES<\/td><\/tr><\/tbody><\/table><\/figure>\n<\/div>\n<\/div>\n\n\n\n<p><\/p>","protected":false},"excerpt":{"rendered":"<p>Conjunto de talheres de campismo a granel a pre\u00e7o de f\u00e1brica com pegas dobr\u00e1veis e saco conveniente, adequado para actividades ao ar livre ou talheres de almo\u00e7o de escrit\u00f3rio. Para mais solu\u00e7\u00f5es essenciais de acampamento por atacado, entre em contato conosco!<\/p>\n<h2 style=\"text-align: left;\">Garfos de sobremesa a granel Par\u00e2metro:<\/h2>\n<p style=\"text-align: left;\"><strong>Material:<\/strong> A\u00e7o inoxid\u00e1vel<br \/><strong>Cor:<\/strong> Cor prata<br \/><strong>Tipos:<\/strong> Garfo<br \/><strong>OEM\/ODM:<\/strong> Dispon\u00edvel<\/p>\n<h2 class=\"wp-block-heading\">De Camping Kitchen Essentials Fabricante :<\/h2>\n<p>Yongyu \u00e9 um fabricante profissional de utens\u00edlios de cozinha para campismo, os nossos produtos abrangem todos os tipos de utens\u00edlios de cozinha para campismo em a\u00e7o inoxid\u00e1vel, tais como equipamento de cozinha para campismo, utens\u00edlios de mesa para campismo, grelhadores para churrasco, etc., fornecendo servi\u00e7os de aquisi\u00e7\u00e3o de qualidade e pre\u00e7os acess\u00edveis para cada cliente.<\/p>","protected":false},"featured_media":4537,"comment_status":"closed","ping_status":"closed","template":"","meta":{"_acf_changed":false},"application":[31],"product_brand":[],"product_cat":[48],"product_tag":[],"class_list":{"0":"post-4536","1":"product","2":"type-product","3":"status-publish","4":"has-post-thumbnail","6":"application-champ-kitchen","7":"product_cat-cutlery-wholesale","9":"first","10":"instock","11":"shipping-taxable","12":"product-type-simple"},"acf":[],"_links":{"self":[{"href":"https:\/\/www.yongyukitchenware.com\/pt\/wp-json\/wp\/v2\/product\/4536","targetHints":{"allow":["GET"]}}],"collection":[{"href":"https:\/\/www.yongyukitchenware.com\/pt\/wp-json\/wp\/v2\/product"}],"about":[{"href":"https:\/\/www.yongyukitchenware.com\/pt\/wp-json\/wp\/v2\/types\/product"}],"replies":[{"embeddable":true,"href":"https:\/\/www.yongyukitchenware.com\/pt\/wp-json\/wp\/v2\/comments?post=4536"}],"wp:featuredmedia":[{"embeddable":true,"href":"https:\/\/www.yongyukitchenware.com\/pt\/wp-json\/wp\/v2\/media\/4537"}],"wp:attachment":[{"href":"https:\/\/www.yongyukitchenware.com\/pt\/wp-json\/wp\/v2\/media?parent=4536"}],"wp:term":[{"taxonomy":"application","embeddable":true,"href":"https:\/\/www.yongyukitchenware.com\/pt\/wp-json\/wp\/v2\/application?post=4536"},{"taxonomy":"product_brand","embeddable":true,"href":"https:\/\/www.yongyukitchenware.com\/pt\/wp-json\/wp\/v2\/product_brand?post=4536"},{"taxonomy":"product_cat","embeddable":true,"href":"https:\/\/www.yongyukitchenware.com\/pt\/wp-json\/wp\/v2\/product_cat?post=4536"},{"taxonomy":"product_tag","embeddable":true,"href":"https:\/\/www.yongyukitchenware.com\/pt\/wp-json\/wp\/v2\/product_tag?post=4536"}],"curies":[{"name":"wp","href":"https:\/\/api.w.org\/{rel}","templated":true}]}}