{"id":4566,"date":"2025-07-29T01:54:40","date_gmt":"2025-07-29T01:54:40","guid":{"rendered":"https:\/\/www.yongyukitchenware.com\/?post_type=product&#038;p=4566"},"modified":"2025-07-29T01:54:41","modified_gmt":"2025-07-29T01:54:41","slug":"bulk-seasoning-bowl-304-stainless-steel-korean-style-gold","status":"publish","type":"product","link":"https:\/\/www.yongyukitchenware.com\/pt\/produto\/bulk-seasoning-bowl-304-stainless-steel-korean-style-gold\/","title":{"rendered":"Ta\u00e7a para temperos a granel em a\u00e7o inoxid\u00e1vel 304 Estilo coreano - dourada"},"content":{"rendered":"<div class=\"wp-block-columns is-layout-flex wp-container-core-columns-is-layout-9d6595d7 wp-block-columns-is-layout-flex\">\n<div class=\"wp-block-column is-layout-flow wp-block-column-is-layout-flow\">\n<h2 class=\"wp-block-heading\">Tamanho da ta\u00e7a de tempero a granel:<\/h2>\n\n\n\n<figure class=\"wp-block-table\"><table class=\"has-fixed-layout\"><tbody><tr><td>Modelo<\/td><td>Tamanho<\/td><td>Peso<\/td><td>MOQ<\/td><\/tr><tr><td rowspan=\"5\">DY118-Z<\/td><td>10 cm<\/td><td>75g<\/td><td rowspan=\"5\">360 UNIDADES<\/td><\/tr><tr><td>12 cm<\/td><td>110g<\/td><\/tr><tr><td>14 cm<\/td><td>140g<\/td><\/tr><tr><td>17 cm<\/td><td>220g<\/td><\/tr><tr><td>20 cm<\/td><td>300g<\/td><\/tr><\/tbody><\/table><\/figure>\n\n\n\n<h2 class=\"wp-block-heading\">Tigela de tempero a granel Carater\u00edsticas:<\/h2>\n\n\n\n<p><strong>A\u00e7o inoxid\u00e1vel 304 de qualidade alimentar:<\/strong> Fabricado em a\u00e7o inoxid\u00e1vel 304 de alta qualidade, este prato para molhos \u00e9 dur\u00e1vel, resistente \u00e0 ferrugem e seguro para o contacto di\u00e1rio com os alimentos.<\/p>\n\n\n\n<p><strong>V\u00e1rios tamanhos para uma utiliza\u00e7\u00e3o vers\u00e1til:<\/strong> Dispon\u00edvel em 5 tamanhos diferentes para servir v\u00e1rias fun\u00e7\u00f5es - desde condimentos e molhos de imers\u00e3o a pequenas por\u00e7\u00f5es de snacks e sobremesas.<\/p>\n\n\n\n<p><strong>Op\u00e7\u00f5es de cores elegantes:<\/strong> Escolha entre o cl\u00e1ssico acabamento de luxo em a\u00e7o inoxid\u00e1vel, prateado ou dourado para combinar com a sua mesa ou estilo de cozinha.<\/p>\n\n\n\n<p><strong>Ideal para uso di\u00e1rio e entretenimento: <\/strong>Ideal para casa, restaurantes, festas, churrascos, para servir molho de soja, ketchup, vinagre, pickles ou acompanhamentos.<\/p>\n\n\n\n<p><strong>F\u00e1cil de limpar e de manter: <\/strong>Desfrute de uma limpeza f\u00e1cil com a nossa superf\u00edcie lisa - lav\u00e1vel na m\u00e1quina de lavar lou\u00e7a, resistente a manchas, odores e \u00e0 reten\u00e7\u00e3o de sabores.<\/p>\n<\/div>\n\n\n\n<div class=\"wp-block-column is-layout-flow wp-block-column-is-layout-flow\">\n<figure class=\"wp-block-image size-full is-resized\"><img decoding=\"async\" width=\"800\" height=\"800\" src=\"https:\/\/www.yongyukitchenware.com\/wp-content\/uploads\/2025\/07\/Wholesale-Seasoning-Bowl-7.webp\" alt=\"bulk-Seasoning-Bowl-7\" class=\"wp-image-4573\" style=\"width:384px;height:auto\" srcset=\"https:\/\/www.yongyukitchenware.com\/wp-content\/uploads\/2025\/07\/Wholesale-Seasoning-Bowl-7.webp 800w, https:\/\/www.yongyukitchenware.com\/wp-content\/uploads\/2025\/07\/Wholesale-Seasoning-Bowl-7-300x300.webp 300w, https:\/\/www.yongyukitchenware.com\/wp-content\/uploads\/2025\/07\/Wholesale-Seasoning-Bowl-7-150x150.webp 150w, https:\/\/www.yongyukitchenware.com\/wp-content\/uploads\/2025\/07\/Wholesale-Seasoning-Bowl-7-768x768.webp 768w, https:\/\/www.yongyukitchenware.com\/wp-content\/uploads\/2025\/07\/Wholesale-Seasoning-Bowl-7-12x12.webp 12w, https:\/\/www.yongyukitchenware.com\/wp-content\/uploads\/2025\/07\/Wholesale-Seasoning-Bowl-7-600x600.webp 600w, https:\/\/www.yongyukitchenware.com\/wp-content\/uploads\/2025\/07\/Wholesale-Seasoning-Bowl-7-100x100.webp 100w\" sizes=\"(max-width: 800px) 100vw, 800px\" \/><\/figure>\n\n\n\n<figure class=\"wp-block-image size-full is-resized\"><img decoding=\"async\" width=\"800\" height=\"800\" src=\"https:\/\/www.yongyukitchenware.com\/wp-content\/uploads\/2025\/07\/Wholesale-Seasoning-Bowl-3.webp\" alt=\"Tigela-3 para tempero por atacado\" class=\"wp-image-4569\" style=\"width:384px\" srcset=\"https:\/\/www.yongyukitchenware.com\/wp-content\/uploads\/2025\/07\/Wholesale-Seasoning-Bowl-3.webp 800w, https:\/\/www.yongyukitchenware.com\/wp-content\/uploads\/2025\/07\/Wholesale-Seasoning-Bowl-3-300x300.webp 300w, https:\/\/www.yongyukitchenware.com\/wp-content\/uploads\/2025\/07\/Wholesale-Seasoning-Bowl-3-150x150.webp 150w, https:\/\/www.yongyukitchenware.com\/wp-content\/uploads\/2025\/07\/Wholesale-Seasoning-Bowl-3-768x768.webp 768w, https:\/\/www.yongyukitchenware.com\/wp-content\/uploads\/2025\/07\/Wholesale-Seasoning-Bowl-3-12x12.webp 12w, https:\/\/www.yongyukitchenware.com\/wp-content\/uploads\/2025\/07\/Wholesale-Seasoning-Bowl-3-600x600.webp 600w, https:\/\/www.yongyukitchenware.com\/wp-content\/uploads\/2025\/07\/Wholesale-Seasoning-Bowl-3-100x100.webp 100w\" sizes=\"(max-width: 800px) 100vw, 800px\" \/><\/figure>\n<\/div>\n<\/div>\n\n\n\n<p><\/p>","protected":false},"excerpt":{"rendered":"<div class=\"n4sEPd\">\n<div class=\"UdTY9 qhIQqf leDWne\" aria-hidden=\"true\" data-location=\"1\">Ta\u00e7a para temperos a granel feita de a\u00e7o inoxid\u00e1vel 304 de primeira qualidade, esta ta\u00e7a de estilo coreano em dourado elegante \u00e9 perfeita para servir molhos, especiarias ou condimentos. O seu design elegante acrescenta um toque de luxo a qualquer refei\u00e7\u00e3o, tornando-a ideal tanto para uso dom\u00e9stico como em restaurantes.<\/div>\n<\/div>\n<h2 style=\"text-align: left;\">Tigela de temperos a granel:<\/h2>\n<p style=\"text-align: left;\"><strong>Material:<\/strong> A\u00e7o inoxid\u00e1vel<br \/><strong>Comprimento:<\/strong>10\/12\/14\/17\/20cm<br \/><strong>Forma:<\/strong> Forma octogonal<br \/><strong>Embalagem:<\/strong> Saco OPP e caixa de cart\u00e3o<br \/><strong>OEM\/ODM:<\/strong> Dispon\u00edvel<\/p>\n<h2 class=\"wp-block-heading\">Fabricante de tigela de tempero de a\u00e7o inoxid\u00e1vel por atacado:<\/h2>\n<p>Quer seja um fornecedor de servi\u00e7os de catering, um hotel ou restaurante, ou uma empresa de planeamento de eventos, oferecemos solu\u00e7\u00f5es abrangentes de fornecimento de catering por atacado a pre\u00e7os de f\u00e1brica de alta qualidade.<\/p>","protected":false},"featured_media":4575,"comment_status":"closed","ping_status":"closed","template":"","meta":{"_acf_changed":false},"application":[29],"product_brand":[],"product_cat":[21],"product_tag":[],"class_list":{"0":"post-4566","1":"product","2":"type-product","3":"status-publish","4":"has-post-thumbnail","6":"application-home-kitchen","7":"product_cat-tableware-wholesale","9":"first","10":"instock","11":"shipping-taxable","12":"product-type-simple"},"acf":[],"_links":{"self":[{"href":"https:\/\/www.yongyukitchenware.com\/pt\/wp-json\/wp\/v2\/product\/4566","targetHints":{"allow":["GET"]}}],"collection":[{"href":"https:\/\/www.yongyukitchenware.com\/pt\/wp-json\/wp\/v2\/product"}],"about":[{"href":"https:\/\/www.yongyukitchenware.com\/pt\/wp-json\/wp\/v2\/types\/product"}],"replies":[{"embeddable":true,"href":"https:\/\/www.yongyukitchenware.com\/pt\/wp-json\/wp\/v2\/comments?post=4566"}],"wp:featuredmedia":[{"embeddable":true,"href":"https:\/\/www.yongyukitchenware.com\/pt\/wp-json\/wp\/v2\/media\/4575"}],"wp:attachment":[{"href":"https:\/\/www.yongyukitchenware.com\/pt\/wp-json\/wp\/v2\/media?parent=4566"}],"wp:term":[{"taxonomy":"application","embeddable":true,"href":"https:\/\/www.yongyukitchenware.com\/pt\/wp-json\/wp\/v2\/application?post=4566"},{"taxonomy":"product_brand","embeddable":true,"href":"https:\/\/www.yongyukitchenware.com\/pt\/wp-json\/wp\/v2\/product_brand?post=4566"},{"taxonomy":"product_cat","embeddable":true,"href":"https:\/\/www.yongyukitchenware.com\/pt\/wp-json\/wp\/v2\/product_cat?post=4566"},{"taxonomy":"product_tag","embeddable":true,"href":"https:\/\/www.yongyukitchenware.com\/pt\/wp-json\/wp\/v2\/product_tag?post=4566"}],"curies":[{"name":"wp","href":"https:\/\/api.w.org\/{rel}","templated":true}]}}