{"id":4584,"date":"2025-09-12T03:43:15","date_gmt":"2025-09-12T03:43:15","guid":{"rendered":"https:\/\/www.yongyukitchenware.com\/?post_type=product&#038;p=4584"},"modified":"2025-11-04T02:38:19","modified_gmt":"2025-11-04T02:38:19","slug":"custom-korean-style-noodle-bowl-stainless-steel-salad-mixing-bowl","status":"publish","type":"product","link":"https:\/\/www.yongyukitchenware.com\/pt\/produto\/custom-korean-style-noodle-bowl-stainless-steel-salad-mixing-bowl\/","title":{"rendered":"Ta\u00e7a de massa de estilo coreano personalizada Ta\u00e7a de mistura para salada em a\u00e7o inoxid\u00e1vel"},"content":{"rendered":"<div class=\"wp-block-columns is-layout-flex wp-container-core-columns-is-layout-9d6595d7 wp-block-columns-is-layout-flex\">\n<div class=\"wp-block-column is-layout-flow wp-block-column-is-layout-flow\">\n<div class=\"wp-block-columns is-layout-flex wp-container-core-columns-is-layout-9d6595d7 wp-block-columns-is-layout-flex\">\n<div class=\"wp-block-column is-layout-flow wp-block-column-is-layout-flow\">\n<h2 class=\"wp-block-heading\">Ta\u00e7a de massa de estilo coreano personalizada Carater\u00edsticas:<\/h2>\n\n\n\n<p><strong>Design em forma de V:<\/strong> As linhas \u00fanicas em forma de V s\u00e3o simples e elegantes, visualmente leves e pr\u00e1ticas para segurar e verter os ingredientes, criando um novo estilo para as cozinhas modernas.<\/p>\n\n\n\n<p><strong>Material de a\u00e7o inoxid\u00e1vel de qualidade alimentar: <\/strong>Fabricado em a\u00e7o inoxid\u00e1vel de qualidade alimentar cuidadosamente selecionado, \u00e9 resistente \u00e0 corros\u00e3o, aos choques e dur\u00e1vel, n\u00e3o sendo propenso a deforma\u00e7\u00f5es. Combina est\u00e9tica e praticidade, tornando-se um item essencial para a cozinha.<\/p>\n\n\n\n<p><strong>V\u00e1rios tamanhos \u00e0 escolha: <\/strong>Com um total de 4 especifica\u00e7\u00f5es de capacidade, satisfaz v\u00e1rias necessidades, desde a prepara\u00e7\u00e3o di\u00e1ria de vegetais, bater ovos, servir sopa e misturar saladas, etc. Um conjunto pode realizar v\u00e1rias tarefas.<\/p>\n\n\n\n<p><strong>Op\u00e7\u00f5es de duas cores: <\/strong>Dispon\u00edvel na cor original de a\u00e7o inoxid\u00e1vel e em dourado texturado, pode combinar livremente estilos cl\u00e1ssicos ou topo de gama para mostrar o gosto \u00fanico da sua cozinha.<\/p>\n\n\n\n<p><strong>F\u00e1cil de limpar:<\/strong> A superf\u00edcie lisa da ta\u00e7a n\u00e3o \u00e9 propensa \u00e0 acumula\u00e7\u00e3o de sujidade. A gordura pode ser removida com apenas um enxaguamento. A lavagem \u00e0 m\u00e3o \u00e9 f\u00e1cil e tamb\u00e9m pode ser colocada na m\u00e1quina de lavar loi\u00e7a, poupando tempo e esfor\u00e7o.<\/p>\n\n\n\n<figure class=\"wp-block-table\"><table class=\"has-fixed-layout\"><tbody><tr><td>Modelo<\/td><td>Tamanho<\/td><td>Peso<\/td><td>MOQ<\/td><\/tr><tr><td rowspan=\"6\">DY039-TLP<\/td><td>11 cm<\/td><td>50g<\/td><td>400 UNIDADES<\/td><\/tr><tr><td>13cm<\/td><td>60g<\/td><td rowspan=\"5\">200 UNIDADES<\/td><\/tr><tr><td>16 cm<\/td><td>90g<\/td><\/tr><tr><td>19 cm<\/td><td>125g<\/td><\/tr><tr><td>22 cm<\/td><td>180g<\/td><\/tr><tr><td>25 cm<\/td><td>290g<\/td><\/tr><\/tbody><\/table><\/figure>\n<\/div>\n\n\n\n<div class=\"wp-block-column is-layout-flow wp-block-column-is-layout-flow\">\n<div class=\"wp-block-columns is-layout-flex wp-container-core-columns-is-layout-9d6595d7 wp-block-columns-is-layout-flex\">\n<div class=\"wp-block-column is-layout-flow wp-block-column-is-layout-flow\">\n<figure class=\"wp-block-image size-full\"><img decoding=\"async\" width=\"800\" height=\"800\" src=\"https:\/\/www.yongyukitchenware.com\/wp-content\/uploads\/2025\/07\/Custom-Korean-Style-Noodle-Bowl-12.webp\" alt=\"Tigela de massa \u00e0 moda coreana-12\" class=\"wp-image-4596\" style=\"object-fit:cover\" srcset=\"https:\/\/www.yongyukitchenware.com\/wp-content\/uploads\/2025\/07\/Custom-Korean-Style-Noodle-Bowl-12.webp 800w, https:\/\/www.yongyukitchenware.com\/wp-content\/uploads\/2025\/07\/Custom-Korean-Style-Noodle-Bowl-12-300x300.webp 300w, https:\/\/www.yongyukitchenware.com\/wp-content\/uploads\/2025\/07\/Custom-Korean-Style-Noodle-Bowl-12-150x150.webp 150w, https:\/\/www.yongyukitchenware.com\/wp-content\/uploads\/2025\/07\/Custom-Korean-Style-Noodle-Bowl-12-768x768.webp 768w, https:\/\/www.yongyukitchenware.com\/wp-content\/uploads\/2025\/07\/Custom-Korean-Style-Noodle-Bowl-12-12x12.webp 12w, https:\/\/www.yongyukitchenware.com\/wp-content\/uploads\/2025\/07\/Custom-Korean-Style-Noodle-Bowl-12-600x600.webp 600w, https:\/\/www.yongyukitchenware.com\/wp-content\/uploads\/2025\/07\/Custom-Korean-Style-Noodle-Bowl-12-100x100.webp 100w\" sizes=\"(max-width: 800px) 100vw, 800px\" \/><\/figure>\n\n\n\n<figure class=\"wp-block-image size-full\"><img decoding=\"async\" width=\"800\" height=\"800\" src=\"https:\/\/www.yongyukitchenware.com\/wp-content\/uploads\/2025\/07\/Custom-Korean-Style-Noodle-Bowl-10.webp\" alt=\"Tigela de massa de estilo coreano personalizada-10\" class=\"wp-image-4594\" srcset=\"https:\/\/www.yongyukitchenware.com\/wp-content\/uploads\/2025\/07\/Custom-Korean-Style-Noodle-Bowl-10.webp 800w, https:\/\/www.yongyukitchenware.com\/wp-content\/uploads\/2025\/07\/Custom-Korean-Style-Noodle-Bowl-10-300x300.webp 300w, https:\/\/www.yongyukitchenware.com\/wp-content\/uploads\/2025\/07\/Custom-Korean-Style-Noodle-Bowl-10-150x150.webp 150w, https:\/\/www.yongyukitchenware.com\/wp-content\/uploads\/2025\/07\/Custom-Korean-Style-Noodle-Bowl-10-768x768.webp 768w, https:\/\/www.yongyukitchenware.com\/wp-content\/uploads\/2025\/07\/Custom-Korean-Style-Noodle-Bowl-10-12x12.webp 12w, https:\/\/www.yongyukitchenware.com\/wp-content\/uploads\/2025\/07\/Custom-Korean-Style-Noodle-Bowl-10-600x600.webp 600w, https:\/\/www.yongyukitchenware.com\/wp-content\/uploads\/2025\/07\/Custom-Korean-Style-Noodle-Bowl-10-100x100.webp 100w\" sizes=\"(max-width: 800px) 100vw, 800px\" \/><\/figure>\n\n\n\n<div class=\"wp-block-columns is-layout-flex wp-container-core-columns-is-layout-9d6595d7 wp-block-columns-is-layout-flex\">\n<div class=\"wp-block-column is-layout-flow wp-block-column-is-layout-flow\">\n<div class=\"wp-block-columns is-layout-flex wp-container-core-columns-is-layout-9d6595d7 wp-block-columns-is-layout-flex\">\n<div class=\"wp-block-column is-layout-flow wp-block-column-is-layout-flow\"><\/div>\n<\/div>\n<\/div>\n<\/div>\n<\/div>\n<\/div>\n<\/div>\n<\/div>\n<\/div>\n<\/div>\n\n\n\n<p><\/p>","protected":false},"excerpt":{"rendered":"<p>Tigela para noodles personalizada ao estilo coreano, feita de a\u00e7o inoxid\u00e1vel de alta qualidade, perfeita para misturar saladas, noodles e outros pratos. Leve, dur\u00e1vel e f\u00e1cil de limpar, \u00e9 ideal para uso dom\u00e9stico e profissional. \u00a0 \u00a0 \u00a0 \u00a0 \u00a0 \u00a0<\/p>\n<h2>Atributos da ta\u00e7a de massa de estilo coreano personalizada :<\/h2>\n<p><strong>Material:<\/strong> A\u00e7o inoxid\u00e1vel<br \/><strong>Cor:<\/strong> Ouro\/Prata<br \/><strong>Tamanhos diferentes: <\/strong>11cm,13cm,16cm,19cm,22cm,25cm<br \/><strong>Embalagem:<\/strong> Saco Opp e caixa de cart\u00e3o<br \/><strong>OEM\/ODM:<\/strong> Dispon\u00edvel<\/p>\n<h2><!-- \/wp:heading --><\/p>\n<p><!-- wp:paragraph --><\/h2>\n<h2 class=\"wp-block-heading\">De Yongyu Tableware Wholesaler:<\/h2>\n<p class=\"wp-block-heading\">O grossista de utens\u00edlios de mesa Yongyu pode satisfazer as necessidades dos clientes a granel e fornecer uma s\u00e9rie de fornecimentos de catering de alta qualidade por atacado que combina eleg\u00e2ncia e durabilidade. Incluindo utens\u00edlios de mesa, bebidas, equipamentos de catering, utens\u00edlios de cozinha, itens essenciais de cozinha de acampamento, etc.<\/p>\n<h2><!-- \/wp:paragraph --><\/h2>","protected":false},"featured_media":4585,"comment_status":"closed","ping_status":"closed","template":"","meta":{"_acf_changed":true},"application":[30],"product_brand":[],"product_cat":[21,47],"product_tag":[],"class_list":{"0":"post-4584","1":"product","2":"type-product","3":"status-publish","4":"has-post-thumbnail","6":"application-hotel-catering","7":"product_cat-tableware-wholesale","8":"product_cat-stainless-steel-bowls-wholesale","10":"first","11":"instock","12":"shipping-taxable","13":"product-type-simple"},"acf":[],"_links":{"self":[{"href":"https:\/\/www.yongyukitchenware.com\/pt\/wp-json\/wp\/v2\/product\/4584","targetHints":{"allow":["GET"]}}],"collection":[{"href":"https:\/\/www.yongyukitchenware.com\/pt\/wp-json\/wp\/v2\/product"}],"about":[{"href":"https:\/\/www.yongyukitchenware.com\/pt\/wp-json\/wp\/v2\/types\/product"}],"replies":[{"embeddable":true,"href":"https:\/\/www.yongyukitchenware.com\/pt\/wp-json\/wp\/v2\/comments?post=4584"}],"wp:featuredmedia":[{"embeddable":true,"href":"https:\/\/www.yongyukitchenware.com\/pt\/wp-json\/wp\/v2\/media\/4585"}],"wp:attachment":[{"href":"https:\/\/www.yongyukitchenware.com\/pt\/wp-json\/wp\/v2\/media?parent=4584"}],"wp:term":[{"taxonomy":"application","embeddable":true,"href":"https:\/\/www.yongyukitchenware.com\/pt\/wp-json\/wp\/v2\/application?post=4584"},{"taxonomy":"product_brand","embeddable":true,"href":"https:\/\/www.yongyukitchenware.com\/pt\/wp-json\/wp\/v2\/product_brand?post=4584"},{"taxonomy":"product_cat","embeddable":true,"href":"https:\/\/www.yongyukitchenware.com\/pt\/wp-json\/wp\/v2\/product_cat?post=4584"},{"taxonomy":"product_tag","embeddable":true,"href":"https:\/\/www.yongyukitchenware.com\/pt\/wp-json\/wp\/v2\/product_tag?post=4584"}],"curies":[{"name":"wp","href":"https:\/\/api.w.org\/{rel}","templated":true}]}}