{"id":4625,"date":"2025-08-15T07:25:43","date_gmt":"2025-08-15T07:25:43","guid":{"rendered":"https:\/\/www.yongyukitchenware.com\/?post_type=product&#038;p=4625"},"modified":"2025-08-15T07:27:24","modified_gmt":"2025-08-15T07:27:24","slug":"bulk-mini-sauce-dish-304-stainless-steel-dipping-cup-silver","status":"publish","type":"product","link":"https:\/\/www.yongyukitchenware.com\/pt\/produto\/bulk-mini-sauce-dish-304-stainless-steel-dipping-cup-silver\/","title":{"rendered":"Mini Prato para Molhos a granel em a\u00e7o inoxid\u00e1vel 304 - Prateado"},"content":{"rendered":"<div class=\"wp-block-columns is-layout-flex wp-container-core-columns-is-layout-9d6595d7 wp-block-columns-is-layout-flex\">\n<div class=\"wp-block-column is-layout-flow wp-block-column-is-layout-flow\">\n<h2 class=\"wp-block-heading\">Tamanho do mini prato de molho a granel:<\/h2>\n\n\n\n<figure class=\"wp-block-table\"><table class=\"has-fixed-layout\"><tbody><tr><td>Modelo<\/td><td>Tamanho<\/td><td>Peso<\/td><td>MOQ<\/td><\/tr><tr><td rowspan=\"4\">DY031-W<\/td><td>80ml<\/td><td>30g<\/td><td rowspan=\"4\">200 UNIDADES<\/td><\/tr><tr><td>100ml<\/td><td>32g<\/td><\/tr><tr><td>200ml<\/td><td>50g<\/td><\/tr><tr><td>300ml<\/td><td>100g<\/td><\/tr><\/tbody><\/table><\/figure>\n\n\n\n<h2 class=\"wp-block-heading\">Mini prato de molho a granel Carater\u00edsticas:<\/h2>\n\n\n\n<p><strong>Material em a\u00e7o inoxid\u00e1vel 304: <\/strong>Fabricado em a\u00e7o inoxid\u00e1vel 304 de qualidade alimentar, \u00e9 resistente \u00e0 corros\u00e3o, resistente ao calor, n\u00e3o absorve sabores, n\u00e3o mistura sabores e \u00e9 adequado para conter v\u00e1rios molhos.<\/p>\n\n\n\n<p><strong>Acabamento interior escovado e acabamento exterior brilhante: <\/strong>A parede interior \u00e9 tratada com um acabamento escovado, o que torna menos prov\u00e1vel a perman\u00eancia de molho e mais f\u00e1cil de limpar. A parede exterior \u00e9 polida a espelho, apresentando um aspeto brilhante e agrad\u00e1vel.<\/p>\n\n\n\n<p><strong>M\u00faltiplas op\u00e7\u00f5es de capacidade: <\/strong>Dispon\u00edvel em quatro capacidades - 80 ml, 100 ml, 200 ml e 300 ml - para satisfazer v\u00e1rias necessidades de utiliza\u00e7\u00e3o, tais como molhos de imers\u00e3o, temperos e por\u00e7\u00f5es.<\/p>\n\n\n\n<p><strong>Design de grande di\u00e2metro:<\/strong> Adopta uma estrutura de abertura plana de grande di\u00e2metro, que \u00e9 conveniente para verter ou retirar o molho, melhorando a efici\u00eancia da utiliza\u00e7\u00e3o e tornando a limpeza mais f\u00e1cil.<\/p>\n\n\n\n<p><strong>Moldura de uma s\u00f3 pe\u00e7a:<\/strong> O copo inteiro \u00e9 formado numa s\u00f3 pe\u00e7a sem soldadura, com uma estrutura est\u00e1vel, n\u00e3o \u00e9 f\u00e1cil de deformar e \u00e9 dur\u00e1vel.<\/p>\n<\/div>\n\n\n\n<div class=\"wp-block-column is-layout-flow wp-block-column-is-layout-flow\">\n<figure class=\"wp-block-image size-full is-resized\"><img decoding=\"async\" width=\"800\" height=\"800\" src=\"https:\/\/www.yongyukitchenware.com\/wp-content\/uploads\/2025\/07\/Wholesale-Mini-Sauce-Dish-5.webp\" alt=\"Mini-prato de molho a granel-5\" class=\"wp-image-4630\" style=\"width:384px;height:auto\" srcset=\"https:\/\/www.yongyukitchenware.com\/wp-content\/uploads\/2025\/07\/Wholesale-Mini-Sauce-Dish-5.webp 800w, https:\/\/www.yongyukitchenware.com\/wp-content\/uploads\/2025\/07\/Wholesale-Mini-Sauce-Dish-5-300x300.webp 300w, https:\/\/www.yongyukitchenware.com\/wp-content\/uploads\/2025\/07\/Wholesale-Mini-Sauce-Dish-5-150x150.webp 150w, https:\/\/www.yongyukitchenware.com\/wp-content\/uploads\/2025\/07\/Wholesale-Mini-Sauce-Dish-5-768x768.webp 768w, https:\/\/www.yongyukitchenware.com\/wp-content\/uploads\/2025\/07\/Wholesale-Mini-Sauce-Dish-5-12x12.webp 12w, https:\/\/www.yongyukitchenware.com\/wp-content\/uploads\/2025\/07\/Wholesale-Mini-Sauce-Dish-5-600x600.webp 600w, https:\/\/www.yongyukitchenware.com\/wp-content\/uploads\/2025\/07\/Wholesale-Mini-Sauce-Dish-5-100x100.webp 100w\" sizes=\"(max-width: 800px) 100vw, 800px\" \/><\/figure>\n\n\n\n<figure class=\"wp-block-image size-full is-resized\"><img decoding=\"async\" width=\"800\" height=\"800\" src=\"https:\/\/www.yongyukitchenware.com\/wp-content\/uploads\/2025\/07\/Wholesale-Mini-Sauce-Dish-7.webp\" alt=\"bulk-Mini-Prato de Molho-7\" class=\"wp-image-4632\" style=\"width:384px\" srcset=\"https:\/\/www.yongyukitchenware.com\/wp-content\/uploads\/2025\/07\/Wholesale-Mini-Sauce-Dish-7.webp 800w, https:\/\/www.yongyukitchenware.com\/wp-content\/uploads\/2025\/07\/Wholesale-Mini-Sauce-Dish-7-300x300.webp 300w, https:\/\/www.yongyukitchenware.com\/wp-content\/uploads\/2025\/07\/Wholesale-Mini-Sauce-Dish-7-150x150.webp 150w, https:\/\/www.yongyukitchenware.com\/wp-content\/uploads\/2025\/07\/Wholesale-Mini-Sauce-Dish-7-768x768.webp 768w, https:\/\/www.yongyukitchenware.com\/wp-content\/uploads\/2025\/07\/Wholesale-Mini-Sauce-Dish-7-12x12.webp 12w, https:\/\/www.yongyukitchenware.com\/wp-content\/uploads\/2025\/07\/Wholesale-Mini-Sauce-Dish-7-600x600.webp 600w, https:\/\/www.yongyukitchenware.com\/wp-content\/uploads\/2025\/07\/Wholesale-Mini-Sauce-Dish-7-100x100.webp 100w\" sizes=\"(max-width: 800px) 100vw, 800px\" \/><\/figure>\n<\/div>\n<\/div>","protected":false},"excerpt":{"rendered":"<div class=\"n4sEPd\">\n<div class=\"UdTY9 qhIQqf leDWne\" aria-hidden=\"true\" data-location=\"1\">Mini molheira a granel, um copo para molhos em a\u00e7o inoxid\u00e1vel 304 em prateado elegante. Dur\u00e1vel, compacto e perfeito para molhos, condimentos ou pequenas por\u00e7\u00f5es. Ideal para restaurantes, catering ou uso dom\u00e9stico, combinando praticidade com estilo moderno.Contacte-nos por favor\uff01<\/div>\n<\/div>\n<h2 style=\"text-align: left;\">Mini-prato de molho a granel:<\/h2>\n<p style=\"text-align: left;\"><strong>Material:<\/strong> A\u00e7o inoxid\u00e1vel<br \/><strong>Forma:<\/strong> Forma redonda<br \/><strong>Embalagem:<\/strong> Saco OPP e caixa de cart\u00e3o<br \/><strong>OEM\/ODM:<\/strong> Dispon\u00edvel<\/p>\n<h2 style=\"text-align: left;\">Mini prato de molho a granel Fabricante:<\/h2>\n<p>Quer seja um fornecedor de servi\u00e7os de catering, um hotel ou restaurante, ou uma empresa de planeamento de eventos, oferecemos solu\u00e7\u00f5es abrangentes de fornecimento de catering por atacado a pre\u00e7os de f\u00e1brica de alta qualidade.<\/p>","protected":false},"featured_media":4716,"comment_status":"closed","ping_status":"closed","template":"","meta":{"_acf_changed":true},"application":[29],"product_brand":[],"product_cat":[21],"product_tag":[],"class_list":{"0":"post-4625","1":"product","2":"type-product","3":"status-publish","4":"has-post-thumbnail","6":"application-home-kitchen","7":"product_cat-tableware-wholesale","9":"first","10":"instock","11":"shipping-taxable","12":"product-type-simple"},"acf":[],"_links":{"self":[{"href":"https:\/\/www.yongyukitchenware.com\/pt\/wp-json\/wp\/v2\/product\/4625","targetHints":{"allow":["GET"]}}],"collection":[{"href":"https:\/\/www.yongyukitchenware.com\/pt\/wp-json\/wp\/v2\/product"}],"about":[{"href":"https:\/\/www.yongyukitchenware.com\/pt\/wp-json\/wp\/v2\/types\/product"}],"replies":[{"embeddable":true,"href":"https:\/\/www.yongyukitchenware.com\/pt\/wp-json\/wp\/v2\/comments?post=4625"}],"wp:featuredmedia":[{"embeddable":true,"href":"https:\/\/www.yongyukitchenware.com\/pt\/wp-json\/wp\/v2\/media\/4716"}],"wp:attachment":[{"href":"https:\/\/www.yongyukitchenware.com\/pt\/wp-json\/wp\/v2\/media?parent=4625"}],"wp:term":[{"taxonomy":"application","embeddable":true,"href":"https:\/\/www.yongyukitchenware.com\/pt\/wp-json\/wp\/v2\/application?post=4625"},{"taxonomy":"product_brand","embeddable":true,"href":"https:\/\/www.yongyukitchenware.com\/pt\/wp-json\/wp\/v2\/product_brand?post=4625"},{"taxonomy":"product_cat","embeddable":true,"href":"https:\/\/www.yongyukitchenware.com\/pt\/wp-json\/wp\/v2\/product_cat?post=4625"},{"taxonomy":"product_tag","embeddable":true,"href":"https:\/\/www.yongyukitchenware.com\/pt\/wp-json\/wp\/v2\/product_tag?post=4625"}],"curies":[{"name":"wp","href":"https:\/\/api.w.org\/{rel}","templated":true}]}}