{"id":4673,"date":"2025-08-15T07:12:24","date_gmt":"2025-08-15T07:12:24","guid":{"rendered":"https:\/\/www.yongyukitchenware.com\/?post_type=product&#038;p=4673"},"modified":"2025-08-15T07:12:27","modified_gmt":"2025-08-15T07:12:27","slug":"custom-milk-frothing-pitcher-and-stainless-steel-bell-creamer","status":"publish","type":"product","link":"https:\/\/www.yongyukitchenware.com\/pt\/produto\/custom-milk-frothing-pitcher-and-stainless-steel-bell-creamer\/","title":{"rendered":"Jarro de espuma de leite personalizado e batedeira em a\u00e7o inoxid\u00e1vel"},"content":{"rendered":"<div class=\"wp-block-columns is-layout-flex wp-container-core-columns-is-layout-9d6595d7 wp-block-columns-is-layout-flex\">\n<div class=\"wp-block-column is-layout-flow wp-block-column-is-layout-flow\">\n<h2 class=\"wp-block-heading\">Jarro de espuma de leite personalizado Carater\u00edsticas:<\/h2>\n\n\n\n<p><strong>V\u00e1rias op\u00e7\u00f5es de tamanho: <\/strong>Dispon\u00edvel em 2 oz, 3 oz, 5 oz e 8 oz para se adaptar a v\u00e1rias necessidades de fabrico de caf\u00e9 e latte art.<\/p>\n\n\n\n<p><strong>Forma est\u00e1vel e ergon\u00f3mica do tambor: <\/strong>Centro de gravidade baixo e pega confort\u00e1vel para um melhor controlo durante o despejo.<\/p>\n\n\n\n<p><strong>A\u00e7o inoxid\u00e1vel de qualidade alimentar: <\/strong>Feito de a\u00e7o inoxid\u00e1vel dur\u00e1vel, resistente \u00e0 ferrugem, resistente ao calor e f\u00e1cil de limpar.<\/p>\n\n\n\n<p><strong>Acabamento em espelho polido:<\/strong> Aspeto elegante e profissional adequado para caf\u00e9s, utiliza\u00e7\u00e3o em casa ou forma\u00e7\u00e3o de baristas.<\/p>\n\n\n\n<p><strong>Design de bico de precis\u00e3o: <\/strong>Verter suavemente e com precis\u00e3o para linhas limpas e latte art detalhado.<\/p>\n\n\n\n<h2 class=\"wp-block-heading\">Tamanho do jarro de espuma de leite personalizado:<\/h2>\n\n\n\n<figure class=\"wp-block-table\"><table class=\"has-fixed-layout\"><tbody><tr><td>Modelo<\/td><td>Tamanho<\/td><td>Peso<\/td><td>MOQ<\/td><\/tr><tr><td rowspan=\"4\">DY056-B<\/td><td>2 oz<\/td><td>27g<\/td><td>400 UNIDADES<\/td><\/tr><tr><td>3 oz<\/td><td>37g<\/td><td rowspan=\"3\">320 UNIDADES<\/td><\/tr><tr><td>5 oz<\/td><td>61g<\/td><\/tr><tr><td>8 on\u00e7as<\/td><td>84g<\/td><\/tr><\/tbody><\/table><\/figure>\n<\/div>\n\n\n\n<div class=\"wp-block-column is-layout-flow wp-block-column-is-layout-flow\">\n<div class=\"wp-block-columns is-layout-flex wp-container-core-columns-is-layout-9d6595d7 wp-block-columns-is-layout-flex\">\n<div class=\"wp-block-column is-layout-flow wp-block-column-is-layout-flow\">\n<figure class=\"wp-block-image size-full\"><img decoding=\"async\" width=\"800\" height=\"800\" src=\"https:\/\/www.yongyukitchenware.com\/wp-content\/uploads\/2025\/08\/Custom-Milk-Frothing-Pitcher-5.webp\" alt=\"Jarro para ferver leite personalizado-5\" class=\"wp-image-4678\" srcset=\"https:\/\/www.yongyukitchenware.com\/wp-content\/uploads\/2025\/08\/Custom-Milk-Frothing-Pitcher-5.webp 800w, https:\/\/www.yongyukitchenware.com\/wp-content\/uploads\/2025\/08\/Custom-Milk-Frothing-Pitcher-5-300x300.webp 300w, https:\/\/www.yongyukitchenware.com\/wp-content\/uploads\/2025\/08\/Custom-Milk-Frothing-Pitcher-5-150x150.webp 150w, https:\/\/www.yongyukitchenware.com\/wp-content\/uploads\/2025\/08\/Custom-Milk-Frothing-Pitcher-5-768x768.webp 768w, https:\/\/www.yongyukitchenware.com\/wp-content\/uploads\/2025\/08\/Custom-Milk-Frothing-Pitcher-5-12x12.webp 12w, https:\/\/www.yongyukitchenware.com\/wp-content\/uploads\/2025\/08\/Custom-Milk-Frothing-Pitcher-5-600x600.webp 600w, https:\/\/www.yongyukitchenware.com\/wp-content\/uploads\/2025\/08\/Custom-Milk-Frothing-Pitcher-5-100x100.webp 100w\" sizes=\"(max-width: 800px) 100vw, 800px\" \/><\/figure>\n<\/div>\n<\/div>\n<\/div>\n<\/div>\n\n\n\n<p><\/p>","protected":false},"excerpt":{"rendered":"<p>Conjunto personalizado de jarro de espuma de leite e batedeira em a\u00e7o inoxid\u00e1vel. Dur\u00e1vel, f\u00e1cil de utilizar e perfeito para uma espuma de leite suave e latte art. Contacte-nos para obter pre\u00e7os a granel!<\/p>\n<h2 style=\"text-align: left;\">Jarro de espuma de leite personalizado Par\u00e2metro:<\/h2>\n<p style=\"text-align: left;\"><strong>Material:<\/strong> A\u00e7o inoxid\u00e1vel<br \/><strong>Cor:<\/strong> Prata<br \/><b>Conce\u00e7\u00e3o:\u00a0<\/b>Boca de grande calibre e bico curto<br \/><strong>OEM\/ODM:<\/strong> Dispon\u00edvel<\/p>\n<h2 class=\"wp-block-heading\">Do fabricante de utens\u00edlios de cozinha Yongyu:<\/h2>\n<p>Yongyu \u00e9 um fabricante profissional de utens\u00edlios de cozinha. Os nossos produtos incluem todos os tipos de utens\u00edlios de cozinha em a\u00e7o inoxid\u00e1vel e acess\u00f3rios de cozinha. N\u00f3s fornecemos solu\u00e7\u00f5es personalizadas com produtos de alta qualidade a pre\u00e7os de f\u00e1brica.<\/p>","protected":false},"featured_media":4674,"comment_status":"closed","ping_status":"closed","template":"","meta":{"_acf_changed":false},"application":[30],"product_brand":[],"product_cat":[20,52],"product_tag":[],"class_list":{"0":"post-4673","1":"product","2":"type-product","3":"status-publish","4":"has-post-thumbnail","6":"application-hotel-catering","7":"product_cat-wholesale-drinkware","8":"product_cat-milk-frothing-pitcher-wholesale","10":"first","11":"instock","12":"shipping-taxable","13":"product-type-simple"},"acf":[],"_links":{"self":[{"href":"https:\/\/www.yongyukitchenware.com\/pt\/wp-json\/wp\/v2\/product\/4673","targetHints":{"allow":["GET"]}}],"collection":[{"href":"https:\/\/www.yongyukitchenware.com\/pt\/wp-json\/wp\/v2\/product"}],"about":[{"href":"https:\/\/www.yongyukitchenware.com\/pt\/wp-json\/wp\/v2\/types\/product"}],"replies":[{"embeddable":true,"href":"https:\/\/www.yongyukitchenware.com\/pt\/wp-json\/wp\/v2\/comments?post=4673"}],"wp:featuredmedia":[{"embeddable":true,"href":"https:\/\/www.yongyukitchenware.com\/pt\/wp-json\/wp\/v2\/media\/4674"}],"wp:attachment":[{"href":"https:\/\/www.yongyukitchenware.com\/pt\/wp-json\/wp\/v2\/media?parent=4673"}],"wp:term":[{"taxonomy":"application","embeddable":true,"href":"https:\/\/www.yongyukitchenware.com\/pt\/wp-json\/wp\/v2\/application?post=4673"},{"taxonomy":"product_brand","embeddable":true,"href":"https:\/\/www.yongyukitchenware.com\/pt\/wp-json\/wp\/v2\/product_brand?post=4673"},{"taxonomy":"product_cat","embeddable":true,"href":"https:\/\/www.yongyukitchenware.com\/pt\/wp-json\/wp\/v2\/product_cat?post=4673"},{"taxonomy":"product_tag","embeddable":true,"href":"https:\/\/www.yongyukitchenware.com\/pt\/wp-json\/wp\/v2\/product_tag?post=4673"}],"curies":[{"name":"wp","href":"https:\/\/api.w.org\/{rel}","templated":true}]}}