{"id":4702,"date":"2025-08-20T07:46:31","date_gmt":"2025-08-20T07:46:31","guid":{"rendered":"https:\/\/www.yongyukitchenware.com\/?post_type=product&#038;p=4702"},"modified":"2025-08-20T07:46:35","modified_gmt":"2025-08-20T07:46:35","slug":"wholesale-sauce-cups-with-wooden-handle-304-stainless-steel-gold","status":"publish","type":"product","link":"https:\/\/www.yongyukitchenware.com\/pt\/produto\/wholesale-sauce-cups-with-wooden-handle-304-stainless-steel-gold\/","title":{"rendered":"Copos de molho por atacado com cabo de madeira 304 em a\u00e7o inoxid\u00e1vel dourado"},"content":{"rendered":"<div class=\"wp-block-columns is-layout-flex wp-container-core-columns-is-layout-9d6595d7 wp-block-columns-is-layout-flex\">\n<div class=\"wp-block-column is-layout-flow wp-block-column-is-layout-flow\">\n<h2 class=\"wp-block-heading\">Copos de molho por atacado com cabo de madeira Tamanho:<\/h2>\n\n\n\n<figure class=\"wp-block-table\"><table class=\"has-fixed-layout\"><tbody><tr><td>Modelo<\/td><td>Tamanho<\/td><td>MOQ<\/td><\/tr><tr><td rowspan=\"3\">DY055-B<\/td><td>60ML<\/td><td rowspan=\"3\">200 UNIDADES<\/td><\/tr><tr><td>120ML<\/td><\/tr><tr><td>180ML<\/td><\/tr><\/tbody><\/table><\/figure>\n\n\n\n<h2 class=\"wp-block-heading\">Copos de molho por atacado com cabo de madeira Carater\u00edsticas:<\/h2>\n\n\n\n<p><strong>Op\u00e7\u00f5es de tamanhos m\u00faltiplos:<\/strong> Dispon\u00edvel em 60 ml, 120 ml e 180 ml para satisfazer todas as necessidades, desde a cozinha dom\u00e9stica at\u00e9 \u00e0 cozinha profissional.<\/p>\n\n\n\n<p><strong>Seguro para calor direto:<\/strong> Fabricado em a\u00e7o inoxid\u00e1vel de qualidade alimentar, seguro para chama aberta ou aquecimento no fog\u00e3o - ideal para aquecer molhos, derreter manteiga ou chocolate.<\/p>\n\n\n\n<p><strong>Design em forma de barriga:<\/strong> O corpo largo e arredondado assegura um aquecimento uniforme, facilita a agita\u00e7\u00e3o e minimiza os derrames.<\/p>\n\n\n\n<p><strong>Cabo de madeira resistente ao calor:<\/strong> A pega \u00fanica de madeira oferece uma ader\u00eancia confort\u00e1vel e um isolamento eficaz para um manuseamento mais seguro.<\/p>\n\n\n\n<p><strong>Bico anti-gotejamento: <\/strong>O bico de enchimento cuidadosamente concebido garante um enchimento suave e sem sujidade, com um controlo preciso.<\/p>\n<\/div>\n\n\n\n<div class=\"wp-block-column is-layout-flow wp-block-column-is-layout-flow\">\n<figure class=\"wp-block-image size-full is-resized\"><img decoding=\"async\" width=\"800\" height=\"800\" src=\"https:\/\/www.yongyukitchenware.com\/wp-content\/uploads\/2025\/08\/Wholesale-Sauce-Cups-with-Wooden-Handle-3.webp\" alt=\"Copos de molho por atacado com pega de madeira-3\" class=\"wp-image-4706\" style=\"width:384px;height:auto\" srcset=\"https:\/\/www.yongyukitchenware.com\/wp-content\/uploads\/2025\/08\/Wholesale-Sauce-Cups-with-Wooden-Handle-3.webp 800w, https:\/\/www.yongyukitchenware.com\/wp-content\/uploads\/2025\/08\/Wholesale-Sauce-Cups-with-Wooden-Handle-3-300x300.webp 300w, https:\/\/www.yongyukitchenware.com\/wp-content\/uploads\/2025\/08\/Wholesale-Sauce-Cups-with-Wooden-Handle-3-150x150.webp 150w, https:\/\/www.yongyukitchenware.com\/wp-content\/uploads\/2025\/08\/Wholesale-Sauce-Cups-with-Wooden-Handle-3-768x768.webp 768w, https:\/\/www.yongyukitchenware.com\/wp-content\/uploads\/2025\/08\/Wholesale-Sauce-Cups-with-Wooden-Handle-3-12x12.webp 12w, https:\/\/www.yongyukitchenware.com\/wp-content\/uploads\/2025\/08\/Wholesale-Sauce-Cups-with-Wooden-Handle-3-600x600.webp 600w, https:\/\/www.yongyukitchenware.com\/wp-content\/uploads\/2025\/08\/Wholesale-Sauce-Cups-with-Wooden-Handle-3-100x100.webp 100w\" sizes=\"(max-width: 800px) 100vw, 800px\" \/><\/figure>\n\n\n\n<figure class=\"wp-block-image size-full is-resized\"><img decoding=\"async\" width=\"800\" height=\"800\" src=\"https:\/\/www.yongyukitchenware.com\/wp-content\/uploads\/2025\/08\/Wholesale-Sauce-Cups-with-Wooden-Handle-4.webp\" alt=\"Copos de molho por atacado com pega de madeira - 4\" class=\"wp-image-4707\" style=\"width:384px\" srcset=\"https:\/\/www.yongyukitchenware.com\/wp-content\/uploads\/2025\/08\/Wholesale-Sauce-Cups-with-Wooden-Handle-4.webp 800w, https:\/\/www.yongyukitchenware.com\/wp-content\/uploads\/2025\/08\/Wholesale-Sauce-Cups-with-Wooden-Handle-4-300x300.webp 300w, https:\/\/www.yongyukitchenware.com\/wp-content\/uploads\/2025\/08\/Wholesale-Sauce-Cups-with-Wooden-Handle-4-150x150.webp 150w, https:\/\/www.yongyukitchenware.com\/wp-content\/uploads\/2025\/08\/Wholesale-Sauce-Cups-with-Wooden-Handle-4-768x768.webp 768w, https:\/\/www.yongyukitchenware.com\/wp-content\/uploads\/2025\/08\/Wholesale-Sauce-Cups-with-Wooden-Handle-4-12x12.webp 12w, https:\/\/www.yongyukitchenware.com\/wp-content\/uploads\/2025\/08\/Wholesale-Sauce-Cups-with-Wooden-Handle-4-600x600.webp 600w, https:\/\/www.yongyukitchenware.com\/wp-content\/uploads\/2025\/08\/Wholesale-Sauce-Cups-with-Wooden-Handle-4-100x100.webp 100w\" sizes=\"(max-width: 800px) 100vw, 800px\" \/><\/figure>\n<\/div>\n<\/div>","protected":false},"excerpt":{"rendered":"<div class=\"n4sEPd\">\n<div class=\"UdTY9 qhIQqf leDWne\" aria-hidden=\"true\" data-location=\"1\">\n<div class=\"flex max-w-full flex-col grow\">\n<div class=\"min-h-8 text-message relative flex w-full flex-col items-end gap-2 text-start break-words whitespace-normal [.text-message+&amp;]:mt-5\" dir=\"auto\" data-message-author-role=\"assistant\" data-message-id=\"4c6991e3-4a22-47e9-b97b-4d4c478c9c79\" data-message-model-slug=\"gpt-5\">\n<div class=\"flex w-full flex-col gap-1 empty:hidden first:pt-[3px]\">\n<div class=\"markdown prose dark:prose-invert w-full break-words light markdown-new-styling\">\n<p data-start=\"0\" data-end=\"188\" data-is-last-node=\"\" data-is-only-node=\"\">Copos de molho por atacado com cabo de madeira, feitos de a\u00e7o inoxid\u00e1vel 304 premium com acabamento dourado, dur\u00e1vel, resistente \u00e0 ferrugem e perfeito para restaurantes, hot\u00e9is ou uso dom\u00e9stico na compra a granel.<\/p>\n<\/div>\n<\/div>\n<\/div>\n<\/div>\n<\/div>\n<\/div>\n<h2 style=\"text-align: left;\">Copos de molho por atacado com cabo de madeira:<\/h2>\n<p style=\"text-align: left;\"><strong>Material:<\/strong> A\u00e7o inoxid\u00e1vel<br \/><strong>Forma:<\/strong> Forma redonda<br \/><strong>Embalagem:<\/strong> Saco OPP e caixa de cart\u00e3o<br \/><strong>OEM\/ODM:<\/strong> Dispon\u00edvel<\/p>\n<h2 class=\"wp-block-heading\">Fabricante de tigela de tempero de a\u00e7o inoxid\u00e1vel por atacado:<\/h2>\n<p>Quer seja um fornecedor de servi\u00e7os de catering, um hotel ou restaurante, ou uma empresa de planeamento de eventos, oferecemos solu\u00e7\u00f5es abrangentes de fornecimento de catering por atacado a pre\u00e7os de f\u00e1brica de alta qualidade.<\/p>","protected":false},"featured_media":4718,"comment_status":"closed","ping_status":"closed","template":"","meta":{"_acf_changed":false},"application":[29],"product_brand":[],"product_cat":[21],"product_tag":[],"class_list":{"0":"post-4702","1":"product","2":"type-product","3":"status-publish","4":"has-post-thumbnail","6":"application-home-kitchen","7":"product_cat-tableware-wholesale","9":"first","10":"instock","11":"shipping-taxable","12":"product-type-simple"},"acf":[],"_links":{"self":[{"href":"https:\/\/www.yongyukitchenware.com\/pt\/wp-json\/wp\/v2\/product\/4702","targetHints":{"allow":["GET"]}}],"collection":[{"href":"https:\/\/www.yongyukitchenware.com\/pt\/wp-json\/wp\/v2\/product"}],"about":[{"href":"https:\/\/www.yongyukitchenware.com\/pt\/wp-json\/wp\/v2\/types\/product"}],"replies":[{"embeddable":true,"href":"https:\/\/www.yongyukitchenware.com\/pt\/wp-json\/wp\/v2\/comments?post=4702"}],"wp:featuredmedia":[{"embeddable":true,"href":"https:\/\/www.yongyukitchenware.com\/pt\/wp-json\/wp\/v2\/media\/4718"}],"wp:attachment":[{"href":"https:\/\/www.yongyukitchenware.com\/pt\/wp-json\/wp\/v2\/media?parent=4702"}],"wp:term":[{"taxonomy":"application","embeddable":true,"href":"https:\/\/www.yongyukitchenware.com\/pt\/wp-json\/wp\/v2\/application?post=4702"},{"taxonomy":"product_brand","embeddable":true,"href":"https:\/\/www.yongyukitchenware.com\/pt\/wp-json\/wp\/v2\/product_brand?post=4702"},{"taxonomy":"product_cat","embeddable":true,"href":"https:\/\/www.yongyukitchenware.com\/pt\/wp-json\/wp\/v2\/product_cat?post=4702"},{"taxonomy":"product_tag","embeddable":true,"href":"https:\/\/www.yongyukitchenware.com\/pt\/wp-json\/wp\/v2\/product_tag?post=4702"}],"curies":[{"name":"wp","href":"https:\/\/api.w.org\/{rel}","templated":true}]}}