{"id":4736,"date":"2025-08-26T01:40:35","date_gmt":"2025-08-26T01:40:35","guid":{"rendered":"https:\/\/www.yongyukitchenware.com\/?post_type=product&#038;p=4736"},"modified":"2025-08-26T01:40:37","modified_gmt":"2025-08-26T01:40:37","slug":"wholesale-stainless-steel-flour-sieve-40-60-mesh-strainer","status":"publish","type":"product","link":"https:\/\/www.yongyukitchenware.com\/pt\/produto\/wholesale-stainless-steel-flour-sieve-40-60-mesh-strainer\/","title":{"rendered":"Peneira de farinha de a\u00e7o inoxid\u00e1vel por atacado 40\/60 Mesh Strainer"},"content":{"rendered":"<div class=\"wp-block-columns is-layout-flex wp-container-core-columns-is-layout-9d6595d7 wp-block-columns-is-layout-flex\">\n<div class=\"wp-block-column is-layout-flow wp-block-column-is-layout-flow\">\n<h2 class=\"wp-block-heading\">Carater\u00edsticas da peneira de farinha de a\u00e7o inoxid\u00e1vel por atacado :<\/h2>\n\n\n\n<p><strong>A\u00e7o inoxid\u00e1vel 304 de qualidade alimentar: <\/strong>Resistente \u00e0 corros\u00e3o e isento de ferrugem, seguro para o contacto com todos os tipos de ingredientes alimentares, e mais seguro de utilizar.<\/p>\n\n\n\n<p><strong>V\u00e1rios tamanhos \u00e0 escolha:<\/strong> Dispon\u00edvel em v\u00e1rias especifica\u00e7\u00f5es, como 15\/20\/25\/30 cm, para satisfazer as diversas necessidades de utiliza\u00e7\u00e3o dom\u00e9stica e comercial.<\/p>\n\n\n\n<p><strong>Design de ecr\u00e3 fino: <\/strong>Os crivos de 40 e 60 malhas eliminam eficazmente os grumos, tornando a farinha mais fina e mais uniforme.<\/p>\n\n\n\n<p><strong>Todos os modelos 304 com design de anel de eleva\u00e7\u00e3o: <\/strong>conveniente para pendurar e guardar, mantendo a cozinha arrumada (modelo de material 201 sem an\u00e9is de eleva\u00e7\u00e3o, mas a superf\u00edcie do ecr\u00e3 \u00e9 feita de material 304).<\/p>\n\n\n\n<p><strong>Duas op\u00e7\u00f5es de material: <\/strong>O modelo completo 304 \u00e9 mais dur\u00e1vel, enquanto a vers\u00e3o com ecr\u00e3 201+304 combina praticidade e rentabilidade.<\/p>\n\n\n\n<h2 class=\"wp-block-heading\">Peneira de farinha de a\u00e7o inoxid\u00e1vel por atacado Tamanho:<\/h2>\n\n\n\n<figure class=\"wp-block-table\"><table class=\"has-fixed-layout\"><tbody><tr><td>Modelo<\/td><td>Tamanho<\/td><td>MOQ<\/td><\/tr><tr><td rowspan=\"4\">DY121-Z<\/td><td>15 cm<\/td><td rowspan=\"2\">220 PE\u00c7AS<\/td><\/tr><tr><td>20 cm<\/td><\/tr><tr><td>25 cm<\/td><td rowspan=\"2\">100 UNIDADES<\/td><\/tr><tr><td>30 cm<\/td><\/tr><\/tbody><\/table><\/figure>\n<\/div>\n\n\n\n<div class=\"wp-block-column is-layout-flow wp-block-column-is-layout-flow\">\n<figure class=\"wp-block-image size-full\"><img decoding=\"async\" width=\"800\" height=\"800\" src=\"https:\/\/www.yongyukitchenware.com\/wp-content\/uploads\/2025\/08\/Wholesale-Stainless-Steel-Flour-Sieve-3.webp\" alt=\"Peneira de farinha de a\u00e7o inoxid\u00e1vel por atacado-3\" class=\"wp-image-4739\" srcset=\"https:\/\/www.yongyukitchenware.com\/wp-content\/uploads\/2025\/08\/Wholesale-Stainless-Steel-Flour-Sieve-3.webp 800w, https:\/\/www.yongyukitchenware.com\/wp-content\/uploads\/2025\/08\/Wholesale-Stainless-Steel-Flour-Sieve-3-300x300.webp 300w, https:\/\/www.yongyukitchenware.com\/wp-content\/uploads\/2025\/08\/Wholesale-Stainless-Steel-Flour-Sieve-3-150x150.webp 150w, https:\/\/www.yongyukitchenware.com\/wp-content\/uploads\/2025\/08\/Wholesale-Stainless-Steel-Flour-Sieve-3-768x768.webp 768w, https:\/\/www.yongyukitchenware.com\/wp-content\/uploads\/2025\/08\/Wholesale-Stainless-Steel-Flour-Sieve-3-12x12.webp 12w, https:\/\/www.yongyukitchenware.com\/wp-content\/uploads\/2025\/08\/Wholesale-Stainless-Steel-Flour-Sieve-3-600x600.webp 600w, https:\/\/www.yongyukitchenware.com\/wp-content\/uploads\/2025\/08\/Wholesale-Stainless-Steel-Flour-Sieve-3-100x100.webp 100w\" sizes=\"(max-width: 800px) 100vw, 800px\" \/><\/figure>\n\n\n\n<figure class=\"wp-block-image size-full\"><img decoding=\"async\" width=\"800\" height=\"800\" src=\"https:\/\/www.yongyukitchenware.com\/wp-content\/uploads\/2025\/08\/Wholesale-Stainless-Steel-Flour-Sieve-7.webp\" alt=\"Peneira de farinha de a\u00e7o inoxid\u00e1vel por atacado-7\" class=\"wp-image-4743\" srcset=\"https:\/\/www.yongyukitchenware.com\/wp-content\/uploads\/2025\/08\/Wholesale-Stainless-Steel-Flour-Sieve-7.webp 800w, https:\/\/www.yongyukitchenware.com\/wp-content\/uploads\/2025\/08\/Wholesale-Stainless-Steel-Flour-Sieve-7-300x300.webp 300w, https:\/\/www.yongyukitchenware.com\/wp-content\/uploads\/2025\/08\/Wholesale-Stainless-Steel-Flour-Sieve-7-150x150.webp 150w, https:\/\/www.yongyukitchenware.com\/wp-content\/uploads\/2025\/08\/Wholesale-Stainless-Steel-Flour-Sieve-7-768x768.webp 768w, https:\/\/www.yongyukitchenware.com\/wp-content\/uploads\/2025\/08\/Wholesale-Stainless-Steel-Flour-Sieve-7-12x12.webp 12w, https:\/\/www.yongyukitchenware.com\/wp-content\/uploads\/2025\/08\/Wholesale-Stainless-Steel-Flour-Sieve-7-600x600.webp 600w, https:\/\/www.yongyukitchenware.com\/wp-content\/uploads\/2025\/08\/Wholesale-Stainless-Steel-Flour-Sieve-7-100x100.webp 100w\" sizes=\"(max-width: 800px) 100vw, 800px\" \/><\/figure>\n<\/div>\n<\/div>","protected":false},"excerpt":{"rendered":"<p>Peneira de farinha de a\u00e7o inoxid\u00e1vel por atacado. Peneira dur\u00e1vel de malha 40\/60 projetada para peneirar com precis\u00e3o, perfeita para padarias, processamento de alimentos e cozinhas comerciais. Bem-vindo a contactar-nos\uff01<\/p>\n<h2>Peneira de farinha de a\u00e7o inoxid\u00e1vel por atacado :<\/h2>\n<p><strong>Material:<\/strong> A\u00e7o inoxid\u00e1vel 304<br \/><strong>Estilo:<\/strong> Todo o material 304 com an\u00e9is de eleva\u00e7\u00e3o, material 201, superf\u00edcie do ecr\u00e3 304 sem an\u00e9is de eleva\u00e7\u00e3o<br \/><strong>Malha do ecr\u00e3<\/strong> :Malha 40\/60<br \/><strong>Especifica\u00e7\u00f5es:<\/strong> 15\/20\/25\/30cm<br \/><strong>Embalagem:<\/strong> saco\/grupo\/caixa de cart\u00e3o ou personalizado<br \/><strong>OEM\/ODM:<\/strong> Dispon\u00edvel<\/p>\n<h2 class=\"wp-block-heading\">Do fabricante de utens\u00edlios de cozinha Yongyu:<\/h2>\n<p>Yongyu \u00e9 um fabricante profissional de utens\u00edlios de cozinha, os nossos produtos abrangem todos os tipos de panelas de a\u00e7o inoxid\u00e1vel e acess\u00f3rios de cozinha, fornecendo solu\u00e7\u00f5es personalizadas com produtos de alta qualidade e pre\u00e7os de f\u00e1brica.<\/p>","protected":false},"featured_media":4737,"comment_status":"closed","ping_status":"closed","template":"","meta":{"_acf_changed":true},"application":[29],"product_brand":[],"product_cat":[23,35],"product_tag":[],"class_list":{"0":"post-4736","1":"product","2":"type-product","3":"status-publish","4":"has-post-thumbnail","6":"application-home-kitchen","7":"product_cat-kitchenware-wholesale","8":"product_cat-baking-trays-wholesale","10":"first","11":"instock","12":"shipping-taxable","13":"product-type-simple"},"acf":[],"_links":{"self":[{"href":"https:\/\/www.yongyukitchenware.com\/pt\/wp-json\/wp\/v2\/product\/4736","targetHints":{"allow":["GET"]}}],"collection":[{"href":"https:\/\/www.yongyukitchenware.com\/pt\/wp-json\/wp\/v2\/product"}],"about":[{"href":"https:\/\/www.yongyukitchenware.com\/pt\/wp-json\/wp\/v2\/types\/product"}],"replies":[{"embeddable":true,"href":"https:\/\/www.yongyukitchenware.com\/pt\/wp-json\/wp\/v2\/comments?post=4736"}],"wp:featuredmedia":[{"embeddable":true,"href":"https:\/\/www.yongyukitchenware.com\/pt\/wp-json\/wp\/v2\/media\/4737"}],"wp:attachment":[{"href":"https:\/\/www.yongyukitchenware.com\/pt\/wp-json\/wp\/v2\/media?parent=4736"}],"wp:term":[{"taxonomy":"application","embeddable":true,"href":"https:\/\/www.yongyukitchenware.com\/pt\/wp-json\/wp\/v2\/application?post=4736"},{"taxonomy":"product_brand","embeddable":true,"href":"https:\/\/www.yongyukitchenware.com\/pt\/wp-json\/wp\/v2\/product_brand?post=4736"},{"taxonomy":"product_cat","embeddable":true,"href":"https:\/\/www.yongyukitchenware.com\/pt\/wp-json\/wp\/v2\/product_cat?post=4736"},{"taxonomy":"product_tag","embeddable":true,"href":"https:\/\/www.yongyukitchenware.com\/pt\/wp-json\/wp\/v2\/product_tag?post=4736"}],"curies":[{"name":"wp","href":"https:\/\/api.w.org\/{rel}","templated":true}]}}