{"id":4745,"date":"2025-09-03T03:41:47","date_gmt":"2025-09-03T03:41:47","guid":{"rendered":"https:\/\/www.yongyukitchenware.com\/?post_type=product&#038;p=4745"},"modified":"2025-09-03T03:41:49","modified_gmt":"2025-09-03T03:41:49","slug":"bulk-stackable-bento-lunch-box-304-stainless-steel-with-multi-layers","status":"publish","type":"product","link":"https:\/\/www.yongyukitchenware.com\/pt\/produto\/bulk-stackable-bento-lunch-box-304-stainless-steel-with-multi-layers\/","title":{"rendered":"Lancheira Bento empilh\u00e1vel a granel em a\u00e7o inoxid\u00e1vel 304 com v\u00e1rias camadas"},"content":{"rendered":"<div class=\"wp-block-columns is-layout-flex wp-container-core-columns-is-layout-9d6595d7 wp-block-columns-is-layout-flex\">\n<div class=\"wp-block-column is-layout-flow wp-block-column-is-layout-flow\">\n<h2 class=\"wp-block-heading\">Lancheira Bulk Stackable Bento Carater\u00edsticas:<\/h2>\n\n\n\n<p>Dep\u00f3sito interior em a\u00e7o inoxid\u00e1vel 304, saud\u00e1vel e duradouro: Fabricado em a\u00e7o inoxid\u00e1vel 304 de qualidade alimentar, \u00e9 anti-corrosivo, \u00e0 prova de ferrugem e menos suscet\u00edvel de reter odores, tornando-o mais seguro para manusear os alimentos com tranquilidade.<\/p>\n\n\n\n<p>Inv\u00f3lucro em PP anti-calor e isolante t\u00e9rmico: O inv\u00f3lucro de material PP de alta resist\u00eancia \u00e9 isolante t\u00e9rmico, antiderrapante e n\u00e3o \u00e9 quente ao toque, aumentando o conforto e a seguran\u00e7a da utiliza\u00e7\u00e3o.<\/p>\n\n\n\n<p>Op\u00e7\u00f5es com v\u00e1rias camadas e v\u00e1rios compartimentos: Dispon\u00edvel nos estilos de camada \u00fanica, camada dupla e camada tripla. A panela interior foi concebida com compartimentos simples e duplos, o que torna mais conveniente separar os pratos principais dos acompanhamentos.<\/p>\n\n\n\n<p>Suporta aquecimento por micro-ondas e \u00e1gua quente: Pode ser aquecido num forno micro-ondas (\u00e9 necess\u00e1rio abrir o trinco, tendo cuidado para n\u00e3o expor o a\u00e7o inoxid\u00e1vel), ou pode ser adicionada \u00e1gua quente para aquecimento, satisfazendo as necessidades de diferentes cen\u00e1rios.<\/p>\n\n\n\n<p>Apar\u00eancia suave em dois tons, vers\u00e1til e bonita: Dispon\u00edvel nas cores bege e rosa, o estilo simples e elegante \u00e9 adequado para v\u00e1rios grupos, como estudantes e trabalhadores de escrit\u00f3rio.<\/p>\n\n\n\n<div class=\"wp-block-group is-vertical is-layout-flex wp-container-core-group-is-layout-8cf370e7 wp-block-group-is-layout-flex\">\n<h2 class=\"wp-block-heading\">Lancheira Bulk Stackable Bento Tamanho:<\/h2>\n<\/div>\n\n\n\n<figure class=\"wp-block-image size-full\"><img decoding=\"async\" width=\"800\" height=\"800\" src=\"https:\/\/www.yongyukitchenware.com\/wp-content\/uploads\/2025\/08\/Bulk-Stackable-Lunch-Box-14.webp\" alt=\"Caixa de almo\u00e7o empilh\u00e1vel a granel-14\" class=\"wp-image-4762\" srcset=\"https:\/\/www.yongyukitchenware.com\/wp-content\/uploads\/2025\/08\/Bulk-Stackable-Lunch-Box-14.webp 800w, https:\/\/www.yongyukitchenware.com\/wp-content\/uploads\/2025\/08\/Bulk-Stackable-Lunch-Box-14-300x300.webp 300w, https:\/\/www.yongyukitchenware.com\/wp-content\/uploads\/2025\/08\/Bulk-Stackable-Lunch-Box-14-150x150.webp 150w, https:\/\/www.yongyukitchenware.com\/wp-content\/uploads\/2025\/08\/Bulk-Stackable-Lunch-Box-14-768x768.webp 768w, https:\/\/www.yongyukitchenware.com\/wp-content\/uploads\/2025\/08\/Bulk-Stackable-Lunch-Box-14-12x12.webp 12w, https:\/\/www.yongyukitchenware.com\/wp-content\/uploads\/2025\/08\/Bulk-Stackable-Lunch-Box-14-600x600.webp 600w, https:\/\/www.yongyukitchenware.com\/wp-content\/uploads\/2025\/08\/Bulk-Stackable-Lunch-Box-14-100x100.webp 100w\" sizes=\"(max-width: 800px) 100vw, 800px\" \/><\/figure>\n<\/div>\n\n\n\n<div class=\"wp-block-column is-layout-flow wp-block-column-is-layout-flow\">\n<div class=\"wp-block-columns is-layout-flex wp-container-core-columns-is-layout-9d6595d7 wp-block-columns-is-layout-flex\">\n<div class=\"wp-block-column is-layout-flow wp-block-column-is-layout-flow\"><\/div>\n<\/div>\n\n\n\n<div class=\"wp-block-columns is-layout-flex wp-container-core-columns-is-layout-9d6595d7 wp-block-columns-is-layout-flex\">\n<div class=\"wp-block-column is-layout-flow wp-block-column-is-layout-flow\">\n<figure class=\"wp-block-image size-full is-resized\"><img decoding=\"async\" width=\"800\" height=\"800\" src=\"https:\/\/www.yongyukitchenware.com\/wp-content\/uploads\/2025\/08\/Bulk-Stackable-Lunch-Box-7.webp\" alt=\"Caixa de almo\u00e7o empilh\u00e1vel a granel-7\" class=\"wp-image-4755\" style=\"width:461px;height:auto\" srcset=\"https:\/\/www.yongyukitchenware.com\/wp-content\/uploads\/2025\/08\/Bulk-Stackable-Lunch-Box-7.webp 800w, https:\/\/www.yongyukitchenware.com\/wp-content\/uploads\/2025\/08\/Bulk-Stackable-Lunch-Box-7-300x300.webp 300w, https:\/\/www.yongyukitchenware.com\/wp-content\/uploads\/2025\/08\/Bulk-Stackable-Lunch-Box-7-150x150.webp 150w, https:\/\/www.yongyukitchenware.com\/wp-content\/uploads\/2025\/08\/Bulk-Stackable-Lunch-Box-7-768x768.webp 768w, https:\/\/www.yongyukitchenware.com\/wp-content\/uploads\/2025\/08\/Bulk-Stackable-Lunch-Box-7-12x12.webp 12w, https:\/\/www.yongyukitchenware.com\/wp-content\/uploads\/2025\/08\/Bulk-Stackable-Lunch-Box-7-600x600.webp 600w, https:\/\/www.yongyukitchenware.com\/wp-content\/uploads\/2025\/08\/Bulk-Stackable-Lunch-Box-7-100x100.webp 100w\" sizes=\"(max-width: 800px) 100vw, 800px\" \/><\/figure>\n<\/div>\n<\/div>\n\n\n\n<figure class=\"wp-block-image size-full\"><img decoding=\"async\" width=\"800\" height=\"800\" src=\"https:\/\/www.yongyukitchenware.com\/wp-content\/uploads\/2025\/08\/Bulk-Stackable-Lunch-Box-4.webp\" alt=\"Caixa de almo\u00e7o empilh\u00e1vel a granel - 4\" class=\"wp-image-4752\" srcset=\"https:\/\/www.yongyukitchenware.com\/wp-content\/uploads\/2025\/08\/Bulk-Stackable-Lunch-Box-4.webp 800w, https:\/\/www.yongyukitchenware.com\/wp-content\/uploads\/2025\/08\/Bulk-Stackable-Lunch-Box-4-300x300.webp 300w, https:\/\/www.yongyukitchenware.com\/wp-content\/uploads\/2025\/08\/Bulk-Stackable-Lunch-Box-4-150x150.webp 150w, https:\/\/www.yongyukitchenware.com\/wp-content\/uploads\/2025\/08\/Bulk-Stackable-Lunch-Box-4-768x768.webp 768w, https:\/\/www.yongyukitchenware.com\/wp-content\/uploads\/2025\/08\/Bulk-Stackable-Lunch-Box-4-12x12.webp 12w, https:\/\/www.yongyukitchenware.com\/wp-content\/uploads\/2025\/08\/Bulk-Stackable-Lunch-Box-4-600x600.webp 600w, https:\/\/www.yongyukitchenware.com\/wp-content\/uploads\/2025\/08\/Bulk-Stackable-Lunch-Box-4-100x100.webp 100w\" sizes=\"(max-width: 800px) 100vw, 800px\" \/><\/figure>\n<\/div>\n<\/div>\n\n\n\n<p><\/p>","protected":false},"excerpt":{"rendered":"<p>Lancheira bento empilh\u00e1vel a granel feita de a\u00e7o inoxid\u00e1vel 304, com v\u00e1rias camadas e dur\u00e1vel, ideal para refei\u00e7\u00f5es em por\u00e7\u00f5es, escrit\u00f3rio, escola ou pedidos a granel. Bem-vindo inqu\u00e9ritos\uff01<\/p>\n<h2 style=\"text-align: left;\">Caixa de almo\u00e7o Bento empilh\u00e1vel a granel Par\u00e2metro:<\/h2>\n<p style=\"text-align: left;\"><strong>Material:<\/strong> A\u00e7o inoxid\u00e1vel<br \/><strong>Cor:<\/strong> Castanho e cor-de-rosa<br \/><strong>Tamanho diferente:<\/strong> 0.8L, 1.6L e 2.4L<br \/><strong>Embalagem: <\/strong>Saco Opp e caixa de cart\u00e3o<br \/><strong>OEM\/ODM:<\/strong> Dispon\u00edvel<\/p>\n<h2 class=\"wp-block-heading\">De Fabricante de recipientes de armazenamento de alimentos :<\/h2>\n<p>Fundada em 1996, a Yongyu especializou-se na produ\u00e7\u00e3o e venda por grosso de recipientes de a\u00e7o inoxid\u00e1vel para armazenamento de alimentos, utens\u00edlios de cozinha, material de restaura\u00e7\u00e3o, artigos para casa e equipamento de cozinha para campismo. Fornece aos clientes servi\u00e7os completos de aquisi\u00e7\u00e3o de OEM e ODM e de com\u00e9rcio eletr\u00f3nico.<\/p>","protected":false},"featured_media":4827,"comment_status":"closed","ping_status":"closed","template":"","meta":{"_acf_changed":true},"application":[31],"product_brand":[],"product_cat":[19],"product_tag":[],"class_list":{"0":"post-4745","1":"product","2":"type-product","3":"status-publish","4":"has-post-thumbnail","6":"application-champ-kitchen","7":"product_cat-food-storage-container-bulk-custom","9":"first","10":"instock","11":"shipping-taxable","12":"product-type-simple"},"acf":[],"_links":{"self":[{"href":"https:\/\/www.yongyukitchenware.com\/pt\/wp-json\/wp\/v2\/product\/4745","targetHints":{"allow":["GET"]}}],"collection":[{"href":"https:\/\/www.yongyukitchenware.com\/pt\/wp-json\/wp\/v2\/product"}],"about":[{"href":"https:\/\/www.yongyukitchenware.com\/pt\/wp-json\/wp\/v2\/types\/product"}],"replies":[{"embeddable":true,"href":"https:\/\/www.yongyukitchenware.com\/pt\/wp-json\/wp\/v2\/comments?post=4745"}],"wp:featuredmedia":[{"embeddable":true,"href":"https:\/\/www.yongyukitchenware.com\/pt\/wp-json\/wp\/v2\/media\/4827"}],"wp:attachment":[{"href":"https:\/\/www.yongyukitchenware.com\/pt\/wp-json\/wp\/v2\/media?parent=4745"}],"wp:term":[{"taxonomy":"application","embeddable":true,"href":"https:\/\/www.yongyukitchenware.com\/pt\/wp-json\/wp\/v2\/application?post=4745"},{"taxonomy":"product_brand","embeddable":true,"href":"https:\/\/www.yongyukitchenware.com\/pt\/wp-json\/wp\/v2\/product_brand?post=4745"},{"taxonomy":"product_cat","embeddable":true,"href":"https:\/\/www.yongyukitchenware.com\/pt\/wp-json\/wp\/v2\/product_cat?post=4745"},{"taxonomy":"product_tag","embeddable":true,"href":"https:\/\/www.yongyukitchenware.com\/pt\/wp-json\/wp\/v2\/product_tag?post=4745"}],"curies":[{"name":"wp","href":"https:\/\/api.w.org\/{rel}","templated":true}]}}