{"id":4746,"date":"2025-09-06T06:31:58","date_gmt":"2025-09-06T06:31:58","guid":{"rendered":"https:\/\/www.yongyukitchenware.com\/?post_type=product&#038;p=4746"},"modified":"2025-09-06T06:32:37","modified_gmt":"2025-09-06T06:32:37","slug":"custom-stainless-steel-salad-container-lunch-box-with-3-compartment-tray","status":"publish","type":"product","link":"https:\/\/www.yongyukitchenware.com\/pt\/produto\/custom-stainless-steel-salad-container-lunch-box-with-3-compartment-tray\/","title":{"rendered":"Contentor para saladas em a\u00e7o inoxid\u00e1vel personalizado Lancheira com tabuleiro de 3 compartimentos"},"content":{"rendered":"<div class=\"wp-block-columns is-layout-flex wp-container-core-columns-is-layout-9d6595d7 wp-block-columns-is-layout-flex\">\n<div class=\"wp-block-column is-layout-flow wp-block-column-is-layout-flow\">\n<h2 class=\"wp-block-heading\">Recipiente para salada em a\u00e7o inoxid\u00e1vel personalizado Carater\u00edsticas:<\/h2>\n\n\n\n<p><strong>Lancheiras em a\u00e7o inoxid\u00e1vel 304 de alta qualidade: <\/strong>seguro e dur\u00e1vel, resistente \u00e0 corros\u00e3o, salvaguardando a sa\u00fade de cada refei\u00e7\u00e3o.<\/p>\n\n\n\n<p><strong>Grande capacidade de 60 on\u00e7as + design com tr\u00eas compartimentos:<\/strong> os pratos principais e os acompanhamentos n\u00e3o misturam sabores, mantendo facilmente uma refei\u00e7\u00e3o nutricionalmente equilibrada.<\/p>\n\n\n\n<p><strong>Um copo de molho selado de 2 on\u00e7as \u00e9 inclu\u00eddo como oferta:<\/strong> O molho pode ser transportado de forma independente, o que o torna conveniente para misturar com saladas ou mergulhar.<\/p>\n\n\n\n<p><strong>Tampa em PP com anel de veda\u00e7\u00e3o em silicone + anel de fivela de quatro lados: <\/strong>M\u00faltiplas medidas \u00e0 prova de fugas, seguro para transportar sem press\u00e3o.<\/p>\n\n\n\n<p><strong>Design humanizado da pega: <\/strong>Port\u00e1til e sem esfor\u00e7o, pode ser facilmente transportado para as desloca\u00e7\u00f5es di\u00e1rias, para a escola ou para um piquenique.<\/p>\n\n\n\n<div class=\"wp-block-group is-vertical is-layout-flex wp-container-core-group-is-layout-8cf370e7 wp-block-group-is-layout-flex\">\n<h2 class=\"wp-block-heading\">Recipiente para saladas em a\u00e7o inoxid\u00e1vel personalizado Tamanho:<\/h2>\n<\/div>\n\n\n\n<figure class=\"wp-block-image size-full\"><img decoding=\"async\" width=\"1600\" height=\"1600\" src=\"https:\/\/www.yongyukitchenware.com\/wp-content\/uploads\/2025\/09\/Custom-Stainless-Steel-Salad-Container-5.webp\" alt=\"Recipiente para salada de a\u00e7o inoxid\u00e1vel personalizado-5\" class=\"wp-image-4833\" srcset=\"https:\/\/www.yongyukitchenware.com\/wp-content\/uploads\/2025\/09\/Custom-Stainless-Steel-Salad-Container-5.webp 1600w, https:\/\/www.yongyukitchenware.com\/wp-content\/uploads\/2025\/09\/Custom-Stainless-Steel-Salad-Container-5-300x300.webp 300w, https:\/\/www.yongyukitchenware.com\/wp-content\/uploads\/2025\/09\/Custom-Stainless-Steel-Salad-Container-5-150x150.webp 150w, https:\/\/www.yongyukitchenware.com\/wp-content\/uploads\/2025\/09\/Custom-Stainless-Steel-Salad-Container-5-768x768.webp 768w, https:\/\/www.yongyukitchenware.com\/wp-content\/uploads\/2025\/09\/Custom-Stainless-Steel-Salad-Container-5-12x12.webp 12w, https:\/\/www.yongyukitchenware.com\/wp-content\/uploads\/2025\/09\/Custom-Stainless-Steel-Salad-Container-5-1200x1200.webp 1200w, https:\/\/www.yongyukitchenware.com\/wp-content\/uploads\/2025\/09\/Custom-Stainless-Steel-Salad-Container-5-600x600.webp 600w, https:\/\/www.yongyukitchenware.com\/wp-content\/uploads\/2025\/09\/Custom-Stainless-Steel-Salad-Container-5-100x100.webp 100w\" sizes=\"(max-width: 1600px) 100vw, 1600px\" \/><\/figure>\n<\/div>\n\n\n\n<div class=\"wp-block-column is-layout-flow wp-block-column-is-layout-flow\">\n<div class=\"wp-block-columns is-layout-flex wp-container-core-columns-is-layout-9d6595d7 wp-block-columns-is-layout-flex\">\n<div class=\"wp-block-column is-layout-flow wp-block-column-is-layout-flow\"><\/div>\n<\/div>\n\n\n\n<div class=\"wp-block-columns is-layout-flex wp-container-core-columns-is-layout-9d6595d7 wp-block-columns-is-layout-flex\">\n<div class=\"wp-block-column is-layout-flow wp-block-column-is-layout-flow\">\n<figure class=\"wp-block-image size-full is-resized\"><img decoding=\"async\" width=\"1600\" height=\"1600\" src=\"https:\/\/www.yongyukitchenware.com\/wp-content\/uploads\/2025\/09\/Custom-Stainless-Steel-Salad-Container-8.webp\" alt=\"Recipiente para salada de a\u00e7o inoxid\u00e1vel personalizado-8\" class=\"wp-image-4836\" style=\"width:461px;height:auto\" srcset=\"https:\/\/www.yongyukitchenware.com\/wp-content\/uploads\/2025\/09\/Custom-Stainless-Steel-Salad-Container-8.webp 1600w, https:\/\/www.yongyukitchenware.com\/wp-content\/uploads\/2025\/09\/Custom-Stainless-Steel-Salad-Container-8-300x300.webp 300w, https:\/\/www.yongyukitchenware.com\/wp-content\/uploads\/2025\/09\/Custom-Stainless-Steel-Salad-Container-8-150x150.webp 150w, https:\/\/www.yongyukitchenware.com\/wp-content\/uploads\/2025\/09\/Custom-Stainless-Steel-Salad-Container-8-768x768.webp 768w, https:\/\/www.yongyukitchenware.com\/wp-content\/uploads\/2025\/09\/Custom-Stainless-Steel-Salad-Container-8-12x12.webp 12w, https:\/\/www.yongyukitchenware.com\/wp-content\/uploads\/2025\/09\/Custom-Stainless-Steel-Salad-Container-8-1200x1200.webp 1200w, https:\/\/www.yongyukitchenware.com\/wp-content\/uploads\/2025\/09\/Custom-Stainless-Steel-Salad-Container-8-600x600.webp 600w, https:\/\/www.yongyukitchenware.com\/wp-content\/uploads\/2025\/09\/Custom-Stainless-Steel-Salad-Container-8-100x100.webp 100w\" sizes=\"(max-width: 1600px) 100vw, 1600px\" \/><\/figure>\n\n\n\n<figure class=\"wp-block-image size-full\"><img decoding=\"async\" width=\"1600\" height=\"1600\" src=\"https:\/\/www.yongyukitchenware.com\/wp-content\/uploads\/2025\/09\/Custom-Stainless-Steel-Salad-Container-7.webp\" alt=\"Recipiente para salada de a\u00e7o inoxid\u00e1vel personalizado-7\" class=\"wp-image-4835\" srcset=\"https:\/\/www.yongyukitchenware.com\/wp-content\/uploads\/2025\/09\/Custom-Stainless-Steel-Salad-Container-7.webp 1600w, https:\/\/www.yongyukitchenware.com\/wp-content\/uploads\/2025\/09\/Custom-Stainless-Steel-Salad-Container-7-300x300.webp 300w, https:\/\/www.yongyukitchenware.com\/wp-content\/uploads\/2025\/09\/Custom-Stainless-Steel-Salad-Container-7-150x150.webp 150w, https:\/\/www.yongyukitchenware.com\/wp-content\/uploads\/2025\/09\/Custom-Stainless-Steel-Salad-Container-7-768x768.webp 768w, https:\/\/www.yongyukitchenware.com\/wp-content\/uploads\/2025\/09\/Custom-Stainless-Steel-Salad-Container-7-12x12.webp 12w, https:\/\/www.yongyukitchenware.com\/wp-content\/uploads\/2025\/09\/Custom-Stainless-Steel-Salad-Container-7-1200x1200.webp 1200w, https:\/\/www.yongyukitchenware.com\/wp-content\/uploads\/2025\/09\/Custom-Stainless-Steel-Salad-Container-7-600x600.webp 600w, https:\/\/www.yongyukitchenware.com\/wp-content\/uploads\/2025\/09\/Custom-Stainless-Steel-Salad-Container-7-100x100.webp 100w\" sizes=\"(max-width: 1600px) 100vw, 1600px\" \/><\/figure>\n<\/div>\n<\/div>\n<\/div>\n<\/div>\n\n\n\n<p><\/p>","protected":false},"excerpt":{"rendered":"<p>Lancheira de a\u00e7o inoxid\u00e1vel personalizada para saladas com tabuleiro de 3 compartimentos. Uma solu\u00e7\u00e3o de almo\u00e7o dur\u00e1vel e ecol\u00f3gica com um design elegante de a\u00e7o inoxid\u00e1vel com uma bandeja remov\u00edvel de 3 compartimentos, perfeita para manter saladas, frutas e lanches frescos e bem separados.<\/p>\n<h2 style=\"text-align: left;\">Recipiente para salada de a\u00e7o inoxid\u00e1vel personalizado Par\u00e2metro:<\/h2>\n<p style=\"text-align: left;\"><strong>Material:<\/strong> A\u00e7o inoxid\u00e1vel<br \/><strong>Cor:<\/strong> Cor prata<br \/><strong>Tamanho diferente:<\/strong> 1.8L<br \/><strong>Embalagem: <\/strong>Saco Opp e caixa de cart\u00e3o<br \/><strong>OEM\/ODM:<\/strong> Dispon\u00edvel<\/p>\n<h2 class=\"wp-block-heading\">De Fabricante de recipientes de armazenamento de alimentos :<\/h2>\n<p>Fundada em 1996, a Yongyu especializou-se na produ\u00e7\u00e3o e venda por grosso de recipientes de a\u00e7o inoxid\u00e1vel para armazenamento de alimentos, utens\u00edlios de cozinha, material de restaura\u00e7\u00e3o, artigos para casa e equipamento de cozinha para campismo. Fornece aos clientes servi\u00e7os completos de aquisi\u00e7\u00e3o de OEM e ODM e de com\u00e9rcio eletr\u00f3nico.<\/p>","protected":false},"featured_media":4831,"comment_status":"closed","ping_status":"closed","template":"","meta":{"_acf_changed":true},"application":[31],"product_brand":[],"product_cat":[19],"product_tag":[],"class_list":{"0":"post-4746","1":"product","2":"type-product","3":"status-publish","4":"has-post-thumbnail","6":"application-champ-kitchen","7":"product_cat-food-storage-container-bulk-custom","9":"first","10":"instock","11":"shipping-taxable","12":"product-type-simple"},"acf":[],"_links":{"self":[{"href":"https:\/\/www.yongyukitchenware.com\/pt\/wp-json\/wp\/v2\/product\/4746","targetHints":{"allow":["GET"]}}],"collection":[{"href":"https:\/\/www.yongyukitchenware.com\/pt\/wp-json\/wp\/v2\/product"}],"about":[{"href":"https:\/\/www.yongyukitchenware.com\/pt\/wp-json\/wp\/v2\/types\/product"}],"replies":[{"embeddable":true,"href":"https:\/\/www.yongyukitchenware.com\/pt\/wp-json\/wp\/v2\/comments?post=4746"}],"wp:featuredmedia":[{"embeddable":true,"href":"https:\/\/www.yongyukitchenware.com\/pt\/wp-json\/wp\/v2\/media\/4831"}],"wp:attachment":[{"href":"https:\/\/www.yongyukitchenware.com\/pt\/wp-json\/wp\/v2\/media?parent=4746"}],"wp:term":[{"taxonomy":"application","embeddable":true,"href":"https:\/\/www.yongyukitchenware.com\/pt\/wp-json\/wp\/v2\/application?post=4746"},{"taxonomy":"product_brand","embeddable":true,"href":"https:\/\/www.yongyukitchenware.com\/pt\/wp-json\/wp\/v2\/product_brand?post=4746"},{"taxonomy":"product_cat","embeddable":true,"href":"https:\/\/www.yongyukitchenware.com\/pt\/wp-json\/wp\/v2\/product_cat?post=4746"},{"taxonomy":"product_tag","embeddable":true,"href":"https:\/\/www.yongyukitchenware.com\/pt\/wp-json\/wp\/v2\/product_tag?post=4746"}],"curies":[{"name":"wp","href":"https:\/\/api.w.org\/{rel}","templated":true}]}}