{"id":4747,"date":"2025-09-03T02:27:24","date_gmt":"2025-09-03T02:27:24","guid":{"rendered":"https:\/\/www.yongyukitchenware.com\/?post_type=product&#038;p=4747"},"modified":"2025-09-03T02:35:58","modified_gmt":"2025-09-03T02:35:58","slug":"bulk-round-multi-layered-lunch-box-304-stainless-steel-bento-box","status":"publish","type":"product","link":"https:\/\/www.yongyukitchenware.com\/pt\/produto\/bulk-round-multi-layered-lunch-box-304-stainless-steel-bento-box\/","title":{"rendered":"Lancheira redonda com v\u00e1rias camadas a granel Caixa Bento em a\u00e7o inoxid\u00e1vel 304"},"content":{"rendered":"<div class=\"wp-block-columns is-layout-flex wp-container-core-columns-is-layout-9d6595d7 wp-block-columns-is-layout-flex\">\n<div class=\"wp-block-column is-layout-flow wp-block-column-is-layout-flow\">\n<h2 class=\"wp-block-heading\">Lancheira redonda multi-camadas a granel Carater\u00edsticas:<\/h2>\n\n\n\n<p><strong>A\u00e7o inoxid\u00e1vel 304 de qualidade alimentar Interior: <\/strong>Fabricado em a\u00e7o inoxid\u00e1vel 304 de alta qualidade, resistente \u00e0 corros\u00e3o e ao calor, garantindo uma utiliza\u00e7\u00e3o a longo prazo sem ferrugem ou odor.<\/p>\n\n\n\n<p><strong>Revestimento exterior em PP dur\u00e1vel, anti-queimadura e resistente a quedas: <\/strong>O material PP espessado oferece uma ader\u00eancia confort\u00e1vel, \u00e9 antiderrapante e seguro contra queimaduras, tornando-o adequado para adultos e crian\u00e7as.<\/p>\n\n\n\n<p><strong>Conce\u00e7\u00e3o multi-camadas para uma separa\u00e7\u00e3o flex\u00edvel de farinhas: <\/strong>Dispon\u00edvel em duas, tr\u00eas ou quatro camadas, cada uma com uma tampa selada separada para evitar que alimentos diferentes se misturem - perfeito para o controlo das por\u00e7\u00f5es e refei\u00e7\u00f5es variadas.<\/p>\n\n\n\n<p><strong>Fechos de dupla face para uma veda\u00e7\u00e3o \u00e0 prova de fugas: <\/strong>Os fechos seguros de duplo fecho mant\u00eam o recipiente bem fechado, evitando eficazmente as fugas - ideal para utilizar no trabalho, na escola ou em viagem.<\/p>\n\n\n\n<p><strong>Estrutura de isolamento de parede dupla:<\/strong> A constru\u00e7\u00e3o de dupla camada ajuda a reter o calor durante mais tempo, para que as suas refei\u00e7\u00f5es se mantenham quentes e deliciosas sem necessidade de pressa.<\/p>\n\n\n\n<div class=\"wp-block-group is-vertical is-layout-flex wp-container-core-group-is-layout-8cf370e7 wp-block-group-is-layout-flex\">\n<h2 class=\"wp-block-heading\">Caixa de almo\u00e7o t\u00e9rmica Tamanho:<\/h2>\n\n\n\n<figure class=\"wp-block-image size-full\"><img decoding=\"async\" width=\"800\" height=\"576\" src=\"https:\/\/www.yongyukitchenware.com\/wp-content\/uploads\/2025\/09\/Bulk-Round-Multi-Layered-Lunch-Box-3.webp\" alt=\"Caixa de almo\u00e7o redonda de v\u00e1rias camadas - 3\" class=\"wp-image-4811\" srcset=\"https:\/\/www.yongyukitchenware.com\/wp-content\/uploads\/2025\/09\/Bulk-Round-Multi-Layered-Lunch-Box-3.webp 800w, https:\/\/www.yongyukitchenware.com\/wp-content\/uploads\/2025\/09\/Bulk-Round-Multi-Layered-Lunch-Box-3-300x216.webp 300w, https:\/\/www.yongyukitchenware.com\/wp-content\/uploads\/2025\/09\/Bulk-Round-Multi-Layered-Lunch-Box-3-768x553.webp 768w, https:\/\/www.yongyukitchenware.com\/wp-content\/uploads\/2025\/09\/Bulk-Round-Multi-Layered-Lunch-Box-3-18x12.webp 18w, https:\/\/www.yongyukitchenware.com\/wp-content\/uploads\/2025\/09\/Bulk-Round-Multi-Layered-Lunch-Box-3-600x432.webp 600w\" sizes=\"(max-width: 800px) 100vw, 800px\" \/><\/figure>\n<\/div>\n<\/div>\n\n\n\n<div class=\"wp-block-column is-layout-flow wp-block-column-is-layout-flow\">\n<div class=\"wp-block-columns is-layout-flex wp-container-core-columns-is-layout-9d6595d7 wp-block-columns-is-layout-flex\">\n<div class=\"wp-block-column is-layout-flow wp-block-column-is-layout-flow\"><\/div>\n<\/div>\n\n\n\n<div class=\"wp-block-columns is-layout-flex wp-container-core-columns-is-layout-9d6595d7 wp-block-columns-is-layout-flex\">\n<div class=\"wp-block-column is-layout-flow wp-block-column-is-layout-flow\"><\/div>\n<\/div>\n\n\n\n<figure class=\"wp-block-image size-full is-resized\"><img decoding=\"async\" width=\"800\" height=\"800\" src=\"https:\/\/www.yongyukitchenware.com\/wp-content\/uploads\/2025\/09\/Bulk-Round-Multi-Layered-Lunch-Box-10.webp\" alt=\"Caixa de almo\u00e7o redonda-multi-camadas-10\" class=\"wp-image-4818\" style=\"width:461px;height:auto\" srcset=\"https:\/\/www.yongyukitchenware.com\/wp-content\/uploads\/2025\/09\/Bulk-Round-Multi-Layered-Lunch-Box-10.webp 800w, https:\/\/www.yongyukitchenware.com\/wp-content\/uploads\/2025\/09\/Bulk-Round-Multi-Layered-Lunch-Box-10-300x300.webp 300w, https:\/\/www.yongyukitchenware.com\/wp-content\/uploads\/2025\/09\/Bulk-Round-Multi-Layered-Lunch-Box-10-150x150.webp 150w, https:\/\/www.yongyukitchenware.com\/wp-content\/uploads\/2025\/09\/Bulk-Round-Multi-Layered-Lunch-Box-10-768x768.webp 768w, https:\/\/www.yongyukitchenware.com\/wp-content\/uploads\/2025\/09\/Bulk-Round-Multi-Layered-Lunch-Box-10-12x12.webp 12w, https:\/\/www.yongyukitchenware.com\/wp-content\/uploads\/2025\/09\/Bulk-Round-Multi-Layered-Lunch-Box-10-600x600.webp 600w, https:\/\/www.yongyukitchenware.com\/wp-content\/uploads\/2025\/09\/Bulk-Round-Multi-Layered-Lunch-Box-10-100x100.webp 100w\" sizes=\"(max-width: 800px) 100vw, 800px\" \/><\/figure>\n\n\n\n<figure class=\"wp-block-image size-full\"><img decoding=\"async\" width=\"800\" height=\"800\" src=\"https:\/\/www.yongyukitchenware.com\/wp-content\/uploads\/2025\/09\/Bulk-Round-Multi-Layered-Lunch-Box-8.webp\" alt=\"Caixa de almo\u00e7o redonda de 8 camadas\" class=\"wp-image-4816\" srcset=\"https:\/\/www.yongyukitchenware.com\/wp-content\/uploads\/2025\/09\/Bulk-Round-Multi-Layered-Lunch-Box-8.webp 800w, https:\/\/www.yongyukitchenware.com\/wp-content\/uploads\/2025\/09\/Bulk-Round-Multi-Layered-Lunch-Box-8-300x300.webp 300w, https:\/\/www.yongyukitchenware.com\/wp-content\/uploads\/2025\/09\/Bulk-Round-Multi-Layered-Lunch-Box-8-150x150.webp 150w, https:\/\/www.yongyukitchenware.com\/wp-content\/uploads\/2025\/09\/Bulk-Round-Multi-Layered-Lunch-Box-8-768x768.webp 768w, https:\/\/www.yongyukitchenware.com\/wp-content\/uploads\/2025\/09\/Bulk-Round-Multi-Layered-Lunch-Box-8-12x12.webp 12w, https:\/\/www.yongyukitchenware.com\/wp-content\/uploads\/2025\/09\/Bulk-Round-Multi-Layered-Lunch-Box-8-600x600.webp 600w, https:\/\/www.yongyukitchenware.com\/wp-content\/uploads\/2025\/09\/Bulk-Round-Multi-Layered-Lunch-Box-8-100x100.webp 100w\" sizes=\"(max-width: 800px) 100vw, 800px\" \/><\/figure>\n<\/div>\n<\/div>\n\n\n\n<p><\/p>","protected":false},"excerpt":{"rendered":"<p>Lancheira redonda multi-camadas a granel feita de a\u00e7o inoxid\u00e1vel 304, dur\u00e1vel e segura para alimentos, mant\u00e9m as refei\u00e7\u00f5es frescas e separadas - ideal para pedidos a granel, escolas, escrit\u00f3rios e uso externo.<\/p>\n<h2 style=\"text-align: left;\">Lancheira redonda multi-camadas a granel Par\u00e2metro:<\/h2>\n<p style=\"text-align: left;\"><strong>Material:<\/strong> A\u00e7o inoxid\u00e1vel<br \/><strong>Cor:<\/strong> Cor prata, preta, laranja, vermelha e azul<br \/><strong>Tamanho diferente:<\/strong> 1850ml\u30012600ml\u30013350ml<br \/><strong>Embalagem: <\/strong>Saco Opp e caixa de cart\u00e3o<br \/><strong>OEM\/ODM:<\/strong> Dispon\u00edvel<\/p>\n<h2 class=\"wp-block-heading\">De Fabricante de recipientes de armazenamento de alimentos :<\/h2>\n<p>Fundada em 1996, a Yongyu especializou-se na produ\u00e7\u00e3o e venda por grosso de recipientes de a\u00e7o inoxid\u00e1vel para armazenamento de alimentos, utens\u00edlios de cozinha, material de restaura\u00e7\u00e3o, artigos para casa e equipamento de cozinha para campismo. Fornece aos clientes servi\u00e7os completos de aquisi\u00e7\u00e3o de OEM e ODM e de com\u00e9rcio eletr\u00f3nico.<\/p>","protected":false},"featured_media":4810,"comment_status":"closed","ping_status":"closed","template":"","meta":{"_acf_changed":true},"application":[31],"product_brand":[],"product_cat":[19],"product_tag":[],"class_list":{"0":"post-4747","1":"product","2":"type-product","3":"status-publish","4":"has-post-thumbnail","6":"application-champ-kitchen","7":"product_cat-food-storage-container-bulk-custom","9":"first","10":"instock","11":"shipping-taxable","12":"product-type-simple"},"acf":[],"_links":{"self":[{"href":"https:\/\/www.yongyukitchenware.com\/pt\/wp-json\/wp\/v2\/product\/4747","targetHints":{"allow":["GET"]}}],"collection":[{"href":"https:\/\/www.yongyukitchenware.com\/pt\/wp-json\/wp\/v2\/product"}],"about":[{"href":"https:\/\/www.yongyukitchenware.com\/pt\/wp-json\/wp\/v2\/types\/product"}],"replies":[{"embeddable":true,"href":"https:\/\/www.yongyukitchenware.com\/pt\/wp-json\/wp\/v2\/comments?post=4747"}],"wp:featuredmedia":[{"embeddable":true,"href":"https:\/\/www.yongyukitchenware.com\/pt\/wp-json\/wp\/v2\/media\/4810"}],"wp:attachment":[{"href":"https:\/\/www.yongyukitchenware.com\/pt\/wp-json\/wp\/v2\/media?parent=4747"}],"wp:term":[{"taxonomy":"application","embeddable":true,"href":"https:\/\/www.yongyukitchenware.com\/pt\/wp-json\/wp\/v2\/application?post=4747"},{"taxonomy":"product_brand","embeddable":true,"href":"https:\/\/www.yongyukitchenware.com\/pt\/wp-json\/wp\/v2\/product_brand?post=4747"},{"taxonomy":"product_cat","embeddable":true,"href":"https:\/\/www.yongyukitchenware.com\/pt\/wp-json\/wp\/v2\/product_cat?post=4747"},{"taxonomy":"product_tag","embeddable":true,"href":"https:\/\/www.yongyukitchenware.com\/pt\/wp-json\/wp\/v2\/product_tag?post=4747"}],"curies":[{"name":"wp","href":"https:\/\/api.w.org\/{rel}","templated":true}]}}