{"id":4783,"date":"2025-08-27T08:56:57","date_gmt":"2025-08-27T08:56:57","guid":{"rendered":"https:\/\/www.yongyukitchenware.com\/?post_type=product&#038;p=4783"},"modified":"2025-08-27T08:56:59","modified_gmt":"2025-08-27T08:56:59","slug":"custom-bento-box-set-304-stainless-steel-insulated-lunch-box-khaki","status":"publish","type":"product","link":"https:\/\/www.yongyukitchenware.com\/pt\/produto\/custom-bento-box-set-304-stainless-steel-insulated-lunch-box-khaki\/","title":{"rendered":"Conjunto de caixas Bento personalizadas Caixa de almo\u00e7o isolada em a\u00e7o inoxid\u00e1vel 304 - caqui"},"content":{"rendered":"<div class=\"wp-block-columns is-layout-flex wp-container-core-columns-is-layout-9d6595d7 wp-block-columns-is-layout-flex\">\n<div class=\"wp-block-column is-layout-flow wp-block-column-is-layout-flow\">\n<h2 class=\"wp-block-heading\">Conjunto de caixas Bento personalizadas Carater\u00edsticas:<\/h2>\n\n\n\n<p><strong>Revestimento interior em a\u00e7o inoxid\u00e1vel 304 de qualidade alimentar: <\/strong>Robusta e dur\u00e1vel, resistente ao calor, segura e inodora, pode ter a certeza de que segura arroz e pratos quentes.<\/p>\n\n\n\n<p><strong>O inv\u00f3lucro em PP foi concebido para ser amov\u00edvel: <\/strong>O revestimento interior \u00e9 amov\u00edvel e permite o aquecimento no micro-ondas, tornando o aquecimento mais pr\u00e1tico e sem preocupa\u00e7\u00f5es.<\/p>\n\n\n\n<p><strong>Estrutura de duplo isolamento:<\/strong> A \u00e1gua quente pode ser injectada para ajudar no isolamento. Quando combinado com um saco de isolamento, pode desfrutar de refei\u00e7\u00f5es quentes mesmo quando sai de casa.<\/p>\n\n\n\n<p><strong>Anel de veda\u00e7\u00e3o espessado com design \u00e0 prova de fugas: <\/strong>Forte desempenho de veda\u00e7\u00e3o, evitando que a sopa se derrame, tornando as desloca\u00e7\u00f5es e o transporte mais tranquilos.<\/p>\n\n\n\n<p><strong>Dispon\u00edvel em v\u00e1rias capacidades e duas cores:<\/strong> 600ml e 1200ml, caqui e cor-de-rosa, pr\u00e1ticos e est\u00e9ticos.<\/p>\n\n\n\n<div class=\"wp-block-group is-vertical is-layout-flex wp-container-core-group-is-layout-8cf370e7 wp-block-group-is-layout-flex\">\n<h2 class=\"wp-block-heading\">Conjunto de caixas Bento personalizadas Tamanho:<\/h2>\n\n\n\n<figure class=\"wp-block-table\"><table class=\"has-fixed-layout\"><tbody><tr><td>Modelo<\/td><td>Tamanho<\/td><td>MOQ<\/td><\/tr><tr><td rowspan=\"2\">DY059-FH<\/td><td>600ML<\/td><td rowspan=\"2\">200 UNIDADES<\/td><\/tr><tr><td>1200ML<\/td><\/tr><\/tbody><\/table><\/figure>\n<\/div>\n<\/div>\n\n\n\n<div class=\"wp-block-column is-layout-flow wp-block-column-is-layout-flow\">\n<div class=\"wp-block-columns is-layout-flex wp-container-core-columns-is-layout-9d6595d7 wp-block-columns-is-layout-flex\">\n<div class=\"wp-block-column is-layout-flow wp-block-column-is-layout-flow\"><\/div>\n<\/div>\n\n\n\n<div class=\"wp-block-columns is-layout-flex wp-container-core-columns-is-layout-9d6595d7 wp-block-columns-is-layout-flex\">\n<div class=\"wp-block-column is-layout-flow wp-block-column-is-layout-flow\">\n<figure class=\"wp-block-image size-full is-resized\"><img decoding=\"async\" width=\"800\" height=\"800\" src=\"https:\/\/www.yongyukitchenware.com\/wp-content\/uploads\/2025\/08\/Custom-Bento-Box-Set-5.webp\" alt=\"Conjunto de caixas personalizadas-Bento-5\" class=\"wp-image-4788\" style=\"width:461px;height:auto\" srcset=\"https:\/\/www.yongyukitchenware.com\/wp-content\/uploads\/2025\/08\/Custom-Bento-Box-Set-5.webp 800w, https:\/\/www.yongyukitchenware.com\/wp-content\/uploads\/2025\/08\/Custom-Bento-Box-Set-5-300x300.webp 300w, https:\/\/www.yongyukitchenware.com\/wp-content\/uploads\/2025\/08\/Custom-Bento-Box-Set-5-150x150.webp 150w, https:\/\/www.yongyukitchenware.com\/wp-content\/uploads\/2025\/08\/Custom-Bento-Box-Set-5-768x768.webp 768w, https:\/\/www.yongyukitchenware.com\/wp-content\/uploads\/2025\/08\/Custom-Bento-Box-Set-5-12x12.webp 12w, https:\/\/www.yongyukitchenware.com\/wp-content\/uploads\/2025\/08\/Custom-Bento-Box-Set-5-600x600.webp 600w, https:\/\/www.yongyukitchenware.com\/wp-content\/uploads\/2025\/08\/Custom-Bento-Box-Set-5-100x100.webp 100w\" sizes=\"(max-width: 800px) 100vw, 800px\" \/><\/figure>\n<\/div>\n<\/div>\n\n\n\n<figure class=\"wp-block-image size-full\"><img decoding=\"async\" width=\"800\" height=\"800\" src=\"https:\/\/www.yongyukitchenware.com\/wp-content\/uploads\/2025\/08\/Custom-Bento-Box-Set-6.webp\" alt=\"Conjunto de caixas de bento personalizadas-6\" class=\"wp-image-4789\" srcset=\"https:\/\/www.yongyukitchenware.com\/wp-content\/uploads\/2025\/08\/Custom-Bento-Box-Set-6.webp 800w, https:\/\/www.yongyukitchenware.com\/wp-content\/uploads\/2025\/08\/Custom-Bento-Box-Set-6-300x300.webp 300w, https:\/\/www.yongyukitchenware.com\/wp-content\/uploads\/2025\/08\/Custom-Bento-Box-Set-6-150x150.webp 150w, https:\/\/www.yongyukitchenware.com\/wp-content\/uploads\/2025\/08\/Custom-Bento-Box-Set-6-768x768.webp 768w, https:\/\/www.yongyukitchenware.com\/wp-content\/uploads\/2025\/08\/Custom-Bento-Box-Set-6-12x12.webp 12w, https:\/\/www.yongyukitchenware.com\/wp-content\/uploads\/2025\/08\/Custom-Bento-Box-Set-6-600x600.webp 600w, https:\/\/www.yongyukitchenware.com\/wp-content\/uploads\/2025\/08\/Custom-Bento-Box-Set-6-100x100.webp 100w\" sizes=\"(max-width: 800px) 100vw, 800px\" \/><\/figure>\n<\/div>\n<\/div>\n\n\n\n<p><\/p>","protected":false},"excerpt":{"rendered":"<p>Conjunto de caixas bento personalizadas Lancheira isolada em a\u00e7o inoxid\u00e1vel 304 em caqui, perfeita para manter as refei\u00e7\u00f5es frescas e quentes em viagem. Dur\u00e1vel, ecol\u00f3gico e ideal para trabalho, escola ou viagem. Bem-vindo inqu\u00e9ritos\uff01<\/p>\n<h2 style=\"text-align: left;\">Conjunto de caixas Bento personalizadas Par\u00e2metro:<\/h2>\n<p style=\"text-align: left;\"><strong>Material:<\/strong> A\u00e7o inoxid\u00e1vel<br \/><strong>Cor:<\/strong> Cor prata, preta, laranja, vermelha e azul<br \/><strong>Tamanho diferente:<\/strong> 0,6L, 1,2L,<br \/><strong>Embalagem: <\/strong>Saco Opp e caixa de cart\u00e3o<br \/><strong>OEM\/ODM:<\/strong> Dispon\u00edvel<\/p>\n<h2 class=\"wp-block-heading\">De Fabricante de recipientes de armazenamento de alimentos :<\/h2>\n<p>Fundada em 1996, a Yongyu especializou-se na produ\u00e7\u00e3o e venda por grosso de recipientes de a\u00e7o inoxid\u00e1vel para armazenamento de alimentos, utens\u00edlios de cozinha, material de restaura\u00e7\u00e3o, artigos para casa e equipamento de cozinha para campismo. Fornece aos clientes servi\u00e7os completos de aquisi\u00e7\u00e3o de OEM e ODM e de com\u00e9rcio eletr\u00f3nico.<\/p>","protected":false},"featured_media":4784,"comment_status":"closed","ping_status":"closed","template":"","meta":{"_acf_changed":false},"application":[31],"product_brand":[],"product_cat":[19],"product_tag":[],"class_list":{"0":"post-4783","1":"product","2":"type-product","3":"status-publish","4":"has-post-thumbnail","6":"application-champ-kitchen","7":"product_cat-food-storage-container-bulk-custom","9":"first","10":"instock","11":"shipping-taxable","12":"product-type-simple"},"acf":[],"_links":{"self":[{"href":"https:\/\/www.yongyukitchenware.com\/pt\/wp-json\/wp\/v2\/product\/4783","targetHints":{"allow":["GET"]}}],"collection":[{"href":"https:\/\/www.yongyukitchenware.com\/pt\/wp-json\/wp\/v2\/product"}],"about":[{"href":"https:\/\/www.yongyukitchenware.com\/pt\/wp-json\/wp\/v2\/types\/product"}],"replies":[{"embeddable":true,"href":"https:\/\/www.yongyukitchenware.com\/pt\/wp-json\/wp\/v2\/comments?post=4783"}],"wp:featuredmedia":[{"embeddable":true,"href":"https:\/\/www.yongyukitchenware.com\/pt\/wp-json\/wp\/v2\/media\/4784"}],"wp:attachment":[{"href":"https:\/\/www.yongyukitchenware.com\/pt\/wp-json\/wp\/v2\/media?parent=4783"}],"wp:term":[{"taxonomy":"application","embeddable":true,"href":"https:\/\/www.yongyukitchenware.com\/pt\/wp-json\/wp\/v2\/application?post=4783"},{"taxonomy":"product_brand","embeddable":true,"href":"https:\/\/www.yongyukitchenware.com\/pt\/wp-json\/wp\/v2\/product_brand?post=4783"},{"taxonomy":"product_cat","embeddable":true,"href":"https:\/\/www.yongyukitchenware.com\/pt\/wp-json\/wp\/v2\/product_cat?post=4783"},{"taxonomy":"product_tag","embeddable":true,"href":"https:\/\/www.yongyukitchenware.com\/pt\/wp-json\/wp\/v2\/product_tag?post=4783"}],"curies":[{"name":"wp","href":"https:\/\/api.w.org\/{rel}","templated":true}]}}