{"id":4944,"date":"2025-09-26T08:28:10","date_gmt":"2025-09-26T08:28:10","guid":{"rendered":"https:\/\/www.yongyukitchenware.com\/?post_type=product&#038;p=4944"},"modified":"2025-09-26T08:28:12","modified_gmt":"2025-09-26T08:28:12","slug":"wholesale-luxury-stainless-steel-hydraulic-chafing-dish-buffet-food-warmer-gold","status":"publish","type":"product","link":"https:\/\/www.yongyukitchenware.com\/pt\/produto\/wholesale-luxury-stainless-steel-hydraulic-chafing-dish-buffet-food-warmer-gold\/","title":{"rendered":"Prato de cozinha hidr\u00e1ulico de a\u00e7o inoxid\u00e1vel de luxo por atacado Aquecedor de alimentos para buffets - dourado"},"content":{"rendered":"<div class=\"wp-block-columns is-layout-flex wp-container-core-columns-is-layout-9d6595d7 wp-block-columns-is-layout-flex\">\n<div class=\"wp-block-column is-layout-flow wp-block-column-is-layout-flow\">\n<h2 class=\"wp-block-heading\">Atacado Luxo A\u00e7o Inoxid\u00e1vel Hidr\u00e1ulico Chafing Dish Buffet Aquecedor de Alimentos Par\u00e2metro:<\/h2>\n\n\n\n<figure class=\"wp-block-table\"><table class=\"has-fixed-layout\"><tbody><tr><td>Modelo<\/td><td>Forma<\/td><td>Comprimento * Largura * Altura (cm)<\/td><td>Capacidade (l)<\/td><td>MOQ<\/td><\/tr><tr><td rowspan=\"3\">DY047-CL<\/td><td>Ret\u00e2ngulo<\/td><td>58*45*29<\/td><td>9L<\/td><td rowspan=\"3\">2 PE\u00c7AS<\/td><\/tr><tr><td>Quadrado<\/td><td>40*45*29<\/td><td>6L<\/td><\/tr><tr><td>Redondo<\/td><td>43*49*29<\/td><td>6L<\/td><\/tr><\/tbody><\/table><\/figure>\n\n\n\n<h2 class=\"wp-block-heading\">Prato de Chafing para buffet por atacado Carater\u00edsticas:<\/h2>\n\n\n\n<p><strong>Material de a\u00e7o inoxid\u00e1vel de alta qualidade: <\/strong>Fabricado em a\u00e7o inoxid\u00e1vel altamente resistente \u00e0 corros\u00e3o, garante ao fog\u00e3o uma durabilidade a longo prazo e resist\u00eancia \u00e0 oxida\u00e7\u00e3o, tornando-o adequado para uma utiliza\u00e7\u00e3o frequente e mantendo intactas a temperatura e o aspeto dos alimentos.<\/p>\n\n\n\n<p><strong>Conce\u00e7\u00e3o de isolamento de alta efici\u00eancia: <\/strong>Equipado com uma base de duplo combust\u00edvel, consegue manter eficazmente a temperatura dos alimentos, garantindo que estes permanecem quentes durante toda a refei\u00e7\u00e3o e melhorando a experi\u00eancia gastron\u00f3mica.<\/p>\n\n\n\n<p><strong>Aspeto elegante e simples: <\/strong>Estilo moderno e minimalista, superf\u00edcie lisa em a\u00e7o inoxid\u00e1vel com acabamento espelhado, adequado para v\u00e1rios banquetes, casamentos, buffets de hotel e outras ocasi\u00f5es, melhorando o aspeto est\u00e9tico geral da mesa de jantar.<\/p>\n\n\n\n<p><strong>F\u00e1cil de limpar e manter:<\/strong> O design \u00e9 f\u00e1cil de desmontar, facilitando a limpeza e a manuten\u00e7\u00e3o, e mantendo o equipamento limpo e higi\u00e9nico durante muito tempo. \u00c9 f\u00e1cil de limpar ap\u00f3s a utiliza\u00e7\u00e3o, garantindo a aus\u00eancia de res\u00edduos aquando da pr\u00f3xima utiliza\u00e7\u00e3o.<\/p>\n\n\n\n<p><strong>Design de grande capacidade:<\/strong> O design espa\u00e7oso do prato pode conter uma grande quantidade de alimentos ao mesmo tempo, tornando-o adequado para eventos de grande escala ou banquetes e satisfazendo as necessidades de diferentes n\u00fameros de pessoas.<\/p>\n<\/div>\n\n\n\n<div class=\"wp-block-column is-layout-flow wp-block-column-is-layout-flow\">\n<figure class=\"wp-block-image size-full\"><img decoding=\"async\" width=\"800\" height=\"800\" src=\"https:\/\/www.yongyukitchenware.com\/wp-content\/uploads\/2025\/09\/Wholesale-Buffet-Chafing-Dish-6.webp\" alt=\"Prato para assar hidr\u00e1ulico de a\u00e7o inoxid\u00e1vel de luxo por atacado\" class=\"wp-image-4942\" srcset=\"https:\/\/www.yongyukitchenware.com\/wp-content\/uploads\/2025\/09\/Wholesale-Buffet-Chafing-Dish-6.webp 800w, https:\/\/www.yongyukitchenware.com\/wp-content\/uploads\/2025\/09\/Wholesale-Buffet-Chafing-Dish-6-300x300.webp 300w, https:\/\/www.yongyukitchenware.com\/wp-content\/uploads\/2025\/09\/Wholesale-Buffet-Chafing-Dish-6-150x150.webp 150w, https:\/\/www.yongyukitchenware.com\/wp-content\/uploads\/2025\/09\/Wholesale-Buffet-Chafing-Dish-6-768x768.webp 768w, https:\/\/www.yongyukitchenware.com\/wp-content\/uploads\/2025\/09\/Wholesale-Buffet-Chafing-Dish-6-12x12.webp 12w, https:\/\/www.yongyukitchenware.com\/wp-content\/uploads\/2025\/09\/Wholesale-Buffet-Chafing-Dish-6-600x600.webp 600w, https:\/\/www.yongyukitchenware.com\/wp-content\/uploads\/2025\/09\/Wholesale-Buffet-Chafing-Dish-6-100x100.webp 100w\" sizes=\"(max-width: 800px) 100vw, 800px\" \/><\/figure>\n\n\n\n<figure class=\"wp-block-image size-full\"><img decoding=\"async\" width=\"800\" height=\"800\" src=\"https:\/\/www.yongyukitchenware.com\/wp-content\/uploads\/2025\/09\/Wholesale-Buffet-Chafing-Dish-7.webp\" alt=\"Prato para assar hidr\u00e1ulico de a\u00e7o inoxid\u00e1vel de luxo por atacado\" class=\"wp-image-4943\" srcset=\"https:\/\/www.yongyukitchenware.com\/wp-content\/uploads\/2025\/09\/Wholesale-Buffet-Chafing-Dish-7.webp 800w, https:\/\/www.yongyukitchenware.com\/wp-content\/uploads\/2025\/09\/Wholesale-Buffet-Chafing-Dish-7-300x300.webp 300w, https:\/\/www.yongyukitchenware.com\/wp-content\/uploads\/2025\/09\/Wholesale-Buffet-Chafing-Dish-7-150x150.webp 150w, https:\/\/www.yongyukitchenware.com\/wp-content\/uploads\/2025\/09\/Wholesale-Buffet-Chafing-Dish-7-768x768.webp 768w, https:\/\/www.yongyukitchenware.com\/wp-content\/uploads\/2025\/09\/Wholesale-Buffet-Chafing-Dish-7-12x12.webp 12w, https:\/\/www.yongyukitchenware.com\/wp-content\/uploads\/2025\/09\/Wholesale-Buffet-Chafing-Dish-7-600x600.webp 600w, https:\/\/www.yongyukitchenware.com\/wp-content\/uploads\/2025\/09\/Wholesale-Buffet-Chafing-Dish-7-100x100.webp 100w\" sizes=\"(max-width: 800px) 100vw, 800px\" \/><\/figure>\n<\/div>\n<\/div>\n\n\n\n<p><\/p>","protected":false},"excerpt":{"rendered":"<p>Prato para chafing hidr\u00e1ulico em a\u00e7o inoxid\u00e1vel de luxo, concebido para utiliza\u00e7\u00e3o em buffets e catering. Fabricado em a\u00e7o inoxid\u00e1vel de primeira qualidade com uma tampa hidr\u00e1ulica para uma abertura suave e silenciosa, mant\u00e9m os alimentos quentes e apresent\u00e1veis. Perfeito para hot\u00e9is, restaurantes e eventos. Apoio \u00e0s vendas e personaliza\u00e7\u00e3o da Amazon, alta qualidade garantida, bem-vindo ao inqu\u00e9rito!<\/p>\n<h2><!-- wp:heading --><\/h2>\n<h2 class=\"wp-block-heading\">Atributos de pratos para buffet por atacado :<\/h2>\n<h2><!-- \/wp:heading --><\/p>\n<p><!-- wp:paragraph --><\/h2>\n<p><strong>Material: <\/strong>A\u00e7o inoxid\u00e1vel<br \/><strong>Cor: <\/strong>Prata<br \/><strong>Forma:<\/strong> Redondo com tampa articulada<br \/><strong>Calor: <\/strong>Aquecimento a \u00e1lcool ou el\u00e9trico<br \/><strong>Panela de chafer: <\/strong>Grelha \u00fanica<br \/><strong>OEM\/ODM: <\/strong>Dispon\u00edvel<\/p>\n<h2 class=\"wp-block-heading\">De Yongyu Chafing Dish Fabricante :<\/h2>\n<p>Quer se trate de um fornecedor de servi\u00e7os de catering, de um hotel e de um restaurante ou de uma empresa de planeamento de eventos, fornecemos solu\u00e7\u00f5es personalizadas completas de pratos de chafing por atacado para ajudar a sua empresa com pre\u00e7os de f\u00e1brica de alta qualidade!<\/p>\n<h2><!-- \/wp:paragraph --><\/h2>","protected":false},"featured_media":4938,"comment_status":"closed","ping_status":"closed","template":"","meta":{"_acf_changed":false},"application":[30],"product_brand":[],"product_cat":[33],"product_tag":[],"class_list":{"0":"post-4944","1":"product","2":"type-product","3":"status-publish","4":"has-post-thumbnail","6":"application-hotel-catering","7":"product_cat-chafing-dishes-wholesale","9":"first","10":"instock","11":"shipping-taxable","12":"product-type-simple"},"acf":[],"_links":{"self":[{"href":"https:\/\/www.yongyukitchenware.com\/pt\/wp-json\/wp\/v2\/product\/4944","targetHints":{"allow":["GET"]}}],"collection":[{"href":"https:\/\/www.yongyukitchenware.com\/pt\/wp-json\/wp\/v2\/product"}],"about":[{"href":"https:\/\/www.yongyukitchenware.com\/pt\/wp-json\/wp\/v2\/types\/product"}],"replies":[{"embeddable":true,"href":"https:\/\/www.yongyukitchenware.com\/pt\/wp-json\/wp\/v2\/comments?post=4944"}],"wp:featuredmedia":[{"embeddable":true,"href":"https:\/\/www.yongyukitchenware.com\/pt\/wp-json\/wp\/v2\/media\/4938"}],"wp:attachment":[{"href":"https:\/\/www.yongyukitchenware.com\/pt\/wp-json\/wp\/v2\/media?parent=4944"}],"wp:term":[{"taxonomy":"application","embeddable":true,"href":"https:\/\/www.yongyukitchenware.com\/pt\/wp-json\/wp\/v2\/application?post=4944"},{"taxonomy":"product_brand","embeddable":true,"href":"https:\/\/www.yongyukitchenware.com\/pt\/wp-json\/wp\/v2\/product_brand?post=4944"},{"taxonomy":"product_cat","embeddable":true,"href":"https:\/\/www.yongyukitchenware.com\/pt\/wp-json\/wp\/v2\/product_cat?post=4944"},{"taxonomy":"product_tag","embeddable":true,"href":"https:\/\/www.yongyukitchenware.com\/pt\/wp-json\/wp\/v2\/product_tag?post=4944"}],"curies":[{"name":"wp","href":"https:\/\/api.w.org\/{rel}","templated":true}]}}