{"id":4951,"date":"2025-10-08T02:50:59","date_gmt":"2025-10-08T02:50:59","guid":{"rendered":"https:\/\/www.yongyukitchenware.com\/?post_type=product&#038;p=4951"},"modified":"2025-10-14T06:06:22","modified_gmt":"2025-10-14T06:06:22","slug":"custom-304-stainless-steel-electric-chafing-dishes-buffet-food-warmers","status":"publish","type":"product","link":"https:\/\/www.yongyukitchenware.com\/pt\/produto\/custom-304-stainless-steel-electric-chafing-dishes-buffet-food-warmers\/","title":{"rendered":"Pratos de Chafing el\u00e9ctricos de a\u00e7o inoxid\u00e1vel 304 personalizados Aquecedores de alimentos para buffets"},"content":{"rendered":"<div class=\"wp-block-columns is-layout-flex wp-container-core-columns-is-layout-9d6595d7 wp-block-columns-is-layout-flex\">\n<div class=\"wp-block-column is-layout-flow wp-block-column-is-layout-flow\">\n<h2 class=\"wp-block-heading\">Pratos de Chafing el\u00e9ctricos de a\u00e7o inoxid\u00e1vel 304 personalizados Par\u00e2metro:<\/h2>\n\n\n\n<figure class=\"wp-block-table\"><table class=\"has-fixed-layout\"><tbody><tr><td>Modelo<\/td><td>Comprimento * Largura * Altura (cm)<\/td><td>Capacidade (l)<\/td><td>Peso (kg)<\/td><td>MOQ<\/td><\/tr><tr><td>DY056-CL<\/td><td>58<em>47<\/em>26<\/td><td>9<\/td><td>13.3<\/td><td>2 PE\u00c7AS<\/td><\/tr><\/tbody><\/table><\/figure>\n\n\n\n<h2 class=\"wp-block-heading\">Pratos de Chafing el\u00e9ctricos personalizados em a\u00e7o inoxid\u00e1vel 304 Carater\u00edsticas:<\/h2>\n\n\n\n<p><strong>Est\u00e3o dispon\u00edveis v\u00e1rios compartimentos:<\/strong> Os pratos de compartimento \u00fanico, duplo e triplo podem ser combinados livremente para dispor de forma flex\u00edvel diferentes pratos, satisfazendo as necessidades de utiliza\u00e7\u00e3o em v\u00e1rios cen\u00e1rios, como reuni\u00f5es familiares, buffets e hot\u00e9is.<\/p>\n\n\n\n<p><strong>Duas op\u00e7\u00f5es de material:<\/strong> Est\u00e3o dispon\u00edveis dois tipos de materiais de lancheira, a\u00e7o inoxid\u00e1vel 304 e cer\u00e2mica de alta resist\u00eancia, que equilibram a durabilidade e a est\u00e9tica. Os utilizadores podem escolher livremente de acordo com os seus cen\u00e1rios de refei\u00e7\u00f5es.<\/p>\n\n\n\n<p><strong>Sistema inteligente de controlo da temperatura: <\/strong>Equipado com um painel de controlo inteligente com visor digital, a temperatura pode ser ajustada livremente, o efeito de preserva\u00e7\u00e3o do calor \u00e9 duradouro e est\u00e1vel, garantindo que o sabor dos pratos n\u00e3o se perde, e a opera\u00e7\u00e3o \u00e9 conveniente e f\u00e1cil de dominar.<\/p>\n\n\n\n<p><strong>Capa superior visual: <\/strong>O design da tampa de vidro temperado transparente torna conveniente observar os alimentos no interior sem abrir frequentemente, mantendo a temperatura dos alimentos e melhorando a experi\u00eancia e a efici\u00eancia do utilizador.<\/p>\n\n\n\n<p><strong>F\u00e1cil de limpar:<\/strong> O revestimento interior liso e o design da placa amov\u00edvel tornam a limpeza mais pr\u00e1tica. O a\u00e7o inoxid\u00e1vel 304 \u00e9 resistente \u00e0 corros\u00e3o e \u00e0 prova de \u00f3leo. Mesmo ap\u00f3s uma utiliza\u00e7\u00e3o prolongada, mant\u00e9m-se t\u00e3o limpo como novo, salvaguardando a sa\u00fade de todas as refei\u00e7\u00f5es.<\/p>\n<\/div>\n\n\n\n<div class=\"wp-block-column is-layout-flow wp-block-column-is-layout-flow\">\n<figure class=\"wp-block-image size-full\"><img decoding=\"async\" width=\"1000\" height=\"1000\" src=\"https:\/\/www.yongyukitchenware.com\/wp-content\/uploads\/2025\/09\/Custom-304-Chafing-Dishes-6.webp\" alt=\"Pratos para assar el\u00e9ctricos em a\u00e7o inoxid\u00e1vel 304 personalizados\" class=\"wp-image-4957\" srcset=\"https:\/\/www.yongyukitchenware.com\/wp-content\/uploads\/2025\/09\/Custom-304-Chafing-Dishes-6.webp 1000w, https:\/\/www.yongyukitchenware.com\/wp-content\/uploads\/2025\/09\/Custom-304-Chafing-Dishes-6-300x300.webp 300w, https:\/\/www.yongyukitchenware.com\/wp-content\/uploads\/2025\/09\/Custom-304-Chafing-Dishes-6-150x150.webp 150w, https:\/\/www.yongyukitchenware.com\/wp-content\/uploads\/2025\/09\/Custom-304-Chafing-Dishes-6-768x768.webp 768w, https:\/\/www.yongyukitchenware.com\/wp-content\/uploads\/2025\/09\/Custom-304-Chafing-Dishes-6-12x12.webp 12w, https:\/\/www.yongyukitchenware.com\/wp-content\/uploads\/2025\/09\/Custom-304-Chafing-Dishes-6-600x600.webp 600w, https:\/\/www.yongyukitchenware.com\/wp-content\/uploads\/2025\/09\/Custom-304-Chafing-Dishes-6-100x100.webp 100w\" sizes=\"(max-width: 1000px) 100vw, 1000px\" \/><\/figure>\n<\/div>\n<\/div>","protected":false},"excerpt":{"rendered":"<p>As chafing dishes el\u00e9ctricas personalizadas em a\u00e7o inoxid\u00e1vel 304 proporcionam um aquecimento eficiente e uniforme para utiliza\u00e7\u00e3o em buffets e catering. Fabricados em a\u00e7o inoxid\u00e1vel de qualidade alimentar duradouro, garantem um desempenho duradouro e uma apresenta\u00e7\u00e3o elegante para qualquer evento. Bem-vindo ao inqu\u00e9rito!<\/p>\n<h2><!-- wp:heading --><\/h2>\n<h2 class=\"wp-block-heading\">Atributos dos Chafing Dishes El\u00e9ctricos:<\/h2>\n<h2><!-- \/wp:heading --><\/p>\n<p><!-- wp:paragraph --><\/h2>\n<p><strong>Material: <\/strong>A\u00e7o inoxid\u00e1vel<br \/><strong>Cor: <\/strong>Prata<br \/><strong>Forma:<\/strong> Retangular com tampa articulada<br \/><strong>Calor: <\/strong>Aquecimento el\u00e9trico<br \/><strong>Panela de chafer: <\/strong>Individual\/Duplo\/Tr\u00eas grelhas<br \/><strong>OEM\/ODM: <\/strong>Dispon\u00edvel<\/p>\n<h2 class=\"wp-block-heading\">De Yongyu Chafing Dish Fabricante :<\/h2>\n<p>Quer se trate de um fornecedor de servi\u00e7os de catering, de um hotel e de um restaurante ou de uma empresa de planeamento de eventos, fornecemos solu\u00e7\u00f5es personalizadas completas de pratos de chafing por atacado para ajudar a sua empresa com pre\u00e7os de f\u00e1brica de alta qualidade!<\/p>\n<h2><!-- \/wp:paragraph --><\/h2>","protected":false},"featured_media":4952,"comment_status":"closed","ping_status":"closed","template":"","meta":{"_acf_changed":false},"application":[30],"product_brand":[],"product_cat":[33],"product_tag":[],"class_list":{"0":"post-4951","1":"product","2":"type-product","3":"status-publish","4":"has-post-thumbnail","6":"application-hotel-catering","7":"product_cat-chafing-dishes-wholesale","9":"first","10":"instock","11":"shipping-taxable","12":"product-type-simple"},"acf":[],"_links":{"self":[{"href":"https:\/\/www.yongyukitchenware.com\/pt\/wp-json\/wp\/v2\/product\/4951","targetHints":{"allow":["GET"]}}],"collection":[{"href":"https:\/\/www.yongyukitchenware.com\/pt\/wp-json\/wp\/v2\/product"}],"about":[{"href":"https:\/\/www.yongyukitchenware.com\/pt\/wp-json\/wp\/v2\/types\/product"}],"replies":[{"embeddable":true,"href":"https:\/\/www.yongyukitchenware.com\/pt\/wp-json\/wp\/v2\/comments?post=4951"}],"wp:featuredmedia":[{"embeddable":true,"href":"https:\/\/www.yongyukitchenware.com\/pt\/wp-json\/wp\/v2\/media\/4952"}],"wp:attachment":[{"href":"https:\/\/www.yongyukitchenware.com\/pt\/wp-json\/wp\/v2\/media?parent=4951"}],"wp:term":[{"taxonomy":"application","embeddable":true,"href":"https:\/\/www.yongyukitchenware.com\/pt\/wp-json\/wp\/v2\/application?post=4951"},{"taxonomy":"product_brand","embeddable":true,"href":"https:\/\/www.yongyukitchenware.com\/pt\/wp-json\/wp\/v2\/product_brand?post=4951"},{"taxonomy":"product_cat","embeddable":true,"href":"https:\/\/www.yongyukitchenware.com\/pt\/wp-json\/wp\/v2\/product_cat?post=4951"},{"taxonomy":"product_tag","embeddable":true,"href":"https:\/\/www.yongyukitchenware.com\/pt\/wp-json\/wp\/v2\/product_tag?post=4951"}],"curies":[{"name":"wp","href":"https:\/\/api.w.org\/{rel}","templated":true}]}}