{"id":5007,"date":"2025-11-04T07:27:39","date_gmt":"2025-11-04T07:27:39","guid":{"rendered":"https:\/\/www.yongyukitchenware.com\/?post_type=product&#038;p=5007"},"modified":"2025-11-04T08:37:09","modified_gmt":"2025-11-04T08:37:09","slug":"custom-stainless-steel-square-basin-and-vegetable-fruit-colander-silver","status":"publish","type":"product","link":"https:\/\/www.yongyukitchenware.com\/pt\/produto\/custom-stainless-steel-square-basin-and-vegetable-fruit-colander-silver\/","title":{"rendered":"Bacia quadrada e escorredor de legumes e frutas em a\u00e7o inoxid\u00e1vel personalizado - prata"},"content":{"rendered":"<div class=\"wp-block-columns is-layout-flex wp-container-core-columns-is-layout-9d6595d7 wp-block-columns-is-layout-flex\">\n<div class=\"wp-block-column is-layout-flow wp-block-column-is-layout-flow\">\n<h2 class=\"wp-block-heading\">Custom Stainless Steel Square Basin Features :<\/h2>\n\n\n\n<p><strong>Material de a\u00e7o inoxid\u00e1vel de alta qualidade: <\/strong>Feito de a\u00e7o inoxid\u00e1vel de alta qualidade, \u00e9 dur\u00e1vel, \u00e0 prova de ferrugem e pode suportar uma utiliza\u00e7\u00e3o a longo prazo, garantindo que permanece como novo sempre que \u00e9 utilizado.<br><strong>Design de drenagem de alta efici\u00eancia: <\/strong>Cada bacia est\u00e1 equipada com um design finamente perfurado, permitindo que a \u00e1gua evapore rapidamente e que lave legumes, frutas e massas de drenagem de forma mais eficaz.<br><strong>V\u00e1rias op\u00e7\u00f5es de tamanho:<\/strong> Dispon\u00edvel em v\u00e1rios tamanhos, de 20 a 36 cm, para satisfazer as diferentes necessidades da cozinha. Quer se trate de pequenas por\u00e7\u00f5es de ingredientes ou de grandes por\u00e7\u00f5es de alimentos, todas elas podem ser manuseadas com facilidade.<br><strong>Aspeto simples e moderno: <\/strong>O design quadrado e a superf\u00edcie met\u00e1lica lisa conferem a cada bacia de drenagem uma est\u00e9tica simples e moderna, integrando-se perfeitamente em qualquer estilo de decora\u00e7\u00e3o de cozinha.<br><strong>Limpeza c\u00f3moda: <\/strong>A superf\u00edcie de a\u00e7o inoxid\u00e1vel \u00e9 f\u00e1cil de limpar, resistente a manchas e n\u00e3o absorve facilmente a gordura, garantindo que pode ser facilmente lavada ap\u00f3s cada utiliza\u00e7\u00e3o e mantendo a limpeza e a higiene.<\/p>\n\n\n\n<figure class=\"wp-block-image size-full\"><img decoding=\"async\" width=\"800\" height=\"800\" src=\"https:\/\/www.yongyukitchenware.com\/wp-content\/uploads\/2025\/10\/Custom-Stainless-Steel-Square-Basin-10.webp\" alt=\"Custom-Stainless-Steel-Square-Basin-10\" class=\"wp-image-5017\" srcset=\"https:\/\/www.yongyukitchenware.com\/wp-content\/uploads\/2025\/10\/Custom-Stainless-Steel-Square-Basin-10.webp 800w, https:\/\/www.yongyukitchenware.com\/wp-content\/uploads\/2025\/10\/Custom-Stainless-Steel-Square-Basin-10-300x300.webp 300w, https:\/\/www.yongyukitchenware.com\/wp-content\/uploads\/2025\/10\/Custom-Stainless-Steel-Square-Basin-10-150x150.webp 150w, https:\/\/www.yongyukitchenware.com\/wp-content\/uploads\/2025\/10\/Custom-Stainless-Steel-Square-Basin-10-768x768.webp 768w, https:\/\/www.yongyukitchenware.com\/wp-content\/uploads\/2025\/10\/Custom-Stainless-Steel-Square-Basin-10-12x12.webp 12w, https:\/\/www.yongyukitchenware.com\/wp-content\/uploads\/2025\/10\/Custom-Stainless-Steel-Square-Basin-10-600x600.webp 600w, https:\/\/www.yongyukitchenware.com\/wp-content\/uploads\/2025\/10\/Custom-Stainless-Steel-Square-Basin-10-100x100.webp 100w\" sizes=\"(max-width: 800px) 100vw, 800px\" \/><\/figure>\n<\/div>\n\n\n\n<div class=\"wp-block-column is-layout-flow wp-block-column-is-layout-flow\">\n<div class=\"wp-block-columns is-layout-flex wp-container-core-columns-is-layout-9d6595d7 wp-block-columns-is-layout-flex\">\n<div class=\"wp-block-column is-layout-flow wp-block-column-is-layout-flow\">\n<figure class=\"wp-block-image size-full\"><img decoding=\"async\" width=\"800\" height=\"800\" src=\"https:\/\/www.yongyukitchenware.com\/wp-content\/uploads\/2025\/10\/Custom-Stainless-Steel-Square-Basin-12.webp\" alt=\"Custom-Stainless-Steel-Square-Basin-12\" class=\"wp-image-5019\" srcset=\"https:\/\/www.yongyukitchenware.com\/wp-content\/uploads\/2025\/10\/Custom-Stainless-Steel-Square-Basin-12.webp 800w, https:\/\/www.yongyukitchenware.com\/wp-content\/uploads\/2025\/10\/Custom-Stainless-Steel-Square-Basin-12-300x300.webp 300w, https:\/\/www.yongyukitchenware.com\/wp-content\/uploads\/2025\/10\/Custom-Stainless-Steel-Square-Basin-12-150x150.webp 150w, https:\/\/www.yongyukitchenware.com\/wp-content\/uploads\/2025\/10\/Custom-Stainless-Steel-Square-Basin-12-768x768.webp 768w, https:\/\/www.yongyukitchenware.com\/wp-content\/uploads\/2025\/10\/Custom-Stainless-Steel-Square-Basin-12-12x12.webp 12w, https:\/\/www.yongyukitchenware.com\/wp-content\/uploads\/2025\/10\/Custom-Stainless-Steel-Square-Basin-12-600x600.webp 600w, https:\/\/www.yongyukitchenware.com\/wp-content\/uploads\/2025\/10\/Custom-Stainless-Steel-Square-Basin-12-100x100.webp 100w\" sizes=\"(max-width: 800px) 100vw, 800px\" \/><\/figure>\n\n\n\n<h2 class=\"wp-block-heading\">Custom Stainless Steel Square Basin Size:<\/h2>\n\n\n\n<figure class=\"wp-block-table\"><table class=\"has-fixed-layout\"><tbody><tr><td>Modelo<\/td><td>Tamanho<\/td><td>Peso (g)<\/td><td>MOQ<\/td><\/tr><tr><td rowspan=\"18\">DY040-TLP<\/td><td>20 cm<\/td><td>200<\/td><td rowspan=\"18\">200 UNIDADES<\/td><\/tr><tr><td>22 cm<\/td><td>245<\/td><\/tr><tr><td>24 cm<\/td><td>285<\/td><\/tr><tr><td>26 cm<\/td><td>328<\/td><\/tr><tr><td>28 cm<\/td><td>382<\/td><\/tr><tr><td>30 cm<\/td><td>470<\/td><\/tr><tr><td>32 cm<\/td><td>525<\/td><\/tr><tr><td>34cm<\/td><td>624<\/td><\/tr><tr><td>36cm<\/td><td>758<\/td><\/tr><tr><td>20 cm<\/td><td>193<\/td><\/tr><tr><td>22 cm<\/td><td>235<\/td><\/tr><tr><td>24 cm<\/td><td>270<\/td><\/tr><tr><td>26 cm<\/td><td>310<\/td><\/tr><tr><td>28 cm<\/td><td>370<\/td><\/tr><tr><td>30 cm<\/td><td>445<\/td><\/tr><tr><td>32 cm<\/td><td>500<\/td><\/tr><tr><td>34cm<\/td><td>590<\/td><\/tr><tr><td>36cm<\/td><td>718<\/td><\/tr><\/tbody><\/table><\/figure>\n<\/div>\n<\/div>\n\n\n\n<div class=\"wp-block-columns is-layout-flex wp-container-core-columns-is-layout-9d6595d7 wp-block-columns-is-layout-flex\">\n<div class=\"wp-block-column is-layout-flow wp-block-column-is-layout-flow\"><\/div>\n<\/div>\n<\/div>\n<\/div>","protected":false},"excerpt":{"rendered":"<p>Stainless steel square washbasin and drain basin set, suitable for cleaning, draining and food preparation, easily handling vegetables, fruits, rice, pasta and other ingredients. Whether it is a home kitchen or a commercial kitchen, it is an ideal choice that is efficient and reliable. Upgrade your kitchen and choose this essential tool. It&#8217;s the ideal choice for wholesale purchases. Contact us immediately to get the wholesale price!<\/p>\n<h2>Custom Stainless Steel Square Basin Parameter :<\/h2>\n<p><strong>Material:<\/strong> a\u00e7o inoxid\u00e1vel<br \/><strong>Inclui:<\/strong> um recipiente de mistura e um coador<br \/><strong>Desenho da ta\u00e7a:<\/strong> Design quadrado, material espessado<br \/><strong>Especifica\u00e7\u00f5es:<\/strong> 20-36cm<br \/><strong>Embalagem:<\/strong> saco\/grupo\/caixa de cart\u00e3o ou personalizado<br \/><strong>OEM\/ODM:<\/strong> Dispon\u00edvel<\/p>\n<h2 class=\"wp-block-heading\">Do fabricante de utens\u00edlios de cozinha Yongyu:<\/h2>\n<p>Yongyu \u00e9 um fabricante profissional de utens\u00edlios de cozinha, os nossos produtos abrangem todos os tipos de panelas de a\u00e7o inoxid\u00e1vel e acess\u00f3rios de cozinha, fornecendo solu\u00e7\u00f5es personalizadas com produtos de alta qualidade e pre\u00e7os de f\u00e1brica.<\/p>","protected":false},"featured_media":5008,"comment_status":"closed","ping_status":"closed","template":"","meta":{"_acf_changed":false},"application":[29],"product_brand":[],"product_cat":[23,35],"product_tag":[],"class_list":{"0":"post-5007","1":"product","2":"type-product","3":"status-publish","4":"has-post-thumbnail","6":"application-home-kitchen","7":"product_cat-kitchenware-wholesale","8":"product_cat-baking-trays-wholesale","10":"first","11":"instock","12":"shipping-taxable","13":"product-type-simple"},"acf":[],"_links":{"self":[{"href":"https:\/\/www.yongyukitchenware.com\/pt\/wp-json\/wp\/v2\/product\/5007","targetHints":{"allow":["GET"]}}],"collection":[{"href":"https:\/\/www.yongyukitchenware.com\/pt\/wp-json\/wp\/v2\/product"}],"about":[{"href":"https:\/\/www.yongyukitchenware.com\/pt\/wp-json\/wp\/v2\/types\/product"}],"replies":[{"embeddable":true,"href":"https:\/\/www.yongyukitchenware.com\/pt\/wp-json\/wp\/v2\/comments?post=5007"}],"wp:featuredmedia":[{"embeddable":true,"href":"https:\/\/www.yongyukitchenware.com\/pt\/wp-json\/wp\/v2\/media\/5008"}],"wp:attachment":[{"href":"https:\/\/www.yongyukitchenware.com\/pt\/wp-json\/wp\/v2\/media?parent=5007"}],"wp:term":[{"taxonomy":"application","embeddable":true,"href":"https:\/\/www.yongyukitchenware.com\/pt\/wp-json\/wp\/v2\/application?post=5007"},{"taxonomy":"product_brand","embeddable":true,"href":"https:\/\/www.yongyukitchenware.com\/pt\/wp-json\/wp\/v2\/product_brand?post=5007"},{"taxonomy":"product_cat","embeddable":true,"href":"https:\/\/www.yongyukitchenware.com\/pt\/wp-json\/wp\/v2\/product_cat?post=5007"},{"taxonomy":"product_tag","embeddable":true,"href":"https:\/\/www.yongyukitchenware.com\/pt\/wp-json\/wp\/v2\/product_tag?post=5007"}],"curies":[{"name":"wp","href":"https:\/\/api.w.org\/{rel}","templated":true}]}}