{"id":5029,"date":"2025-11-17T03:26:56","date_gmt":"2025-11-17T03:26:56","guid":{"rendered":"https:\/\/www.yongyukitchenware.com\/?post_type=product&#038;p=5029"},"modified":"2025-11-17T03:26:57","modified_gmt":"2025-11-17T03:26:57","slug":"bulk-stainless-steel-mixing-bowl-and-colander-set-with-handle","status":"publish","type":"product","link":"https:\/\/www.yongyukitchenware.com\/pt\/produto\/bulk-stainless-steel-mixing-bowl-and-colander-set-with-handle\/","title":{"rendered":"Conjunto de ta\u00e7a misturadora e coador em a\u00e7o inoxid\u00e1vel com pega"},"content":{"rendered":"<div class=\"wp-block-columns is-layout-flex wp-container-core-columns-is-layout-9d6595d7 wp-block-columns-is-layout-flex\">\n<div class=\"wp-block-column is-layout-flow wp-block-column-is-layout-flow\">\n<h2 class=\"wp-block-heading\">Ta\u00e7a de mistura de a\u00e7o inoxid\u00e1vel a granel com pega Carater\u00edsticas :<\/h2>\n\n\n\n<p><strong>Seguran\u00e7a e durabilidade dos materiais: <\/strong>Fabricado em a\u00e7o inoxid\u00e1vel 304 de qualidade alimentar, \u00e9 resistente \u00e0 corros\u00e3o e n\u00e3o enferruja. O contacto direto com os alimentos \u00e9 mais saud\u00e1vel e tem uma longa vida \u00fatil<br><strong>Multidimensionado e multifuncional: <\/strong>Dispon\u00edvel em v\u00e1rios tamanhos, como 23\/25\/27\/29\/31cm, o lavat\u00f3rio pode ser utilizado para amassar massa, cozinhar sopa e guardar alimentos, enquanto a bacia de escoamento pode ser utilizada para lavar e escoar frutas e legumes. Um conjunto satisfaz todos os tipos de necessidades na cozinha<br><strong>Design humanizado da pega:<\/strong> A bacia est\u00e1 equipada com pegas em ambos os lados, que s\u00e3o ergon\u00f3micas, confort\u00e1veis e est\u00e1veis de segurar, e menos suscept\u00edveis de escorregar quando se verte ou transfere l\u00edquido, tornando-a mais f\u00e1cil de utilizar<br><strong>Pr\u00e1tico e f\u00e1cil de limpar:<\/strong> Os orif\u00edcios da bacia de drenagem s\u00e3o densos e uniformes, permitindo uma drenagem r\u00e1pida e completa da \u00e1gua. A parede interior do lavat\u00f3rio \u00e9 lisa, o que faz com que n\u00e3o fique pegajosa quando se amassa a massa. Pode ser limpo facilmente com um pano. Entretanto, o processo de polimento espelhado melhora o aspeto e a textura<\/p>\n<\/div>\n\n\n\n<div class=\"wp-block-column is-layout-flow wp-block-column-is-layout-flow\">\n<div class=\"wp-block-columns is-layout-flex wp-container-core-columns-is-layout-9d6595d7 wp-block-columns-is-layout-flex\">\n<div class=\"wp-block-column is-layout-flow wp-block-column-is-layout-flow\">\n<figure class=\"wp-block-image size-full\"><img decoding=\"async\" width=\"800\" height=\"800\" src=\"https:\/\/www.yongyukitchenware.com\/wp-content\/uploads\/2025\/11\/Bulk-Stainless-Steel-Mixing-Bowl-with-Handle-7.webp\" alt=\"Ta\u00e7a misturadora de a\u00e7o inoxid\u00e1vel a granel com pega-7\" class=\"wp-image-5068\" srcset=\"https:\/\/www.yongyukitchenware.com\/wp-content\/uploads\/2025\/11\/Bulk-Stainless-Steel-Mixing-Bowl-with-Handle-7.webp 800w, https:\/\/www.yongyukitchenware.com\/wp-content\/uploads\/2025\/11\/Bulk-Stainless-Steel-Mixing-Bowl-with-Handle-7-300x300.webp 300w, https:\/\/www.yongyukitchenware.com\/wp-content\/uploads\/2025\/11\/Bulk-Stainless-Steel-Mixing-Bowl-with-Handle-7-150x150.webp 150w, https:\/\/www.yongyukitchenware.com\/wp-content\/uploads\/2025\/11\/Bulk-Stainless-Steel-Mixing-Bowl-with-Handle-7-768x768.webp 768w, https:\/\/www.yongyukitchenware.com\/wp-content\/uploads\/2025\/11\/Bulk-Stainless-Steel-Mixing-Bowl-with-Handle-7-12x12.webp 12w, https:\/\/www.yongyukitchenware.com\/wp-content\/uploads\/2025\/11\/Bulk-Stainless-Steel-Mixing-Bowl-with-Handle-7-600x600.webp 600w, https:\/\/www.yongyukitchenware.com\/wp-content\/uploads\/2025\/11\/Bulk-Stainless-Steel-Mixing-Bowl-with-Handle-7-100x100.webp 100w\" sizes=\"(max-width: 800px) 100vw, 800px\" \/><\/figure>\n\n\n\n<h2 class=\"wp-block-heading\">Tigela de mistura de a\u00e7o inoxid\u00e1vel a granel com pega Tamanho:<\/h2>\n\n\n\n<figure class=\"wp-block-table\"><table class=\"has-fixed-layout\"><tbody><tr><td>Modelo<\/td><td>Nome do produto<\/td><td>Tamanho<\/td><td>Peso<\/td><td>MOQ<\/td><\/tr><tr><td rowspan=\"10\">DY043-TLP<\/td><td rowspan=\"5\">Ta\u00e7a de mistura em a\u00e7o inoxid\u00e1vel<\/td><td>23 cm<\/td><td>320g<\/td><td rowspan=\"10\">200 UNIDADES<\/td><\/tr><tr><td>25 cm<\/td><td>360g<\/td><\/tr><tr><td>27 cm<\/td><td>410g<\/td><\/tr><tr><td>29 cm<\/td><td>460g<\/td><\/tr><tr><td>31cm<\/td><td>520g<\/td><\/tr><tr><td rowspan=\"5\">Escorredor de a\u00e7o inoxid\u00e1vel<\/td><td>23 cm<\/td><td>280g<\/td><\/tr><tr><td>25 cm<\/td><td>310g<\/td><\/tr><tr><td>27 cm<\/td><td>360g<\/td><\/tr><tr><td>29 cm<\/td><td>400g<\/td><\/tr><tr><td>31cm<\/td><td>460g<\/td><\/tr><\/tbody><\/table><\/figure>\n<\/div>\n<\/div>\n\n\n\n<div class=\"wp-block-columns is-layout-flex wp-container-core-columns-is-layout-9d6595d7 wp-block-columns-is-layout-flex\">\n<div class=\"wp-block-column is-layout-flow wp-block-column-is-layout-flow\"><\/div>\n<\/div>\n<\/div>\n<\/div>","protected":false},"excerpt":{"rendered":"<p>Conjunto de bacia e coador em a\u00e7o inoxid\u00e1vel 304 Fabricado em a\u00e7o inoxid\u00e1vel 304 de qualidade alimentar, este conjunto \u00e9 fornecido nos tamanhos 23\/25\/27\/29\/31 cm com pegas duplas para uma f\u00e1cil ader\u00eancia. \u00c9 perfeito para lavar frutas\/vegetais, amassar massa ou mesmo ferver sopa. Seguro para contacto com alimentos, resistente \u00e0 corros\u00e3o e constru\u00eddo para durar, poupa espa\u00e7o e custos, satisfazendo todas as necessidades da sua cozinha - uma escolha ideal para cozinheiros dom\u00e9sticos e padeiros.<\/p>\n<h2>Tigela de mistura de a\u00e7o inoxid\u00e1vel a granel com al\u00e7a Par\u00e2metro :<\/h2>\n<p><strong>Material:<\/strong> a\u00e7o inoxid\u00e1vel<br \/><strong>Inclui:<\/strong> um recipiente de mistura e um coador<br \/><strong>Desenho da ta\u00e7a:<\/strong> Design redondo, com pega<br \/><strong>Especifica\u00e7\u00f5es:<\/strong> 23\/25\/27\/29\/31cm<br \/><strong>Embalagem:<\/strong> saco\/grupo\/caixa de cart\u00e3o ou personalizado<br \/><strong>OEM\/ODM:<\/strong> Dispon\u00edvel<\/p>\n<h2 class=\"wp-block-heading\">Do fabricante de utens\u00edlios de cozinha Yongyu:<\/h2>\n<p>Yongyu \u00e9 um fabricante profissional de utens\u00edlios de cozinha, os nossos produtos abrangem todos os tipos de panelas de a\u00e7o inoxid\u00e1vel e acess\u00f3rios de cozinha, fornecendo solu\u00e7\u00f5es personalizadas com produtos de alta qualidade e pre\u00e7os de f\u00e1brica.<\/p>","protected":false},"featured_media":5062,"comment_status":"closed","ping_status":"closed","template":"","meta":{"_acf_changed":true},"application":[29],"product_brand":[],"product_cat":[23,35],"product_tag":[],"class_list":{"0":"post-5029","1":"product","2":"type-product","3":"status-publish","4":"has-post-thumbnail","6":"application-home-kitchen","7":"product_cat-kitchenware-wholesale","8":"product_cat-baking-trays-wholesale","10":"first","11":"instock","12":"shipping-taxable","13":"product-type-simple"},"acf":[],"_links":{"self":[{"href":"https:\/\/www.yongyukitchenware.com\/pt\/wp-json\/wp\/v2\/product\/5029","targetHints":{"allow":["GET"]}}],"collection":[{"href":"https:\/\/www.yongyukitchenware.com\/pt\/wp-json\/wp\/v2\/product"}],"about":[{"href":"https:\/\/www.yongyukitchenware.com\/pt\/wp-json\/wp\/v2\/types\/product"}],"replies":[{"embeddable":true,"href":"https:\/\/www.yongyukitchenware.com\/pt\/wp-json\/wp\/v2\/comments?post=5029"}],"wp:featuredmedia":[{"embeddable":true,"href":"https:\/\/www.yongyukitchenware.com\/pt\/wp-json\/wp\/v2\/media\/5062"}],"wp:attachment":[{"href":"https:\/\/www.yongyukitchenware.com\/pt\/wp-json\/wp\/v2\/media?parent=5029"}],"wp:term":[{"taxonomy":"application","embeddable":true,"href":"https:\/\/www.yongyukitchenware.com\/pt\/wp-json\/wp\/v2\/application?post=5029"},{"taxonomy":"product_brand","embeddable":true,"href":"https:\/\/www.yongyukitchenware.com\/pt\/wp-json\/wp\/v2\/product_brand?post=5029"},{"taxonomy":"product_cat","embeddable":true,"href":"https:\/\/www.yongyukitchenware.com\/pt\/wp-json\/wp\/v2\/product_cat?post=5029"},{"taxonomy":"product_tag","embeddable":true,"href":"https:\/\/www.yongyukitchenware.com\/pt\/wp-json\/wp\/v2\/product_tag?post=5029"}],"curies":[{"name":"wp","href":"https:\/\/api.w.org\/{rel}","templated":true}]}}