{"id":5109,"date":"2026-02-28T06:24:39","date_gmt":"2026-02-28T06:24:39","guid":{"rendered":"https:\/\/www.yongyukitchenware.com\/?post_type=product&#038;p=5109"},"modified":"2026-03-02T07:30:23","modified_gmt":"2026-03-02T07:30:23","slug":"wholesale-deep-baking-tray-stainless-steel-rectangular-serving-plate","status":"publish","type":"product","link":"https:\/\/www.yongyukitchenware.com\/pt\/produto\/wholesale-deep-baking-tray-stainless-steel-rectangular-serving-plate\/","title":{"rendered":"Tabuleiro para assar fundo por atacado Prato de servi\u00e7o retangular em a\u00e7o inoxid\u00e1vel"},"content":{"rendered":"<div class=\"wp-block-columns is-layout-flex wp-container-core-columns-is-layout-9d6595d7 wp-block-columns-is-layout-flex\">\n<div class=\"wp-block-column is-layout-flow wp-block-column-is-layout-flow\">\n<h2 class=\"wp-block-heading\">Tamanho do tabuleiro de cozimento profundo por atacado:<\/h2>\n\n\n\n<figure class=\"wp-block-table\"><table class=\"has-fixed-layout\"><tbody><tr><td>Modelo<\/td><td>Tamanho<\/td><td>Peso<\/td><td>MOQ<\/td><\/tr><tr><td rowspan=\"3\">DY077-P<\/td><td>36X18X5,5CM<\/td><td>200g<\/td><td rowspan=\"3\">120 UNIDADES<\/td><\/tr><tr><td>43X23X6CM<\/td><td>245g<\/td><\/tr><tr><td>52X27X7,5CM<\/td><td>285g<\/td><\/tr><\/tbody><\/table><\/figure>\n\n\n\n<h2 class=\"wp-block-heading\">Carater\u00edsticas do tabuleiro de cozimento profundo por atacado:<\/h2>\n\n\n\n<p><strong>A\u00e7o inoxid\u00e1vel de qualidade superior: <\/strong>Fabricado em a\u00e7o inoxid\u00e1vel de alta qualidade e de qualidade alimentar, garantindo for\u00e7a, longevidade e resist\u00eancia \u00e0 ferrugem e \u00e0 corros\u00e3o.<\/p>\n\n\n\n<p><strong>Utiliza\u00e7\u00e3o vers\u00e1til:<\/strong> Ideal para cozer, assar, grelhar e at\u00e9 servir; perfeito para cozinhar no interior e no exterior.<\/p>\n\n\n\n<p><strong>Conce\u00e7\u00e3o profunda: <\/strong>Os lados mais profundos evitam derrames e mant\u00eam os alimentos contidos, tornando-o perfeito para cozinhar grandes quantidades ou pratos com l\u00edquidos.<\/p>\n\n\n\n<p><strong>Elegante e moderno:<\/strong> Dispon\u00edveis nos elegantes acabamentos dourado e prateado, estas panelas d\u00e3o um toque de sofistica\u00e7\u00e3o \u00e0 sua cozinha e mesa de jantar.<\/p>\n\n\n\n<p><strong>F\u00e1cil de limpar:<\/strong> A superf\u00edcie antiaderente e o acabamento liso facilitam a limpeza, poupando-lhe tempo e esfor\u00e7o ap\u00f3s cada refei\u00e7\u00e3o.<\/p>\n<\/div>\n\n\n\n<div class=\"wp-block-column is-layout-flow wp-block-column-is-layout-flow\">\n<figure class=\"wp-block-image size-full\"><img decoding=\"async\" width=\"800\" height=\"800\" src=\"https:\/\/www.yongyukitchenware.com\/wp-content\/uploads\/2026\/02\/Wholesale-Deep-Baking-Tray-7.webp\" alt=\"Tabuleiro para cozedura profunda-7\" class=\"wp-image-5116\" style=\"object-fit:cover\" srcset=\"https:\/\/www.yongyukitchenware.com\/wp-content\/uploads\/2026\/02\/Wholesale-Deep-Baking-Tray-7.webp 800w, https:\/\/www.yongyukitchenware.com\/wp-content\/uploads\/2026\/02\/Wholesale-Deep-Baking-Tray-7-300x300.webp 300w, https:\/\/www.yongyukitchenware.com\/wp-content\/uploads\/2026\/02\/Wholesale-Deep-Baking-Tray-7-150x150.webp 150w, https:\/\/www.yongyukitchenware.com\/wp-content\/uploads\/2026\/02\/Wholesale-Deep-Baking-Tray-7-768x768.webp 768w, https:\/\/www.yongyukitchenware.com\/wp-content\/uploads\/2026\/02\/Wholesale-Deep-Baking-Tray-7-12x12.webp 12w, https:\/\/www.yongyukitchenware.com\/wp-content\/uploads\/2026\/02\/Wholesale-Deep-Baking-Tray-7-600x600.webp 600w, https:\/\/www.yongyukitchenware.com\/wp-content\/uploads\/2026\/02\/Wholesale-Deep-Baking-Tray-7-100x100.webp 100w\" sizes=\"(max-width: 800px) 100vw, 800px\" \/><\/figure>\n\n\n\n<figure class=\"wp-block-image size-full\"><img decoding=\"async\" width=\"800\" height=\"800\" src=\"https:\/\/www.yongyukitchenware.com\/wp-content\/uploads\/2026\/02\/Wholesale-Deep-Baking-Tray-5.webp\" alt=\"Tabuleiro de cozimento profundo-5\" class=\"wp-image-5114\" srcset=\"https:\/\/www.yongyukitchenware.com\/wp-content\/uploads\/2026\/02\/Wholesale-Deep-Baking-Tray-5.webp 800w, https:\/\/www.yongyukitchenware.com\/wp-content\/uploads\/2026\/02\/Wholesale-Deep-Baking-Tray-5-300x300.webp 300w, https:\/\/www.yongyukitchenware.com\/wp-content\/uploads\/2026\/02\/Wholesale-Deep-Baking-Tray-5-150x150.webp 150w, https:\/\/www.yongyukitchenware.com\/wp-content\/uploads\/2026\/02\/Wholesale-Deep-Baking-Tray-5-768x768.webp 768w, https:\/\/www.yongyukitchenware.com\/wp-content\/uploads\/2026\/02\/Wholesale-Deep-Baking-Tray-5-12x12.webp 12w, https:\/\/www.yongyukitchenware.com\/wp-content\/uploads\/2026\/02\/Wholesale-Deep-Baking-Tray-5-600x600.webp 600w, https:\/\/www.yongyukitchenware.com\/wp-content\/uploads\/2026\/02\/Wholesale-Deep-Baking-Tray-5-100x100.webp 100w\" sizes=\"(max-width: 800px) 100vw, 800px\" \/><\/figure>\n<\/div>\n<\/div>\n\n\n\n<p><\/p>","protected":false},"excerpt":{"rendered":"<div class=\"n4sEPd\">\n<div class=\"UdTY9 qhIQqf leDWne\" aria-hidden=\"true\" data-location=\"1\">\n<div class=\"n4sEPd\">\n<div class=\"UdTY9 qhIQqf leDWne\" aria-hidden=\"true\" data-location=\"1\">Esta forma funda de a\u00e7o inoxid\u00e1vel \u00e9 feita de a\u00e7o inoxid\u00e1vel de alta qualidade, garantindo durabilidade, elevada resist\u00eancia ao calor e limpeza f\u00e1cil. Dispon\u00edvel em dourado e prateado, com tr\u00eas tamanhos (Pequeno: 36x18x5,5cm, M\u00e9dio: 43x23x6cm, Grande: 52x27x7,5cm) para se adaptar a v\u00e1rias necessidades. O design profundo evita que os alimentos se entornem, sendo perfeito para reuni\u00f5es de fam\u00edlia, para cozinhar e para grelhar ao ar livre. Quer seja para cozinhar no dia a dia ou em ocasi\u00f5es especiais, oferece uma \u00f3ptima experi\u00eancia culin\u00e1ria.<\/div>\n<\/div>\n<h2 style=\"text-align: left\">Tabuleiro para bolos profundos por atacado:<\/h2>\n<p style=\"text-align: left\"><strong>Material:<\/strong> A\u00e7o inoxid\u00e1vel<br \/><strong>Comprimento:<\/strong>36\/43\/52cm<br \/><strong>Forma:<\/strong> Ret\u00e2ngulo<br \/><strong>Embalagem:<\/strong> Saco OPP e caixa de cart\u00e3o<br \/><strong>OEM\/ODM:<\/strong> Dispon\u00edvel<\/p>\n<h2 class=\"wp-block-heading\">De Yongyu Tableware Wholesaler:<\/h2>\n<p>A Yongyu Tableware Wholesaler pode satisfazer as necessidades dos clientes a granel e fornecer uma s\u00e9rie de fornecimentos de catering de alta qualidade por atacado que combina eleg\u00e2ncia e durabilidade. Incluindo utens\u00edlios de mesa, utens\u00edlios de bebida, equipamento de restaura\u00e7\u00e3o, utens\u00edlios de cozinha, artigos essenciais de cozinha de acampamento, etc.<\/p>\n<\/div>\n<\/div>","protected":false},"featured_media":5110,"comment_status":"closed","ping_status":"closed","template":"","meta":{"_acf_changed":false},"application":[29],"product_brand":[],"product_cat":[21,46],"product_tag":[],"class_list":{"0":"post-5109","1":"product","2":"type-product","3":"status-publish","4":"has-post-thumbnail","6":"application-home-kitchen","7":"product_cat-tableware-wholesale","8":"product_cat-stainless-steel-dinner-plates-wholesale","10":"first","11":"instock","12":"shipping-taxable","13":"product-type-simple"},"acf":[],"_links":{"self":[{"href":"https:\/\/www.yongyukitchenware.com\/pt\/wp-json\/wp\/v2\/product\/5109","targetHints":{"allow":["GET"]}}],"collection":[{"href":"https:\/\/www.yongyukitchenware.com\/pt\/wp-json\/wp\/v2\/product"}],"about":[{"href":"https:\/\/www.yongyukitchenware.com\/pt\/wp-json\/wp\/v2\/types\/product"}],"replies":[{"embeddable":true,"href":"https:\/\/www.yongyukitchenware.com\/pt\/wp-json\/wp\/v2\/comments?post=5109"}],"wp:featuredmedia":[{"embeddable":true,"href":"https:\/\/www.yongyukitchenware.com\/pt\/wp-json\/wp\/v2\/media\/5110"}],"wp:attachment":[{"href":"https:\/\/www.yongyukitchenware.com\/pt\/wp-json\/wp\/v2\/media?parent=5109"}],"wp:term":[{"taxonomy":"application","embeddable":true,"href":"https:\/\/www.yongyukitchenware.com\/pt\/wp-json\/wp\/v2\/application?post=5109"},{"taxonomy":"product_brand","embeddable":true,"href":"https:\/\/www.yongyukitchenware.com\/pt\/wp-json\/wp\/v2\/product_brand?post=5109"},{"taxonomy":"product_cat","embeddable":true,"href":"https:\/\/www.yongyukitchenware.com\/pt\/wp-json\/wp\/v2\/product_cat?post=5109"},{"taxonomy":"product_tag","embeddable":true,"href":"https:\/\/www.yongyukitchenware.com\/pt\/wp-json\/wp\/v2\/product_tag?post=5109"}],"curies":[{"name":"wp","href":"https:\/\/api.w.org\/{rel}","templated":true}]}}