{"id":5120,"date":"2026-02-28T06:41:54","date_gmt":"2026-02-28T06:41:54","guid":{"rendered":"https:\/\/www.yongyukitchenware.com\/?post_type=product&#038;p=5120"},"modified":"2026-03-03T07:24:12","modified_gmt":"2026-03-03T07:24:12","slug":"wholesale-stainless-steel-serving-tray-with-double-handle","status":"publish","type":"product","link":"https:\/\/www.yongyukitchenware.com\/pt\/produto\/wholesale-stainless-steel-serving-tray-with-double-handle\/","title":{"rendered":"Tabuleiro de servir em a\u00e7o inoxid\u00e1vel com pega dupla"},"content":{"rendered":"<div class=\"wp-block-columns is-layout-flex wp-container-core-columns-is-layout-9d6595d7 wp-block-columns-is-layout-flex\">\n<div class=\"wp-block-column is-layout-flow wp-block-column-is-layout-flow\">\n<h2 class=\"wp-block-heading\">Tabuleiro de servir por atacado com pega dupla Tamanho:<\/h2>\n\n\n\n<figure class=\"wp-block-table\"><table class=\"has-fixed-layout\"><tbody><tr><td>Modelo<\/td><td>Tamanho<\/td><td>Peso<\/td><td>MOQ<\/td><\/tr><tr><td rowspan=\"3\">DY078-P<\/td><td>1,5X19,3CM<\/td><td>605g<\/td><td rowspan=\"3\">120 UNIDADES<\/td><\/tr><tr><td>1,5X23,3CM<\/td><td>925g<\/td><\/tr><tr><td>1,5X27,3CM<\/td><td>1355g<\/td><\/tr><\/tbody><\/table><\/figure>\n\n\n\n<h2 class=\"wp-block-heading\">Tabuleiro de servir por atacado com pega dupla Carater\u00edsticas:<\/h2>\n\n\n\n<p><strong>A\u00e7o inoxid\u00e1vel duradouro: <\/strong>Fabricadas em a\u00e7o inoxid\u00e1vel de alta qualidade, estas placas s\u00e3o resistentes \u00e0 ferrugem, \u00e0 corros\u00e3o e ao desgaste, garantindo uma utiliza\u00e7\u00e3o duradoura.<\/p>\n\n\n\n<p><strong>Pegas duplas pr\u00e1ticas:<\/strong> As pegas duplas ergon\u00f3micas proporcionam uma ader\u00eancia segura e confort\u00e1vel, facilitando o transporte e o servi\u00e7o de alimentos sem derrames.<\/p>\n\n\n\n<p><strong>Op\u00e7\u00f5es de cores elegantes:<\/strong> Escolha entre um acabamento dourado chique ou prateado elegante, acrescentando um toque de sofistica\u00e7\u00e3o a qualquer ambiente de jantar.<\/p>\n\n\n\n<p><strong>Tamanhos vers\u00e1teis:<\/strong> Dispon\u00edvel em tr\u00eas tamanhos (Pequeno: 19,3cm, M\u00e9dio: 23,3cm, Grande: 27,3cm), perfeito para servir tudo, desde aperitivos a pratos principais.<\/p>\n\n\n\n<p><strong>F\u00e1cil de limpar:<\/strong> A superf\u00edcie lisa e n\u00e3o porosa garante uma limpeza sem esfor\u00e7o, poupando tempo e esfor\u00e7o ap\u00f3s cada utiliza\u00e7\u00e3o.<\/p>\n<\/div>\n\n\n\n<div class=\"wp-block-column is-layout-flow wp-block-column-is-layout-flow\">\n<figure class=\"wp-block-image size-full\"><img decoding=\"async\" width=\"800\" height=\"800\" src=\"https:\/\/www.yongyukitchenware.com\/wp-content\/uploads\/2026\/02\/Wholesale-Serving-Tray-with-Double-Handle-5.webp\" alt=\"Bandeja de servi\u00e7o por atacado com pega dupla-5\" class=\"wp-image-5125\" srcset=\"https:\/\/www.yongyukitchenware.com\/wp-content\/uploads\/2026\/02\/Wholesale-Serving-Tray-with-Double-Handle-5.webp 800w, https:\/\/www.yongyukitchenware.com\/wp-content\/uploads\/2026\/02\/Wholesale-Serving-Tray-with-Double-Handle-5-300x300.webp 300w, https:\/\/www.yongyukitchenware.com\/wp-content\/uploads\/2026\/02\/Wholesale-Serving-Tray-with-Double-Handle-5-150x150.webp 150w, https:\/\/www.yongyukitchenware.com\/wp-content\/uploads\/2026\/02\/Wholesale-Serving-Tray-with-Double-Handle-5-768x768.webp 768w, https:\/\/www.yongyukitchenware.com\/wp-content\/uploads\/2026\/02\/Wholesale-Serving-Tray-with-Double-Handle-5-12x12.webp 12w, https:\/\/www.yongyukitchenware.com\/wp-content\/uploads\/2026\/02\/Wholesale-Serving-Tray-with-Double-Handle-5-600x600.webp 600w, https:\/\/www.yongyukitchenware.com\/wp-content\/uploads\/2026\/02\/Wholesale-Serving-Tray-with-Double-Handle-5-100x100.webp 100w\" sizes=\"(max-width: 800px) 100vw, 800px\" \/><\/figure>\n\n\n\n<figure class=\"wp-block-image size-full\"><img decoding=\"async\" width=\"800\" height=\"800\" src=\"https:\/\/www.yongyukitchenware.com\/wp-content\/uploads\/2026\/02\/Wholesale-Serving-Tray-with-Double-Handle-6.webp\" alt=\"Bandeja de servi\u00e7o por atacado com pega dupla-6\" class=\"wp-image-5126\" srcset=\"https:\/\/www.yongyukitchenware.com\/wp-content\/uploads\/2026\/02\/Wholesale-Serving-Tray-with-Double-Handle-6.webp 800w, https:\/\/www.yongyukitchenware.com\/wp-content\/uploads\/2026\/02\/Wholesale-Serving-Tray-with-Double-Handle-6-300x300.webp 300w, https:\/\/www.yongyukitchenware.com\/wp-content\/uploads\/2026\/02\/Wholesale-Serving-Tray-with-Double-Handle-6-150x150.webp 150w, https:\/\/www.yongyukitchenware.com\/wp-content\/uploads\/2026\/02\/Wholesale-Serving-Tray-with-Double-Handle-6-768x768.webp 768w, https:\/\/www.yongyukitchenware.com\/wp-content\/uploads\/2026\/02\/Wholesale-Serving-Tray-with-Double-Handle-6-12x12.webp 12w, https:\/\/www.yongyukitchenware.com\/wp-content\/uploads\/2026\/02\/Wholesale-Serving-Tray-with-Double-Handle-6-600x600.webp 600w, https:\/\/www.yongyukitchenware.com\/wp-content\/uploads\/2026\/02\/Wholesale-Serving-Tray-with-Double-Handle-6-100x100.webp 100w\" sizes=\"(max-width: 800px) 100vw, 800px\" \/><\/figure>\n<\/div>\n<\/div>","protected":false},"excerpt":{"rendered":"<div class=\"n4sEPd\">\n<div class=\"UdTY9 qhIQqf leDWne\" aria-hidden=\"true\" data-location=\"1\">\n<div class=\"n4sEPd\">\n<div class=\"UdTY9 qhIQqf leDWne\" aria-hidden=\"true\" data-location=\"1\">Este prato redondo de a\u00e7o inoxid\u00e1vel com duas pegas, dispon\u00edvel em dourado e prateado com tr\u00eas tamanhos (Pequeno: 19,3 cm, M\u00e9dio: 23,3 cm, Grande: 27,3 cm), \u00e9 dur\u00e1vel, resistente ao calor, f\u00e1cil de limpar e perfeito para v\u00e1rias necessidades de refei\u00e7\u00f5es, oferecendo estilo e funcionalidade para reuni\u00f5es em casa ou em restaurantes.<\/div>\n<\/div>\n<h2 style=\"text-align: left\">Tabuleiro de servir por atacado com pega dupla:<\/h2>\n<p style=\"text-align: left\"><strong>Material:<\/strong> A\u00e7o inoxid\u00e1vel<br \/><strong>Comprimento:<\/strong>19,3\/23,3\/27,3cm<br \/><strong>Forma:<\/strong> Redondo<br \/><strong>Embalagem:<\/strong> Saco OPP e caixa de cart\u00e3o<br \/><strong>OEM\/ODM:<\/strong> Dispon\u00edvel<\/p>\n<h2 class=\"wp-block-heading\">De Yongyu Tableware Wholesaler:<\/h2>\n<p>A Yongyu Tableware Wholesaler pode satisfazer as necessidades dos clientes a granel e fornecer uma s\u00e9rie de fornecimentos de catering de alta qualidade por atacado que combina eleg\u00e2ncia e durabilidade. Incluindo utens\u00edlios de mesa, utens\u00edlios de bebida, equipamento de restaura\u00e7\u00e3o, utens\u00edlios de cozinha, artigos essenciais de cozinha de acampamento, etc.<\/p>\n<\/div>\n<\/div>","protected":false},"featured_media":5121,"comment_status":"closed","ping_status":"closed","template":"","meta":{"_acf_changed":true},"application":[29],"product_brand":[],"product_cat":[21,46],"product_tag":[],"class_list":{"0":"post-5120","1":"product","2":"type-product","3":"status-publish","4":"has-post-thumbnail","6":"application-home-kitchen","7":"product_cat-tableware-wholesale","8":"product_cat-stainless-steel-dinner-plates-wholesale","10":"first","11":"instock","12":"shipping-taxable","13":"product-type-simple"},"acf":[],"_links":{"self":[{"href":"https:\/\/www.yongyukitchenware.com\/pt\/wp-json\/wp\/v2\/product\/5120","targetHints":{"allow":["GET"]}}],"collection":[{"href":"https:\/\/www.yongyukitchenware.com\/pt\/wp-json\/wp\/v2\/product"}],"about":[{"href":"https:\/\/www.yongyukitchenware.com\/pt\/wp-json\/wp\/v2\/types\/product"}],"replies":[{"embeddable":true,"href":"https:\/\/www.yongyukitchenware.com\/pt\/wp-json\/wp\/v2\/comments?post=5120"}],"wp:featuredmedia":[{"embeddable":true,"href":"https:\/\/www.yongyukitchenware.com\/pt\/wp-json\/wp\/v2\/media\/5121"}],"wp:attachment":[{"href":"https:\/\/www.yongyukitchenware.com\/pt\/wp-json\/wp\/v2\/media?parent=5120"}],"wp:term":[{"taxonomy":"application","embeddable":true,"href":"https:\/\/www.yongyukitchenware.com\/pt\/wp-json\/wp\/v2\/application?post=5120"},{"taxonomy":"product_brand","embeddable":true,"href":"https:\/\/www.yongyukitchenware.com\/pt\/wp-json\/wp\/v2\/product_brand?post=5120"},{"taxonomy":"product_cat","embeddable":true,"href":"https:\/\/www.yongyukitchenware.com\/pt\/wp-json\/wp\/v2\/product_cat?post=5120"},{"taxonomy":"product_tag","embeddable":true,"href":"https:\/\/www.yongyukitchenware.com\/pt\/wp-json\/wp\/v2\/product_tag?post=5120"}],"curies":[{"name":"wp","href":"https:\/\/api.w.org\/{rel}","templated":true}]}}