{"id":5132,"date":"2026-03-02T07:35:27","date_gmt":"2026-03-02T07:35:27","guid":{"rendered":"https:\/\/www.yongyukitchenware.com\/?post_type=product&#038;p=5132"},"modified":"2026-03-02T07:36:05","modified_gmt":"2026-03-02T07:36:05","slug":"bulk-stainless-steel-oval-bowl-salad-noodle-fried-chicken-serving-pan-silver","status":"publish","type":"product","link":"https:\/\/www.yongyukitchenware.com\/pt\/produto\/bulk-stainless-steel-oval-bowl-salad-noodle-fried-chicken-serving-pan-silver\/","title":{"rendered":"Tigela oval de a\u00e7o inoxid\u00e1vel para salada de macarr\u00e3o e frango frito - prata"},"content":{"rendered":"<div class=\"wp-block-columns is-layout-flex wp-container-core-columns-is-layout-9d6595d7 wp-block-columns-is-layout-flex\">\n<div class=\"wp-block-column is-layout-flow wp-block-column-is-layout-flow\">\n<h2 class=\"wp-block-heading\">Tamanho da ta\u00e7a oval em a\u00e7o inoxid\u00e1vel a granel:<\/h2>\n\n\n\n<figure class=\"wp-block-table\"><table class=\"has-fixed-layout\"><tbody><tr><td>Modelo<\/td><td>Tamanho<\/td><td>Peso<\/td><td>MOQ<\/td><\/tr><tr><td rowspan=\"3\">DY079-P<\/td><td>21x15x5CM<\/td><td>255g<\/td><td rowspan=\"3\">120 UNIDADES<\/td><\/tr><tr><td>24,5x18x5,5CM<\/td><td>370g<\/td><\/tr><tr><td>29\u00d720,5x7CM<\/td><td>535g<\/td><\/tr><\/tbody><\/table><\/figure>\n\n\n\n<h2 class=\"wp-block-heading\">Tigela oval de a\u00e7o inoxid\u00e1vel a granel Carater\u00edsticas:<\/h2>\n\n\n\n<p><strong>A\u00e7o inoxid\u00e1vel de qualidade superior:<\/strong> Fabricado em a\u00e7o inoxid\u00e1vel de alta qualidade, este prato oval \u00e9 dur\u00e1vel, resistente \u00e0 ferrugem e constru\u00eddo para durar para uma utiliza\u00e7\u00e3o a longo prazo.<\/p>\n\n\n\n<p><strong>Pegas duplas ergon\u00f3micas:<\/strong> O design de pega dupla proporciona uma ader\u00eancia segura e confort\u00e1vel, facilitando o transporte e o servi\u00e7o de alimentos sem derrames.<\/p>\n\n\n\n<p><strong>Op\u00e7\u00f5es de acabamento elegantes: <\/strong>Dispon\u00edveis em dourado e prateado, estas cores elegantes d\u00e3o um toque de sofistica\u00e7\u00e3o a qualquer refei\u00e7\u00e3o ou ambiente de cozinha.<\/p>\n\n\n\n<p><strong>Op\u00e7\u00f5es de tamanho vers\u00e1teis:<\/strong> Com tr\u00eas tamanhos diferentes (Pequeno: 21x15x5cm, M\u00e9dio: 24,5x18x5,5cm, Grande: 29\u00d720,5x7cm), este prato \u00e9 perfeito para uma variedade de necessidades culin\u00e1rias e de servi\u00e7o.<\/p>\n\n\n\n<p><strong>F\u00e1cil de limpar: <\/strong>A superf\u00edcie lisa e n\u00e3o porosa garante uma limpeza sem esfor\u00e7o, tornando-a conveniente para uma utiliza\u00e7\u00e3o di\u00e1ria e uma limpeza r\u00e1pida ap\u00f3s as refei\u00e7\u00f5es.<\/p>\n<\/div>\n\n\n\n<div class=\"wp-block-column is-layout-flow wp-block-column-is-layout-flow\">\n<figure class=\"wp-block-image size-full\"><img decoding=\"async\" width=\"800\" height=\"800\" src=\"https:\/\/www.yongyukitchenware.com\/wp-content\/uploads\/2026\/03\/Bulk-Stainless-Steel-Oval-Bowl-4.webp\" alt=\"Tigela oval de a\u00e7o inoxid\u00e1vel a granel - 4\" class=\"wp-image-5136\" srcset=\"https:\/\/www.yongyukitchenware.com\/wp-content\/uploads\/2026\/03\/Bulk-Stainless-Steel-Oval-Bowl-4.webp 800w, https:\/\/www.yongyukitchenware.com\/wp-content\/uploads\/2026\/03\/Bulk-Stainless-Steel-Oval-Bowl-4-300x300.webp 300w, https:\/\/www.yongyukitchenware.com\/wp-content\/uploads\/2026\/03\/Bulk-Stainless-Steel-Oval-Bowl-4-150x150.webp 150w, https:\/\/www.yongyukitchenware.com\/wp-content\/uploads\/2026\/03\/Bulk-Stainless-Steel-Oval-Bowl-4-768x768.webp 768w, https:\/\/www.yongyukitchenware.com\/wp-content\/uploads\/2026\/03\/Bulk-Stainless-Steel-Oval-Bowl-4-12x12.webp 12w, https:\/\/www.yongyukitchenware.com\/wp-content\/uploads\/2026\/03\/Bulk-Stainless-Steel-Oval-Bowl-4-600x600.webp 600w, https:\/\/www.yongyukitchenware.com\/wp-content\/uploads\/2026\/03\/Bulk-Stainless-Steel-Oval-Bowl-4-100x100.webp 100w\" sizes=\"(max-width: 800px) 100vw, 800px\" \/><\/figure>\n\n\n\n<figure class=\"wp-block-image size-full\"><img decoding=\"async\" width=\"800\" height=\"800\" src=\"https:\/\/www.yongyukitchenware.com\/wp-content\/uploads\/2026\/03\/Bulk-Stainless-Steel-Oval-Bowl-9.webp\" alt=\"Tigela oval de a\u00e7o inoxid\u00e1vel a granel-9\" class=\"wp-image-5141\" srcset=\"https:\/\/www.yongyukitchenware.com\/wp-content\/uploads\/2026\/03\/Bulk-Stainless-Steel-Oval-Bowl-9.webp 800w, https:\/\/www.yongyukitchenware.com\/wp-content\/uploads\/2026\/03\/Bulk-Stainless-Steel-Oval-Bowl-9-300x300.webp 300w, https:\/\/www.yongyukitchenware.com\/wp-content\/uploads\/2026\/03\/Bulk-Stainless-Steel-Oval-Bowl-9-150x150.webp 150w, https:\/\/www.yongyukitchenware.com\/wp-content\/uploads\/2026\/03\/Bulk-Stainless-Steel-Oval-Bowl-9-768x768.webp 768w, https:\/\/www.yongyukitchenware.com\/wp-content\/uploads\/2026\/03\/Bulk-Stainless-Steel-Oval-Bowl-9-12x12.webp 12w, https:\/\/www.yongyukitchenware.com\/wp-content\/uploads\/2026\/03\/Bulk-Stainless-Steel-Oval-Bowl-9-600x600.webp 600w, https:\/\/www.yongyukitchenware.com\/wp-content\/uploads\/2026\/03\/Bulk-Stainless-Steel-Oval-Bowl-9-100x100.webp 100w\" sizes=\"(max-width: 800px) 100vw, 800px\" \/><\/figure>\n<\/div>\n<\/div>","protected":false},"excerpt":{"rendered":"<div class=\"n4sEPd\">\n<div class=\"UdTY9 qhIQqf leDWne\" aria-hidden=\"true\" data-location=\"1\">\n<div class=\"n4sEPd\">\n<div class=\"UdTY9 qhIQqf leDWne\" aria-hidden=\"true\" data-location=\"1\">\n<div class=\"n4sEPd\">\n<div class=\"UdTY9 qhIQqf leDWne\" aria-hidden=\"true\" data-location=\"1\">Este prato oval de a\u00e7o inoxid\u00e1vel com duas pegas, dispon\u00edvel em dourado e prateado, com tr\u00eas tamanhos (Pequeno: 21x15x5cm, M\u00e9dio: 24,5x18x5,5cm, Grande: 29\u00d720,5x7cm), oferece durabilidade, resist\u00eancia ao calor, limpeza f\u00e1cil e op\u00e7\u00f5es personaliz\u00e1veis, apoiadas por um servi\u00e7o de apoio ao cliente atencioso e pre\u00e7os competitivos.<\/div>\n<\/div>\n<h2 style=\"text-align: left\">Tigela oval em a\u00e7o inoxid\u00e1vel a granel:<\/h2>\n<p style=\"text-align: left\"><strong>Material:<\/strong> A\u00e7o inoxid\u00e1vel<br \/><strong>Comprimento:<\/strong>21\/24,5\/29cm<br \/><strong>Forma:<\/strong> Ovel<br \/><strong>Embalagem:<\/strong> Saco OPP e caixa de cart\u00e3o<br \/><strong>OEM\/ODM:<\/strong> Dispon\u00edvel<\/p>\n<h2 class=\"wp-block-heading\">De Yongyu Tableware Wholesaler:<\/h2>\n<p>A Yongyu Tableware Wholesaler pode satisfazer as necessidades dos clientes a granel e fornecer uma s\u00e9rie de fornecimentos de catering de alta qualidade por atacado que combina eleg\u00e2ncia e durabilidade. Incluindo utens\u00edlios de mesa, utens\u00edlios de bebida, equipamento de restaura\u00e7\u00e3o, utens\u00edlios de cozinha, artigos essenciais de cozinha de acampamento, etc.<\/p>\n<\/div>\n<\/div>\n<\/div>\n<\/div>","protected":false},"featured_media":5133,"comment_status":"closed","ping_status":"closed","template":"","meta":{"_acf_changed":true},"application":[29],"product_brand":[],"product_cat":[21,46],"product_tag":[],"class_list":{"0":"post-5132","1":"product","2":"type-product","3":"status-publish","4":"has-post-thumbnail","6":"application-home-kitchen","7":"product_cat-tableware-wholesale","8":"product_cat-stainless-steel-dinner-plates-wholesale","10":"first","11":"instock","12":"shipping-taxable","13":"product-type-simple"},"acf":[],"_links":{"self":[{"href":"https:\/\/www.yongyukitchenware.com\/pt\/wp-json\/wp\/v2\/product\/5132","targetHints":{"allow":["GET"]}}],"collection":[{"href":"https:\/\/www.yongyukitchenware.com\/pt\/wp-json\/wp\/v2\/product"}],"about":[{"href":"https:\/\/www.yongyukitchenware.com\/pt\/wp-json\/wp\/v2\/types\/product"}],"replies":[{"embeddable":true,"href":"https:\/\/www.yongyukitchenware.com\/pt\/wp-json\/wp\/v2\/comments?post=5132"}],"wp:featuredmedia":[{"embeddable":true,"href":"https:\/\/www.yongyukitchenware.com\/pt\/wp-json\/wp\/v2\/media\/5133"}],"wp:attachment":[{"href":"https:\/\/www.yongyukitchenware.com\/pt\/wp-json\/wp\/v2\/media?parent=5132"}],"wp:term":[{"taxonomy":"application","embeddable":true,"href":"https:\/\/www.yongyukitchenware.com\/pt\/wp-json\/wp\/v2\/application?post=5132"},{"taxonomy":"product_brand","embeddable":true,"href":"https:\/\/www.yongyukitchenware.com\/pt\/wp-json\/wp\/v2\/product_brand?post=5132"},{"taxonomy":"product_cat","embeddable":true,"href":"https:\/\/www.yongyukitchenware.com\/pt\/wp-json\/wp\/v2\/product_cat?post=5132"},{"taxonomy":"product_tag","embeddable":true,"href":"https:\/\/www.yongyukitchenware.com\/pt\/wp-json\/wp\/v2\/product_tag?post=5132"}],"curies":[{"name":"wp","href":"https:\/\/api.w.org\/{rel}","templated":true}]}}