{"id":5143,"date":"2026-03-03T06:48:19","date_gmt":"2026-03-03T06:48:19","guid":{"rendered":"https:\/\/www.yongyukitchenware.com\/?post_type=product&#038;p=5143"},"modified":"2026-03-03T07:23:14","modified_gmt":"2026-03-03T07:23:14","slug":"wholesale-welding-base-tray-stainless-steel-dinner-plate","status":"publish","type":"product","link":"https:\/\/www.yongyukitchenware.com\/pt\/produto\/wholesale-welding-base-tray-stainless-steel-dinner-plate\/","title":{"rendered":"Tabuleiro de base de soldadura por atacado Prato de jantar em a\u00e7o inoxid\u00e1vel"},"content":{"rendered":"<div class=\"wp-block-columns is-layout-flex wp-container-core-columns-is-layout-9d6595d7 wp-block-columns-is-layout-flex\">\n<div class=\"wp-block-column is-layout-flow wp-block-column-is-layout-flow\">\n<h2 class=\"wp-block-heading\">Tamanho do tabuleiro de base de soldadura por atacado:<\/h2>\n\n\n\n<figure class=\"wp-block-table\"><table class=\"has-fixed-layout\"><tbody><tr><td>Modelo<\/td><td>Tamanho<\/td><td>Peso<\/td><td>MOQ<\/td><\/tr><tr><td rowspan=\"5\">DY080-P<\/td><td>19CM<\/td><td>250g<\/td><td rowspan=\"5\">120 UNIDADES<\/td><\/tr><tr><td>23CM<\/td><td>350g<\/td><\/tr><tr><td>26CM<\/td><td>480g<\/td><\/tr><tr><td>30CM<\/td><td>650g<\/td><\/tr><tr><td>32,5 CM<\/td><td>700g<\/td><\/tr><\/tbody><\/table><\/figure>\n\n\n\n<h2 class=\"wp-block-heading\">Bandeja de base de soldadura por atacado Carater\u00edsticas:<\/h2>\n\n\n\n<p><strong>A\u00e7o inoxid\u00e1vel duradouro: <\/strong>Fabricado em a\u00e7o inoxid\u00e1vel de alta qualidade, garantindo uma for\u00e7a duradoura, resist\u00eancia \u00e0 ferrugem e f\u00e1cil manuten\u00e7\u00e3o.<\/p>\n\n\n\n<p><strong>Design de fundo elevado:<\/strong> A base elevada acrescenta estabilidade, impedindo que o prato tombe e proporcionando uma experi\u00eancia de servi\u00e7o mais segura e protegida.<\/p>\n\n\n\n<p><strong>Op\u00e7\u00f5es de tamanho vers\u00e1teis: <\/strong>Dispon\u00edvel em cinco tamanhos (19CM, 23CM, 26CM, 30CM, 32,5CM), tornando-a ideal para uma vasta gama de por\u00e7\u00f5es de alimentos e tarefas culin\u00e1rias.<\/p>\n\n\n\n<p><strong>Est\u00e9tica elegante e moderna:<\/strong> O acabamento polido e as linhas simples oferecem um aspeto contempor\u00e2neo, melhorando a apresenta\u00e7\u00e3o dos seus alimentos em qualquer ambiente.<\/p>\n\n\n\n<p><strong>F\u00e1cil de limpar:<\/strong> A superf\u00edcie lisa e n\u00e3o porosa garante uma limpeza sem esfor\u00e7o, tornando-a perfeita para uma utiliza\u00e7\u00e3o di\u00e1ria e uma limpeza r\u00e1pida ap\u00f3s as refei\u00e7\u00f5es.<\/p>\n<\/div>\n\n\n\n<div class=\"wp-block-column is-layout-flow wp-block-column-is-layout-flow\">\n<figure class=\"wp-block-image size-full\"><img decoding=\"async\" width=\"800\" height=\"800\" src=\"https:\/\/www.yongyukitchenware.com\/wp-content\/uploads\/2026\/03\/wholesale-Welding-base-tray-2.webp\" alt=\"atacado-Bandeja de base de soldadura-2\" class=\"wp-image-5149\" style=\"object-fit:cover\" srcset=\"https:\/\/www.yongyukitchenware.com\/wp-content\/uploads\/2026\/03\/wholesale-Welding-base-tray-2.webp 800w, https:\/\/www.yongyukitchenware.com\/wp-content\/uploads\/2026\/03\/wholesale-Welding-base-tray-2-300x300.webp 300w, https:\/\/www.yongyukitchenware.com\/wp-content\/uploads\/2026\/03\/wholesale-Welding-base-tray-2-150x150.webp 150w, https:\/\/www.yongyukitchenware.com\/wp-content\/uploads\/2026\/03\/wholesale-Welding-base-tray-2-768x768.webp 768w, https:\/\/www.yongyukitchenware.com\/wp-content\/uploads\/2026\/03\/wholesale-Welding-base-tray-2-12x12.webp 12w, https:\/\/www.yongyukitchenware.com\/wp-content\/uploads\/2026\/03\/wholesale-Welding-base-tray-2-600x600.webp 600w, https:\/\/www.yongyukitchenware.com\/wp-content\/uploads\/2026\/03\/wholesale-Welding-base-tray-2-100x100.webp 100w\" sizes=\"(max-width: 800px) 100vw, 800px\" \/><\/figure>\n\n\n\n<figure class=\"wp-block-image size-full\"><img decoding=\"async\" width=\"800\" height=\"800\" src=\"https:\/\/www.yongyukitchenware.com\/wp-content\/uploads\/2026\/03\/wholesale-Welding-base-tray-4.webp\" alt=\"atacado-Bandeja de base de soldadura-4\" class=\"wp-image-5151\" srcset=\"https:\/\/www.yongyukitchenware.com\/wp-content\/uploads\/2026\/03\/wholesale-Welding-base-tray-4.webp 800w, https:\/\/www.yongyukitchenware.com\/wp-content\/uploads\/2026\/03\/wholesale-Welding-base-tray-4-300x300.webp 300w, https:\/\/www.yongyukitchenware.com\/wp-content\/uploads\/2026\/03\/wholesale-Welding-base-tray-4-150x150.webp 150w, https:\/\/www.yongyukitchenware.com\/wp-content\/uploads\/2026\/03\/wholesale-Welding-base-tray-4-768x768.webp 768w, https:\/\/www.yongyukitchenware.com\/wp-content\/uploads\/2026\/03\/wholesale-Welding-base-tray-4-12x12.webp 12w, https:\/\/www.yongyukitchenware.com\/wp-content\/uploads\/2026\/03\/wholesale-Welding-base-tray-4-600x600.webp 600w, https:\/\/www.yongyukitchenware.com\/wp-content\/uploads\/2026\/03\/wholesale-Welding-base-tray-4-100x100.webp 100w\" sizes=\"(max-width: 800px) 100vw, 800px\" \/><\/figure>\n<\/div>\n<\/div>\n\n\n\n<p><\/p>","protected":false},"excerpt":{"rendered":"<div class=\"n4sEPd\">\n<div class=\"UdTY9 qhIQqf leDWne\" aria-hidden=\"true\" data-location=\"1\">\n<div class=\"n4sEPd\">\n<div class=\"UdTY9 qhIQqf leDWne\" aria-hidden=\"true\" data-location=\"1\">\n<div class=\"n4sEPd\">\n<div class=\"UdTY9 qhIQqf leDWne\" aria-hidden=\"true\" data-location=\"1\">Esta placa para p\u00e9s soldada em a\u00e7o inoxid\u00e1vel, dispon\u00edvel em cinco tamanhos (19CM, 23CM, 26CM, 30CM, 32,5CM), oferece durabilidade, um fundo elevado para estabilidade, limpeza f\u00e1cil e op\u00e7\u00f5es personaliz\u00e1veis, apoiadas por uma garantia de alta qualidade e um apoio ao cliente excecional, tornando-a perfeita para v\u00e1rias necessidades de cozinhar e servir.<\/div>\n<\/div>\n<h2 style=\"text-align: left\">Bandeja de base de soldadura por atacado:<\/h2>\n<p style=\"text-align: left\"><strong>Material:<\/strong> A\u00e7o inoxid\u00e1vel<br \/><strong>Comprimento:<\/strong>19\/23\/26\/30\/32,5cm<br \/><strong>Forma:<\/strong> Redondo<br \/><strong>Embalagem:<\/strong> Saco OPP e caixa de cart\u00e3o<br \/><strong>OEM\/ODM:<\/strong> Dispon\u00edvel<\/p>\n<h2 class=\"wp-block-heading\">De Yongyu Tableware Wholesaler:<\/h2>\n<p>A Yongyu Tableware Wholesaler pode satisfazer as necessidades dos clientes a granel e fornecer uma s\u00e9rie de fornecimentos de catering de alta qualidade por atacado que combina eleg\u00e2ncia e durabilidade. Incluindo utens\u00edlios de mesa, utens\u00edlios de bebida, equipamento de restaura\u00e7\u00e3o, utens\u00edlios de cozinha, artigos essenciais de cozinha de acampamento, etc.<\/p>\n<\/div>\n<\/div>\n<\/div>\n<\/div>","protected":false},"featured_media":5148,"comment_status":"closed","ping_status":"closed","template":"","meta":{"_acf_changed":true},"application":[29],"product_brand":[],"product_cat":[21,46],"product_tag":[],"class_list":{"0":"post-5143","1":"product","2":"type-product","3":"status-publish","4":"has-post-thumbnail","6":"application-home-kitchen","7":"product_cat-tableware-wholesale","8":"product_cat-stainless-steel-dinner-plates-wholesale","10":"first","11":"instock","12":"shipping-taxable","13":"product-type-simple"},"acf":[],"_links":{"self":[{"href":"https:\/\/www.yongyukitchenware.com\/pt\/wp-json\/wp\/v2\/product\/5143","targetHints":{"allow":["GET"]}}],"collection":[{"href":"https:\/\/www.yongyukitchenware.com\/pt\/wp-json\/wp\/v2\/product"}],"about":[{"href":"https:\/\/www.yongyukitchenware.com\/pt\/wp-json\/wp\/v2\/types\/product"}],"replies":[{"embeddable":true,"href":"https:\/\/www.yongyukitchenware.com\/pt\/wp-json\/wp\/v2\/comments?post=5143"}],"wp:featuredmedia":[{"embeddable":true,"href":"https:\/\/www.yongyukitchenware.com\/pt\/wp-json\/wp\/v2\/media\/5148"}],"wp:attachment":[{"href":"https:\/\/www.yongyukitchenware.com\/pt\/wp-json\/wp\/v2\/media?parent=5143"}],"wp:term":[{"taxonomy":"application","embeddable":true,"href":"https:\/\/www.yongyukitchenware.com\/pt\/wp-json\/wp\/v2\/application?post=5143"},{"taxonomy":"product_brand","embeddable":true,"href":"https:\/\/www.yongyukitchenware.com\/pt\/wp-json\/wp\/v2\/product_brand?post=5143"},{"taxonomy":"product_cat","embeddable":true,"href":"https:\/\/www.yongyukitchenware.com\/pt\/wp-json\/wp\/v2\/product_cat?post=5143"},{"taxonomy":"product_tag","embeddable":true,"href":"https:\/\/www.yongyukitchenware.com\/pt\/wp-json\/wp\/v2\/product_tag?post=5143"}],"curies":[{"name":"wp","href":"https:\/\/api.w.org\/{rel}","templated":true}]}}