{"id":5158,"date":"2026-03-03T07:21:05","date_gmt":"2026-03-03T07:21:05","guid":{"rendered":"https:\/\/www.yongyukitchenware.com\/?post_type=product&#038;p=5158"},"modified":"2026-03-03T07:22:38","modified_gmt":"2026-03-03T07:22:38","slug":"custom-double-flavor-tray-korean-stainless-steel-oval-divided-tray","status":"publish","type":"product","link":"https:\/\/www.yongyukitchenware.com\/pt\/produto\/custom-double-flavor-tray-korean-stainless-steel-oval-divided-tray\/","title":{"rendered":"Tabuleiro duplo sabor personalizado Tabuleiro oval dividido em a\u00e7o inoxid\u00e1vel coreano"},"content":{"rendered":"<div class=\"wp-block-columns is-layout-flex wp-container-core-columns-is-layout-9d6595d7 wp-block-columns-is-layout-flex\">\n<div class=\"wp-block-column is-layout-flow wp-block-column-is-layout-flow\">\n<h2 class=\"wp-block-heading\">Bandeja de duplo sabor personalizada Tamanho:<\/h2>\n\n\n\n<figure class=\"wp-block-table\"><table class=\"has-fixed-layout\"><tbody><tr><td>Modelo<\/td><td>Tamanho<\/td><td>Peso<\/td><td>MOQ<\/td><\/tr><tr><td rowspan=\"2\">DY081-P<\/td><td>28X17CM<\/td><td>205g<\/td><td rowspan=\"2\">120 UNIDADES<\/td><\/tr><tr><td>32x20CM<\/td><td>295g<\/td><\/tr><\/tbody><\/table><\/figure>\n\n\n\n<h2 class=\"wp-block-heading\">Bandeja de duplo sabor personalizada Carater\u00edsticas:<\/h2>\n\n\n\n<p><strong>Compartimentos duplos:<\/strong> Mant\u00e9m os diferentes alimentos separados, ideal para servir v\u00e1rios pratos sem sobreposi\u00e7\u00e3o de sabores.<\/p>\n\n\n\n<p><strong>Arestas mais largas: <\/strong>As bordas largas oferecem uma fixa\u00e7\u00e3o segura e confort\u00e1vel para servir sem esfor\u00e7o.<\/p>\n\n\n\n<p><strong>A\u00e7o inoxid\u00e1vel duradouro: <\/strong>Fabricado em a\u00e7o inoxid\u00e1vel de alta qualidade para um design duradouro e resistente.<\/p>\n\n\n\n<p><strong>F\u00e1cil de limpar: <\/strong>A superf\u00edcie lisa permite uma limpeza r\u00e1pida e sem complica\u00e7\u00f5es.<\/p>\n\n\n\n<p><strong>Design elegante:<\/strong>Dispon\u00edvel nos acabamentos dourado e prateado, perfeito para real\u00e7ar qualquer ambiente de mesa.<\/p>\n<\/div>\n\n\n\n<div class=\"wp-block-column is-layout-flow wp-block-column-is-layout-flow\">\n<figure class=\"wp-block-image size-full\"><img decoding=\"async\" width=\"800\" height=\"800\" src=\"https:\/\/www.yongyukitchenware.com\/wp-content\/uploads\/2026\/03\/Custom-Double-Flavor-Tray-7.webp\" alt=\"Bandeja de aromas dupla personalizada-7\" class=\"wp-image-5165\" style=\"object-fit:cover\" srcset=\"https:\/\/www.yongyukitchenware.com\/wp-content\/uploads\/2026\/03\/Custom-Double-Flavor-Tray-7.webp 800w, https:\/\/www.yongyukitchenware.com\/wp-content\/uploads\/2026\/03\/Custom-Double-Flavor-Tray-7-300x300.webp 300w, https:\/\/www.yongyukitchenware.com\/wp-content\/uploads\/2026\/03\/Custom-Double-Flavor-Tray-7-150x150.webp 150w, https:\/\/www.yongyukitchenware.com\/wp-content\/uploads\/2026\/03\/Custom-Double-Flavor-Tray-7-768x768.webp 768w, https:\/\/www.yongyukitchenware.com\/wp-content\/uploads\/2026\/03\/Custom-Double-Flavor-Tray-7-12x12.webp 12w, https:\/\/www.yongyukitchenware.com\/wp-content\/uploads\/2026\/03\/Custom-Double-Flavor-Tray-7-600x600.webp 600w, https:\/\/www.yongyukitchenware.com\/wp-content\/uploads\/2026\/03\/Custom-Double-Flavor-Tray-7-100x100.webp 100w\" sizes=\"(max-width: 800px) 100vw, 800px\" \/><\/figure>\n\n\n\n<figure class=\"wp-block-image size-full\"><img decoding=\"async\" width=\"800\" height=\"800\" src=\"https:\/\/www.yongyukitchenware.com\/wp-content\/uploads\/2026\/03\/Custom-Double-Flavor-Tray-8.webp\" alt=\"Bandeja de aromas dupla personalizada-8\" class=\"wp-image-5166\" srcset=\"https:\/\/www.yongyukitchenware.com\/wp-content\/uploads\/2026\/03\/Custom-Double-Flavor-Tray-8.webp 800w, https:\/\/www.yongyukitchenware.com\/wp-content\/uploads\/2026\/03\/Custom-Double-Flavor-Tray-8-300x300.webp 300w, https:\/\/www.yongyukitchenware.com\/wp-content\/uploads\/2026\/03\/Custom-Double-Flavor-Tray-8-150x150.webp 150w, https:\/\/www.yongyukitchenware.com\/wp-content\/uploads\/2026\/03\/Custom-Double-Flavor-Tray-8-768x768.webp 768w, https:\/\/www.yongyukitchenware.com\/wp-content\/uploads\/2026\/03\/Custom-Double-Flavor-Tray-8-12x12.webp 12w, https:\/\/www.yongyukitchenware.com\/wp-content\/uploads\/2026\/03\/Custom-Double-Flavor-Tray-8-600x600.webp 600w, https:\/\/www.yongyukitchenware.com\/wp-content\/uploads\/2026\/03\/Custom-Double-Flavor-Tray-8-100x100.webp 100w\" sizes=\"(max-width: 800px) 100vw, 800px\" \/><\/figure>\n<\/div>\n<\/div>\n\n\n\n<p><\/p>","protected":false},"excerpt":{"rendered":"<div class=\"n4sEPd\">\n<div class=\"UdTY9 qhIQqf leDWne\" aria-hidden=\"true\" data-location=\"1\">\n<div class=\"n4sEPd\">\n<div class=\"UdTY9 qhIQqf leDWne\" aria-hidden=\"true\" data-location=\"1\">\n<div class=\"n4sEPd\">\n<div class=\"UdTY9 qhIQqf leDWne\" aria-hidden=\"true\" data-location=\"1\">Este prato de dois sabores em a\u00e7o inoxid\u00e1vel, dispon\u00edvel em dourado e prateado (2 tamanhos), \u00e9 perfeito para servir pratos separados. Vendas diretas da f\u00e1brica, personaliza\u00e7\u00e3o por grosso, ODM e op\u00e7\u00f5es OEM dispon\u00edveis para as suas necessidades.<\/div>\n<\/div>\n<h2 style=\"text-align: left\">Tabuleiro duplo sabor personalizado:<\/h2>\n<p style=\"text-align: left\"><strong>Material:<\/strong> A\u00e7o inoxid\u00e1vel<br \/><strong>Comprimento:<\/strong>28\/32 cm<br \/><strong>Forma:<\/strong> Oval<br \/><strong>Embalagem:<\/strong> Saco OPP e caixa de cart\u00e3o<br \/><strong>OEM\/ODM:<\/strong> Dispon\u00edvel<\/p>\n<h2 class=\"wp-block-heading\">De Yongyu Tableware Wholesaler:<\/h2>\n<p>A Yongyu Tableware Wholesaler pode satisfazer as necessidades dos clientes a granel e fornecer uma s\u00e9rie de fornecimentos de catering de alta qualidade por atacado que combina eleg\u00e2ncia e durabilidade. Incluindo utens\u00edlios de mesa, utens\u00edlios de bebida, equipamento de restaura\u00e7\u00e3o, utens\u00edlios de cozinha, artigos essenciais de cozinha de acampamento, etc.<\/p>\n<\/div>\n<\/div>\n<\/div>\n<\/div>","protected":false},"featured_media":5159,"comment_status":"closed","ping_status":"closed","template":"","meta":{"_acf_changed":true},"application":[29],"product_brand":[],"product_cat":[21,46],"product_tag":[],"class_list":{"0":"post-5158","1":"product","2":"type-product","3":"status-publish","4":"has-post-thumbnail","6":"application-home-kitchen","7":"product_cat-tableware-wholesale","8":"product_cat-stainless-steel-dinner-plates-wholesale","10":"first","11":"instock","12":"shipping-taxable","13":"product-type-simple"},"acf":[],"_links":{"self":[{"href":"https:\/\/www.yongyukitchenware.com\/pt\/wp-json\/wp\/v2\/product\/5158","targetHints":{"allow":["GET"]}}],"collection":[{"href":"https:\/\/www.yongyukitchenware.com\/pt\/wp-json\/wp\/v2\/product"}],"about":[{"href":"https:\/\/www.yongyukitchenware.com\/pt\/wp-json\/wp\/v2\/types\/product"}],"replies":[{"embeddable":true,"href":"https:\/\/www.yongyukitchenware.com\/pt\/wp-json\/wp\/v2\/comments?post=5158"}],"wp:featuredmedia":[{"embeddable":true,"href":"https:\/\/www.yongyukitchenware.com\/pt\/wp-json\/wp\/v2\/media\/5159"}],"wp:attachment":[{"href":"https:\/\/www.yongyukitchenware.com\/pt\/wp-json\/wp\/v2\/media?parent=5158"}],"wp:term":[{"taxonomy":"application","embeddable":true,"href":"https:\/\/www.yongyukitchenware.com\/pt\/wp-json\/wp\/v2\/application?post=5158"},{"taxonomy":"product_brand","embeddable":true,"href":"https:\/\/www.yongyukitchenware.com\/pt\/wp-json\/wp\/v2\/product_brand?post=5158"},{"taxonomy":"product_cat","embeddable":true,"href":"https:\/\/www.yongyukitchenware.com\/pt\/wp-json\/wp\/v2\/product_cat?post=5158"},{"taxonomy":"product_tag","embeddable":true,"href":"https:\/\/www.yongyukitchenware.com\/pt\/wp-json\/wp\/v2\/product_tag?post=5158"}],"curies":[{"name":"wp","href":"https:\/\/api.w.org\/{rel}","templated":true}]}}