{"id":5168,"date":"2026-03-04T06:40:48","date_gmt":"2026-03-04T06:40:48","guid":{"rendered":"https:\/\/www.yongyukitchenware.com\/?post_type=product&#038;p=5168"},"modified":"2026-03-04T06:40:49","modified_gmt":"2026-03-04T06:40:49","slug":"custom-nordic-trays-stainless-steel-rectangular-serving-tray","status":"publish","type":"product","link":"https:\/\/www.yongyukitchenware.com\/pt\/produto\/custom-nordic-trays-stainless-steel-rectangular-serving-tray\/","title":{"rendered":"Tabuleiro de servi\u00e7o retangular em a\u00e7o inoxid\u00e1vel personalizado Nordic Trays"},"content":{"rendered":"<div class=\"wp-block-columns is-layout-flex wp-container-core-columns-is-layout-9d6595d7 wp-block-columns-is-layout-flex\">\n<div class=\"wp-block-column is-layout-flow wp-block-column-is-layout-flow\">\n<h2 class=\"wp-block-heading\">Tabuleiros Nordic personalizados Tamanho:<\/h2>\n\n\n\n<figure class=\"wp-block-table\"><table class=\"has-fixed-layout\"><tbody><tr><td>Modelo<\/td><td>Tamanho<\/td><td>Peso<\/td><td>MOQ<\/td><\/tr><tr><td rowspan=\"5\">DY082-P<\/td><td>28X17CM<\/td><td>395g<\/td><td rowspan=\"5\">120 UNIDADES<\/td><\/tr><tr><td>32X20CM<\/td><td>530g<\/td><\/tr><tr><td>36X24CM<\/td><td>710g<\/td><\/tr><tr><td>43X28CM<\/td><td>1020g<\/td><\/tr><tr><td>46X31CM<\/td><td>1290g<\/td><\/tr><\/tbody><\/table><\/figure>\n\n\n\n<h2 class=\"wp-block-heading\">Tabuleiros Nordic personalizados Carater\u00edsticas:<\/h2>\n\n\n\n<p><strong>V\u00e1rios tamanhos:<\/strong> Dispon\u00edvel em cinco tamanhos, desde pequeno a super grande, perfeito para uma vasta gama de necessidades de servir, quer se trate de refei\u00e7\u00f5es, lanches ou bebidas.<\/p>\n\n\n\n<p><strong>Acabamento elegante: <\/strong>Escolha entre os acabamentos dourado ou prateado, dando um toque de sofistica\u00e7\u00e3o a qualquer refei\u00e7\u00e3o ou ocasi\u00e3o para servir.<\/p>\n\n\n\n<p><strong>A\u00e7o inoxid\u00e1vel duradouro: <\/strong>Fabricado em a\u00e7o inoxid\u00e1vel de alta qualidade, este tabuleiro oferece uma durabilidade duradoura, resistindo ao desgaste para uma utiliza\u00e7\u00e3o di\u00e1ria.<\/p>\n\n\n\n<p><strong>F\u00e1cil de transportar: <\/strong>As pegas ergon\u00f3micas de ambos os lados facilitam o transporte e o servi\u00e7o, proporcionando comodidade tanto para uso dom\u00e9stico como comercial.<\/p>\n\n\n\n<p><strong>Manuten\u00e7\u00e3o reduzida: <\/strong>A superf\u00edcie lisa em a\u00e7o inoxid\u00e1vel \u00e9 f\u00e1cil de limpar, garantindo uma manuten\u00e7\u00e3o r\u00e1pida e mantendo o tabuleiro com um aspeto impec\u00e1vel.<\/p>\n<\/div>\n\n\n\n<div class=\"wp-block-column is-layout-flow wp-block-column-is-layout-flow\">\n<figure class=\"wp-block-image size-full\"><img decoding=\"async\" width=\"800\" height=\"800\" src=\"https:\/\/www.yongyukitchenware.com\/wp-content\/uploads\/2026\/03\/Custom-Nordic-Trays-3.webp\" alt=\"Bandejas n\u00f3rdicas personalizadas-3\" class=\"wp-image-5171\" style=\"object-fit:cover\" srcset=\"https:\/\/www.yongyukitchenware.com\/wp-content\/uploads\/2026\/03\/Custom-Nordic-Trays-3.webp 800w, https:\/\/www.yongyukitchenware.com\/wp-content\/uploads\/2026\/03\/Custom-Nordic-Trays-3-300x300.webp 300w, https:\/\/www.yongyukitchenware.com\/wp-content\/uploads\/2026\/03\/Custom-Nordic-Trays-3-150x150.webp 150w, https:\/\/www.yongyukitchenware.com\/wp-content\/uploads\/2026\/03\/Custom-Nordic-Trays-3-768x768.webp 768w, https:\/\/www.yongyukitchenware.com\/wp-content\/uploads\/2026\/03\/Custom-Nordic-Trays-3-12x12.webp 12w, https:\/\/www.yongyukitchenware.com\/wp-content\/uploads\/2026\/03\/Custom-Nordic-Trays-3-600x600.webp 600w, https:\/\/www.yongyukitchenware.com\/wp-content\/uploads\/2026\/03\/Custom-Nordic-Trays-3-100x100.webp 100w\" sizes=\"(max-width: 800px) 100vw, 800px\" \/><\/figure>\n<\/div>\n<\/div>\n\n\n\n<p><\/p>","protected":false},"excerpt":{"rendered":"<div class=\"n4sEPd\">\n<div class=\"UdTY9 qhIQqf leDWne\" aria-hidden=\"true\" data-location=\"1\">\n<div class=\"n4sEPd\">\n<div class=\"UdTY9 qhIQqf leDWne\" aria-hidden=\"true\" data-location=\"1\">\n<div class=\"n4sEPd\">\n<div class=\"UdTY9 qhIQqf leDWne\" aria-hidden=\"true\" data-location=\"1\">Este tabuleiro em a\u00e7o inoxid\u00e1vel de estilo n\u00f3rdico est\u00e1 dispon\u00edvel em dourado e prateado, com cinco tamanhos (Pequeno: 28x17cm, M\u00e9dio: 32x20cm, Grande: 36x24cm, Extra Grande: 43x28cm, Super Grande: 46x31cm). Perfeito para servir comida e bebidas. Escolha-nos para obter pre\u00e7os diretos de f\u00e1brica, designs personalizados e um servi\u00e7o fi\u00e1vel.<\/div>\n<\/div>\n<h2 style=\"text-align: left\">Tabuleiros n\u00f3rdicos personalizados:<\/h2>\n<p style=\"text-align: left\"><strong>Material:<\/strong> A\u00e7o inoxid\u00e1vel<br \/><strong>Comprimento:<\/strong>28\/32\/36\/43\/46cm<br \/><strong>Forma:<\/strong> Ret\u00e2ngulo<br \/><strong>Embalagem:<\/strong> Saco OPP e caixa de cart\u00e3o<br \/><strong>OEM\/ODM:<\/strong> Dispon\u00edvel<\/p>\n<h2 class=\"wp-block-heading\">De Yongyu Tableware Wholesaler:<\/h2>\n<p>A Yongyu Tableware Wholesaler pode satisfazer as necessidades dos clientes a granel e fornecer uma s\u00e9rie de fornecimentos de catering de alta qualidade por atacado que combina eleg\u00e2ncia e durabilidade. Incluindo utens\u00edlios de mesa, utens\u00edlios de bebida, equipamento de restaura\u00e7\u00e3o, utens\u00edlios de cozinha, artigos essenciais de cozinha de acampamento, etc.<\/p>\n<\/div>\n<\/div>\n<\/div>\n<\/div>","protected":false},"featured_media":5169,"comment_status":"closed","ping_status":"closed","template":"","meta":{"_acf_changed":true},"application":[29],"product_brand":[],"product_cat":[21,46],"product_tag":[],"class_list":{"0":"post-5168","1":"product","2":"type-product","3":"status-publish","4":"has-post-thumbnail","6":"application-home-kitchen","7":"product_cat-tableware-wholesale","8":"product_cat-stainless-steel-dinner-plates-wholesale","10":"first","11":"instock","12":"shipping-taxable","13":"product-type-simple"},"acf":[],"_links":{"self":[{"href":"https:\/\/www.yongyukitchenware.com\/pt\/wp-json\/wp\/v2\/product\/5168","targetHints":{"allow":["GET"]}}],"collection":[{"href":"https:\/\/www.yongyukitchenware.com\/pt\/wp-json\/wp\/v2\/product"}],"about":[{"href":"https:\/\/www.yongyukitchenware.com\/pt\/wp-json\/wp\/v2\/types\/product"}],"replies":[{"embeddable":true,"href":"https:\/\/www.yongyukitchenware.com\/pt\/wp-json\/wp\/v2\/comments?post=5168"}],"wp:featuredmedia":[{"embeddable":true,"href":"https:\/\/www.yongyukitchenware.com\/pt\/wp-json\/wp\/v2\/media\/5169"}],"wp:attachment":[{"href":"https:\/\/www.yongyukitchenware.com\/pt\/wp-json\/wp\/v2\/media?parent=5168"}],"wp:term":[{"taxonomy":"application","embeddable":true,"href":"https:\/\/www.yongyukitchenware.com\/pt\/wp-json\/wp\/v2\/application?post=5168"},{"taxonomy":"product_brand","embeddable":true,"href":"https:\/\/www.yongyukitchenware.com\/pt\/wp-json\/wp\/v2\/product_brand?post=5168"},{"taxonomy":"product_cat","embeddable":true,"href":"https:\/\/www.yongyukitchenware.com\/pt\/wp-json\/wp\/v2\/product_cat?post=5168"},{"taxonomy":"product_tag","embeddable":true,"href":"https:\/\/www.yongyukitchenware.com\/pt\/wp-json\/wp\/v2\/product_tag?post=5168"}],"curies":[{"name":"wp","href":"https:\/\/api.w.org\/{rel}","templated":true}]}}