{"id":517,"date":"2024-09-24T06:09:45","date_gmt":"2024-09-24T06:09:45","guid":{"rendered":"https:\/\/www.yongyukitchenware.com\/?post_type=product&#038;p=517"},"modified":"2024-12-09T08:08:10","modified_gmt":"2024-12-09T08:08:10","slug":"pasta-pot-with-strainer-wholesale","status":"publish","type":"product","link":"https:\/\/www.yongyukitchenware.com\/pt\/produto\/pasta-pot-with-strainer-wholesale\/","title":{"rendered":"Panela para massas com coador e folha de vapor para cozinhar massa"},"content":{"rendered":"<div class=\"wp-block-columns is-layout-flex wp-container-core-columns-is-layout-9d6595d7 wp-block-columns-is-layout-flex\">\n<div class=\"wp-block-column is-layout-flow wp-block-column-is-layout-flow\">\n<h2 class=\"wp-block-heading\">Carater\u00edsticas da panela para massas com coador:<\/h2>\n\n\n\n<p><strong>A\u00e7o inoxid\u00e1vel de alta qualidade: <\/strong>a\u00e7o inoxid\u00e1vel de qualidade alimentar, resistente \u00e0 corros\u00e3o, inodoro, duradouro<\/p>\n\n\n\n<p><strong>Duas op\u00e7\u00f5es de fundo de panela: <\/strong>Fundo de tr\u00eas camadas, conduz o calor de forma homog\u00e9nea para evitar que se agarre. Outro fundo \u00fanico engrossado, espesso e dur\u00e1vel, de cozedura r\u00e1pida<\/p>\n\n\n\n<p><strong>Um pote para m\u00faltiplas utiliza\u00e7\u00f5es:<\/strong> uma panela cont\u00e9m um ecr\u00e3 de rede, uma folha para cozer a vapor, uma panela de sopa elevada, uma tampa de vidro temperado, fun\u00e7\u00e3o completa<\/p>\n\n\n\n<p><strong>Design anti-escaldante:<\/strong> a tampa e a pega s\u00e3o feitas de material f\u00f3rmica para evitar escald\u00f5es<\/p>\n\n\n\n<p><strong>Alisar o interior da panela: <\/strong>o corpo da panela \u00e9 engrossado e aprofundado, liso e antiaderente, f\u00e1cil de limpar e mais dur\u00e1vel<\/p>\n<\/div>\n\n\n\n<div class=\"wp-block-column is-layout-flow wp-block-column-is-layout-flow\">\n<div class=\"wp-block-columns is-layout-flex wp-container-core-columns-is-layout-9d6595d7 wp-block-columns-is-layout-flex\">\n<div class=\"wp-block-column is-layout-flow wp-block-column-is-layout-flow\">\n<figure class=\"wp-block-image size-full\"><img decoding=\"async\" width=\"800\" height=\"800\" src=\"https:\/\/www.yongyukitchenware.com\/wp-content\/uploads\/2024\/09\/Pasta-Pot-with-Strainer-wholesale-2.webp\" alt=\"Panela para massas com coador por atacado\" class=\"wp-image-532\" srcset=\"https:\/\/www.yongyukitchenware.com\/wp-content\/uploads\/2024\/09\/Pasta-Pot-with-Strainer-wholesale-2.webp 800w, https:\/\/www.yongyukitchenware.com\/wp-content\/uploads\/2024\/09\/Pasta-Pot-with-Strainer-wholesale-2-300x300.webp 300w, https:\/\/www.yongyukitchenware.com\/wp-content\/uploads\/2024\/09\/Pasta-Pot-with-Strainer-wholesale-2-150x150.webp 150w, https:\/\/www.yongyukitchenware.com\/wp-content\/uploads\/2024\/09\/Pasta-Pot-with-Strainer-wholesale-2-768x768.webp 768w, https:\/\/www.yongyukitchenware.com\/wp-content\/uploads\/2024\/09\/Pasta-Pot-with-Strainer-wholesale-2-600x600.webp 600w, https:\/\/www.yongyukitchenware.com\/wp-content\/uploads\/2024\/09\/Pasta-Pot-with-Strainer-wholesale-2-100x100.webp 100w\" sizes=\"(max-width: 800px) 100vw, 800px\" \/><\/figure>\n<\/div>\n\n\n\n<div class=\"wp-block-column is-layout-flow wp-block-column-is-layout-flow\">\n<figure class=\"wp-block-image size-full\"><img decoding=\"async\" width=\"800\" height=\"800\" src=\"https:\/\/www.yongyukitchenware.com\/wp-content\/uploads\/2024\/09\/Pasta-Pot-with-Strainer-wholesale-4.webp\" alt=\"Panela para massas com coador por atacado\" class=\"wp-image-535\" srcset=\"https:\/\/www.yongyukitchenware.com\/wp-content\/uploads\/2024\/09\/Pasta-Pot-with-Strainer-wholesale-4.webp 800w, https:\/\/www.yongyukitchenware.com\/wp-content\/uploads\/2024\/09\/Pasta-Pot-with-Strainer-wholesale-4-300x300.webp 300w, https:\/\/www.yongyukitchenware.com\/wp-content\/uploads\/2024\/09\/Pasta-Pot-with-Strainer-wholesale-4-150x150.webp 150w, https:\/\/www.yongyukitchenware.com\/wp-content\/uploads\/2024\/09\/Pasta-Pot-with-Strainer-wholesale-4-768x768.webp 768w, https:\/\/www.yongyukitchenware.com\/wp-content\/uploads\/2024\/09\/Pasta-Pot-with-Strainer-wholesale-4-600x600.webp 600w, https:\/\/www.yongyukitchenware.com\/wp-content\/uploads\/2024\/09\/Pasta-Pot-with-Strainer-wholesale-4-100x100.webp 100w\" sizes=\"(max-width: 800px) 100vw, 800px\" \/><\/figure>\n<\/div>\n<\/div>\n<\/div>\n<\/div>","protected":false},"excerpt":{"rendered":"<p>Panela para massas com coador e folha de vapor, feita de a\u00e7o inoxid\u00e1vel, fun\u00e7\u00e3o 3 em 1 para cozer a vapor, ferver e fritar, adequada para todos os tipos de necessidades de cozinha, uma escolha ideal para utens\u00edlios de cozinha por atacado.<\/p>\n<h2><!-- wp:heading --><\/h2>\n<h2 class=\"wp-block-heading\">Par\u00e2metro da panela para massas com coador:<\/h2>\n<h2><!-- \/wp:heading --><\/p>\n<p><!-- wp:paragraph --><\/h2>\n<p><strong>Material:<\/strong> A\u00e7o inoxid\u00e1vel<br \/><strong>Fundo de panela:<\/strong> Tr\u00eas camadas\/fundo \u00fanico espesso<br \/><strong>Tamanho:<\/strong> 21,5*21,5cm<br \/><strong>Acess\u00f3rios:<\/strong> Peneira de rede, chapa para cozer a vapor, tacho alto, tampa de vidro temperado<br \/><strong>Embalagem:<\/strong> Sacos\/Bulk\/Caixas ou Personalizado<br \/><strong>OEM\/ODM:<\/strong> Dispon\u00edvel<\/p>\n<h2 class=\"wp-block-heading\">De Yongyu Cookware Fabricante :<\/h2>\n<p>Yongyu \u00e9 um fabricante profissional de utens\u00edlios de cozinha, os nossos produtos abrangem todos os tipos de utens\u00edlios de cozinha em a\u00e7o inoxid\u00e1vel, tais como panelas para macarr\u00e3o, frigideiras, panelas para guisado, etc., fornecendo servi\u00e7os de aquisi\u00e7\u00e3o de qualidade e pre\u00e7os acess\u00edveis para cada cliente.<\/p>\n<h2><!-- \/wp:paragraph --><\/h2>","protected":false},"featured_media":537,"comment_status":"closed","ping_status":"closed","template":"","meta":{"_acf_changed":true},"application":[29],"product_brand":[],"product_cat":[23,32],"product_tag":[],"class_list":{"0":"post-517","1":"product","2":"type-product","3":"status-publish","4":"has-post-thumbnail","6":"application-home-kitchen","7":"product_cat-kitchenware-wholesale","8":"product_cat-wholesale-cookware","10":"first","11":"instock","12":"shipping-taxable","13":"product-type-simple"},"acf":[],"_links":{"self":[{"href":"https:\/\/www.yongyukitchenware.com\/pt\/wp-json\/wp\/v2\/product\/517","targetHints":{"allow":["GET"]}}],"collection":[{"href":"https:\/\/www.yongyukitchenware.com\/pt\/wp-json\/wp\/v2\/product"}],"about":[{"href":"https:\/\/www.yongyukitchenware.com\/pt\/wp-json\/wp\/v2\/types\/product"}],"replies":[{"embeddable":true,"href":"https:\/\/www.yongyukitchenware.com\/pt\/wp-json\/wp\/v2\/comments?post=517"}],"wp:featuredmedia":[{"embeddable":true,"href":"https:\/\/www.yongyukitchenware.com\/pt\/wp-json\/wp\/v2\/media\/537"}],"wp:attachment":[{"href":"https:\/\/www.yongyukitchenware.com\/pt\/wp-json\/wp\/v2\/media?parent=517"}],"wp:term":[{"taxonomy":"application","embeddable":true,"href":"https:\/\/www.yongyukitchenware.com\/pt\/wp-json\/wp\/v2\/application?post=517"},{"taxonomy":"product_brand","embeddable":true,"href":"https:\/\/www.yongyukitchenware.com\/pt\/wp-json\/wp\/v2\/product_brand?post=517"},{"taxonomy":"product_cat","embeddable":true,"href":"https:\/\/www.yongyukitchenware.com\/pt\/wp-json\/wp\/v2\/product_cat?post=517"},{"taxonomy":"product_tag","embeddable":true,"href":"https:\/\/www.yongyukitchenware.com\/pt\/wp-json\/wp\/v2\/product_tag?post=517"}],"curies":[{"name":"wp","href":"https:\/\/api.w.org\/{rel}","templated":true}]}}