{"id":5178,"date":"2026-03-04T07:01:54","date_gmt":"2026-03-04T07:01:54","guid":{"rendered":"https:\/\/www.yongyukitchenware.com\/?post_type=product&#038;p=5178"},"modified":"2026-03-04T07:01:56","modified_gmt":"2026-03-04T07:01:56","slug":"wholesale-preparation-tray-304-stainless-steel-dinner-plate-for-restaurant","status":"publish","type":"product","link":"https:\/\/www.yongyukitchenware.com\/pt\/produto\/wholesale-preparation-tray-304-stainless-steel-dinner-plate-for-restaurant\/","title":{"rendered":"Tabuleiro de prepara\u00e7\u00e3o por atacado Prato de jantar em a\u00e7o inoxid\u00e1vel 304 para restaurante"},"content":{"rendered":"<div class=\"wp-block-columns is-layout-flex wp-container-core-columns-is-layout-9d6595d7 wp-block-columns-is-layout-flex\">\n<div class=\"wp-block-column is-layout-flow wp-block-column-is-layout-flow\">\n<h2 class=\"wp-block-heading\">Tamanho do tabuleiro de prepara\u00e7\u00e3o por grosso:<\/h2>\n\n\n\n<figure class=\"wp-block-table\"><table class=\"has-fixed-layout\"><tbody><tr><td>Modelo<\/td><td>Tamanho<\/td><td>Peso<\/td><td>MOQ<\/td><\/tr><tr><td rowspan=\"3\">DY085-P<\/td><td>17 cm<\/td><td>140g<\/td><td rowspan=\"3\">120 UNIDADES<\/td><\/tr><tr><td>20 cm<\/td><td>185g<\/td><\/tr><tr><td>23 cm<\/td><td>242g<\/td><\/tr><\/tbody><\/table><\/figure>\n\n\n\n<h2 class=\"wp-block-heading\">Tabuleiro de prepara\u00e7\u00e3o por grosso Carater\u00edsticas:<\/h2>\n\n\n\n<p><strong>A\u00e7o inoxid\u00e1vel 304 de qualidade alimentar:<\/strong>Feito de a\u00e7o inoxid\u00e1vel 304 seguro para alimentos, sem revestimento ou odor, seguro para contacto direto com alimentos.<\/p>\n\n\n\n<p><strong>Engrossado e dur\u00e1vel:<\/strong>Estrutura refor\u00e7ada com superf\u00edcie polida, anti-queda e resistente a riscos para uma utiliza\u00e7\u00e3o a longo prazo.<\/p>\n\n\n\n<p><strong>Empilh\u00e1vel e economizador de espa\u00e7o:<\/strong>Ajuste preciso para um empilhamento est\u00e1vel, poupa espa\u00e7o de armazenamento e organiza os ingredientes de prepara\u00e7\u00e3o.<\/p>\n\n\n\n<p><strong>F\u00e1cil de limpar:<\/strong>Superf\u00edcie antiaderente lisa, lav\u00e1vel na m\u00e1quina de lavar lou\u00e7a, sem res\u00edduos ou cantos escondidos.<\/p>\n\n\n\n<p><strong>Elegante e vers\u00e1til:<\/strong>Acabamento dourado de luxo com padr\u00e3o de base antiderrapante, ideal para restaurantes e refei\u00e7\u00f5es em casa.<\/p>\n<\/div>\n\n\n\n<div class=\"wp-block-column is-layout-flow wp-block-column-is-layout-flow\">\n<figure class=\"wp-block-image size-full\"><img decoding=\"async\" width=\"800\" height=\"800\" src=\"https:\/\/www.yongyukitchenware.com\/wp-content\/uploads\/2026\/03\/Wholesale-Preparation-Tray-3.webp\" alt=\"Bandeja de prepara\u00e7\u00e3o por atacado-3\" class=\"wp-image-5181\" style=\"object-fit:cover\" srcset=\"https:\/\/www.yongyukitchenware.com\/wp-content\/uploads\/2026\/03\/Wholesale-Preparation-Tray-3.webp 800w, https:\/\/www.yongyukitchenware.com\/wp-content\/uploads\/2026\/03\/Wholesale-Preparation-Tray-3-300x300.webp 300w, https:\/\/www.yongyukitchenware.com\/wp-content\/uploads\/2026\/03\/Wholesale-Preparation-Tray-3-150x150.webp 150w, https:\/\/www.yongyukitchenware.com\/wp-content\/uploads\/2026\/03\/Wholesale-Preparation-Tray-3-768x768.webp 768w, https:\/\/www.yongyukitchenware.com\/wp-content\/uploads\/2026\/03\/Wholesale-Preparation-Tray-3-12x12.webp 12w, https:\/\/www.yongyukitchenware.com\/wp-content\/uploads\/2026\/03\/Wholesale-Preparation-Tray-3-600x600.webp 600w, https:\/\/www.yongyukitchenware.com\/wp-content\/uploads\/2026\/03\/Wholesale-Preparation-Tray-3-100x100.webp 100w\" sizes=\"(max-width: 800px) 100vw, 800px\" \/><\/figure>\n\n\n\n<figure class=\"wp-block-image size-full\"><img decoding=\"async\" width=\"800\" height=\"800\" src=\"https:\/\/www.yongyukitchenware.com\/wp-content\/uploads\/2026\/03\/Wholesale-Preparation-Tray-5.webp\" alt=\"Bandeja de prepara\u00e7\u00e3o por atacado-5\" class=\"wp-image-5183\" srcset=\"https:\/\/www.yongyukitchenware.com\/wp-content\/uploads\/2026\/03\/Wholesale-Preparation-Tray-5.webp 800w, https:\/\/www.yongyukitchenware.com\/wp-content\/uploads\/2026\/03\/Wholesale-Preparation-Tray-5-300x300.webp 300w, https:\/\/www.yongyukitchenware.com\/wp-content\/uploads\/2026\/03\/Wholesale-Preparation-Tray-5-150x150.webp 150w, https:\/\/www.yongyukitchenware.com\/wp-content\/uploads\/2026\/03\/Wholesale-Preparation-Tray-5-768x768.webp 768w, https:\/\/www.yongyukitchenware.com\/wp-content\/uploads\/2026\/03\/Wholesale-Preparation-Tray-5-12x12.webp 12w, https:\/\/www.yongyukitchenware.com\/wp-content\/uploads\/2026\/03\/Wholesale-Preparation-Tray-5-600x600.webp 600w, https:\/\/www.yongyukitchenware.com\/wp-content\/uploads\/2026\/03\/Wholesale-Preparation-Tray-5-100x100.webp 100w\" sizes=\"(max-width: 800px) 100vw, 800px\" \/><\/figure>\n<\/div>\n<\/div>\n\n\n\n<p><\/p>","protected":false},"excerpt":{"rendered":"<div class=\"n4sEPd\">\n<div class=\"UdTY9 qhIQqf leDWne\" aria-hidden=\"true\" data-location=\"1\">\n<div class=\"n4sEPd\">\n<div class=\"UdTY9 qhIQqf leDWne\" aria-hidden=\"true\" data-location=\"1\">\n<div class=\"n4sEPd\">\n<div class=\"UdTY9 qhIQqf leDWne\" aria-hidden=\"true\" data-location=\"1\">Este prato de prepara\u00e7\u00e3o de refei\u00e7\u00f5es em a\u00e7o inoxid\u00e1vel, dispon\u00edvel em dourado e prateado (17 cm, 20 cm, 23 cm), \u00e9 empilh\u00e1vel para uma arruma\u00e7\u00e3o eficiente. Perfeito para panelas quentes, buffets ou prepara\u00e7\u00e3o de refei\u00e7\u00f5es. Escolha-nos para obter pre\u00e7os diretos de f\u00e1brica, personaliza\u00e7\u00e3o e servi\u00e7o fi\u00e1vel.<\/div>\n<\/div>\n<h2 style=\"text-align: left\">Tabuleiro de prepara\u00e7\u00e3o por grosso:<\/h2>\n<p style=\"text-align: left\"><strong>Material:<\/strong> A\u00e7o inoxid\u00e1vel<br \/><strong>Comprimento:<\/strong>17\/20\/23cm<br \/><strong>Forma:<\/strong> Redondo<br \/><strong>Embalagem:<\/strong> Saco OPP e caixa de cart\u00e3o<br \/><strong>OEM\/ODM:<\/strong> Dispon\u00edvel<\/p>\n<h2 class=\"wp-block-heading\">De Yongyu Tableware Wholesaler:<\/h2>\n<p>A Yongyu Tableware Wholesaler pode satisfazer as necessidades dos clientes a granel e fornecer uma s\u00e9rie de fornecimentos de catering de alta qualidade por atacado que combina eleg\u00e2ncia e durabilidade. Incluindo utens\u00edlios de mesa, utens\u00edlios de bebida, equipamento de restaura\u00e7\u00e3o, utens\u00edlios de cozinha, artigos essenciais de cozinha de acampamento, etc.<\/p>\n<\/div>\n<\/div>\n<\/div>\n<\/div>","protected":false},"featured_media":5179,"comment_status":"closed","ping_status":"closed","template":"","meta":{"_acf_changed":true},"application":[29],"product_brand":[],"product_cat":[21,46],"product_tag":[],"class_list":{"0":"post-5178","1":"product","2":"type-product","3":"status-publish","4":"has-post-thumbnail","6":"application-home-kitchen","7":"product_cat-tableware-wholesale","8":"product_cat-stainless-steel-dinner-plates-wholesale","10":"first","11":"instock","12":"shipping-taxable","13":"product-type-simple"},"acf":[],"_links":{"self":[{"href":"https:\/\/www.yongyukitchenware.com\/pt\/wp-json\/wp\/v2\/product\/5178","targetHints":{"allow":["GET"]}}],"collection":[{"href":"https:\/\/www.yongyukitchenware.com\/pt\/wp-json\/wp\/v2\/product"}],"about":[{"href":"https:\/\/www.yongyukitchenware.com\/pt\/wp-json\/wp\/v2\/types\/product"}],"replies":[{"embeddable":true,"href":"https:\/\/www.yongyukitchenware.com\/pt\/wp-json\/wp\/v2\/comments?post=5178"}],"wp:featuredmedia":[{"embeddable":true,"href":"https:\/\/www.yongyukitchenware.com\/pt\/wp-json\/wp\/v2\/media\/5179"}],"wp:attachment":[{"href":"https:\/\/www.yongyukitchenware.com\/pt\/wp-json\/wp\/v2\/media?parent=5178"}],"wp:term":[{"taxonomy":"application","embeddable":true,"href":"https:\/\/www.yongyukitchenware.com\/pt\/wp-json\/wp\/v2\/application?post=5178"},{"taxonomy":"product_brand","embeddable":true,"href":"https:\/\/www.yongyukitchenware.com\/pt\/wp-json\/wp\/v2\/product_brand?post=5178"},{"taxonomy":"product_cat","embeddable":true,"href":"https:\/\/www.yongyukitchenware.com\/pt\/wp-json\/wp\/v2\/product_cat?post=5178"},{"taxonomy":"product_tag","embeddable":true,"href":"https:\/\/www.yongyukitchenware.com\/pt\/wp-json\/wp\/v2\/product_tag?post=5178"}],"curies":[{"name":"wp","href":"https:\/\/api.w.org\/{rel}","templated":true}]}}