{"id":5190,"date":"2026-03-06T07:58:42","date_gmt":"2026-03-06T07:58:42","guid":{"rendered":"https:\/\/www.yongyukitchenware.com\/?post_type=product&#038;p=5190"},"modified":"2026-03-06T07:58:43","modified_gmt":"2026-03-06T07:58:43","slug":"bulk-double-walled-large-soup-bowl-anti-scald-stainless-steel-bowl","status":"publish","type":"product","link":"https:\/\/www.yongyukitchenware.com\/pt\/produto\/bulk-double-walled-large-soup-bowl-anti-scald-stainless-steel-bowl\/","title":{"rendered":"Tigela para sopa grande com parede dupla e anti-escaldante em a\u00e7o inoxid\u00e1vel"},"content":{"rendered":"<div class=\"wp-block-columns is-layout-flex wp-container-core-columns-is-layout-9d6595d7 wp-block-columns-is-layout-flex\">\n<div class=\"wp-block-column is-layout-flow wp-block-column-is-layout-flow\">\n<h2 class=\"wp-block-heading\">Tigela de sopa grande com parede dupla a granel Carater\u00edsticas :<\/h2>\n\n\n\n<p><strong>Isolamento de parede dupla:<\/strong>O a\u00e7o inoxid\u00e1vel de camada dupla mant\u00e9m o exterior fresco, evitando queimaduras quando cont\u00e9m l\u00edquidos quentes.<\/p>\n\n\n\n<p><strong>A\u00e7o inoxid\u00e1vel 304 de qualidade alimentar:<\/strong>Seguro, inodoro, resistente \u00e0 corros\u00e3o e adequado para contacto direto com alimentos.<\/p>\n\n\n\n<p><strong>Engrossado e dur\u00e1vel:<\/strong>Estrutura robusta com superf\u00edcie resistente a riscos, constru\u00edda para suportar uma utiliza\u00e7\u00e3o frequente.<\/p>\n\n\n\n<p><strong>Empilh\u00e1vel e economizador de espa\u00e7o:<\/strong>Design aninh\u00e1vel para f\u00e1cil arruma\u00e7\u00e3o e prepara\u00e7\u00e3o organizada da cozinha.<\/p>\n\n\n\n<p><strong>Vers\u00e1til e com estilo:<\/strong>Os acabamentos em dourado\/prateado d\u00e3o um toque de excel\u00eancia a sopas, saladas e muito mais.<\/p>\n\n\n\n<h2 class=\"wp-block-heading\">Tigela de sopa grande com parede dupla a granel Tamanho:<\/h2>\n\n\n\n<figure class=\"wp-block-table\"><table class=\"has-fixed-layout\"><tbody><tr><td>Modelo<\/td><td>Tamanho<\/td><td>Peso<\/td><td>MOQ<\/td><\/tr><tr><td rowspan=\"10\">DY034-W<\/td><td>5 polegadas<\/td><td>145g<\/td><td rowspan=\"10\">80 UNIDADES<\/td><\/tr><tr><td>6 polegadas<\/td><td>220g<\/td><\/tr><tr><td>7 polegadas<\/td><td>310g<\/td><\/tr><tr><td>8 polegadas<\/td><td>430g<\/td><\/tr><tr><td>9 polegadas<\/td><td>550g<\/td><\/tr><tr><td>10 polegadas<\/td><td>650g<\/td><\/tr><tr><td>11 polegadas<\/td><td>800g<\/td><\/tr><tr><td>12 polegadas<\/td><td>980g<\/td><\/tr><tr><td>14 polegadas<\/td><td>1350g<\/td><\/tr><tr><td>16 polegadas<\/td><td>1700g<\/td><\/tr><\/tbody><\/table><\/figure>\n<\/div>\n\n\n\n<div class=\"wp-block-column is-layout-flow wp-block-column-is-layout-flow\">\n<div class=\"wp-block-columns is-layout-flex wp-container-core-columns-is-layout-9d6595d7 wp-block-columns-is-layout-flex\">\n<div class=\"wp-block-column is-layout-flow wp-block-column-is-layout-flow\">\n<figure class=\"wp-block-image size-full\"><img decoding=\"async\" width=\"800\" height=\"800\" src=\"https:\/\/www.yongyukitchenware.com\/wp-content\/uploads\/2026\/03\/Bulk-Double-Walled-Large-Soup-Bowl-9.webp\" alt=\"Tigela de sopa grande com parede dupla - 9\" class=\"wp-image-5199\" srcset=\"https:\/\/www.yongyukitchenware.com\/wp-content\/uploads\/2026\/03\/Bulk-Double-Walled-Large-Soup-Bowl-9.webp 800w, https:\/\/www.yongyukitchenware.com\/wp-content\/uploads\/2026\/03\/Bulk-Double-Walled-Large-Soup-Bowl-9-300x300.webp 300w, https:\/\/www.yongyukitchenware.com\/wp-content\/uploads\/2026\/03\/Bulk-Double-Walled-Large-Soup-Bowl-9-150x150.webp 150w, https:\/\/www.yongyukitchenware.com\/wp-content\/uploads\/2026\/03\/Bulk-Double-Walled-Large-Soup-Bowl-9-768x768.webp 768w, https:\/\/www.yongyukitchenware.com\/wp-content\/uploads\/2026\/03\/Bulk-Double-Walled-Large-Soup-Bowl-9-12x12.webp 12w, https:\/\/www.yongyukitchenware.com\/wp-content\/uploads\/2026\/03\/Bulk-Double-Walled-Large-Soup-Bowl-9-600x600.webp 600w, https:\/\/www.yongyukitchenware.com\/wp-content\/uploads\/2026\/03\/Bulk-Double-Walled-Large-Soup-Bowl-9-100x100.webp 100w\" sizes=\"(max-width: 800px) 100vw, 800px\" \/><\/figure>\n<\/div>\n\n\n\n<div class=\"wp-block-column is-layout-flow wp-block-column-is-layout-flow\">\n<figure class=\"wp-block-image size-full\"><img decoding=\"async\" width=\"800\" height=\"800\" src=\"https:\/\/www.yongyukitchenware.com\/wp-content\/uploads\/2026\/03\/Bulk-Double-Walled-Large-Soup-Bowl-8.webp\" alt=\"Tigela de sopa grande de parede dupla-8\" class=\"wp-image-5198\" srcset=\"https:\/\/www.yongyukitchenware.com\/wp-content\/uploads\/2026\/03\/Bulk-Double-Walled-Large-Soup-Bowl-8.webp 800w, https:\/\/www.yongyukitchenware.com\/wp-content\/uploads\/2026\/03\/Bulk-Double-Walled-Large-Soup-Bowl-8-300x300.webp 300w, https:\/\/www.yongyukitchenware.com\/wp-content\/uploads\/2026\/03\/Bulk-Double-Walled-Large-Soup-Bowl-8-150x150.webp 150w, https:\/\/www.yongyukitchenware.com\/wp-content\/uploads\/2026\/03\/Bulk-Double-Walled-Large-Soup-Bowl-8-768x768.webp 768w, https:\/\/www.yongyukitchenware.com\/wp-content\/uploads\/2026\/03\/Bulk-Double-Walled-Large-Soup-Bowl-8-12x12.webp 12w, https:\/\/www.yongyukitchenware.com\/wp-content\/uploads\/2026\/03\/Bulk-Double-Walled-Large-Soup-Bowl-8-600x600.webp 600w, https:\/\/www.yongyukitchenware.com\/wp-content\/uploads\/2026\/03\/Bulk-Double-Walled-Large-Soup-Bowl-8-100x100.webp 100w\" sizes=\"(max-width: 800px) 100vw, 800px\" \/><\/figure>\n<\/div>\n<\/div>\n\n\n\n<div class=\"wp-block-columns is-layout-flex wp-container-core-columns-is-layout-9d6595d7 wp-block-columns-is-layout-flex\">\n<div class=\"wp-block-column is-layout-flow wp-block-column-is-layout-flow\">\n<figure class=\"wp-block-image size-full\"><img decoding=\"async\" width=\"800\" height=\"800\" src=\"https:\/\/www.yongyukitchenware.com\/wp-content\/uploads\/2026\/03\/Bulk-Double-Walled-Large-Soup-Bowl-6.webp\" alt=\"Tigela de sopa grande com parede dupla - 6\" class=\"wp-image-5196\" srcset=\"https:\/\/www.yongyukitchenware.com\/wp-content\/uploads\/2026\/03\/Bulk-Double-Walled-Large-Soup-Bowl-6.webp 800w, https:\/\/www.yongyukitchenware.com\/wp-content\/uploads\/2026\/03\/Bulk-Double-Walled-Large-Soup-Bowl-6-300x300.webp 300w, https:\/\/www.yongyukitchenware.com\/wp-content\/uploads\/2026\/03\/Bulk-Double-Walled-Large-Soup-Bowl-6-150x150.webp 150w, https:\/\/www.yongyukitchenware.com\/wp-content\/uploads\/2026\/03\/Bulk-Double-Walled-Large-Soup-Bowl-6-768x768.webp 768w, https:\/\/www.yongyukitchenware.com\/wp-content\/uploads\/2026\/03\/Bulk-Double-Walled-Large-Soup-Bowl-6-12x12.webp 12w, https:\/\/www.yongyukitchenware.com\/wp-content\/uploads\/2026\/03\/Bulk-Double-Walled-Large-Soup-Bowl-6-600x600.webp 600w, https:\/\/www.yongyukitchenware.com\/wp-content\/uploads\/2026\/03\/Bulk-Double-Walled-Large-Soup-Bowl-6-100x100.webp 100w\" sizes=\"(max-width: 800px) 100vw, 800px\" \/><\/figure>\n<\/div>\n\n\n\n<div class=\"wp-block-column is-layout-flow wp-block-column-is-layout-flow\">\n<figure class=\"wp-block-image size-full\"><img decoding=\"async\" width=\"800\" height=\"800\" src=\"https:\/\/www.yongyukitchenware.com\/wp-content\/uploads\/2026\/03\/Bulk-Double-Walled-Large-Soup-Bowl-3.webp\" alt=\"Tigela de sopa grande com parede dupla-3\" class=\"wp-image-5193\" srcset=\"https:\/\/www.yongyukitchenware.com\/wp-content\/uploads\/2026\/03\/Bulk-Double-Walled-Large-Soup-Bowl-3.webp 800w, https:\/\/www.yongyukitchenware.com\/wp-content\/uploads\/2026\/03\/Bulk-Double-Walled-Large-Soup-Bowl-3-300x300.webp 300w, https:\/\/www.yongyukitchenware.com\/wp-content\/uploads\/2026\/03\/Bulk-Double-Walled-Large-Soup-Bowl-3-150x150.webp 150w, https:\/\/www.yongyukitchenware.com\/wp-content\/uploads\/2026\/03\/Bulk-Double-Walled-Large-Soup-Bowl-3-768x768.webp 768w, https:\/\/www.yongyukitchenware.com\/wp-content\/uploads\/2026\/03\/Bulk-Double-Walled-Large-Soup-Bowl-3-12x12.webp 12w, https:\/\/www.yongyukitchenware.com\/wp-content\/uploads\/2026\/03\/Bulk-Double-Walled-Large-Soup-Bowl-3-600x600.webp 600w, https:\/\/www.yongyukitchenware.com\/wp-content\/uploads\/2026\/03\/Bulk-Double-Walled-Large-Soup-Bowl-3-100x100.webp 100w\" sizes=\"(max-width: 800px) 100vw, 800px\" \/><\/figure>\n<\/div>\n<\/div>\n<\/div>\n<\/div>","protected":false},"excerpt":{"rendered":"<p>Esta tigela de sopa de dupla camada em a\u00e7o inoxid\u00e1vel, dispon\u00edvel em ouro e prata com 10 tamanhos (5 \"a 16\"), \u00e9 perfeita para servir sopas, saladas e muito mais, mantendo os alimentos quentes por mais tempo. Escolha-nos para obter pre\u00e7os imbat\u00edveis, designs personalizados e qualidade confi\u00e1vel.<\/p>\n<h2>Par\u00e2metro de ta\u00e7a de sopa grande com parede dupla a granel :<\/h2>\n<p><strong>Material:<\/strong> a\u00e7o inoxid\u00e1vel<br \/><strong>Desenho da ta\u00e7a:<\/strong> Design anti-queimaduras de camada dupla<br \/><strong>Especifica\u00e7\u00f5es:<\/strong> 5-16 polegadas<br \/><strong>Embalagem:<\/strong> saco\/grupo\/caixa de cart\u00e3o ou personalizado<br \/><strong>OEM\/ODM:<\/strong> Dispon\u00edvel<\/p>\n<h2 class=\"wp-block-heading\">Do fabricante de utens\u00edlios de cozinha Yongyu:<\/h2>\n<p>Yongyu \u00e9 um fabricante profissional de utens\u00edlios de cozinha, os nossos produtos abrangem todos os tipos de panelas de a\u00e7o inoxid\u00e1vel e acess\u00f3rios de cozinha, fornecendo solu\u00e7\u00f5es personalizadas com produtos de alta qualidade e pre\u00e7os de f\u00e1brica.<\/p>","protected":false},"featured_media":5191,"comment_status":"closed","ping_status":"closed","template":"","meta":{"_acf_changed":true},"application":[29],"product_brand":[],"product_cat":[23,35],"product_tag":[],"class_list":{"0":"post-5190","1":"product","2":"type-product","3":"status-publish","4":"has-post-thumbnail","6":"application-home-kitchen","7":"product_cat-kitchenware-wholesale","8":"product_cat-baking-trays-wholesale","10":"first","11":"instock","12":"shipping-taxable","13":"product-type-simple"},"acf":[],"_links":{"self":[{"href":"https:\/\/www.yongyukitchenware.com\/pt\/wp-json\/wp\/v2\/product\/5190","targetHints":{"allow":["GET"]}}],"collection":[{"href":"https:\/\/www.yongyukitchenware.com\/pt\/wp-json\/wp\/v2\/product"}],"about":[{"href":"https:\/\/www.yongyukitchenware.com\/pt\/wp-json\/wp\/v2\/types\/product"}],"replies":[{"embeddable":true,"href":"https:\/\/www.yongyukitchenware.com\/pt\/wp-json\/wp\/v2\/comments?post=5190"}],"wp:featuredmedia":[{"embeddable":true,"href":"https:\/\/www.yongyukitchenware.com\/pt\/wp-json\/wp\/v2\/media\/5191"}],"wp:attachment":[{"href":"https:\/\/www.yongyukitchenware.com\/pt\/wp-json\/wp\/v2\/media?parent=5190"}],"wp:term":[{"taxonomy":"application","embeddable":true,"href":"https:\/\/www.yongyukitchenware.com\/pt\/wp-json\/wp\/v2\/application?post=5190"},{"taxonomy":"product_brand","embeddable":true,"href":"https:\/\/www.yongyukitchenware.com\/pt\/wp-json\/wp\/v2\/product_brand?post=5190"},{"taxonomy":"product_cat","embeddable":true,"href":"https:\/\/www.yongyukitchenware.com\/pt\/wp-json\/wp\/v2\/product_cat?post=5190"},{"taxonomy":"product_tag","embeddable":true,"href":"https:\/\/www.yongyukitchenware.com\/pt\/wp-json\/wp\/v2\/product_tag?post=5190"}],"curies":[{"name":"wp","href":"https:\/\/api.w.org\/{rel}","templated":true}]}}