{"id":520,"date":"2024-09-28T03:30:57","date_gmt":"2024-09-28T03:30:57","guid":{"rendered":"https:\/\/www.yongyukitchenware.com\/?post_type=product&#038;p=520"},"modified":"2025-06-26T02:42:16","modified_gmt":"2025-06-26T02:42:16","slug":"chafing-dish-buffet-set-wholesale","status":"publish","type":"product","link":"https:\/\/www.yongyukitchenware.com\/pt\/produto\/chafing-dish-buffet-set-wholesale\/","title":{"rendered":"Conjunto de buffet de pratos de cozinha por atacado em a\u00e7o inoxid\u00e1vel quadrado 6L"},"content":{"rendered":"<div class=\"wp-block-columns is-layout-flex wp-container-core-columns-is-layout-9d6595d7 wp-block-columns-is-layout-flex\">\n<div class=\"wp-block-column is-layout-flow wp-block-column-is-layout-flow\">\n<h2 class=\"wp-block-heading\">Conjunto de buffet de pratos Chafing Par\u00e2metro:<\/h2>\n\n\n\n<figure class=\"wp-block-table\"><table class=\"has-fixed-layout\"><tbody><tr><td>Modelo<\/td><td>Forma<\/td><td>Capacidade (l)<\/td><td>Peso (kg)<\/td><td>MOQ<\/td><\/tr><tr><td rowspan=\"2\">DY002-CL<\/td><td>40*40*21<\/td><td rowspan=\"2\">6<\/td><td>7<\/td><td rowspan=\"2\">2 PE\u00c7AS<\/td><\/tr><tr><td>40*40*29<\/td><td>7.5<\/td><\/tr><\/tbody><\/table><\/figure>\n<\/div>\n\n\n\n<div class=\"wp-block-column is-layout-flow wp-block-column-is-layout-flow\">\n<div class=\"wp-block-columns is-layout-flex wp-container-core-columns-is-layout-9d6595d7 wp-block-columns-is-layout-flex\">\n<div class=\"wp-block-column is-layout-flow wp-block-column-is-layout-flow\">\n<figure class=\"wp-block-image size-full\"><img decoding=\"async\" width=\"800\" height=\"800\" src=\"https:\/\/www.yongyukitchenware.com\/wp-content\/uploads\/2024\/09\/Stainless-Steel-Chafing-Dish-Buffet-Set-Wholesale-With-Visible-Glass-Lid-1.webp\" alt=\"Conjunto de buffet de pratos de a\u00e7o inoxid\u00e1vel com tampa de vidro vis\u00edvel (1)\" class=\"wp-image-2867\" srcset=\"https:\/\/www.yongyukitchenware.com\/wp-content\/uploads\/2024\/09\/Stainless-Steel-Chafing-Dish-Buffet-Set-Wholesale-With-Visible-Glass-Lid-1.webp 800w, https:\/\/www.yongyukitchenware.com\/wp-content\/uploads\/2024\/09\/Stainless-Steel-Chafing-Dish-Buffet-Set-Wholesale-With-Visible-Glass-Lid-1-300x300.webp 300w, https:\/\/www.yongyukitchenware.com\/wp-content\/uploads\/2024\/09\/Stainless-Steel-Chafing-Dish-Buffet-Set-Wholesale-With-Visible-Glass-Lid-1-150x150.webp 150w, https:\/\/www.yongyukitchenware.com\/wp-content\/uploads\/2024\/09\/Stainless-Steel-Chafing-Dish-Buffet-Set-Wholesale-With-Visible-Glass-Lid-1-768x768.webp 768w, https:\/\/www.yongyukitchenware.com\/wp-content\/uploads\/2024\/09\/Stainless-Steel-Chafing-Dish-Buffet-Set-Wholesale-With-Visible-Glass-Lid-1-12x12.webp 12w, https:\/\/www.yongyukitchenware.com\/wp-content\/uploads\/2024\/09\/Stainless-Steel-Chafing-Dish-Buffet-Set-Wholesale-With-Visible-Glass-Lid-1-600x600.webp 600w, https:\/\/www.yongyukitchenware.com\/wp-content\/uploads\/2024\/09\/Stainless-Steel-Chafing-Dish-Buffet-Set-Wholesale-With-Visible-Glass-Lid-1-100x100.webp 100w\" sizes=\"(max-width: 800px) 100vw, 800px\" \/><\/figure>\n<\/div>\n\n\n\n<div class=\"wp-block-column is-layout-flow wp-block-column-is-layout-flow\">\n<figure class=\"wp-block-image size-full\"><img decoding=\"async\" width=\"800\" height=\"800\" src=\"https:\/\/www.yongyukitchenware.com\/wp-content\/uploads\/2024\/09\/Stainless-Steel-Chafing-Dish-Buffet-Set-Wholesale-With-Visible-Glass-Lid-2.webp\" alt=\"Conjunto de buffet de pratos de a\u00e7o inoxid\u00e1vel com tampa de vidro vis\u00edvel (2)\" class=\"wp-image-2868\" srcset=\"https:\/\/www.yongyukitchenware.com\/wp-content\/uploads\/2024\/09\/Stainless-Steel-Chafing-Dish-Buffet-Set-Wholesale-With-Visible-Glass-Lid-2.webp 800w, https:\/\/www.yongyukitchenware.com\/wp-content\/uploads\/2024\/09\/Stainless-Steel-Chafing-Dish-Buffet-Set-Wholesale-With-Visible-Glass-Lid-2-300x300.webp 300w, https:\/\/www.yongyukitchenware.com\/wp-content\/uploads\/2024\/09\/Stainless-Steel-Chafing-Dish-Buffet-Set-Wholesale-With-Visible-Glass-Lid-2-150x150.webp 150w, https:\/\/www.yongyukitchenware.com\/wp-content\/uploads\/2024\/09\/Stainless-Steel-Chafing-Dish-Buffet-Set-Wholesale-With-Visible-Glass-Lid-2-768x768.webp 768w, https:\/\/www.yongyukitchenware.com\/wp-content\/uploads\/2024\/09\/Stainless-Steel-Chafing-Dish-Buffet-Set-Wholesale-With-Visible-Glass-Lid-2-12x12.webp 12w, https:\/\/www.yongyukitchenware.com\/wp-content\/uploads\/2024\/09\/Stainless-Steel-Chafing-Dish-Buffet-Set-Wholesale-With-Visible-Glass-Lid-2-600x600.webp 600w, https:\/\/www.yongyukitchenware.com\/wp-content\/uploads\/2024\/09\/Stainless-Steel-Chafing-Dish-Buffet-Set-Wholesale-With-Visible-Glass-Lid-2-100x100.webp 100w\" sizes=\"(max-width: 800px) 100vw, 800px\" \/><\/figure>\n<\/div>\n<\/div>\n<\/div>\n<\/div>\n\n\n\n<div class=\"wp-block-columns is-layout-flex wp-container-core-columns-is-layout-9d6595d7 wp-block-columns-is-layout-flex\">\n<div class=\"wp-block-column is-layout-flow wp-block-column-is-layout-flow\">\n<figure class=\"wp-block-image size-full\"><img decoding=\"async\" width=\"800\" height=\"800\" src=\"https:\/\/www.yongyukitchenware.com\/wp-content\/uploads\/2025\/01\/Wholesale-Stainless-Steel-Chafing-Dish-with-Clear-Lid-Custom-Warmer-6.webp\" alt=\"Prato para chafing de a\u00e7o inoxid\u00e1vel por atacado com tampa transparente Aquecedor personalizado (6)\" class=\"wp-image-2855\" srcset=\"https:\/\/www.yongyukitchenware.com\/wp-content\/uploads\/2025\/01\/Wholesale-Stainless-Steel-Chafing-Dish-with-Clear-Lid-Custom-Warmer-6.webp 800w, https:\/\/www.yongyukitchenware.com\/wp-content\/uploads\/2025\/01\/Wholesale-Stainless-Steel-Chafing-Dish-with-Clear-Lid-Custom-Warmer-6-300x300.webp 300w, https:\/\/www.yongyukitchenware.com\/wp-content\/uploads\/2025\/01\/Wholesale-Stainless-Steel-Chafing-Dish-with-Clear-Lid-Custom-Warmer-6-150x150.webp 150w, https:\/\/www.yongyukitchenware.com\/wp-content\/uploads\/2025\/01\/Wholesale-Stainless-Steel-Chafing-Dish-with-Clear-Lid-Custom-Warmer-6-768x768.webp 768w, https:\/\/www.yongyukitchenware.com\/wp-content\/uploads\/2025\/01\/Wholesale-Stainless-Steel-Chafing-Dish-with-Clear-Lid-Custom-Warmer-6-12x12.webp 12w, https:\/\/www.yongyukitchenware.com\/wp-content\/uploads\/2025\/01\/Wholesale-Stainless-Steel-Chafing-Dish-with-Clear-Lid-Custom-Warmer-6-600x600.webp 600w, https:\/\/www.yongyukitchenware.com\/wp-content\/uploads\/2025\/01\/Wholesale-Stainless-Steel-Chafing-Dish-with-Clear-Lid-Custom-Warmer-6-100x100.webp 100w\" sizes=\"(max-width: 800px) 100vw, 800px\" \/><\/figure>\n<\/div>\n\n\n\n<div class=\"wp-block-column is-layout-flow wp-block-column-is-layout-flow\">\n<h2 class=\"wp-block-heading\">Conjunto de buffet de pratos para chafing Set Carater\u00edsticas:<\/h2>\n\n\n\n<p><strong>Material de a\u00e7o inoxid\u00e1vel de alta qualidade:<\/strong> dur\u00e1vel e \u00e0 prova de ferrugem, garantindo uma utiliza\u00e7\u00e3o a longo prazo e a seguran\u00e7a alimentar.<\/p>\n\n\n\n<p><strong>Design da tampa de vidro vis\u00edvel:<\/strong> A tampa de vidro transparente facilita a verifica\u00e7\u00e3o do estado dos alimentos em qualquer altura, melhorando a experi\u00eancia gastron\u00f3mica.<\/p>\n\n\n\n<p><strong>Op\u00e7\u00f5es de tabuleiros multi-grade: <\/strong>Est\u00e3o dispon\u00edveis op\u00e7\u00f5es de grelha simples e grelha dupla para satisfazer as necessidades de separa\u00e7\u00e3o e armazenamento, adequadas para v\u00e1rias ocasi\u00f5es de refei\u00e7\u00e3o.<\/p>\n\n\n\n<p><strong>Duas op\u00e7\u00f5es de altura do suporte inferior:<\/strong> S\u00e3o fornecidos p\u00e9s longos e curtos para se adaptarem a diferentes ocasi\u00f5es e necessidades de utiliza\u00e7\u00e3o.<\/p>\n\n\n\n<p><strong>Solu\u00e7\u00f5es personalizadas:<\/strong> Incluindo tamanho personalizado, cor, tratamento de superf\u00edcie e outros aspectos.<\/p>\n\n\n\n<p><strong>Fornecimento direto da f\u00e1brica:<\/strong> Fornecimento direto, custo acess\u00edvel, garantindo que todos os clientes possam desfrutar de um conjunto de buffet de prato chafing quadrado de alta qualidade.<\/p>\n<\/div>\n<\/div>","protected":false},"excerpt":{"rendered":"<p>O nosso conjunto de pratos para buffet por atacado \u00e9 ideal para catering e buffets. Com uma tampa de vidro e v\u00e1rias op\u00e7\u00f5es de tamanho. Vendas diretas da f\u00e1brica, garantem um desempenho de alto custo. Bem-vindo a contactar-nos para um or\u00e7amento gratuito<\/p>\n<h2><!-- wp:heading --><\/h2>\n<h2 class=\"wp-block-heading\">Conjunto de buffet de pratos de cozinha Atributos :<\/h2>\n<h2><!-- \/wp:heading --><\/p>\n<p><!-- wp:paragraph --><\/h2>\n<p><strong>Material: <\/strong>A\u00e7o inoxid\u00e1vel<br \/><strong>Cor: <\/strong>Prata, cor personalizada<br \/><strong>Forma: <\/strong>Quadrado<br \/><strong>Calor: <\/strong>Aquecimento a \u00e1lcool e el\u00e9trico<br \/><strong>Panela de chafer: <\/strong>Individual\/Duplo\/Tr\u00eas grelhas<br \/><strong>Embalagem: <\/strong>Saco Opp e caixa de cart\u00e3o<br \/><strong>OEM\/ODM: <\/strong>Dispon\u00edvel<\/p>\n<h2 class=\"wp-block-heading\">De Yongyu Chafing Dish Fabricante :<\/h2>\n<p>Quer se trate de um fornecedor de servi\u00e7os de catering, de um hotel e restaurante ou de uma empresa de planeamento de eventos, fornecemos solu\u00e7\u00f5es completas personalizadas por atacado de material de catering para ajudar a sua empresa com pre\u00e7os de f\u00e1brica de alta qualidade!<\/p>\n<h2><!-- \/wp:paragraph --><\/h2>","protected":false},"featured_media":2867,"comment_status":"closed","ping_status":"closed","template":"","meta":{"_acf_changed":false},"application":[30],"product_brand":[],"product_cat":[33],"product_tag":[],"class_list":{"0":"post-520","1":"product","2":"type-product","3":"status-publish","4":"has-post-thumbnail","6":"application-hotel-catering","7":"product_cat-chafing-dishes-wholesale","9":"first","10":"instock","11":"shipping-taxable","12":"product-type-simple"},"acf":[],"_links":{"self":[{"href":"https:\/\/www.yongyukitchenware.com\/pt\/wp-json\/wp\/v2\/product\/520","targetHints":{"allow":["GET"]}}],"collection":[{"href":"https:\/\/www.yongyukitchenware.com\/pt\/wp-json\/wp\/v2\/product"}],"about":[{"href":"https:\/\/www.yongyukitchenware.com\/pt\/wp-json\/wp\/v2\/types\/product"}],"replies":[{"embeddable":true,"href":"https:\/\/www.yongyukitchenware.com\/pt\/wp-json\/wp\/v2\/comments?post=520"}],"wp:featuredmedia":[{"embeddable":true,"href":"https:\/\/www.yongyukitchenware.com\/pt\/wp-json\/wp\/v2\/media\/2867"}],"wp:attachment":[{"href":"https:\/\/www.yongyukitchenware.com\/pt\/wp-json\/wp\/v2\/media?parent=520"}],"wp:term":[{"taxonomy":"application","embeddable":true,"href":"https:\/\/www.yongyukitchenware.com\/pt\/wp-json\/wp\/v2\/application?post=520"},{"taxonomy":"product_brand","embeddable":true,"href":"https:\/\/www.yongyukitchenware.com\/pt\/wp-json\/wp\/v2\/product_brand?post=520"},{"taxonomy":"product_cat","embeddable":true,"href":"https:\/\/www.yongyukitchenware.com\/pt\/wp-json\/wp\/v2\/product_cat?post=520"},{"taxonomy":"product_tag","embeddable":true,"href":"https:\/\/www.yongyukitchenware.com\/pt\/wp-json\/wp\/v2\/product_tag?post=520"}],"curies":[{"name":"wp","href":"https:\/\/api.w.org\/{rel}","templated":true}]}}