{"id":5218,"date":"2026-03-11T08:50:46","date_gmt":"2026-03-11T08:50:46","guid":{"rendered":"https:\/\/www.yongyukitchenware.com\/?post_type=product&#038;p=5218"},"modified":"2026-03-11T08:55:44","modified_gmt":"2026-03-11T08:55:44","slug":"wholesale-mini-frying-pan-3-layer-compound-steel-cooking-pan-with-steel-handle","status":"publish","type":"product","link":"https:\/\/www.yongyukitchenware.com\/pt\/produto\/wholesale-mini-frying-pan-3-layer-compound-steel-cooking-pan-with-steel-handle\/","title":{"rendered":"Mini frigideira por atacado Panela de cozinha de a\u00e7o composto de 3 camadas com cabo de a\u00e7o"},"content":{"rendered":"<div class=\"wp-block-columns is-layout-flex wp-container-core-columns-is-layout-9d6595d7 wp-block-columns-is-layout-flex\">\n<div class=\"wp-block-column is-layout-flow wp-block-column-is-layout-flow\">\n<h2 class=\"wp-block-heading\">Mini frigideira por atacado Carater\u00edsticas:<\/h2>\n\n\n\n<p><strong>Tamanho compacto: <\/strong>Com uma capacidade de 400 ml, esta mini frigideira \u00e9 ideal para cozinhar pequenas refei\u00e7\u00f5es, como ovos ou um refogado r\u00e1pido.<\/p>\n\n\n\n<p><strong>Duas op\u00e7\u00f5es de pegas: <\/strong>Escolha entre um cabo de madeira confort\u00e1vel ou um cabo de a\u00e7o inoxid\u00e1vel elegante para uma ader\u00eancia e um estilo perfeitos.<\/p>\n\n\n\n<p><strong>A\u00e7o inoxid\u00e1vel duradouro: <\/strong>Fabricada em a\u00e7o inoxid\u00e1vel de alta qualidade, esta frigideira \u00e9 resistente \u00e0 ferrugem e ao desgaste, garantindo uma durabilidade duradoura.<\/p>\n\n\n\n<p><strong>Utiliza\u00e7\u00e3o vers\u00e1til: <\/strong>Perfeita para fritar, saltear ou mesmo aquecer pequenas por\u00e7\u00f5es, esta frigideira \u00e9 indispens\u00e1vel para cozinhas pequenas ou refei\u00e7\u00f5es a solo.<\/p>\n\n\n\n<p><strong>F\u00e1cil de limpar: <\/strong>A superf\u00edcie lisa em a\u00e7o inoxid\u00e1vel torna a limpeza r\u00e1pida e f\u00e1cil, poupando-lhe tempo na cozinha.<\/p>\n<\/div>\n\n\n\n<div class=\"wp-block-column is-layout-flow wp-block-column-is-layout-flow\">\n<div class=\"wp-block-columns is-layout-flex wp-container-core-columns-is-layout-9d6595d7 wp-block-columns-is-layout-flex\">\n<div class=\"wp-block-column is-layout-flow wp-block-column-is-layout-flow\">\n<figure class=\"wp-block-image size-full\"><img decoding=\"async\" width=\"800\" height=\"800\" src=\"https:\/\/www.yongyukitchenware.com\/wp-content\/uploads\/2026\/03\/Wholesale-Mini-Frying-Pan-11.webp\" alt=\"Frigideira mini por atacado-11\" class=\"wp-image-5216\" srcset=\"https:\/\/www.yongyukitchenware.com\/wp-content\/uploads\/2026\/03\/Wholesale-Mini-Frying-Pan-11.webp 800w, https:\/\/www.yongyukitchenware.com\/wp-content\/uploads\/2026\/03\/Wholesale-Mini-Frying-Pan-11-300x300.webp 300w, https:\/\/www.yongyukitchenware.com\/wp-content\/uploads\/2026\/03\/Wholesale-Mini-Frying-Pan-11-150x150.webp 150w, https:\/\/www.yongyukitchenware.com\/wp-content\/uploads\/2026\/03\/Wholesale-Mini-Frying-Pan-11-768x768.webp 768w, https:\/\/www.yongyukitchenware.com\/wp-content\/uploads\/2026\/03\/Wholesale-Mini-Frying-Pan-11-12x12.webp 12w, https:\/\/www.yongyukitchenware.com\/wp-content\/uploads\/2026\/03\/Wholesale-Mini-Frying-Pan-11-600x600.webp 600w, https:\/\/www.yongyukitchenware.com\/wp-content\/uploads\/2026\/03\/Wholesale-Mini-Frying-Pan-11-100x100.webp 100w\" sizes=\"(max-width: 800px) 100vw, 800px\" \/><\/figure>\n<\/div>\n<\/div>\n\n\n\n<figure class=\"wp-block-image size-full\"><img decoding=\"async\" width=\"800\" height=\"800\" src=\"https:\/\/www.yongyukitchenware.com\/wp-content\/uploads\/2026\/03\/Wholesale-Mini-Frying-Pan-5.webp\" alt=\"Frigideira mini por atacado-5\" class=\"wp-image-5210\" srcset=\"https:\/\/www.yongyukitchenware.com\/wp-content\/uploads\/2026\/03\/Wholesale-Mini-Frying-Pan-5.webp 800w, https:\/\/www.yongyukitchenware.com\/wp-content\/uploads\/2026\/03\/Wholesale-Mini-Frying-Pan-5-300x300.webp 300w, https:\/\/www.yongyukitchenware.com\/wp-content\/uploads\/2026\/03\/Wholesale-Mini-Frying-Pan-5-150x150.webp 150w, https:\/\/www.yongyukitchenware.com\/wp-content\/uploads\/2026\/03\/Wholesale-Mini-Frying-Pan-5-768x768.webp 768w, https:\/\/www.yongyukitchenware.com\/wp-content\/uploads\/2026\/03\/Wholesale-Mini-Frying-Pan-5-12x12.webp 12w, https:\/\/www.yongyukitchenware.com\/wp-content\/uploads\/2026\/03\/Wholesale-Mini-Frying-Pan-5-600x600.webp 600w, https:\/\/www.yongyukitchenware.com\/wp-content\/uploads\/2026\/03\/Wholesale-Mini-Frying-Pan-5-100x100.webp 100w\" sizes=\"(max-width: 800px) 100vw, 800px\" \/><\/figure>\n<\/div>\n<\/div>\n\n\n\n<p><\/p>","protected":false},"excerpt":{"rendered":"<p><span data-mce-type=\"bookmark\" style=\"width: 0px;overflow: hidden;line-height: 0\" class=\"mce_SELRES_start\"><\/span>Esta mini frigideira de a\u00e7o inoxid\u00e1vel oferece dois estilos de pega \u00e0 sua escolha: pega de madeira e pega de a\u00e7o. Tem uma capacidade de 400 mililitros. \u00c9 perfeita para fritar ovos ou cozinhar pequenas por\u00e7\u00f5es de comida. Escolha-nos e poder\u00e1 desfrutar dos nossos produtos de alta qualidade, pre\u00e7os competitivos e excelente servi\u00e7o ao cliente.<\/p>\n<h2>Mini frigideira por atacado Par\u00e2metro:<\/h2>\n<p><strong>Material:<\/strong> A\u00e7o de tr\u00eas camadas (SS 304)<br \/><strong>Capacidade:<\/strong> 400ml<br \/><strong>Tamanhos:<\/strong> Di\u00e2metro: 13 cm, Altura: 4,5 cm, Comprimento da pega: 13,5 cm<br \/><strong>OEM\/ODM:<\/strong> Dispon\u00edvel<\/p>\n<h2 class=\"wp-block-heading\">De Yongyu Cookware Fabricante :<\/h2>\n<p>Yongyu \u00e9 um fabricante de utens\u00edlios de cozinha bem conhecido na China, conhecido por fornecer uma vasta gama de utens\u00edlios de cozinha em a\u00e7o inoxid\u00e1vel de alta qualidade, incluindo frigideiras, woks, panelas para caldos e panelas para massas, etc.<\/p>","protected":false},"featured_media":5207,"comment_status":"closed","ping_status":"closed","template":"","meta":{"_acf_changed":true},"application":[29],"product_brand":[],"product_cat":[23,32],"product_tag":[],"class_list":{"0":"post-5218","1":"product","2":"type-product","3":"status-publish","4":"has-post-thumbnail","6":"application-home-kitchen","7":"product_cat-kitchenware-wholesale","8":"product_cat-wholesale-cookware","10":"first","11":"instock","12":"shipping-taxable","13":"product-type-simple"},"acf":[],"_links":{"self":[{"href":"https:\/\/www.yongyukitchenware.com\/pt\/wp-json\/wp\/v2\/product\/5218","targetHints":{"allow":["GET"]}}],"collection":[{"href":"https:\/\/www.yongyukitchenware.com\/pt\/wp-json\/wp\/v2\/product"}],"about":[{"href":"https:\/\/www.yongyukitchenware.com\/pt\/wp-json\/wp\/v2\/types\/product"}],"replies":[{"embeddable":true,"href":"https:\/\/www.yongyukitchenware.com\/pt\/wp-json\/wp\/v2\/comments?post=5218"}],"wp:featuredmedia":[{"embeddable":true,"href":"https:\/\/www.yongyukitchenware.com\/pt\/wp-json\/wp\/v2\/media\/5207"}],"wp:attachment":[{"href":"https:\/\/www.yongyukitchenware.com\/pt\/wp-json\/wp\/v2\/media?parent=5218"}],"wp:term":[{"taxonomy":"application","embeddable":true,"href":"https:\/\/www.yongyukitchenware.com\/pt\/wp-json\/wp\/v2\/application?post=5218"},{"taxonomy":"product_brand","embeddable":true,"href":"https:\/\/www.yongyukitchenware.com\/pt\/wp-json\/wp\/v2\/product_brand?post=5218"},{"taxonomy":"product_cat","embeddable":true,"href":"https:\/\/www.yongyukitchenware.com\/pt\/wp-json\/wp\/v2\/product_cat?post=5218"},{"taxonomy":"product_tag","embeddable":true,"href":"https:\/\/www.yongyukitchenware.com\/pt\/wp-json\/wp\/v2\/product_tag?post=5218"}],"curies":[{"name":"wp","href":"https:\/\/api.w.org\/{rel}","templated":true}]}}