{"id":5220,"date":"2026-03-11T09:01:37","date_gmt":"2026-03-11T09:01:37","guid":{"rendered":"https:\/\/www.yongyukitchenware.com\/?post_type=product&#038;p=5220"},"modified":"2026-03-16T08:06:03","modified_gmt":"2026-03-16T08:06:03","slug":"wholesale-double-wall-bowl-stainless-steels-gold-silver-for-catering-copy","status":"publish","type":"product","link":"https:\/\/www.yongyukitchenware.com\/pt\/produto\/wholesale-double-wall-bowl-stainless-steels-gold-silver-for-catering-copy\/","title":{"rendered":"Ta\u00e7a de beb\u00e9 em a\u00e7o inoxid\u00e1vel personalizada Prato de metal para crian\u00e7as Desenhos animados"},"content":{"rendered":"<div class=\"wp-block-columns is-layout-flex wp-container-core-columns-is-layout-9d6595d7 wp-block-columns-is-layout-flex\">\n<div class=\"wp-block-column is-layout-flow wp-block-column-is-layout-flow\">\n<h2 class=\"wp-block-heading\">Ta\u00e7a para beb\u00e9 em a\u00e7o inoxid\u00e1vel personalizada Carater\u00edsticas:<\/h2>\n\n\n\n<p><strong>Desenhos divertidos de desenhos animados:<\/strong> Com 3 divertidos desenhos de desenhos animados, este prato torna a hora das refei\u00e7\u00f5es emocionante e incentiva as crian\u00e7as a comer.<\/p>\n\n\n\n<p><strong>A\u00e7o inoxid\u00e1vel duradouro: <\/strong>Fabricada em a\u00e7o inoxid\u00e1vel de alta qualidade, a placa foi concebida para suportar a utiliza\u00e7\u00e3o di\u00e1ria e \u00e9 resistente ao desgaste.<\/p>\n\n\n\n<p><strong>Seguro para crian\u00e7as: <\/strong>Fabricado com materiais seguros e n\u00e3o t\u00f3xicos, \u00e9 perfeito para as refei\u00e7\u00f5es do seu filho.<\/p>\n\n\n\n<p><strong>F\u00e1cil de limpar: <\/strong>A superf\u00edcie lisa em a\u00e7o inoxid\u00e1vel facilita a limpeza, perfeita para pais atarefados.<\/p>\n\n\n\n<p><strong>Tamanho perfeito: <\/strong>Com as dimens\u00f5es de 16,5\u00d718,5x4cm, este prato \u00e9 ideal para servir as doses certas \u00e0s crian\u00e7as.<\/p>\n<\/div>\n\n\n\n<div class=\"wp-block-column is-layout-flow wp-block-column-is-layout-flow\">\n<div class=\"wp-block-columns is-layout-flex wp-container-core-columns-is-layout-9d6595d7 wp-block-columns-is-layout-flex\">\n<div class=\"wp-block-column is-layout-flow wp-block-column-is-layout-flow\">\n<figure class=\"wp-block-image size-full\"><img decoding=\"async\" width=\"800\" height=\"800\" src=\"https:\/\/www.yongyukitchenware.com\/wp-content\/uploads\/2026\/03\/Custom-Stainless-Steel-Baby-Bowl-6.webp\" alt=\"Baby-Bowl-6 personalizado em a\u00e7o inoxid\u00e1vel\" class=\"wp-image-5226\" srcset=\"https:\/\/www.yongyukitchenware.com\/wp-content\/uploads\/2026\/03\/Custom-Stainless-Steel-Baby-Bowl-6.webp 800w, https:\/\/www.yongyukitchenware.com\/wp-content\/uploads\/2026\/03\/Custom-Stainless-Steel-Baby-Bowl-6-300x300.webp 300w, https:\/\/www.yongyukitchenware.com\/wp-content\/uploads\/2026\/03\/Custom-Stainless-Steel-Baby-Bowl-6-150x150.webp 150w, https:\/\/www.yongyukitchenware.com\/wp-content\/uploads\/2026\/03\/Custom-Stainless-Steel-Baby-Bowl-6-768x768.webp 768w, https:\/\/www.yongyukitchenware.com\/wp-content\/uploads\/2026\/03\/Custom-Stainless-Steel-Baby-Bowl-6-12x12.webp 12w, https:\/\/www.yongyukitchenware.com\/wp-content\/uploads\/2026\/03\/Custom-Stainless-Steel-Baby-Bowl-6-600x600.webp 600w, https:\/\/www.yongyukitchenware.com\/wp-content\/uploads\/2026\/03\/Custom-Stainless-Steel-Baby-Bowl-6-100x100.webp 100w\" sizes=\"(max-width: 800px) 100vw, 800px\" \/><\/figure>\n<\/div>\n<\/div>\n\n\n\n<div class=\"wp-block-columns is-layout-flex wp-container-core-columns-is-layout-9d6595d7 wp-block-columns-is-layout-flex\">\n<div class=\"wp-block-column is-layout-flow wp-block-column-is-layout-flow\">\n<figure class=\"wp-block-image size-full\"><img decoding=\"async\" width=\"800\" height=\"800\" src=\"https:\/\/www.yongyukitchenware.com\/wp-content\/uploads\/2026\/03\/Custom-Stainless-Steel-Baby-Bowl-2.webp\" alt=\"Bacia para beb\u00e9s em a\u00e7o inoxid\u00e1vel personalizada-2\" class=\"wp-image-5222\" srcset=\"https:\/\/www.yongyukitchenware.com\/wp-content\/uploads\/2026\/03\/Custom-Stainless-Steel-Baby-Bowl-2.webp 800w, https:\/\/www.yongyukitchenware.com\/wp-content\/uploads\/2026\/03\/Custom-Stainless-Steel-Baby-Bowl-2-300x300.webp 300w, https:\/\/www.yongyukitchenware.com\/wp-content\/uploads\/2026\/03\/Custom-Stainless-Steel-Baby-Bowl-2-150x150.webp 150w, https:\/\/www.yongyukitchenware.com\/wp-content\/uploads\/2026\/03\/Custom-Stainless-Steel-Baby-Bowl-2-768x768.webp 768w, https:\/\/www.yongyukitchenware.com\/wp-content\/uploads\/2026\/03\/Custom-Stainless-Steel-Baby-Bowl-2-12x12.webp 12w, https:\/\/www.yongyukitchenware.com\/wp-content\/uploads\/2026\/03\/Custom-Stainless-Steel-Baby-Bowl-2-600x600.webp 600w, https:\/\/www.yongyukitchenware.com\/wp-content\/uploads\/2026\/03\/Custom-Stainless-Steel-Baby-Bowl-2-100x100.webp 100w\" sizes=\"(max-width: 800px) 100vw, 800px\" \/><\/figure>\n<\/div>\n<\/div>\n<\/div>\n<\/div>\n\n\n\n<p><\/p>","protected":false},"excerpt":{"rendered":"<p>Este prato de a\u00e7o inoxid\u00e1vel para crian\u00e7as tem 3 bonitos desenhos animados, tornando a hora das refei\u00e7\u00f5es divertida para as crian\u00e7as. Com uma superf\u00edcie dur\u00e1vel e f\u00e1cil de limpar, \u00e9 perfeito para uso quotidiano. Beneficie da nossa qualidade superior, op\u00e7\u00f5es personaliz\u00e1veis e servi\u00e7o eficiente.<\/p>\n<h2 style=\"text-align: left\">Ta\u00e7a de beb\u00e9 em a\u00e7o inoxid\u00e1vel personalizada Par\u00e2metro:<\/h2>\n<p style=\"text-align: left\"><strong>Material:<\/strong> A\u00e7o inoxid\u00e1vel<br \/><strong>Tamanho:<\/strong> 16,5*18,5*4cm<br \/><strong>Peso:<\/strong> 105g<br \/><strong>Embalagem: <\/strong>Saco Opp e caixa de cart\u00e3o<br \/><strong>OEM\/ODM:<\/strong> Dispon\u00edvel<\/p>\n<h2 class=\"wp-block-heading\">De Yongyu Tableware Wholesaler:<\/h2>\n<p>O grossista de utens\u00edlios de mesa Yongyu pode satisfazer as necessidades dos clientes a granel e fornecer uma s\u00e9rie de fornecimentos de catering de alta qualidade por atacado que combina eleg\u00e2ncia e durabilidade. Incluindo utens\u00edlios de mesa, bebidas, equipamentos de catering, utens\u00edlios de cozinha, itens essenciais de cozinha de acampamento, etc.<\/p>","protected":false},"featured_media":5221,"comment_status":"closed","ping_status":"closed","template":"","meta":{"_acf_changed":false},"application":[30],"product_brand":[],"product_cat":[21,47],"product_tag":[43],"class_list":{"0":"post-5220","1":"product","2":"type-product","3":"status-publish","4":"has-post-thumbnail","6":"application-hotel-catering","7":"product_cat-tableware-wholesale","8":"product_cat-stainless-steel-bowls-wholesale","9":"product_tag-recommend","11":"first","12":"instock","13":"shipping-taxable","14":"product-type-simple"},"acf":[],"_links":{"self":[{"href":"https:\/\/www.yongyukitchenware.com\/pt\/wp-json\/wp\/v2\/product\/5220","targetHints":{"allow":["GET"]}}],"collection":[{"href":"https:\/\/www.yongyukitchenware.com\/pt\/wp-json\/wp\/v2\/product"}],"about":[{"href":"https:\/\/www.yongyukitchenware.com\/pt\/wp-json\/wp\/v2\/types\/product"}],"replies":[{"embeddable":true,"href":"https:\/\/www.yongyukitchenware.com\/pt\/wp-json\/wp\/v2\/comments?post=5220"}],"wp:featuredmedia":[{"embeddable":true,"href":"https:\/\/www.yongyukitchenware.com\/pt\/wp-json\/wp\/v2\/media\/5221"}],"wp:attachment":[{"href":"https:\/\/www.yongyukitchenware.com\/pt\/wp-json\/wp\/v2\/media?parent=5220"}],"wp:term":[{"taxonomy":"application","embeddable":true,"href":"https:\/\/www.yongyukitchenware.com\/pt\/wp-json\/wp\/v2\/application?post=5220"},{"taxonomy":"product_brand","embeddable":true,"href":"https:\/\/www.yongyukitchenware.com\/pt\/wp-json\/wp\/v2\/product_brand?post=5220"},{"taxonomy":"product_cat","embeddable":true,"href":"https:\/\/www.yongyukitchenware.com\/pt\/wp-json\/wp\/v2\/product_cat?post=5220"},{"taxonomy":"product_tag","embeddable":true,"href":"https:\/\/www.yongyukitchenware.com\/pt\/wp-json\/wp\/v2\/product_tag?post=5220"}],"curies":[{"name":"wp","href":"https:\/\/api.w.org\/{rel}","templated":true}]}}