{"id":545,"date":"2025-03-12T15:11:29","date_gmt":"2025-03-12T15:11:29","guid":{"rendered":"https:\/\/www.yongyukitchenware.com\/?post_type=product&#038;p=545"},"modified":"2025-06-13T06:45:11","modified_gmt":"2025-06-13T06:45:11","slug":"wholesale-chafing-dishes-set","status":"publish","type":"product","link":"https:\/\/www.yongyukitchenware.com\/pt\/produto\/wholesale-chafing-dishes-set\/","title":{"rendered":"Conjunto de pratos para banquetes por atacado com perna de tubo"},"content":{"rendered":"<div class=\"wp-block-columns is-layout-flex wp-container-core-columns-is-layout-9d6595d7 wp-block-columns-is-layout-flex\">\n<div class=\"wp-block-column is-layout-flow wp-block-column-is-layout-flow\">\n<h2 class=\"wp-block-heading\">Conjunto de pratos Chafing Par\u00e2metro<\/h2>\n\n\n\n<div class=\"wp-block-columns is-layout-flex wp-container-core-columns-is-layout-9d6595d7 wp-block-columns-is-layout-flex\">\n<div class=\"wp-block-column is-layout-flow wp-block-column-is-layout-flow\" style=\"flex-basis:100%\">\n<div class=\"wp-block-group\"><div class=\"wp-block-group__inner-container is-layout-constrained wp-block-group-is-layout-constrained\">\n<div class=\"wp-block-columns is-layout-flex wp-container-core-columns-is-layout-9d6595d7 wp-block-columns-is-layout-flex\">\n<div class=\"wp-block-column is-layout-flow wp-block-column-is-layout-flow\" style=\"flex-basis:100%\">\n<figure class=\"wp-block-table\"><table class=\"has-fixed-layout\"><tbody><tr><td>Modelo<\/td><td>Forma<\/td><td>Comprimento * Largura * Altura (cm)<\/td><td>Peso (kg)<\/td><td>MOQ<\/td><\/tr><tr><td>DY004-CL<\/td><td>Retangular<\/td><td>57*37*24<\/td><td>8.5<\/td><td>2 PE\u00c7AS<\/td><\/tr><\/tbody><\/table><\/figure>\n<\/div>\n<\/div>\n<\/div><\/div>\n<\/div>\n<\/div>\n\n\n\n<figure class=\"wp-block-image size-full\"><img decoding=\"async\" width=\"1920\" height=\"1920\" src=\"https:\/\/www.yongyukitchenware.com\/wp-content\/uploads\/2025\/02\/chafing-dishes-set-2-1.webp\" alt=\"conjunto de pratos para assar por atacado\" class=\"wp-image-2997\" srcset=\"https:\/\/www.yongyukitchenware.com\/wp-content\/uploads\/2025\/02\/chafing-dishes-set-2-1.webp 1920w, https:\/\/www.yongyukitchenware.com\/wp-content\/uploads\/2025\/02\/chafing-dishes-set-2-1-300x300.webp 300w, https:\/\/www.yongyukitchenware.com\/wp-content\/uploads\/2025\/02\/chafing-dishes-set-2-1-150x150.webp 150w, https:\/\/www.yongyukitchenware.com\/wp-content\/uploads\/2025\/02\/chafing-dishes-set-2-1-768x768.webp 768w, https:\/\/www.yongyukitchenware.com\/wp-content\/uploads\/2025\/02\/chafing-dishes-set-2-1-12x12.webp 12w, https:\/\/www.yongyukitchenware.com\/wp-content\/uploads\/2025\/02\/chafing-dishes-set-2-1-1200x1200.webp 1200w, https:\/\/www.yongyukitchenware.com\/wp-content\/uploads\/2025\/02\/chafing-dishes-set-2-1-600x600.webp 600w, https:\/\/www.yongyukitchenware.com\/wp-content\/uploads\/2025\/02\/chafing-dishes-set-2-1-100x100.webp 100w\" sizes=\"(max-width: 1920px) 100vw, 1920px\" \/><\/figure>\n<\/div>\n\n\n\n<div class=\"wp-block-column is-layout-flow wp-block-column-is-layout-flow\">\n<h2 class=\"wp-block-heading\">Conjunto de pratos para chafing Carater\u00edsticas:<\/h2>\n\n\n\n<p><strong>Design robusto das pernas em tubo: <\/strong>Equipado com um suporte tubular est\u00e1vel, garante ao equipamento uma excelente estabilidade e apoio durante a utiliza\u00e7\u00e3o, adequado para servi\u00e7os de buffet em v\u00e1rias ocasi\u00f5es.<\/p>\n\n\n\n<p><strong>F\u00e1cil de limpar: <\/strong>O nosso conjunto de pratos para chafing a granel \u00e9 feito de a\u00e7o inoxid\u00e1vel de alta qualidade, a superf\u00edcie lisa \u00e9 \u00e0 prova de ferrugem e resistente \u00e0 corros\u00e3o, e \u00e9 f\u00e1cil de limpar e manter, garantindo uma utiliza\u00e7\u00e3o a longo prazo.<\/p>\n\n\n\n<p><strong>Dois m\u00e9todos de aquecimento\uff1a<\/strong> Existem m\u00e9todos de aquecimento de placas de aquecimento a \u00e1lcool e de aquecimento el\u00e9trico para satisfazer diferentes necessidades.<\/p>\n\n\n\n<p><strong>Pratos de jantar de grande capacidade:<\/strong> Estes pratos proporcionam um amplo espa\u00e7o para os pratos e podem conter v\u00e1rios pratos de cada vez, reduzindo o trabalho de reabastecimento frequente.<\/p>\n\n\n\n<p><strong>Descontos por grosso:<\/strong> Oferecemos pre\u00e7os preferenciais de compra a granel para empresas de catering e organizadores de eventos, ajudando-o a reduzir significativamente os custos operacionais, mantendo a elevada qualidade.<\/p>\n<\/div>\n<\/div>\n\n\n\n<p><\/p>","protected":false},"excerpt":{"rendered":"<p>O nosso conjunto de pratos para assar por atacado est\u00e1 equipado com um design de suporte tubular resistente para v\u00e1rias ocasi\u00f5es de eventos. O material de a\u00e7o inoxid\u00e1vel f\u00e1cil de limpar garante a durabilidade a longo prazo do equipamento. \u00c9 uma escolha ideal quer se trate de um hotel, casamento ou evento empresarial.\u00a0 \u00a0 \u00a0 \u00a0 \u00a0 \u00a0 \u00a0 \u00a0 \u00a0 \u00a0 \u00a0 \u00a0 \u00a0 \u00a0 \u00a0 \u00a0 \u00a0<\/p>\n<h2>Conjunto de pratos para assar Atributos :<\/h2>\n<p><strong>Material: <\/strong>A\u00e7o inoxid\u00e1vel<br \/><strong>Cor: <\/strong>Prata<br \/><strong>Forma: <\/strong>Ret\u00e2ngulo<br \/><strong>Calor: <\/strong>Aquecimento a \u00e1lcool e el\u00e9trico<br \/><strong>Panela de chafer: <\/strong>Grelha simples\/dupla<br \/><strong>Embalagem: <\/strong>Saco Opp e caixa de cart\u00e3o<br \/><strong>OEM\/ODM: <\/strong>Dispon\u00edvel<\/p>\n<h2><!-- \/wp:heading --><\/p>\n<p><!-- wp:paragraph --><\/h2>\n<h2 class=\"wp-block-heading\">De Yongyu Chafing Dish Fabricante :<\/h2>\n<p>Quer se trate de um fornecedor de servi\u00e7os de catering, de um hotel e restaurante ou de uma empresa de planeamento de eventos, fornecemos solu\u00e7\u00f5es completas personalizadas por atacado de material de catering para ajudar a sua empresa com pre\u00e7os de f\u00e1brica de alta qualidade!<\/p>\n<h2><!-- \/wp:paragraph --><\/h2>","protected":false},"featured_media":2996,"comment_status":"closed","ping_status":"closed","template":"","meta":{"_acf_changed":false},"application":[],"product_brand":[],"product_cat":[33],"product_tag":[],"class_list":{"0":"post-545","1":"product","2":"type-product","3":"status-publish","4":"has-post-thumbnail","6":"product_cat-chafing-dishes-wholesale","8":"first","9":"instock","10":"shipping-taxable","11":"product-type-simple"},"acf":[],"_links":{"self":[{"href":"https:\/\/www.yongyukitchenware.com\/pt\/wp-json\/wp\/v2\/product\/545","targetHints":{"allow":["GET"]}}],"collection":[{"href":"https:\/\/www.yongyukitchenware.com\/pt\/wp-json\/wp\/v2\/product"}],"about":[{"href":"https:\/\/www.yongyukitchenware.com\/pt\/wp-json\/wp\/v2\/types\/product"}],"replies":[{"embeddable":true,"href":"https:\/\/www.yongyukitchenware.com\/pt\/wp-json\/wp\/v2\/comments?post=545"}],"wp:featuredmedia":[{"embeddable":true,"href":"https:\/\/www.yongyukitchenware.com\/pt\/wp-json\/wp\/v2\/media\/2996"}],"wp:attachment":[{"href":"https:\/\/www.yongyukitchenware.com\/pt\/wp-json\/wp\/v2\/media?parent=545"}],"wp:term":[{"taxonomy":"application","embeddable":true,"href":"https:\/\/www.yongyukitchenware.com\/pt\/wp-json\/wp\/v2\/application?post=545"},{"taxonomy":"product_brand","embeddable":true,"href":"https:\/\/www.yongyukitchenware.com\/pt\/wp-json\/wp\/v2\/product_brand?post=545"},{"taxonomy":"product_cat","embeddable":true,"href":"https:\/\/www.yongyukitchenware.com\/pt\/wp-json\/wp\/v2\/product_cat?post=545"},{"taxonomy":"product_tag","embeddable":true,"href":"https:\/\/www.yongyukitchenware.com\/pt\/wp-json\/wp\/v2\/product_tag?post=545"}],"curies":[{"name":"wp","href":"https:\/\/api.w.org\/{rel}","templated":true}]}}