{"id":632,"date":"2024-09-28T07:58:00","date_gmt":"2024-09-28T07:58:00","guid":{"rendered":"https:\/\/www.yongyukitchenware.com\/?post_type=product&#038;p=632"},"modified":"2025-06-26T02:43:22","modified_gmt":"2025-06-26T02:43:22","slug":"boat-shaped-bowl-wholesale","status":"publish","type":"product","link":"https:\/\/www.yongyukitchenware.com\/pt\/produto\/boat-shaped-bowl-wholesale\/","title":{"rendered":"Ta\u00e7a em forma de barco por grosso em a\u00e7o inoxid\u00e1vel Gloden Sliver para servir saladas"},"content":{"rendered":"<div class=\"wp-block-columns is-layout-flex wp-container-core-columns-is-layout-9d6595d7 wp-block-columns-is-layout-flex\">\n<div class=\"wp-block-column is-layout-flow wp-block-column-is-layout-flow\">\n<h2 class=\"wp-block-heading\">Par\u00e2metro da ta\u00e7a em forma de barco<\/h2>\n\n\n\n<figure class=\"wp-block-table\"><table class=\"has-fixed-layout\"><tbody><tr><td>Modelo<\/td><td>Forma<\/td><td>Comprimento * Largura *<br>&nbsp;Altura (cm)<\/td><td>MOQ<\/td><\/tr><tr><td rowspan=\"3\">DY024-W<\/td><td>Pequeno<\/td><td>16*11*5<\/td><td rowspan=\"3\">200 UNIDADES<\/td><\/tr><tr><td>M\u00e9dio<\/td><td>20*13.5*6<\/td><\/tr><tr><td>Grande<\/td><td>25*16*7<\/td><\/tr><\/tbody><\/table><\/figure>\n<\/div>\n\n\n\n<div class=\"wp-block-column is-layout-flow wp-block-column-is-layout-flow\">\n<h2 class=\"wp-block-heading\">Ta\u00e7a em forma de barco Carater\u00edsticas:<\/h2>\n\n\n\n<p><strong>Conce\u00e7\u00e3o criativa: <\/strong>O design do fundo \u00e9 plano e liso, assegurando uma coloca\u00e7\u00e3o est\u00e1vel e evitando que se incline ou deslize. A forma \u00fanica de barco e lingote \u00e9 bonita e melhora o efeito visual geral da mesa de jantar.<\/p>\n\n\n\n<p><strong>A\u00e7o inoxid\u00e1vel de alta qualidade: <\/strong>Fabricado em a\u00e7o inoxid\u00e1vel de qualidade alimentar, garante resist\u00eancia \u00e0 corros\u00e3o e aus\u00eancia de odores, assegurando a seguran\u00e7a alimentar. Ao mesmo tempo, este material \u00e9 dur\u00e1vel, adequado para uma utiliza\u00e7\u00e3o a longo prazo e n\u00e3o \u00e9 f\u00e1cil de deformar ou danificar.<\/p>\n\n\n\n<p><strong>V\u00e1rias especifica\u00e7\u00f5es \u00e0 escolha: <\/strong>A ta\u00e7a oferece tr\u00eas op\u00e7\u00f5es de tamanho diferentes para satisfazer as necessidades de diferentes ocasi\u00f5es. O revestimento opcional em ouro ou prata torna cada ta\u00e7a mais deslumbrante e adequada para banquetes de luxo e ocasi\u00f5es especiais.<\/p>\n\n\n\n<p><strong>Arestas arredondadas: <\/strong>As arestas s\u00e3o finamente polidas, lisas e sem rebarbas, garantindo uma utiliza\u00e7\u00e3o segura sem riscar as m\u00e3os ou danificar os alimentos. Este design melhora a experi\u00eancia do utilizador e aumenta a seguran\u00e7a.<\/p>\n\n\n\n<p><strong>Processo de polimento escovado: <\/strong>A superf\u00edcie adopta um processo de polimento escovado, com uma textura suave e delicada, bom toque e f\u00e1cil de limpar.<\/p>\n<\/div>\n<\/div>\n\n\n\n<div class=\"wp-block-columns is-layout-flex wp-container-core-columns-is-layout-9d6595d7 wp-block-columns-is-layout-flex\">\n<div class=\"wp-block-column is-layout-flow wp-block-column-is-layout-flow\">\n<figure class=\"wp-block-image size-full\"><img decoding=\"async\" width=\"800\" height=\"800\" src=\"https:\/\/www.yongyukitchenware.com\/wp-content\/uploads\/2024\/09\/Wholesale-Boat-Shaped-Bowl-2.webp\" alt=\"Ta\u00e7a em forma de barco por grosso 2\" class=\"wp-image-634\" srcset=\"https:\/\/www.yongyukitchenware.com\/wp-content\/uploads\/2024\/09\/Wholesale-Boat-Shaped-Bowl-2.webp 800w, https:\/\/www.yongyukitchenware.com\/wp-content\/uploads\/2024\/09\/Wholesale-Boat-Shaped-Bowl-2-300x300.webp 300w, https:\/\/www.yongyukitchenware.com\/wp-content\/uploads\/2024\/09\/Wholesale-Boat-Shaped-Bowl-2-150x150.webp 150w, https:\/\/www.yongyukitchenware.com\/wp-content\/uploads\/2024\/09\/Wholesale-Boat-Shaped-Bowl-2-768x768.webp 768w, https:\/\/www.yongyukitchenware.com\/wp-content\/uploads\/2024\/09\/Wholesale-Boat-Shaped-Bowl-2-600x600.webp 600w, https:\/\/www.yongyukitchenware.com\/wp-content\/uploads\/2024\/09\/Wholesale-Boat-Shaped-Bowl-2-100x100.webp 100w\" sizes=\"(max-width: 800px) 100vw, 800px\" \/><\/figure>\n<\/div>\n\n\n\n<div class=\"wp-block-column is-layout-flow wp-block-column-is-layout-flow\">\n<figure class=\"wp-block-image size-full\"><img decoding=\"async\" width=\"800\" height=\"800\" src=\"https:\/\/www.yongyukitchenware.com\/wp-content\/uploads\/2024\/09\/Wholesale-Boat-Shaped-Bowl-5.webp\" alt=\"Ta\u00e7a em forma de barco por grosso 5\" class=\"wp-image-637\" srcset=\"https:\/\/www.yongyukitchenware.com\/wp-content\/uploads\/2024\/09\/Wholesale-Boat-Shaped-Bowl-5.webp 800w, https:\/\/www.yongyukitchenware.com\/wp-content\/uploads\/2024\/09\/Wholesale-Boat-Shaped-Bowl-5-300x300.webp 300w, https:\/\/www.yongyukitchenware.com\/wp-content\/uploads\/2024\/09\/Wholesale-Boat-Shaped-Bowl-5-150x150.webp 150w, https:\/\/www.yongyukitchenware.com\/wp-content\/uploads\/2024\/09\/Wholesale-Boat-Shaped-Bowl-5-768x768.webp 768w, https:\/\/www.yongyukitchenware.com\/wp-content\/uploads\/2024\/09\/Wholesale-Boat-Shaped-Bowl-5-600x600.webp 600w, https:\/\/www.yongyukitchenware.com\/wp-content\/uploads\/2024\/09\/Wholesale-Boat-Shaped-Bowl-5-100x100.webp 100w\" sizes=\"(max-width: 800px) 100vw, 800px\" \/><\/figure>\n<\/div>\n<\/div>\n\n\n\n<p><\/p>","protected":false},"excerpt":{"rendered":"<p>As nossas ta\u00e7as para barcos por atacado t\u00eam um design exclusivo e s\u00e3o feitas de a\u00e7o inoxid\u00e1vel de alta qualidade, que \u00e9 dur\u00e1vel e f\u00e1cil de limpar. Tem uma variedade de especifica\u00e7\u00f5es para servir saladas, sobremesas e snacks, e \u00e9 a escolha ideal para servi\u00e7os de catering elegantes e modernos.\u00a0 \u00a0 \u00a0 \u00a0 \u00a0 \u00a0 \u00a0 \u00a0 \u00a0\u00a0<\/p>\n<h2>Ta\u00e7a em forma de barco Atributos :<\/h2>\n<p><strong>Material: <\/strong>A\u00e7o inoxid\u00e1vel<br \/><strong>Cor: <\/strong>Ouro\/Prata<br \/><strong>Forma: <\/strong>Em forma de barco<br \/><strong>Embalagem: <\/strong>Saco Opp e caixa de cart\u00e3o<br \/><strong>OEM\/ODM: <\/strong>Dispon\u00edvel<\/p>\n<h2><!-- \/wp:heading --><\/p>\n<p><!-- wp:paragraph --><\/h2>\n<h2 class=\"wp-block-heading\">Yongyu grossista de artigos de mesa:<\/h2>\n<p class=\"wp-block-heading\">O grossista de utens\u00edlios de mesa Yongyu pode satisfazer as necessidades dos clientes a granel e fornecer uma s\u00e9rie de fornecimentos de catering de alta qualidade por atacado que combina eleg\u00e2ncia e durabilidade. Incluindo utens\u00edlios de mesa, bebidas, equipamentos de catering, utens\u00edlios de cozinha, itens essenciais de cozinha de acampamento, etc.<\/p>\n<h2><!-- \/wp:paragraph --><\/h2>","protected":false},"featured_media":633,"comment_status":"closed","ping_status":"closed","template":"","meta":{"_acf_changed":true},"application":[30],"product_brand":[],"product_cat":[21,47],"product_tag":[],"class_list":{"0":"post-632","1":"product","2":"type-product","3":"status-publish","4":"has-post-thumbnail","6":"application-hotel-catering","7":"product_cat-tableware-wholesale","8":"product_cat-stainless-steel-bowls-wholesale","10":"first","11":"instock","12":"shipping-taxable","13":"product-type-simple"},"acf":[],"_links":{"self":[{"href":"https:\/\/www.yongyukitchenware.com\/pt\/wp-json\/wp\/v2\/product\/632","targetHints":{"allow":["GET"]}}],"collection":[{"href":"https:\/\/www.yongyukitchenware.com\/pt\/wp-json\/wp\/v2\/product"}],"about":[{"href":"https:\/\/www.yongyukitchenware.com\/pt\/wp-json\/wp\/v2\/types\/product"}],"replies":[{"embeddable":true,"href":"https:\/\/www.yongyukitchenware.com\/pt\/wp-json\/wp\/v2\/comments?post=632"}],"wp:featuredmedia":[{"embeddable":true,"href":"https:\/\/www.yongyukitchenware.com\/pt\/wp-json\/wp\/v2\/media\/633"}],"wp:attachment":[{"href":"https:\/\/www.yongyukitchenware.com\/pt\/wp-json\/wp\/v2\/media?parent=632"}],"wp:term":[{"taxonomy":"application","embeddable":true,"href":"https:\/\/www.yongyukitchenware.com\/pt\/wp-json\/wp\/v2\/application?post=632"},{"taxonomy":"product_brand","embeddable":true,"href":"https:\/\/www.yongyukitchenware.com\/pt\/wp-json\/wp\/v2\/product_brand?post=632"},{"taxonomy":"product_cat","embeddable":true,"href":"https:\/\/www.yongyukitchenware.com\/pt\/wp-json\/wp\/v2\/product_cat?post=632"},{"taxonomy":"product_tag","embeddable":true,"href":"https:\/\/www.yongyukitchenware.com\/pt\/wp-json\/wp\/v2\/product_tag?post=632"}],"curies":[{"name":"wp","href":"https:\/\/api.w.org\/{rel}","templated":true}]}}