{"id":664,"date":"2024-09-28T02:17:52","date_gmt":"2024-09-28T02:17:52","guid":{"rendered":"https:\/\/www.yongyukitchenware.com\/?post_type=product&#038;p=664"},"modified":"2025-06-26T02:37:54","modified_gmt":"2025-06-26T02:37:54","slug":"korean-troop-pot-wholesale","status":"publish","type":"product","link":"https:\/\/www.yongyukitchenware.com\/pt\/produto\/korean-troop-pot-wholesale\/","title":{"rendered":"Pote de a\u00e7o inoxid\u00e1vel para tropas coreanas para marisco a granel com v\u00e1rios tamanhos"},"content":{"rendered":"<div class=\"wp-block-columns is-layout-flex wp-container-core-columns-is-layout-9d6595d7 wp-block-columns-is-layout-flex\">\n<div class=\"wp-block-column is-layout-flow wp-block-column-is-layout-flow\">\n<h2 class=\"wp-block-heading\">Pote para tropas coreanas Carater\u00edsticas:<\/h2>\n\n\n\n<p><strong>A\u00e7o inoxid\u00e1vel de qualidade alimentar:<\/strong> Foi utilizado a\u00e7o inoxid\u00e1vel padr\u00e3o de qualidade alimentar para garantir a seguran\u00e7a alimentar, n\u00e3o t\u00f3xico, inofensivo e resistente \u00e0 corros\u00e3o.<br><strong>Design de boca larga:<\/strong> O design de boca larga da panela facilita muito a cozedura e a agita\u00e7\u00e3o dos ingredientes, sendo mais adequada para ingredientes maiores e para cozinhar marisco.<br><strong>V\u00e1rios tamanhos:<\/strong> Desde as pequenas utilizadas em casa at\u00e9 \u00e0s grandes utilizadas numa cozinha comercial, a fun\u00e7\u00e3o de empilhamento permite poupar espa\u00e7o ao armazenar panelas de diferentes tamanhos.<br><strong>Design da pega: <\/strong>A pega isolada e anti-queimadura mais espessa \u00e9 mais pr\u00e1tica de pegar e os rebites s\u00e3o refor\u00e7ados.<br><strong>F\u00e1cil de limpar: <\/strong>Superf\u00edcie lisa em a\u00e7o inoxid\u00e1vel antiaderente para uma limpeza f\u00e1cil.<br><strong>Acess\u00edvel: <\/strong>Compra econ\u00f3mica, a panela de marisco por atacado tem um pre\u00e7o razo\u00e1vel e \u00e9 adequada para compras a granel.<\/p>\n\n\n\n<h2 class=\"wp-block-heading\">Tamanho do pote da tropa coreana:<\/h2>\n\n\n\n<figure class=\"wp-block-table\"><table class=\"has-fixed-layout\"><tbody><tr><td>Modelo<\/td><td>Tamanho<\/td><td>Comprimento * Largura * Altura (cm)<\/td><td>MOQ<\/td><\/tr><tr><td rowspan=\"6\">DY047-G<\/td><td>18 cm<\/td><td>29*18,5*6cm<\/td><td rowspan=\"6\">80 PE\u00c7AS<\/td><\/tr><tr><td>20 cm<\/td><td>30*20*6cm<\/td><\/tr><tr><td>22 cm<\/td><td>33*23*6cm<\/td><\/tr><tr><td>24 cm<\/td><td>35*25*6cm<\/td><\/tr><tr><td>26 cm<\/td><td>38*27*6cm<\/td><\/tr><tr><td>28 cm<\/td><td>39*29*6cm<\/td><\/tr><\/tbody><\/table><\/figure>\n<\/div>\n\n\n\n<div class=\"wp-block-column is-layout-flow wp-block-column-is-layout-flow\">\n<div class=\"wp-block-columns is-layout-flex wp-container-core-columns-is-layout-9d6595d7 wp-block-columns-is-layout-flex\">\n<div class=\"wp-block-column is-layout-flow wp-block-column-is-layout-flow\">\n<figure class=\"wp-block-image size-full\"><img decoding=\"async\" width=\"800\" height=\"800\" src=\"https:\/\/www.yongyukitchenware.com\/wp-content\/uploads\/2024\/09\/wholesale-seafood-pan-7.webp\" alt=\"panela de marisco por atacado (7)\" class=\"wp-image-698\" srcset=\"https:\/\/www.yongyukitchenware.com\/wp-content\/uploads\/2024\/09\/wholesale-seafood-pan-7.webp 800w, https:\/\/www.yongyukitchenware.com\/wp-content\/uploads\/2024\/09\/wholesale-seafood-pan-7-300x300.webp 300w, https:\/\/www.yongyukitchenware.com\/wp-content\/uploads\/2024\/09\/wholesale-seafood-pan-7-150x150.webp 150w, https:\/\/www.yongyukitchenware.com\/wp-content\/uploads\/2024\/09\/wholesale-seafood-pan-7-768x768.webp 768w, https:\/\/www.yongyukitchenware.com\/wp-content\/uploads\/2024\/09\/wholesale-seafood-pan-7-600x600.webp 600w, https:\/\/www.yongyukitchenware.com\/wp-content\/uploads\/2024\/09\/wholesale-seafood-pan-7-100x100.webp 100w\" sizes=\"(max-width: 800px) 100vw, 800px\" \/><\/figure>\n<\/div>\n\n\n\n<div class=\"wp-block-column is-layout-flow wp-block-column-is-layout-flow\">\n<figure class=\"wp-block-image size-full\"><img decoding=\"async\" width=\"800\" height=\"800\" src=\"https:\/\/www.yongyukitchenware.com\/wp-content\/uploads\/2024\/09\/wholesale-seafood-pan-6.webp\" alt=\"panela de marisco por atacado (6)\" class=\"wp-image-699\" srcset=\"https:\/\/www.yongyukitchenware.com\/wp-content\/uploads\/2024\/09\/wholesale-seafood-pan-6.webp 800w, https:\/\/www.yongyukitchenware.com\/wp-content\/uploads\/2024\/09\/wholesale-seafood-pan-6-300x300.webp 300w, https:\/\/www.yongyukitchenware.com\/wp-content\/uploads\/2024\/09\/wholesale-seafood-pan-6-150x150.webp 150w, https:\/\/www.yongyukitchenware.com\/wp-content\/uploads\/2024\/09\/wholesale-seafood-pan-6-768x768.webp 768w, https:\/\/www.yongyukitchenware.com\/wp-content\/uploads\/2024\/09\/wholesale-seafood-pan-6-600x600.webp 600w, https:\/\/www.yongyukitchenware.com\/wp-content\/uploads\/2024\/09\/wholesale-seafood-pan-6-100x100.webp 100w\" sizes=\"(max-width: 800px) 100vw, 800px\" \/><\/figure>\n<\/div>\n<\/div>\n\n\n\n<div class=\"wp-block-columns is-layout-flex wp-container-core-columns-is-layout-9d6595d7 wp-block-columns-is-layout-flex\">\n<div class=\"wp-block-column is-layout-flow wp-block-column-is-layout-flow\">\n<figure class=\"wp-block-image size-full\"><img decoding=\"async\" width=\"800\" height=\"800\" src=\"https:\/\/www.yongyukitchenware.com\/wp-content\/uploads\/2024\/09\/wholesale-seafood-pan-5.webp\" alt=\"panela de marisco por atacado (5)\" class=\"wp-image-707\" srcset=\"https:\/\/www.yongyukitchenware.com\/wp-content\/uploads\/2024\/09\/wholesale-seafood-pan-5.webp 800w, https:\/\/www.yongyukitchenware.com\/wp-content\/uploads\/2024\/09\/wholesale-seafood-pan-5-300x300.webp 300w, https:\/\/www.yongyukitchenware.com\/wp-content\/uploads\/2024\/09\/wholesale-seafood-pan-5-150x150.webp 150w, https:\/\/www.yongyukitchenware.com\/wp-content\/uploads\/2024\/09\/wholesale-seafood-pan-5-768x768.webp 768w, https:\/\/www.yongyukitchenware.com\/wp-content\/uploads\/2024\/09\/wholesale-seafood-pan-5-600x600.webp 600w, https:\/\/www.yongyukitchenware.com\/wp-content\/uploads\/2024\/09\/wholesale-seafood-pan-5-100x100.webp 100w\" sizes=\"(max-width: 800px) 100vw, 800px\" \/><\/figure>\n<\/div>\n\n\n\n<div class=\"wp-block-column is-layout-flow wp-block-column-is-layout-flow\">\n<figure class=\"wp-block-image size-full\"><img decoding=\"async\" width=\"800\" height=\"800\" src=\"https:\/\/www.yongyukitchenware.com\/wp-content\/uploads\/2024\/09\/wholesale-seafood-pan-4.webp\" alt=\"panela de marisco por atacado (4)\" class=\"wp-image-706\" srcset=\"https:\/\/www.yongyukitchenware.com\/wp-content\/uploads\/2024\/09\/wholesale-seafood-pan-4.webp 800w, https:\/\/www.yongyukitchenware.com\/wp-content\/uploads\/2024\/09\/wholesale-seafood-pan-4-300x300.webp 300w, https:\/\/www.yongyukitchenware.com\/wp-content\/uploads\/2024\/09\/wholesale-seafood-pan-4-150x150.webp 150w, https:\/\/www.yongyukitchenware.com\/wp-content\/uploads\/2024\/09\/wholesale-seafood-pan-4-768x768.webp 768w, https:\/\/www.yongyukitchenware.com\/wp-content\/uploads\/2024\/09\/wholesale-seafood-pan-4-600x600.webp 600w, https:\/\/www.yongyukitchenware.com\/wp-content\/uploads\/2024\/09\/wholesale-seafood-pan-4-100x100.webp 100w\" sizes=\"(max-width: 800px) 100vw, 800px\" \/><\/figure>\n<\/div>\n<\/div>\n<\/div>\n<\/div>\n\n\n\n<p><\/p>","protected":false},"excerpt":{"rendered":"<p>Panela coreana de a\u00e7o inoxid\u00e1vel, ideal para cozinhar marisco, sopa e massa. Estrutura de uma s\u00f3 pe\u00e7a em a\u00e7o inoxid\u00e1vel, robusta e dur\u00e1vel, e v\u00e1rios tamanhos e designs de boca larga para satisfazer diferentes necessidades culin\u00e1rias.<\/p>\n<h2 style=\"text-align: left\">Par\u00e2metro do pote de tropas coreano :<\/h2>\n<p style=\"text-align: left\"><strong>Material:<\/strong> A\u00e7o inoxid\u00e1vel<br \/><strong>Cor:<\/strong> Prata, ouro, cor personalizada<br \/><strong>Design do fundo da panela:<\/strong> Plano e aquecido de forma uniforme e r\u00e1pida<br \/><strong>Tamanhos diferentes:<\/strong> Tamanhos de 18 cm, 20 cm, 22 cm, 24 cm, 26 cm e 28 cm<br \/><strong>Embalagem:<\/strong> Sacos\/Bulk\/Caixas ou Personalizado<br \/><strong>OEM\/ODM:<\/strong> Dispon\u00edvel<\/p>\n<h2 class=\"wp-block-heading\">De Yongyu Cookware Fabricante :<\/h2>\n<p>Yongyu \u00e9 um fabricante profissional de utens\u00edlios de cozinha, os nossos produtos abrangem todos os tipos de utens\u00edlios de cozinha em a\u00e7o inoxid\u00e1vel, tais como panelas para macarr\u00e3o, frigideiras, panelas para guisado, etc., fornecendo servi\u00e7os de aquisi\u00e7\u00e3o de qualidade e pre\u00e7os acess\u00edveis para cada cliente.<\/p>","protected":false},"featured_media":710,"comment_status":"closed","ping_status":"closed","template":"","meta":{"_acf_changed":true},"application":[29],"product_brand":[],"product_cat":[23,32],"product_tag":[],"class_list":{"0":"post-664","1":"product","2":"type-product","3":"status-publish","4":"has-post-thumbnail","6":"application-home-kitchen","7":"product_cat-kitchenware-wholesale","8":"product_cat-wholesale-cookware","10":"first","11":"instock","12":"shipping-taxable","13":"product-type-simple"},"acf":[],"_links":{"self":[{"href":"https:\/\/www.yongyukitchenware.com\/pt\/wp-json\/wp\/v2\/product\/664","targetHints":{"allow":["GET"]}}],"collection":[{"href":"https:\/\/www.yongyukitchenware.com\/pt\/wp-json\/wp\/v2\/product"}],"about":[{"href":"https:\/\/www.yongyukitchenware.com\/pt\/wp-json\/wp\/v2\/types\/product"}],"replies":[{"embeddable":true,"href":"https:\/\/www.yongyukitchenware.com\/pt\/wp-json\/wp\/v2\/comments?post=664"}],"wp:featuredmedia":[{"embeddable":true,"href":"https:\/\/www.yongyukitchenware.com\/pt\/wp-json\/wp\/v2\/media\/710"}],"wp:attachment":[{"href":"https:\/\/www.yongyukitchenware.com\/pt\/wp-json\/wp\/v2\/media?parent=664"}],"wp:term":[{"taxonomy":"application","embeddable":true,"href":"https:\/\/www.yongyukitchenware.com\/pt\/wp-json\/wp\/v2\/application?post=664"},{"taxonomy":"product_brand","embeddable":true,"href":"https:\/\/www.yongyukitchenware.com\/pt\/wp-json\/wp\/v2\/product_brand?post=664"},{"taxonomy":"product_cat","embeddable":true,"href":"https:\/\/www.yongyukitchenware.com\/pt\/wp-json\/wp\/v2\/product_cat?post=664"},{"taxonomy":"product_tag","embeddable":true,"href":"https:\/\/www.yongyukitchenware.com\/pt\/wp-json\/wp\/v2\/product_tag?post=664"}],"curies":[{"name":"wp","href":"https:\/\/api.w.org\/{rel}","templated":true}]}}