{"id":692,"date":"2024-09-28T11:36:03","date_gmt":"2024-09-28T11:36:03","guid":{"rendered":"https:\/\/www.yongyukitchenware.com\/?post_type=product&#038;p=692"},"modified":"2025-06-26T02:45:53","modified_gmt":"2025-06-26T02:45:53","slug":"double-wall-bowl-wholesale","status":"publish","type":"product","link":"https:\/\/www.yongyukitchenware.com\/pt\/produto\/double-wall-bowl-wholesale\/","title":{"rendered":"Ta\u00e7a de parede dupla por atacado A\u00e7os inoxid\u00e1veis ouro e prata para catering"},"content":{"rendered":"<div class=\"wp-block-columns is-layout-flex wp-container-core-columns-is-layout-9d6595d7 wp-block-columns-is-layout-flex\">\n<div class=\"wp-block-column is-layout-flow wp-block-column-is-layout-flow\">\n<h2 class=\"wp-block-heading\">Ta\u00e7a de parede dupla Carater\u00edsticas:<\/h2>\n\n\n\n<p><strong>Design de dupla camada de alta qualidade:<\/strong> Estrutura de a\u00e7o inoxid\u00e1vel de camada dupla, isolamento t\u00e9rmico e anti-escaldamento, mant\u00e9m a temperatura dos alimentos, assegurando que a parede exterior n\u00e3o est\u00e1 quente.<br><strong>Op\u00e7\u00e3o de cor dourada e prateada:<\/strong> A nossa ta\u00e7a de parede dupla oferece op\u00e7\u00f5es modernas em dourado e prateado, adequadas a diferentes ocasi\u00f5es e necessidades tem\u00e1ticas, e melhora a experi\u00eancia gastron\u00f3mica.<br><strong>Material resistente \u00e0 corros\u00e3o: <\/strong>A nossa ta\u00e7a de parede dupla \u00e9 feita de a\u00e7o inoxid\u00e1vel de qualidade alimentar, com excelente desempenho anti-corros\u00e3o, garantindo uma utiliza\u00e7\u00e3o a longo prazo e seguran\u00e7a alimentar.<br><strong>F\u00e1cil de limpar:<\/strong> O processo de polimento escovado torna a superf\u00edcie lisa, f\u00e1cil de limpar, reduz as manchas e os res\u00edduos de gordura, sendo adequada para uma utiliza\u00e7\u00e3o frequente.<br><strong>Fundo antiderrapante:<\/strong> O fundo da nossa ta\u00e7a de parede dupla foi concebido com uma fun\u00e7\u00e3o antiderrapante para garantir a estabilidade da ta\u00e7a durante a utiliza\u00e7\u00e3o e evitar escorregadelas ou quedas acidentais.<\/p>\n\n\n\n<div class=\"wp-block-group is-vertical is-layout-flex wp-container-core-group-is-layout-8cf370e7 wp-block-group-is-layout-flex\">\n<h2 class=\"wp-block-heading\">Tamanho da ta\u00e7a de parede dupla:<\/h2>\n\n\n\n<figure class=\"wp-block-table\"><table class=\"has-fixed-layout\"><tbody><tr><td>Modelo<\/td><td>Tamanho<\/td><td>Di\u00e2metro* Altura (cm)<\/td><td>MOQ<\/td><\/tr><tr><td rowspan=\"6\">DY026-W<\/td><td>9 cm<\/td><td>9*5,6cm<\/td><td rowspan=\"6\">120 UNIDADES<\/td><\/tr><tr><td>10,5 cm<\/td><td>10,5*5,5cm<\/td><\/tr><tr><td>14 cm<\/td><td>14*6cm<\/td><\/tr><tr><td>15,8 cm<\/td><td>15,7*7cm<\/td><\/tr><tr><td>17 cm<\/td><td>17*7,5cm<\/td><\/tr><tr><td>18 cm<\/td><td>18*8,5cm<\/td><\/tr><\/tbody><\/table><\/figure>\n<\/div>\n<\/div>\n\n\n\n<div class=\"wp-block-column is-layout-flow wp-block-column-is-layout-flow\">\n<div class=\"wp-block-columns is-layout-flex wp-container-core-columns-is-layout-9d6595d7 wp-block-columns-is-layout-flex\">\n<div class=\"wp-block-column is-layout-flow wp-block-column-is-layout-flow\">\n<figure class=\"wp-block-image size-full\"><img decoding=\"async\" width=\"800\" height=\"800\" src=\"https:\/\/www.yongyukitchenware.com\/wp-content\/uploads\/2024\/09\/Double-wall-bowl-4.webp\" alt=\"Tigela de parede dupla por atacado (4\uff09\" class=\"wp-image-726\" srcset=\"https:\/\/www.yongyukitchenware.com\/wp-content\/uploads\/2024\/09\/Double-wall-bowl-4.webp 800w, https:\/\/www.yongyukitchenware.com\/wp-content\/uploads\/2024\/09\/Double-wall-bowl-4-300x300.webp 300w, https:\/\/www.yongyukitchenware.com\/wp-content\/uploads\/2024\/09\/Double-wall-bowl-4-150x150.webp 150w, https:\/\/www.yongyukitchenware.com\/wp-content\/uploads\/2024\/09\/Double-wall-bowl-4-768x768.webp 768w, https:\/\/www.yongyukitchenware.com\/wp-content\/uploads\/2024\/09\/Double-wall-bowl-4-600x600.webp 600w, https:\/\/www.yongyukitchenware.com\/wp-content\/uploads\/2024\/09\/Double-wall-bowl-4-100x100.webp 100w\" sizes=\"(max-width: 800px) 100vw, 800px\" \/><\/figure>\n<\/div>\n\n\n\n<div class=\"wp-block-column is-layout-flow wp-block-column-is-layout-flow\">\n<figure class=\"wp-block-image size-full\"><img decoding=\"async\" width=\"800\" height=\"800\" src=\"https:\/\/www.yongyukitchenware.com\/wp-content\/uploads\/2024\/09\/Double-wall-bowl-5.webp\" alt=\"Tigela de parede dupla por atacado (5\uff09\" class=\"wp-image-727\" srcset=\"https:\/\/www.yongyukitchenware.com\/wp-content\/uploads\/2024\/09\/Double-wall-bowl-5.webp 800w, https:\/\/www.yongyukitchenware.com\/wp-content\/uploads\/2024\/09\/Double-wall-bowl-5-300x300.webp 300w, https:\/\/www.yongyukitchenware.com\/wp-content\/uploads\/2024\/09\/Double-wall-bowl-5-150x150.webp 150w, https:\/\/www.yongyukitchenware.com\/wp-content\/uploads\/2024\/09\/Double-wall-bowl-5-768x768.webp 768w, https:\/\/www.yongyukitchenware.com\/wp-content\/uploads\/2024\/09\/Double-wall-bowl-5-600x600.webp 600w, https:\/\/www.yongyukitchenware.com\/wp-content\/uploads\/2024\/09\/Double-wall-bowl-5-100x100.webp 100w\" sizes=\"(max-width: 800px) 100vw, 800px\" \/><\/figure>\n<\/div>\n<\/div>\n\n\n\n<div class=\"wp-block-columns is-layout-flex wp-container-core-columns-is-layout-9d6595d7 wp-block-columns-is-layout-flex\">\n<div class=\"wp-block-column is-layout-flow wp-block-column-is-layout-flow\">\n<figure class=\"wp-block-image size-full\"><img decoding=\"async\" width=\"800\" height=\"800\" src=\"https:\/\/www.yongyukitchenware.com\/wp-content\/uploads\/2024\/09\/Double-wall-bowl-7.webp\" alt=\"Tigela de parede dupla por atacado (7\uff09\" class=\"wp-image-729\" srcset=\"https:\/\/www.yongyukitchenware.com\/wp-content\/uploads\/2024\/09\/Double-wall-bowl-7.webp 800w, https:\/\/www.yongyukitchenware.com\/wp-content\/uploads\/2024\/09\/Double-wall-bowl-7-300x300.webp 300w, https:\/\/www.yongyukitchenware.com\/wp-content\/uploads\/2024\/09\/Double-wall-bowl-7-150x150.webp 150w, https:\/\/www.yongyukitchenware.com\/wp-content\/uploads\/2024\/09\/Double-wall-bowl-7-768x768.webp 768w, https:\/\/www.yongyukitchenware.com\/wp-content\/uploads\/2024\/09\/Double-wall-bowl-7-600x600.webp 600w, https:\/\/www.yongyukitchenware.com\/wp-content\/uploads\/2024\/09\/Double-wall-bowl-7-100x100.webp 100w\" sizes=\"(max-width: 800px) 100vw, 800px\" \/><\/figure>\n<\/div>\n\n\n\n<div class=\"wp-block-column is-layout-flow wp-block-column-is-layout-flow\">\n<figure class=\"wp-block-image size-full\"><img decoding=\"async\" width=\"800\" height=\"800\" src=\"https:\/\/www.yongyukitchenware.com\/wp-content\/uploads\/2024\/09\/Double-wall-bowl-10.webp\" alt=\"Tigela de parede dupla por atacado (10\uff09\" class=\"wp-image-732\" srcset=\"https:\/\/www.yongyukitchenware.com\/wp-content\/uploads\/2024\/09\/Double-wall-bowl-10.webp 800w, https:\/\/www.yongyukitchenware.com\/wp-content\/uploads\/2024\/09\/Double-wall-bowl-10-300x300.webp 300w, https:\/\/www.yongyukitchenware.com\/wp-content\/uploads\/2024\/09\/Double-wall-bowl-10-150x150.webp 150w, https:\/\/www.yongyukitchenware.com\/wp-content\/uploads\/2024\/09\/Double-wall-bowl-10-768x768.webp 768w, https:\/\/www.yongyukitchenware.com\/wp-content\/uploads\/2024\/09\/Double-wall-bowl-10-600x600.webp 600w, https:\/\/www.yongyukitchenware.com\/wp-content\/uploads\/2024\/09\/Double-wall-bowl-10-100x100.webp 100w\" sizes=\"(max-width: 800px) 100vw, 800px\" \/><\/figure>\n<\/div>\n<\/div>\n<\/div>\n<\/div>\n\n\n\n<p><\/p>","protected":false},"excerpt":{"rendered":"<p>Fornecedor de utens\u00edlios de mesa para catering por atacado A ta\u00e7a de parede dupla em a\u00e7o inoxid\u00e1vel tem fun\u00e7\u00f5es de isolamento t\u00e9rmico e anti-escaldamento. \u00c9 f\u00e1cil de limpar e tem uma base antiderrapante, adequada para servir alimentos b\u00e1sicos como arroz, sopa e macarr\u00e3o. Contacte-nos para saber mais sobre as solu\u00e7\u00f5es de personaliza\u00e7\u00e3o de artigos de mesa e de catering.<\/p>\n<h2 style=\"text-align: left\">Par\u00e2metro da ta\u00e7a de parede dupla:<\/h2>\n<p style=\"text-align: left\"><strong>Material:<\/strong> A\u00e7o inoxid\u00e1vel<br \/><strong>Cor:<\/strong> Prata e ouro<br \/><strong>Tamanhos diferentes:<\/strong> 9cm, 10,5cm, 14cm, 15,8cm, 17cm e 18cm<br \/><strong>Embalagem: <\/strong>Saco Opp e caixa de cart\u00e3o<br \/><strong>OEM\/ODM:<\/strong> Dispon\u00edvel<\/p>\n<h2 class=\"wp-block-heading\">De Yongyu Tableware Wholesaler:<\/h2>\n<p>O grossista de utens\u00edlios de mesa Yongyu pode satisfazer as necessidades dos clientes a granel e fornecer uma s\u00e9rie de fornecimentos de catering de alta qualidade por atacado que combina eleg\u00e2ncia e durabilidade. Incluindo utens\u00edlios de mesa, bebidas, equipamentos de catering, utens\u00edlios de cozinha, itens essenciais de cozinha de acampamento, etc.<\/p>","protected":false},"featured_media":723,"comment_status":"closed","ping_status":"closed","template":"","meta":{"_acf_changed":true},"application":[30],"product_brand":[],"product_cat":[21,47],"product_tag":[43],"class_list":{"0":"post-692","1":"product","2":"type-product","3":"status-publish","4":"has-post-thumbnail","6":"application-hotel-catering","7":"product_cat-tableware-wholesale","8":"product_cat-stainless-steel-bowls-wholesale","9":"product_tag-recommend","11":"first","12":"instock","13":"shipping-taxable","14":"product-type-simple"},"acf":[],"_links":{"self":[{"href":"https:\/\/www.yongyukitchenware.com\/pt\/wp-json\/wp\/v2\/product\/692","targetHints":{"allow":["GET"]}}],"collection":[{"href":"https:\/\/www.yongyukitchenware.com\/pt\/wp-json\/wp\/v2\/product"}],"about":[{"href":"https:\/\/www.yongyukitchenware.com\/pt\/wp-json\/wp\/v2\/types\/product"}],"replies":[{"embeddable":true,"href":"https:\/\/www.yongyukitchenware.com\/pt\/wp-json\/wp\/v2\/comments?post=692"}],"wp:featuredmedia":[{"embeddable":true,"href":"https:\/\/www.yongyukitchenware.com\/pt\/wp-json\/wp\/v2\/media\/723"}],"wp:attachment":[{"href":"https:\/\/www.yongyukitchenware.com\/pt\/wp-json\/wp\/v2\/media?parent=692"}],"wp:term":[{"taxonomy":"application","embeddable":true,"href":"https:\/\/www.yongyukitchenware.com\/pt\/wp-json\/wp\/v2\/application?post=692"},{"taxonomy":"product_brand","embeddable":true,"href":"https:\/\/www.yongyukitchenware.com\/pt\/wp-json\/wp\/v2\/product_brand?post=692"},{"taxonomy":"product_cat","embeddable":true,"href":"https:\/\/www.yongyukitchenware.com\/pt\/wp-json\/wp\/v2\/product_cat?post=692"},{"taxonomy":"product_tag","embeddable":true,"href":"https:\/\/www.yongyukitchenware.com\/pt\/wp-json\/wp\/v2\/product_tag?post=692"}],"curies":[{"name":"wp","href":"https:\/\/api.w.org\/{rel}","templated":true}]}}