{"id":767,"date":"2024-09-28T10:37:32","date_gmt":"2024-09-28T10:37:32","guid":{"rendered":"https:\/\/www.yongyukitchenware.com\/?post_type=product&#038;p=767"},"modified":"2025-06-26T02:44:48","modified_gmt":"2025-06-26T02:44:48","slug":"sauce-bowl-wholesale","status":"publish","type":"product","link":"https:\/\/www.yongyukitchenware.com\/pt\/produto\/sauce-bowl-wholesale\/","title":{"rendered":"Ta\u00e7a de molho inclinada por atacado Ta\u00e7a de salada com tempero colorido de parede dupla"},"content":{"rendered":"<div class=\"wp-block-columns is-layout-flex wp-container-core-columns-is-layout-9d6595d7 wp-block-columns-is-layout-flex\">\n<div class=\"wp-block-column is-layout-flow wp-block-column-is-layout-flow\">\n<h2 class=\"wp-block-heading\">Ta\u00e7a para molhos Carater\u00edsticas:<\/h2>\n\n\n\n<p><strong>Design de isolamento de camada dupla:<\/strong> A estrutura de dupla camada proporciona um excelente desempenho de isolamento, mantendo a temperatura dos alimentos e evitando o sobreaquecimento da parede exterior.<br><strong>Design de abertura inclinada: <\/strong>O design exclusivo da abertura inclinada facilita a recolha de alimentos, melhorando a comodidade e a est\u00e9tica da utiliza\u00e7\u00e3o.<br>Sele\u00e7\u00e3o multicolorida: Est\u00e3o dispon\u00edveis v\u00e1rias cores para diferentes ocasi\u00f5es e prefer\u00eancias pessoais, aumentando o atrativo visual.<br><strong>Arruma\u00e7\u00e3o multifun\u00e7\u00f5es<\/strong>: Adequado n\u00e3o s\u00f3 para guardar alimentos, mas tamb\u00e9m para guardar produtos secos, snacks, etc., \u00e9 um utens\u00edlio de mesa multifuncional e pr\u00e1tico.<br>Material de a\u00e7o inoxid\u00e1vel duradouro: Fabricado em a\u00e7o inoxid\u00e1vel de alta qualidade, \u00e9 robusto, dur\u00e1vel, \u00e0 prova de ferrugem e resistente \u00e0 corros\u00e3o para garantir uma utiliza\u00e7\u00e3o a longo prazo.<\/p>\n\n\n\n<div class=\"wp-block-group is-vertical is-layout-flex wp-container-core-group-is-layout-8cf370e7 wp-block-group-is-layout-flex\">\n<h2 class=\"wp-block-heading\">Tamanho da ta\u00e7a de molho:<\/h2>\n\n\n\n<figure class=\"wp-block-table\"><table class=\"has-fixed-layout\"><tbody><tr><td>Modelo<\/td><td>Tamanho<\/td><td>Di\u00e2metro* Altura (cm)<\/td><td>MOQ<\/td><\/tr><tr><td rowspan=\"3\">DY027-W<\/td><td>14 cm<\/td><td>22*18,5cm<\/td><td rowspan=\"3\">50 UNIDADES<\/td><\/tr><tr><td>18 cm<\/td><td>18*16cm<\/td><\/tr><tr><td>22 cm<\/td><td>14*11,5cm<\/td><\/tr><\/tbody><\/table><\/figure>\n<\/div>\n<\/div>\n\n\n\n<div class=\"wp-block-column is-layout-flow wp-block-column-is-layout-flow\">\n<div class=\"wp-block-columns is-layout-flex wp-container-core-columns-is-layout-9d6595d7 wp-block-columns-is-layout-flex\">\n<div class=\"wp-block-column is-layout-flow wp-block-column-is-layout-flow\"><\/div>\n<\/div>\n\n\n\n<div class=\"wp-block-columns is-layout-flex wp-container-core-columns-is-layout-9d6595d7 wp-block-columns-is-layout-flex\">\n<div class=\"wp-block-column is-layout-flow wp-block-column-is-layout-flow\">\n<figure class=\"wp-block-image size-full is-resized\"><img decoding=\"async\" width=\"800\" height=\"800\" src=\"https:\/\/www.yongyukitchenware.com\/wp-content\/uploads\/2024\/09\/Wholesale-Double-Walled-Bowl-With-Oblique-Mouth-6.webp\" alt=\"Tigela de parede dupla por atacado com boca obl\u00edqua 6\" class=\"wp-image-790\" style=\"width:461px;height:auto\" srcset=\"https:\/\/www.yongyukitchenware.com\/wp-content\/uploads\/2024\/09\/Wholesale-Double-Walled-Bowl-With-Oblique-Mouth-6.webp 800w, https:\/\/www.yongyukitchenware.com\/wp-content\/uploads\/2024\/09\/Wholesale-Double-Walled-Bowl-With-Oblique-Mouth-6-300x300.webp 300w, https:\/\/www.yongyukitchenware.com\/wp-content\/uploads\/2024\/09\/Wholesale-Double-Walled-Bowl-With-Oblique-Mouth-6-150x150.webp 150w, https:\/\/www.yongyukitchenware.com\/wp-content\/uploads\/2024\/09\/Wholesale-Double-Walled-Bowl-With-Oblique-Mouth-6-768x768.webp 768w, https:\/\/www.yongyukitchenware.com\/wp-content\/uploads\/2024\/09\/Wholesale-Double-Walled-Bowl-With-Oblique-Mouth-6-600x600.webp 600w, https:\/\/www.yongyukitchenware.com\/wp-content\/uploads\/2024\/09\/Wholesale-Double-Walled-Bowl-With-Oblique-Mouth-6-100x100.webp 100w\" sizes=\"(max-width: 800px) 100vw, 800px\" \/><\/figure>\n<\/div>\n<\/div>\n<\/div>\n<\/div>\n\n\n\n<p><\/p>","protected":false},"excerpt":{"rendered":"<div class=\"n4sEPd\">\n<div class=\"UdTY9 qhIQqf leDWne\" aria-hidden=\"true\" data-location=\"1\">\u00a0<\/div>\n<\/div>\n<div class=\"QcsUad BDJ8fb BLojaf sMVRZe hCXDsb wneUed\">\n<div class=\"usGWQd\">\n<div class=\"KkbLmb\">\n<div class=\"lRu31\" dir=\"ltr\">Ta\u00e7a para molhos personalizada, ta\u00e7a de parede dupla para temperos e saladas. V\u00e1rios tamanhos, solu\u00e7\u00e3o de atacado de lou\u00e7a de a\u00e7o inoxid\u00e1vel de alta qualidade adequada para diferentes servi\u00e7os de catering tem\u00e1ticos. Bem-vindo a contactar o fabricante de material de catering Yongyu para um or\u00e7amento gratuito!<\/div>\n<\/div>\n<\/div>\n<\/div>\n<h2 style=\"text-align: left\">Ta\u00e7a de molho Par\u00e2metro:<\/h2>\n<p style=\"text-align: left\"><strong>Material:<\/strong> A\u00e7o inoxid\u00e1vel<br \/><strong>Cor:<\/strong> Prata, ouro, ouro preto e cor Morandi<br \/><strong>Tamanhos diferentes:<\/strong> Tamanhos de 14cm, 18cm e 22cm<br \/><strong>Embalagem: <\/strong>Saco Opp e caixa de cart\u00e3o<br \/><strong>OEM\/ODM:<\/strong> Dispon\u00edvel<\/p>\n<h2 class=\"wp-block-heading\">De Yongyu Tableware Wholesaler:<\/h2>\n<p>O grossista de utens\u00edlios de mesa Yongyu pode satisfazer as necessidades dos clientes a granel e fornecer uma s\u00e9rie de fornecimentos de catering de alta qualidade por atacado que combina eleg\u00e2ncia e durabilidade. Incluindo utens\u00edlios de mesa, bebidas, equipamentos de catering, utens\u00edlios de cozinha, itens essenciais de cozinha de acampamento, etc.<\/p>","protected":false},"featured_media":786,"comment_status":"closed","ping_status":"closed","template":"","meta":{"_acf_changed":true},"application":[30],"product_brand":[],"product_cat":[22,45],"product_tag":[],"class_list":{"0":"post-767","1":"product","2":"type-product","3":"status-publish","4":"has-post-thumbnail","6":"application-hotel-catering","7":"product_cat-catering-supplies-wholesale","8":"product_cat-condiment-bowls-wholesale","10":"first","11":"instock","12":"shipping-taxable","13":"product-type-simple"},"acf":[],"_links":{"self":[{"href":"https:\/\/www.yongyukitchenware.com\/pt\/wp-json\/wp\/v2\/product\/767","targetHints":{"allow":["GET"]}}],"collection":[{"href":"https:\/\/www.yongyukitchenware.com\/pt\/wp-json\/wp\/v2\/product"}],"about":[{"href":"https:\/\/www.yongyukitchenware.com\/pt\/wp-json\/wp\/v2\/types\/product"}],"replies":[{"embeddable":true,"href":"https:\/\/www.yongyukitchenware.com\/pt\/wp-json\/wp\/v2\/comments?post=767"}],"wp:featuredmedia":[{"embeddable":true,"href":"https:\/\/www.yongyukitchenware.com\/pt\/wp-json\/wp\/v2\/media\/786"}],"wp:attachment":[{"href":"https:\/\/www.yongyukitchenware.com\/pt\/wp-json\/wp\/v2\/media?parent=767"}],"wp:term":[{"taxonomy":"application","embeddable":true,"href":"https:\/\/www.yongyukitchenware.com\/pt\/wp-json\/wp\/v2\/application?post=767"},{"taxonomy":"product_brand","embeddable":true,"href":"https:\/\/www.yongyukitchenware.com\/pt\/wp-json\/wp\/v2\/product_brand?post=767"},{"taxonomy":"product_cat","embeddable":true,"href":"https:\/\/www.yongyukitchenware.com\/pt\/wp-json\/wp\/v2\/product_cat?post=767"},{"taxonomy":"product_tag","embeddable":true,"href":"https:\/\/www.yongyukitchenware.com\/pt\/wp-json\/wp\/v2\/product_tag?post=767"}],"curies":[{"name":"wp","href":"https:\/\/api.w.org\/{rel}","templated":true}]}}