{"id":840,"date":"2024-10-05T17:38:25","date_gmt":"2024-10-05T17:38:25","guid":{"rendered":"https:\/\/www.yongyukitchenware.com\/?post_type=product&#038;p=840"},"modified":"2025-06-26T03:21:11","modified_gmt":"2025-06-26T03:21:11","slug":"stainless-steel-basin-wholesale","status":"publish","type":"product","link":"https:\/\/www.yongyukitchenware.com\/pt\/produto\/stainless-steel-basin-wholesale\/","title":{"rendered":"Bacia de a\u00e7o inoxid\u00e1vel por atacado grande 9-11 polegadas para lavar legumes"},"content":{"rendered":"<div class=\"wp-block-columns is-layout-flex wp-container-core-columns-is-layout-9d6595d7 wp-block-columns-is-layout-flex\">\n<div class=\"wp-block-column is-layout-flow wp-block-column-is-layout-flow\">\n<h2 class=\"wp-block-heading\">Bacia em a\u00e7o inoxid\u00e1vel Carater\u00edsticas:<\/h2>\n\n\n\n<p><strong>Design de maior capacidade: <\/strong>Mais largo e mais fundo para poder guardar qualquer coisa e conter grandes quantidades de \u00f3leo ou qualquer outro material, adequado para v\u00e1rias necessidades.<br><strong>Arestas arredondadas:<\/strong> Os bordos s\u00e3o polidos e lisos, sem rebarbas, pelo que n\u00e3o magoam as m\u00e3os.<br><strong>Desenho da capa de p\u00f3: <\/strong>Equipado com uma cobertura segura contra o p\u00f3 que mant\u00e9m o interior limpo e evita a contamina\u00e7\u00e3o para higiene e frescura.<br><strong>Material duradouro: <\/strong>Fabricado em a\u00e7o inoxid\u00e1vel de alta qualidade, resistente \u00e0 ferrugem e \u00e0 corros\u00e3o, \u00e9 dur\u00e1vel e de f\u00e1cil manuten\u00e7\u00e3o.<br><strong>F\u00e1cil de limpar:<\/strong> Fabricado com uma bacia de a\u00e7o inoxid\u00e1vel com tratamento de polimento espelhado, a sua superf\u00edcie \u00e9 brilhante como um espelho e muito f\u00e1cil de limpar.<\/p>\n\n\n\n<h2 class=\"wp-block-heading\">A\u00e7o inoxid\u00e1vel Tamanho da bacia:<\/h2>\n\n\n\n<figure class=\"wp-block-table\"><table class=\"has-fixed-layout\"><tbody><tr><td>Modelo<\/td><td>Tamanho<\/td><td>Di\u00e2metro * Altura (cm)<\/td><td>MOQ<\/td><\/tr><tr><td rowspan=\"4\">DY003-TLP<\/td><td>8 polegadas<\/td><td>25*13cm<\/td><td rowspan=\"4\">60 PE\u00c7AS<\/td><\/tr><tr><td>9 polegadas<\/td><td>27,5*14cm<\/td><\/tr><tr><td>10 polegadas<\/td><td>30*15cm<\/td><\/tr><tr><td>11 polegadas<\/td><td>32,5*15,5cm<\/td><\/tr><\/tbody><\/table><\/figure>\n<\/div>\n\n\n\n<div class=\"wp-block-column is-layout-flow wp-block-column-is-layout-flow\">\n<div class=\"wp-block-columns is-layout-flex wp-container-core-columns-is-layout-9d6595d7 wp-block-columns-is-layout-flex\">\n<div class=\"wp-block-column is-layout-flow wp-block-column-is-layout-flow\">\n<figure class=\"wp-block-image size-full\"><img decoding=\"async\" width=\"800\" height=\"800\" src=\"https:\/\/www.yongyukitchenware.com\/wp-content\/uploads\/2024\/09\/wholesale-stainless-steel-basin-2.webp\" alt=\"lavat\u00f3rio de a\u00e7o inoxid\u00e1vel por atacado (2)\" class=\"wp-image-844\" srcset=\"https:\/\/www.yongyukitchenware.com\/wp-content\/uploads\/2024\/09\/wholesale-stainless-steel-basin-2.webp 800w, https:\/\/www.yongyukitchenware.com\/wp-content\/uploads\/2024\/09\/wholesale-stainless-steel-basin-2-300x300.webp 300w, https:\/\/www.yongyukitchenware.com\/wp-content\/uploads\/2024\/09\/wholesale-stainless-steel-basin-2-150x150.webp 150w, https:\/\/www.yongyukitchenware.com\/wp-content\/uploads\/2024\/09\/wholesale-stainless-steel-basin-2-768x768.webp 768w, https:\/\/www.yongyukitchenware.com\/wp-content\/uploads\/2024\/09\/wholesale-stainless-steel-basin-2-600x600.webp 600w, https:\/\/www.yongyukitchenware.com\/wp-content\/uploads\/2024\/09\/wholesale-stainless-steel-basin-2-100x100.webp 100w\" sizes=\"(max-width: 800px) 100vw, 800px\" \/><\/figure>\n<\/div>\n\n\n\n<div class=\"wp-block-column is-layout-flow wp-block-column-is-layout-flow\">\n<figure class=\"wp-block-image size-full\"><img decoding=\"async\" width=\"800\" height=\"800\" src=\"https:\/\/www.yongyukitchenware.com\/wp-content\/uploads\/2024\/09\/wholesale-stainless-steel-basin-3.webp\" alt=\"lavat\u00f3rio de a\u00e7o inoxid\u00e1vel por atacado (3)\" class=\"wp-image-845\" srcset=\"https:\/\/www.yongyukitchenware.com\/wp-content\/uploads\/2024\/09\/wholesale-stainless-steel-basin-3.webp 800w, https:\/\/www.yongyukitchenware.com\/wp-content\/uploads\/2024\/09\/wholesale-stainless-steel-basin-3-300x300.webp 300w, https:\/\/www.yongyukitchenware.com\/wp-content\/uploads\/2024\/09\/wholesale-stainless-steel-basin-3-150x150.webp 150w, https:\/\/www.yongyukitchenware.com\/wp-content\/uploads\/2024\/09\/wholesale-stainless-steel-basin-3-768x768.webp 768w, https:\/\/www.yongyukitchenware.com\/wp-content\/uploads\/2024\/09\/wholesale-stainless-steel-basin-3-600x600.webp 600w, https:\/\/www.yongyukitchenware.com\/wp-content\/uploads\/2024\/09\/wholesale-stainless-steel-basin-3-100x100.webp 100w\" sizes=\"(max-width: 800px) 100vw, 800px\" \/><\/figure>\n<\/div>\n<\/div>\n\n\n\n<div class=\"wp-block-columns is-layout-flex wp-container-core-columns-is-layout-9d6595d7 wp-block-columns-is-layout-flex\">\n<div class=\"wp-block-column is-layout-flow wp-block-column-is-layout-flow\">\n<figure class=\"wp-block-image size-full\"><img decoding=\"async\" width=\"800\" height=\"800\" src=\"https:\/\/www.yongyukitchenware.com\/wp-content\/uploads\/2024\/09\/wholesale-stainless-steel-basin-4.webp\" alt=\"lavat\u00f3rio de a\u00e7o inoxid\u00e1vel por atacado (4)\" class=\"wp-image-846\" srcset=\"https:\/\/www.yongyukitchenware.com\/wp-content\/uploads\/2024\/09\/wholesale-stainless-steel-basin-4.webp 800w, https:\/\/www.yongyukitchenware.com\/wp-content\/uploads\/2024\/09\/wholesale-stainless-steel-basin-4-300x300.webp 300w, https:\/\/www.yongyukitchenware.com\/wp-content\/uploads\/2024\/09\/wholesale-stainless-steel-basin-4-150x150.webp 150w, https:\/\/www.yongyukitchenware.com\/wp-content\/uploads\/2024\/09\/wholesale-stainless-steel-basin-4-768x768.webp 768w, https:\/\/www.yongyukitchenware.com\/wp-content\/uploads\/2024\/09\/wholesale-stainless-steel-basin-4-600x600.webp 600w, https:\/\/www.yongyukitchenware.com\/wp-content\/uploads\/2024\/09\/wholesale-stainless-steel-basin-4-100x100.webp 100w\" sizes=\"(max-width: 800px) 100vw, 800px\" \/><\/figure>\n<\/div>\n\n\n\n<div class=\"wp-block-column is-layout-flow wp-block-column-is-layout-flow\">\n<figure class=\"wp-block-image size-full\"><img decoding=\"async\" width=\"800\" height=\"800\" src=\"https:\/\/www.yongyukitchenware.com\/wp-content\/uploads\/2024\/09\/wholesale-stainless-steel-basin-5.webp\" alt=\"lavat\u00f3rio de a\u00e7o inoxid\u00e1vel por atacado (5)\" class=\"wp-image-847\" srcset=\"https:\/\/www.yongyukitchenware.com\/wp-content\/uploads\/2024\/09\/wholesale-stainless-steel-basin-5.webp 800w, https:\/\/www.yongyukitchenware.com\/wp-content\/uploads\/2024\/09\/wholesale-stainless-steel-basin-5-300x300.webp 300w, https:\/\/www.yongyukitchenware.com\/wp-content\/uploads\/2024\/09\/wholesale-stainless-steel-basin-5-150x150.webp 150w, https:\/\/www.yongyukitchenware.com\/wp-content\/uploads\/2024\/09\/wholesale-stainless-steel-basin-5-768x768.webp 768w, https:\/\/www.yongyukitchenware.com\/wp-content\/uploads\/2024\/09\/wholesale-stainless-steel-basin-5-600x600.webp 600w, https:\/\/www.yongyukitchenware.com\/wp-content\/uploads\/2024\/09\/wholesale-stainless-steel-basin-5-100x100.webp 100w\" sizes=\"(max-width: 800px) 100vw, 800px\" \/><\/figure>\n<\/div>\n<\/div>\n<\/div>\n<\/div>\n\n\n\n<p><\/p>","protected":false},"excerpt":{"rendered":"<p>Bacias de a\u00e7o inoxid\u00e1vel por atacado para cozinhas, de grande capacidade, di\u00e2metro largo, \u00e0 prova de p\u00f3 e f\u00e1ceis de limpar, adequadas para lavar frutas e legumes e armazenar \u00f3leo de cozinha. Para mais cat\u00e1logos de acess\u00f3rios de cozinha em a\u00e7o inoxid\u00e1vel, contacte-nos para mais informa\u00e7\u00f5es.<\/p>\n<h2>A\u00e7o inoxid\u00e1vel Par\u00e2metro da bacia:<\/h2>\n<p><strong>Material:<\/strong> A\u00e7o inoxid\u00e1vel 201\/304 <br \/><strong>Conce\u00e7\u00e3o da panela:<\/strong> Acabamento polido espelhado, design mais largo e maior<br \/><strong>Tamanhos diferentes:<\/strong>\u00a0 8 polegadas, 9 polegadas, 10 polegadas e 11 polegadas<br \/><strong>Embalagem:<\/strong> Sacos\/Bulk\/Caixas ou Personalizado <br \/><strong>OEM\/ODM:<\/strong> Dispon\u00edvel<\/p>\n<h2 class=\"wp-block-heading\">De Yongyu Kitchenware Fabricante :<\/h2>\n<p>Yongyu \u00e9 um fabricante profissional de utens\u00edlios de cozinha, os nossos produtos abrangem todos os tipos de panelas de a\u00e7o inoxid\u00e1vel e acess\u00f3rios de cozinha, fornecendo solu\u00e7\u00f5es personalizadas com produtos de alta qualidade e pre\u00e7os de f\u00e1brica.<\/p>","protected":false},"featured_media":841,"comment_status":"closed","ping_status":"closed","template":"","meta":{"_acf_changed":true},"application":[29],"product_brand":[],"product_cat":[23,36],"product_tag":[],"class_list":{"0":"post-840","1":"product","2":"type-product","3":"status-publish","4":"has-post-thumbnail","6":"application-home-kitchen","7":"product_cat-kitchenware-wholesale","8":"product_cat-custom-kitchen-tools-utensils","10":"first","11":"instock","12":"shipping-taxable","13":"product-type-simple"},"acf":[],"_links":{"self":[{"href":"https:\/\/www.yongyukitchenware.com\/pt\/wp-json\/wp\/v2\/product\/840","targetHints":{"allow":["GET"]}}],"collection":[{"href":"https:\/\/www.yongyukitchenware.com\/pt\/wp-json\/wp\/v2\/product"}],"about":[{"href":"https:\/\/www.yongyukitchenware.com\/pt\/wp-json\/wp\/v2\/types\/product"}],"replies":[{"embeddable":true,"href":"https:\/\/www.yongyukitchenware.com\/pt\/wp-json\/wp\/v2\/comments?post=840"}],"wp:featuredmedia":[{"embeddable":true,"href":"https:\/\/www.yongyukitchenware.com\/pt\/wp-json\/wp\/v2\/media\/841"}],"wp:attachment":[{"href":"https:\/\/www.yongyukitchenware.com\/pt\/wp-json\/wp\/v2\/media?parent=840"}],"wp:term":[{"taxonomy":"application","embeddable":true,"href":"https:\/\/www.yongyukitchenware.com\/pt\/wp-json\/wp\/v2\/application?post=840"},{"taxonomy":"product_brand","embeddable":true,"href":"https:\/\/www.yongyukitchenware.com\/pt\/wp-json\/wp\/v2\/product_brand?post=840"},{"taxonomy":"product_cat","embeddable":true,"href":"https:\/\/www.yongyukitchenware.com\/pt\/wp-json\/wp\/v2\/product_cat?post=840"},{"taxonomy":"product_tag","embeddable":true,"href":"https:\/\/www.yongyukitchenware.com\/pt\/wp-json\/wp\/v2\/product_tag?post=840"}],"curies":[{"name":"wp","href":"https:\/\/api.w.org\/{rel}","templated":true}]}}