{"id":938,"date":"2024-09-28T18:59:10","date_gmt":"2024-09-28T18:59:10","guid":{"rendered":"https:\/\/www.yongyukitchenware.com\/?post_type=product&#038;p=938"},"modified":"2024-09-29T17:01:54","modified_gmt":"2024-09-29T17:01:54","slug":"stainless-steel-ashtrays-custom","status":"publish","type":"product","link":"https:\/\/www.yongyukitchenware.com\/pt\/produto\/stainless-steel-ashtrays-custom\/","title":{"rendered":"Cinzeiros de a\u00e7o inoxid\u00e1vel personalizados \u00e0 prova de vento para exterior e interior"},"content":{"rendered":"<div class=\"wp-block-columns is-layout-flex wp-container-core-columns-is-layout-9d6595d7 wp-block-columns-is-layout-flex\">\n<div class=\"wp-block-column is-layout-flow wp-block-column-is-layout-flow\">\n<h2 class=\"wp-block-heading\">Cinzeiros em a\u00e7o inoxid\u00e1vel Carater\u00edsticas:<\/h2>\n\n\n\n<p><strong>A\u00e7o inoxid\u00e1vel de alta qualidade:<\/strong> a\u00e7o inoxid\u00e1vel de qualidade alimentar, resistente \u00e0 corros\u00e3o, inodoro e dur\u00e1vel<br><strong>Multi-especifica\u00e7\u00e3o, multi-cor opcional:<\/strong> a cor pode ser personalizada, o tamanho 8-14cm opcional, para satisfazer diferentes necessidades<br><strong>Desenho de cinzeiro:<\/strong> \u00e0 prova de vento elevada, a fuligem n\u00e3o voa, o bordo do cinzeiro tem tr\u00eas ranhuras em forma de U, f\u00e1ceis de colocar os cigarros sem cair<br><strong>F\u00e1cil de limpar:<\/strong> A superf\u00edcie e os bordos dos cinzeiros personalizados s\u00e3o polidos e lisos para tornar a limpeza segura e r\u00e1pida, mantendo a higiene.<br><strong>Op\u00e7\u00f5es de personaliza\u00e7\u00e3o: <\/strong>Suporta a impress\u00e3o de v\u00e1rios padr\u00f5es de texto, como o nome da empresa, log\u00f3tipo, pintura de paisagem, etc., para melhorar a est\u00e9tica.<\/p>\n<\/div>\n\n\n\n<div class=\"wp-block-column is-layout-flow wp-block-column-is-layout-flow\">\n<div class=\"wp-block-columns is-layout-flex wp-container-core-columns-is-layout-9d6595d7 wp-block-columns-is-layout-flex\">\n<div class=\"wp-block-column is-layout-flow wp-block-column-is-layout-flow\">\n<figure class=\"wp-block-image size-full\"><img decoding=\"async\" width=\"750\" height=\"750\" src=\"https:\/\/www.yongyukitchenware.com\/wp-content\/uploads\/2024\/09\/custom-ashtrays-2.webp\" alt=\"cinzeiros personalizados (2)\" class=\"wp-image-1167\" srcset=\"https:\/\/www.yongyukitchenware.com\/wp-content\/uploads\/2024\/09\/custom-ashtrays-2.webp 750w, https:\/\/www.yongyukitchenware.com\/wp-content\/uploads\/2024\/09\/custom-ashtrays-2-300x300.webp 300w, https:\/\/www.yongyukitchenware.com\/wp-content\/uploads\/2024\/09\/custom-ashtrays-2-150x150.webp 150w, https:\/\/www.yongyukitchenware.com\/wp-content\/uploads\/2024\/09\/custom-ashtrays-2-600x600.webp 600w, https:\/\/www.yongyukitchenware.com\/wp-content\/uploads\/2024\/09\/custom-ashtrays-2-100x100.webp 100w\" sizes=\"(max-width: 750px) 100vw, 750px\" \/><\/figure>\n<\/div>\n\n\n\n<div class=\"wp-block-column is-layout-flow wp-block-column-is-layout-flow\">\n<figure class=\"wp-block-image size-full\"><img decoding=\"async\" width=\"800\" height=\"800\" src=\"https:\/\/www.yongyukitchenware.com\/wp-content\/uploads\/2024\/09\/custom-ashtrays-6.webp\" alt=\"cinzeiros personalizados (6)\" class=\"wp-image-1171\" srcset=\"https:\/\/www.yongyukitchenware.com\/wp-content\/uploads\/2024\/09\/custom-ashtrays-6.webp 800w, https:\/\/www.yongyukitchenware.com\/wp-content\/uploads\/2024\/09\/custom-ashtrays-6-300x300.webp 300w, https:\/\/www.yongyukitchenware.com\/wp-content\/uploads\/2024\/09\/custom-ashtrays-6-150x150.webp 150w, https:\/\/www.yongyukitchenware.com\/wp-content\/uploads\/2024\/09\/custom-ashtrays-6-768x768.webp 768w, https:\/\/www.yongyukitchenware.com\/wp-content\/uploads\/2024\/09\/custom-ashtrays-6-600x600.webp 600w, https:\/\/www.yongyukitchenware.com\/wp-content\/uploads\/2024\/09\/custom-ashtrays-6-100x100.webp 100w\" sizes=\"(max-width: 800px) 100vw, 800px\" \/><\/figure>\n<\/div>\n<\/div>\n<\/div>\n<\/div>\n\n\n\n<p><\/p>","protected":false},"excerpt":{"rendered":"<p>Cinzeiros de a\u00e7o inoxid\u00e1vel personalizados a granel, refor\u00e7ados e \u00e0 prova de vento, finos e f\u00e1ceis de limpar, adequados para uso interior e exterior. Contacte o fornecedor de artigos para casa Yongyu para um inqu\u00e9rito gratuito!<\/p>\n<h2>Cinzeiros de a\u00e7o inoxid\u00e1vel Par\u00e2metro:<\/h2>\n<p><strong>Material:<\/strong> a\u00e7o inoxid\u00e1vel<br \/><strong>Cor:<\/strong>\u00a0 Prata, ouro, vermelho, azul, amarelo e muito mais<br \/><strong>Tamanho diferente:<\/strong> 8-14cm<br \/><strong>Cinzeiro Design:<\/strong> Design de ranhura mais alto, mais fino e em forma de U<br \/><strong>Embalagem:<\/strong> Saco\/grupo\/caixa de cart\u00e3o ou personalizado<br \/><strong>OEM\/ODM:<\/strong> Dispon\u00edvel<\/p>\n<h2 class=\"wp-block-heading\">De Yongyu Homeware Wholesaler:<\/h2>\n<p>Yongyu tem uma cadeia de abastecimento fi\u00e1vel e eficiente, personalizando e vendendo por grosso artigos para a casa em a\u00e7o inoxid\u00e1vel de alta qualidade. Os nossos produtos s\u00e3o dur\u00e1veis e acess\u00edveis, empenhados em satisfazer as necessidades comerciais dos clientes.<\/p>","protected":false},"featured_media":1173,"comment_status":"closed","ping_status":"closed","template":"","meta":{"_acf_changed":true},"application":[],"product_brand":[],"product_cat":[17],"product_tag":[],"class_list":{"0":"post-938","1":"product","2":"type-product","3":"status-publish","4":"has-post-thumbnail","6":"product_cat-homeware-wholesaler","8":"first","9":"instock","10":"shipping-taxable","11":"product-type-simple"},"acf":[],"_links":{"self":[{"href":"https:\/\/www.yongyukitchenware.com\/pt\/wp-json\/wp\/v2\/product\/938","targetHints":{"allow":["GET"]}}],"collection":[{"href":"https:\/\/www.yongyukitchenware.com\/pt\/wp-json\/wp\/v2\/product"}],"about":[{"href":"https:\/\/www.yongyukitchenware.com\/pt\/wp-json\/wp\/v2\/types\/product"}],"replies":[{"embeddable":true,"href":"https:\/\/www.yongyukitchenware.com\/pt\/wp-json\/wp\/v2\/comments?post=938"}],"wp:featuredmedia":[{"embeddable":true,"href":"https:\/\/www.yongyukitchenware.com\/pt\/wp-json\/wp\/v2\/media\/1173"}],"wp:attachment":[{"href":"https:\/\/www.yongyukitchenware.com\/pt\/wp-json\/wp\/v2\/media?parent=938"}],"wp:term":[{"taxonomy":"application","embeddable":true,"href":"https:\/\/www.yongyukitchenware.com\/pt\/wp-json\/wp\/v2\/application?post=938"},{"taxonomy":"product_brand","embeddable":true,"href":"https:\/\/www.yongyukitchenware.com\/pt\/wp-json\/wp\/v2\/product_brand?post=938"},{"taxonomy":"product_cat","embeddable":true,"href":"https:\/\/www.yongyukitchenware.com\/pt\/wp-json\/wp\/v2\/product_cat?post=938"},{"taxonomy":"product_tag","embeddable":true,"href":"https:\/\/www.yongyukitchenware.com\/pt\/wp-json\/wp\/v2\/product_tag?post=938"}],"curies":[{"name":"wp","href":"https:\/\/api.w.org\/{rel}","templated":true}]}}