{"id":941,"date":"2024-10-05T17:57:35","date_gmt":"2024-10-05T17:57:35","guid":{"rendered":"https:\/\/www.yongyukitchenware.com\/?post_type=product&#038;p=941"},"modified":"2025-06-26T03:22:13","modified_gmt":"2025-06-26T03:22:13","slug":"stainless-steel-colander-supply","status":"publish","type":"product","link":"https:\/\/www.yongyukitchenware.com\/pt\/produto\/stainless-steel-colander-supply\/","title":{"rendered":"Conjunto de coador de a\u00e7o inoxid\u00e1vel a granel com 2 pegas para cozinha"},"content":{"rendered":"<div class=\"wp-block-columns is-layout-flex wp-container-core-columns-is-layout-9d6595d7 wp-block-columns-is-layout-flex\">\n<div class=\"wp-block-column is-layout-flow wp-block-column-is-layout-flow\">\n<h2 class=\"wp-block-heading\">Coador de a\u00e7o inoxid\u00e1vel Carater\u00edsticas:<\/h2>\n\n\n\n<p><strong>A\u00e7o inoxid\u00e1vel de alta qualidade: <\/strong>a\u00e7o inoxid\u00e1vel de qualidade alimentar, resistente \u00e0 corros\u00e3o, inodoro e duradouro.<br><strong>Duas pegas de conforto: <\/strong>As pegas ergon\u00f3micas fortes proporcionam uma ader\u00eancia segura e as pegas de orelha dupla e anel \u00fanico s\u00e3o f\u00e1ceis de manobrar e verter para enxaguar e escorrer.<br><strong>Desenho de malha fina:<\/strong> Trata-se de um design que permite um escoamento mais r\u00e1pido devido \u00e0 distribui\u00e7\u00e3o uniforme da malha fina, mas que n\u00e3o deixa passar objectos pequenos e, por conseguinte, proporciona uma filtragem perfeita dos ingredientes.<br><strong>Multifuncional: <\/strong>adequado para lavar frutas, legumes e muitos outros; actuando como uma ferramenta essencial para todos os chefes de cozinha dom\u00e9sticos e profissionais.<br><strong>F\u00e1cil de limpar: <\/strong>devido ao seu design de arestas enroladas, com arestas arredondadas e lisas, para al\u00e9m de ser f\u00e1cil de limpar com seguran\u00e7a, tamb\u00e9m pode ser lavado na m\u00e1quina de lavar lou\u00e7a<\/p>\n<\/div>\n\n\n\n<div class=\"wp-block-column is-layout-flow wp-block-column-is-layout-flow\">\n<div class=\"wp-block-columns is-layout-flex wp-container-core-columns-is-layout-9d6595d7 wp-block-columns-is-layout-flex\">\n<div class=\"wp-block-column is-layout-flow wp-block-column-is-layout-flow\">\n<div class=\"wp-block-columns is-layout-flex wp-container-core-columns-is-layout-9d6595d7 wp-block-columns-is-layout-flex\">\n<div class=\"wp-block-column is-layout-flow wp-block-column-is-layout-flow\">\n<figure class=\"wp-block-image size-full\"><img decoding=\"async\" width=\"800\" height=\"800\" src=\"https:\/\/www.yongyukitchenware.com\/wp-content\/uploads\/2024\/09\/stainless-steel-colander-supply-2.webp\" alt=\"fornecimento de coletor de a\u00e7o inoxid\u00e1vel (2)\" class=\"wp-image-957\" srcset=\"https:\/\/www.yongyukitchenware.com\/wp-content\/uploads\/2024\/09\/stainless-steel-colander-supply-2.webp 800w, https:\/\/www.yongyukitchenware.com\/wp-content\/uploads\/2024\/09\/stainless-steel-colander-supply-2-300x300.webp 300w, https:\/\/www.yongyukitchenware.com\/wp-content\/uploads\/2024\/09\/stainless-steel-colander-supply-2-150x150.webp 150w, https:\/\/www.yongyukitchenware.com\/wp-content\/uploads\/2024\/09\/stainless-steel-colander-supply-2-768x768.webp 768w, https:\/\/www.yongyukitchenware.com\/wp-content\/uploads\/2024\/09\/stainless-steel-colander-supply-2-600x600.webp 600w, https:\/\/www.yongyukitchenware.com\/wp-content\/uploads\/2024\/09\/stainless-steel-colander-supply-2-100x100.webp 100w\" sizes=\"(max-width: 800px) 100vw, 800px\" \/><\/figure>\n<\/div>\n\n\n\n<div class=\"wp-block-column is-layout-flow wp-block-column-is-layout-flow\">\n<figure class=\"wp-block-image size-full\"><img decoding=\"async\" width=\"800\" height=\"800\" src=\"https:\/\/www.yongyukitchenware.com\/wp-content\/uploads\/2024\/09\/stainless-steel-colander-supply-3.webp\" alt=\"fornecimento de colectores de a\u00e7o inoxid\u00e1vel (3)\" class=\"wp-image-958\" srcset=\"https:\/\/www.yongyukitchenware.com\/wp-content\/uploads\/2024\/09\/stainless-steel-colander-supply-3.webp 800w, https:\/\/www.yongyukitchenware.com\/wp-content\/uploads\/2024\/09\/stainless-steel-colander-supply-3-300x300.webp 300w, https:\/\/www.yongyukitchenware.com\/wp-content\/uploads\/2024\/09\/stainless-steel-colander-supply-3-150x150.webp 150w, https:\/\/www.yongyukitchenware.com\/wp-content\/uploads\/2024\/09\/stainless-steel-colander-supply-3-768x768.webp 768w, https:\/\/www.yongyukitchenware.com\/wp-content\/uploads\/2024\/09\/stainless-steel-colander-supply-3-600x600.webp 600w, https:\/\/www.yongyukitchenware.com\/wp-content\/uploads\/2024\/09\/stainless-steel-colander-supply-3-100x100.webp 100w\" sizes=\"(max-width: 800px) 100vw, 800px\" \/><\/figure>\n<\/div>\n<\/div>\n<\/div>\n<\/div>\n<\/div>\n<\/div>\n\n\n\n<h2 class=\"wp-block-heading\">Coador de a\u00e7o inoxid\u00e1vel Tamanho:<\/h2>\n\n\n\n<figure class=\"wp-block-table\"><table class=\"has-fixed-layout\"><tbody><tr><td>Modelo<\/td><td>Tamanho<\/td><td>Di\u00e2metro * Altura (cm)<\/td><td>MOQ<\/td><\/tr><tr><td rowspan=\"9\">DY010-TLP<\/td><td>16,5 cm<\/td><td>16,5*7cm<\/td><td rowspan=\"9\">140 UNIDADES<\/td><\/tr><tr><td>19,5 cm<\/td><td>19,5*8cm<\/td><\/tr><tr><td>22,5 cm<\/td><td>22,5*8,3cm<\/td><\/tr><tr><td>25,5 cm<\/td><td>25,5*9cm<\/td><\/tr><tr><td>28,5 cm<\/td><td>28,5*9,5cm<\/td><\/tr><tr><td>31,5 cm<\/td><td>31,5*10,5cm<\/td><\/tr><tr><td>34,5 cm<\/td><td>34,5*10,9cm<\/td><\/tr><tr><td>37,5 cm<\/td><td>37,5*11,7cm<\/td><\/tr><tr><td>40,5 cm<\/td><td>40,5*12cm<\/td><\/tr><\/tbody><\/table><\/figure>","protected":false},"excerpt":{"rendered":"<p>Conjunto de coadores de a\u00e7o inoxid\u00e1vel a pre\u00e7o de f\u00e1brica, de v\u00e1rios tamanhos, com design de pega dupla. F\u00e1cil de usar, projetado para uso na cozinha, pode lavar e drenar bem os alimentos. Encomende a granel para obter o melhor desconto<\/p>\n<h2>Coador de a\u00e7o inoxid\u00e1vel Par\u00e2metro:<\/h2>\n<p><strong>Material:<\/strong> A\u00e7o inoxid\u00e1vel<br \/><strong>Design das pegas:<\/strong> Pegas de argola simples com olhais duplos<br \/><strong>Tamanhos opcionais:<\/strong> 16-40 cm<br \/><strong>Embalagem:<\/strong> Saco\/Bulk\/Caixa ou Personalizado<br \/><strong>OEM\/ODM:<\/strong> Dispon\u00edvel<\/p>\n<h2 class=\"wp-block-heading\">De Yongyu Kitchen Fabricante :<\/h2>\n<p>Yongyu \u00e9 um fabricante profissional de utens\u00edlios de cozinha, os nossos produtos abrangem todos os tipos de panelas de a\u00e7o inoxid\u00e1vel e acess\u00f3rios de cozinha, fornecendo solu\u00e7\u00f5es personalizadas com produtos de alta qualidade e pre\u00e7os de f\u00e1brica.<\/p>","protected":false},"featured_media":954,"comment_status":"closed","ping_status":"closed","template":"","meta":{"_acf_changed":true},"application":[29],"product_brand":[],"product_cat":[23,36],"product_tag":[],"class_list":{"0":"post-941","1":"product","2":"type-product","3":"status-publish","4":"has-post-thumbnail","6":"application-home-kitchen","7":"product_cat-kitchenware-wholesale","8":"product_cat-custom-kitchen-tools-utensils","10":"first","11":"instock","12":"shipping-taxable","13":"product-type-simple"},"acf":[],"_links":{"self":[{"href":"https:\/\/www.yongyukitchenware.com\/pt\/wp-json\/wp\/v2\/product\/941","targetHints":{"allow":["GET"]}}],"collection":[{"href":"https:\/\/www.yongyukitchenware.com\/pt\/wp-json\/wp\/v2\/product"}],"about":[{"href":"https:\/\/www.yongyukitchenware.com\/pt\/wp-json\/wp\/v2\/types\/product"}],"replies":[{"embeddable":true,"href":"https:\/\/www.yongyukitchenware.com\/pt\/wp-json\/wp\/v2\/comments?post=941"}],"wp:featuredmedia":[{"embeddable":true,"href":"https:\/\/www.yongyukitchenware.com\/pt\/wp-json\/wp\/v2\/media\/954"}],"wp:attachment":[{"href":"https:\/\/www.yongyukitchenware.com\/pt\/wp-json\/wp\/v2\/media?parent=941"}],"wp:term":[{"taxonomy":"application","embeddable":true,"href":"https:\/\/www.yongyukitchenware.com\/pt\/wp-json\/wp\/v2\/application?post=941"},{"taxonomy":"product_brand","embeddable":true,"href":"https:\/\/www.yongyukitchenware.com\/pt\/wp-json\/wp\/v2\/product_brand?post=941"},{"taxonomy":"product_cat","embeddable":true,"href":"https:\/\/www.yongyukitchenware.com\/pt\/wp-json\/wp\/v2\/product_cat?post=941"},{"taxonomy":"product_tag","embeddable":true,"href":"https:\/\/www.yongyukitchenware.com\/pt\/wp-json\/wp\/v2\/product_tag?post=941"}],"curies":[{"name":"wp","href":"https:\/\/api.w.org\/{rel}","templated":true}]}}