{"id":989,"date":"2024-10-06T16:26:01","date_gmt":"2024-10-06T16:26:01","guid":{"rendered":"https:\/\/www.yongyukitchenware.com\/?post_type=product&#038;p=989"},"modified":"2025-07-10T09:56:27","modified_gmt":"2025-07-10T09:56:27","slug":"mixing-bowls-wholesale","status":"publish","type":"product","link":"https:\/\/www.yongyukitchenware.com\/pt\/produto\/mixing-bowls-wholesale\/","title":{"rendered":"Tigelas de mistura de a\u00e7o inoxid\u00e1vel a granel com tampa e pegas para triturar"},"content":{"rendered":"<div class=\"wp-block-columns is-layout-flex wp-container-core-columns-is-layout-9d6595d7 wp-block-columns-is-layout-flex\">\n<div class=\"wp-block-column is-layout-flow wp-block-column-is-layout-flow\">\n<h2 class=\"wp-block-heading\">Ta\u00e7as de mistura Carater\u00edsticas:<\/h2>\n\n\n\n<p><strong>A\u00e7o inoxid\u00e1vel de alta qualidade:<\/strong> material de a\u00e7o inoxid\u00e1vel de qualidade alimentar, resist\u00eancia \u00e0 corros\u00e3o, sem odor, para garantir uma utiliza\u00e7\u00e3o a longo prazo<br><strong>Base antiderrapante: <\/strong>design antiderrapante de silicone na parte inferior, aumenta a estabilidade, n\u00e3o escorrega quando inclinado<br><strong>Pega de silicone: <\/strong>Design de pega em silicone, f\u00e1cil de agarrar e de mover<br><strong>Design da porta de desvio: <\/strong>Porta de desvio do bico de \u00e1guia, f\u00e1cil de verter o l\u00edquido sem transbordar<br>Design de rotulagem interna: escala de capacidade de rotulagem interna, f\u00e1cil de apreender a capacidade<br><strong>Tampa multifun\u00e7\u00f5es:<\/strong> um tipo de tampa pode selar e ser \u00e0 prova de p\u00f3 para preservar a frescura dos alimentos; a outra tampa combinada de triturador, corte, corte em juliana, corte em juliana grossa, tr\u00eas conjuntos, que podem ser livremente destac\u00e1veis<\/p>\n<\/div>\n\n\n\n<div class=\"wp-block-column is-layout-flow wp-block-column-is-layout-flow\">\n<div class=\"wp-block-columns is-layout-flex wp-container-core-columns-is-layout-9d6595d7 wp-block-columns-is-layout-flex\">\n<div class=\"wp-block-column is-layout-flow wp-block-column-is-layout-flow\">\n<figure class=\"wp-block-image size-full\"><img decoding=\"async\" width=\"800\" height=\"800\" src=\"https:\/\/www.yongyukitchenware.com\/wp-content\/uploads\/2024\/09\/wholesale-mixing-bowls-5.webp\" alt=\"ta\u00e7as de mistura por grosso (5)\" class=\"wp-image-1004\" srcset=\"https:\/\/www.yongyukitchenware.com\/wp-content\/uploads\/2024\/09\/wholesale-mixing-bowls-5.webp 800w, https:\/\/www.yongyukitchenware.com\/wp-content\/uploads\/2024\/09\/wholesale-mixing-bowls-5-300x300.webp 300w, https:\/\/www.yongyukitchenware.com\/wp-content\/uploads\/2024\/09\/wholesale-mixing-bowls-5-150x150.webp 150w, https:\/\/www.yongyukitchenware.com\/wp-content\/uploads\/2024\/09\/wholesale-mixing-bowls-5-768x768.webp 768w, https:\/\/www.yongyukitchenware.com\/wp-content\/uploads\/2024\/09\/wholesale-mixing-bowls-5-600x600.webp 600w, https:\/\/www.yongyukitchenware.com\/wp-content\/uploads\/2024\/09\/wholesale-mixing-bowls-5-100x100.webp 100w\" sizes=\"(max-width: 800px) 100vw, 800px\" \/><\/figure>\n<\/div>\n\n\n\n<div class=\"wp-block-column is-layout-flow wp-block-column-is-layout-flow\">\n<figure class=\"wp-block-image size-full\"><img decoding=\"async\" width=\"800\" height=\"800\" src=\"https:\/\/www.yongyukitchenware.com\/wp-content\/uploads\/2024\/09\/wholesale-mixing-bowls-6.webp\" alt=\"ta\u00e7as de mistura por grosso (6)\" class=\"wp-image-1005\" srcset=\"https:\/\/www.yongyukitchenware.com\/wp-content\/uploads\/2024\/09\/wholesale-mixing-bowls-6.webp 800w, https:\/\/www.yongyukitchenware.com\/wp-content\/uploads\/2024\/09\/wholesale-mixing-bowls-6-300x300.webp 300w, https:\/\/www.yongyukitchenware.com\/wp-content\/uploads\/2024\/09\/wholesale-mixing-bowls-6-150x150.webp 150w, https:\/\/www.yongyukitchenware.com\/wp-content\/uploads\/2024\/09\/wholesale-mixing-bowls-6-768x768.webp 768w, https:\/\/www.yongyukitchenware.com\/wp-content\/uploads\/2024\/09\/wholesale-mixing-bowls-6-600x600.webp 600w, https:\/\/www.yongyukitchenware.com\/wp-content\/uploads\/2024\/09\/wholesale-mixing-bowls-6-100x100.webp 100w\" sizes=\"(max-width: 800px) 100vw, 800px\" \/><\/figure>\n<\/div>\n<\/div>\n<\/div>\n<\/div>\n\n\n\n<div class=\"wp-block-columns is-layout-flex wp-container-core-columns-is-layout-9d6595d7 wp-block-columns-is-layout-flex\">\n<div class=\"wp-block-column is-layout-flow wp-block-column-is-layout-flow\">\n<figure class=\"wp-block-image size-full\"><img decoding=\"async\" width=\"800\" height=\"800\" src=\"https:\/\/www.yongyukitchenware.com\/wp-content\/uploads\/2024\/09\/wholesale-mixing-bowls-4.webp\" alt=\"ta\u00e7as de mistura por grosso (4)\" class=\"wp-image-1013\" srcset=\"https:\/\/www.yongyukitchenware.com\/wp-content\/uploads\/2024\/09\/wholesale-mixing-bowls-4.webp 800w, https:\/\/www.yongyukitchenware.com\/wp-content\/uploads\/2024\/09\/wholesale-mixing-bowls-4-300x300.webp 300w, https:\/\/www.yongyukitchenware.com\/wp-content\/uploads\/2024\/09\/wholesale-mixing-bowls-4-150x150.webp 150w, https:\/\/www.yongyukitchenware.com\/wp-content\/uploads\/2024\/09\/wholesale-mixing-bowls-4-768x768.webp 768w, https:\/\/www.yongyukitchenware.com\/wp-content\/uploads\/2024\/09\/wholesale-mixing-bowls-4-600x600.webp 600w, https:\/\/www.yongyukitchenware.com\/wp-content\/uploads\/2024\/09\/wholesale-mixing-bowls-4-100x100.webp 100w\" sizes=\"(max-width: 800px) 100vw, 800px\" \/><\/figure>\n<\/div>\n\n\n\n<div class=\"wp-block-column is-layout-flow wp-block-column-is-layout-flow\">\n<h2 class=\"wp-block-heading\">Ta\u00e7as de mistura Tamanho:<\/h2>\n\n\n\n<figure class=\"wp-block-table\"><table class=\"has-fixed-layout\"><tbody><tr><td>Modelo<\/td><td>Tamanho<\/td><td>Di\u00e2metro * Altura (cm)<\/td><td>MOQ<\/td><\/tr><tr><td rowspan=\"6\">DY026-TLP<\/td><td>16 cm<\/td><td>16*10,5cm<\/td><td rowspan=\"6\">80 PE\u00c7AS<\/td><\/tr><tr><td>18 cm<\/td><td>18*11cm<\/td><\/tr><tr><td>20 cm<\/td><td>20*11,5cm<\/td><\/tr><tr><td>22 cm<\/td><td>22*12,5cm<\/td><\/tr><tr><td>24 cm<\/td><td>24*13,5cm<\/td><\/tr><tr><td>26 cm<\/td><td>26*14,5cm<\/td><\/tr><\/tbody><\/table><\/figure>\n<\/div>\n<\/div>","protected":false},"excerpt":{"rendered":"<p>Ta\u00e7a misturadora em a\u00e7o inoxid\u00e1vel personalizada e por grosso com tampa combinada para picar, pega de silicone e base antiderrapante. \u00c9 um utens\u00edlio indispens\u00e1vel para uma cozinha vers\u00e1til, f\u00e1cil de segurar e que pode realizar v\u00e1rias tarefas de mistura, agita\u00e7\u00e3o e corte.<\/p>\n<h2>Ta\u00e7as de mistura Par\u00e2metro:<\/h2>\n<p><strong>Material:<\/strong>\u00a0a\u00e7o inoxid\u00e1vel<br \/><strong>Cor:<\/strong> Tampa, pega e base em silicone \u00e0 escolha da cor<br \/><strong>Design do vaso:<\/strong> Design do deflector e da etiqueta interior, base e pega em silicone, tampa selada ou tampa combinada<br \/><strong>Especifica\u00e7\u00f5es:<\/strong> 16-24 cm tamanho normal<br \/><strong>Embalagem:<\/strong> Saco\/ a granel\/ caixa de cart\u00e3o ou personalizado<br \/><strong>OEM\/ODM:<\/strong> Dispon\u00edvel<\/p>\n<h2 class=\"wp-block-heading\">De Yongyu Kitchenware Fabricante :<\/h2>\n<p>Yongyu \u00e9 um fabricante profissional de utens\u00edlios de cozinha, os nossos produtos abrangem todos os tipos de panelas de a\u00e7o inoxid\u00e1vel e acess\u00f3rios de cozinha, fornecendo solu\u00e7\u00f5es personalizadas com produtos de alta qualidade e pre\u00e7os de f\u00e1brica.<\/p>","protected":false},"featured_media":1003,"comment_status":"closed","ping_status":"closed","template":"","meta":{"_acf_changed":false},"application":[29],"product_brand":[],"product_cat":[23,35],"product_tag":[43],"class_list":{"0":"post-989","1":"product","2":"type-product","3":"status-publish","4":"has-post-thumbnail","6":"application-home-kitchen","7":"product_cat-kitchenware-wholesale","8":"product_cat-baking-trays-wholesale","9":"product_tag-recommend","11":"first","12":"instock","13":"shipping-taxable","14":"product-type-simple"},"acf":[],"_links":{"self":[{"href":"https:\/\/www.yongyukitchenware.com\/pt\/wp-json\/wp\/v2\/product\/989","targetHints":{"allow":["GET"]}}],"collection":[{"href":"https:\/\/www.yongyukitchenware.com\/pt\/wp-json\/wp\/v2\/product"}],"about":[{"href":"https:\/\/www.yongyukitchenware.com\/pt\/wp-json\/wp\/v2\/types\/product"}],"replies":[{"embeddable":true,"href":"https:\/\/www.yongyukitchenware.com\/pt\/wp-json\/wp\/v2\/comments?post=989"}],"wp:featuredmedia":[{"embeddable":true,"href":"https:\/\/www.yongyukitchenware.com\/pt\/wp-json\/wp\/v2\/media\/1003"}],"wp:attachment":[{"href":"https:\/\/www.yongyukitchenware.com\/pt\/wp-json\/wp\/v2\/media?parent=989"}],"wp:term":[{"taxonomy":"application","embeddable":true,"href":"https:\/\/www.yongyukitchenware.com\/pt\/wp-json\/wp\/v2\/application?post=989"},{"taxonomy":"product_brand","embeddable":true,"href":"https:\/\/www.yongyukitchenware.com\/pt\/wp-json\/wp\/v2\/product_brand?post=989"},{"taxonomy":"product_cat","embeddable":true,"href":"https:\/\/www.yongyukitchenware.com\/pt\/wp-json\/wp\/v2\/product_cat?post=989"},{"taxonomy":"product_tag","embeddable":true,"href":"https:\/\/www.yongyukitchenware.com\/pt\/wp-json\/wp\/v2\/product_tag?post=989"}],"curies":[{"name":"wp","href":"https:\/\/api.w.org\/{rel}","templated":true}]}}